{"id":3791,"date":"2024-11-01T10:26:12","date_gmt":"2024-11-01T02:26:12","guid":{"rendered":"https:\/\/www.yongjianceramic.com\/?post_type=product&#038;p=3791"},"modified":"2024-11-01T10:44:34","modified_gmt":"2024-11-01T02:44:34","slug":"wholesale-soup-bowls","status":"publish","type":"product","link":"https:\/\/www.yongjianceramic.com\/de\/produkt\/wholesale-soup-bowls\/","title":{"rendered":"Catering Gro\u00dfhandel Suppenschalen, Bulk Gumbo Schalen f\u00fcr Eintopf"},"content":{"rendered":"<div class=\"wp-block-columns is-layout-flex wp-container-core-columns-is-layout-9d6595d7 wp-block-columns-is-layout-flex\">\n<div class=\"wp-block-column is-layout-flow wp-block-column-is-layout-flow\">\n<h2 class=\"wp-block-heading\">Premium Gro\u00dfhandel Suppenschalen Merkmale:<\/h2>\n\n\n\n<ul class=\"wp-block-list\">\n<li><strong>Hitze- und rissbest\u00e4ndig: <\/strong>Unsere Suppenschalen f\u00fcr den Gro\u00dfhandel bestehen aus hochwertigen keramischen Materialien mit hochfesten, hitzebest\u00e4ndigen und rissfesten Eigenschaften. Sie sind sicher und langlebig, auch wenn sie f\u00fcr Lebensmittel mit hohen Temperaturen wie Eint\u00f6pfe und Suppen verwendet werden, und bieten eine hervorragende Lebensdauer f\u00fcr hochfrequentierte Catering-Umgebungen.<\/li>\n\n\n\n<li><strong>Geeignet f\u00fcr eine Vielzahl von Verpflegungsbed\u00fcrfnissen: <\/strong>Diese gro\u00dfvolumigen Gumbo-Schalen sind in zwei Varianten mit gro\u00dfem Fassungsverm\u00f6gen von 10 Zoll und 12 Zoll erh\u00e4ltlich, die sich sehr gut f\u00fcr gro\u00dfe Portionen von Suppen, Eint\u00f6pfen oder speziellen Suppen eignen. Mehrere Gr\u00f6\u00dfen erf\u00fcllen die Bed\u00fcrfnisse der verschiedenen Gelegenheiten zum Essen.<\/li>\n\n\n\n<li><strong>Mit Griffdesign: <\/strong>Diese Suppenschalen f\u00fcr den Gro\u00dfhandel sind mit stabilen Griffen ausgestattet, die es den Kellnern erm\u00f6glichen, die Speisen zu servieren und den Kunden, sie zu nehmen. Dies gew\u00e4hrleistet nicht nur Sicherheit, sondern verbessert auch die Effizienz der Gastronomie, so dass die Kunden den Komfort beim Essen genie\u00dfen k\u00f6nnen und das Restaurant effizienter wird.<\/li>\n\n\n\n<li><strong>Schwarz und Wei\u00df, klassisch und vielseitig: <\/strong>Unsere gro\u00dfen Gumbo-Schalen sind in den zwei klassischen Farben Schwarz und Wei\u00df erh\u00e4ltlich, die sich an verschiedene Restaurantstile und Anl\u00e4sse anpassen lassen. Sie sind unaufdringlich und elegant und heben die Farbe der Gerichte hervor, w\u00e4hrend sie die visuelle Sch\u00f6nheit des Esstisches insgesamt verst\u00e4rken.<\/li>\n<\/ul>\n<\/div>\n\n\n\n<div class=\"wp-block-column is-vertically-aligned-center is-layout-flow wp-block-column-is-layout-flow\"><div class=\"wp-block-image\">\n<figure class=\"aligncenter size-full\"><img fetchpriority=\"high\" decoding=\"async\" width=\"694\" height=\"694\" src=\"https:\/\/www.yongjianceramic.com\/wp-content\/uploads\/2024\/11\/Catering-Wholesale-Soup-Bowls-Bulk-Gumbo-Bowls-For-Stew-1.webp\" alt=\"Catering Gro\u00dfhandel Suppenschalen, Bulk Gumbo Schalen f\u00fcr Stew-1\" class=\"wp-image-3792\" srcset=\"https:\/\/www.yongjianceramic.com\/wp-content\/uploads\/2024\/11\/Catering-Wholesale-Soup-Bowls-Bulk-Gumbo-Bowls-For-Stew-1.webp 694w, https:\/\/www.yongjianceramic.com\/wp-content\/uploads\/2024\/11\/Catering-Wholesale-Soup-Bowls-Bulk-Gumbo-Bowls-For-Stew-1-300x300.webp 300w, https:\/\/www.yongjianceramic.com\/wp-content\/uploads\/2024\/11\/Catering-Wholesale-Soup-Bowls-Bulk-Gumbo-Bowls-For-Stew-1-150x150.webp 150w, https:\/\/www.yongjianceramic.com\/wp-content\/uploads\/2024\/11\/Catering-Wholesale-Soup-Bowls-Bulk-Gumbo-Bowls-For-Stew-1-12x12.webp 12w, https:\/\/www.yongjianceramic.com\/wp-content\/uploads\/2024\/11\/Catering-Wholesale-Soup-Bowls-Bulk-Gumbo-Bowls-For-Stew-1-285x285.webp 285w, https:\/\/www.yongjianceramic.com\/wp-content\/uploads\/2024\/11\/Catering-Wholesale-Soup-Bowls-Bulk-Gumbo-Bowls-For-Stew-1-270x270.webp 270w, https:\/\/www.yongjianceramic.com\/wp-content\/uploads\/2024\/11\/Catering-Wholesale-Soup-Bowls-Bulk-Gumbo-Bowls-For-Stew-1-540x540.webp 540w, https:\/\/www.yongjianceramic.com\/wp-content\/uploads\/2024\/11\/Catering-Wholesale-Soup-Bowls-Bulk-Gumbo-Bowls-For-Stew-1-660x660.webp 660w\" sizes=\"(max-width: 694px) 100vw, 694px\" \/><\/figure>\n<\/div><\/div>\n<\/div>\n\n\n\n<p><\/p>","protected":false},"excerpt":{"rendered":"<p>Willkommen im Gro\u00dfhandel Suppenschalen f\u00fcr Restaurants zu kaufen. Diese gro\u00dfvolumigen Gumbo-Schalen sind f\u00fcr gro\u00dfe Gerichte wie Eint\u00f6pfe und Suppen geeignet. Der Griff Design macht es einfach, die Gerichte zu dienen. Die klassische schwarz-wei\u00dfe Farbkombination ist f\u00fcr alle Arten von Catering-Bedarf wie Restaurants und Bankette geeignet.<\/p>\n<table style=\"border-collapse: collapse; width: 309.02pt;\" border=\"0\" width=\"309\" cellspacing=\"0\" cellpadding=\"0\">\n<tbody>\n<tr style=\"height: 17.60pt;\">\n<td class=\"et3\" style=\"height: 17.60pt; width: 120.25pt;\" width=\"120\" height=\"17\">Hersteller<\/td>\n<td class=\"et3\" style=\"width: 189.25pt;\" width=\"189\">Yongjian<\/td>\n<\/tr>\n<tr style=\"height: 18.00pt;\">\n<td class=\"et3\" style=\"height: 18.00pt;\" height=\"18\">Modell Nr.<\/td>\n<td class=\"et4\" style=\"width: 189.25pt;\" width=\"189\">YJ-087\/YJ-088<\/td>\n<\/tr>\n<tr style=\"height: 17.60pt;\">\n<td class=\"et3\" style=\"height: 17.60pt;\" height=\"17\">Produkttyp<\/td>\n<td class=\"et3\">Schalen mit Henkel, Servier- und Salatsch\u00fcsseln<\/td>\n<\/tr>\n<tr style=\"height: 17.60pt;\">\n<td class=\"et3\" style=\"height: 17.60pt;\" height=\"17\">Material<\/td>\n<td class=\"et3\">Porzellan<\/td>\n<\/tr>\n<tr style=\"height: 17.60pt;\">\n<td class=\"et5\" style=\"height: 17.60pt;\" height=\"17\">Farbe<\/td>\n<td class=\"et3\">Wei\u00df\/ Schwarz<\/td>\n<\/tr>\n<tr style=\"height: 36.00pt;\">\n<td class=\"et3\" style=\"height: 36.00pt;\" height=\"36\">Dimension<\/td>\n<td class=\"et4\" style=\"width: 189.25pt;\" width=\"189\">10 Zoll:21*24.7*6.5<br \/>12 Zoll: 25,5*30*6,8<\/td>\n<\/tr>\n<tr style=\"height: 17.60pt;\">\n<td class=\"et3\" style=\"height: 17.60pt;\" height=\"17\">MOQ<\/td>\n<td class=\"et3\">500St\u00fcck<\/td>\n<\/tr>\n<tr style=\"height: 17.60pt;\">\n<td class=\"et3\" style=\"height: 17.60pt;\" height=\"17\">Benutzerdefiniert<\/td>\n<td class=\"et3\">Farbe\/Gr\u00f6\u00dfe\/Logo\/Verpackung<\/td>\n<\/tr>\n<\/tbody>\n<\/table>","protected":false},"featured_media":3794,"comment_status":"closed","ping_status":"closed","template":"","meta":{"_acf_changed":false},"product_brand":[],"product_cat":[63,75,74],"product_tag":[96],"class_list":{"0":"post-3791","1":"product","2":"type-product","3":"status-publish","4":"has-post-thumbnail","6":"product_cat-wholesale-bowls","7":"product_cat-handled-bowls-wholesale","8":"product_cat-bulk-serving-bowls","9":"product_tag-black-white-dinnerware-wholesale","11":"first","12":"instock","13":"shipping-taxable","14":"product-type-simple"},"acf":[],"_links":{"self":[{"href":"https:\/\/www.yongjianceramic.com\/de\/wp-json\/wp\/v2\/product\/3791","targetHints":{"allow":["GET"]}}],"collection":[{"href":"https:\/\/www.yongjianceramic.com\/de\/wp-json\/wp\/v2\/product"}],"about":[{"href":"https:\/\/www.yongjianceramic.com\/de\/wp-json\/wp\/v2\/types\/product"}],"replies":[{"embeddable":true,"href":"https:\/\/www.yongjianceramic.com\/de\/wp-json\/wp\/v2\/comments?post=3791"}],"wp:featuredmedia":[{"embeddable":true,"href":"https:\/\/www.yongjianceramic.com\/de\/wp-json\/wp\/v2\/media\/3794"}],"wp:attachment":[{"href":"https:\/\/www.yongjianceramic.com\/de\/wp-json\/wp\/v2\/media?parent=3791"}],"wp:term":[{"taxonomy":"product_brand","embeddable":true,"href":"https:\/\/www.yongjianceramic.com\/de\/wp-json\/wp\/v2\/product_brand?post=3791"},{"taxonomy":"product_cat","embeddable":true,"href":"https:\/\/www.yongjianceramic.com\/de\/wp-json\/wp\/v2\/product_cat?post=3791"},{"taxonomy":"product_tag","embeddable":true,"href":"https:\/\/www.yongjianceramic.com\/de\/wp-json\/wp\/v2\/product_tag?post=3791"}],"curies":[{"name":"wp","href":"https:\/\/api.w.org\/{rel}","templated":true}]}}