{"id":3801,"date":"2024-11-01T10:46:33","date_gmt":"2024-11-01T02:46:33","guid":{"rendered":"https:\/\/www.yongjianceramic.com\/?post_type=product&#038;p=3801"},"modified":"2024-11-01T11:02:20","modified_gmt":"2024-11-01T03:02:20","slug":"bulk-ramen-bowls","status":"publish","type":"product","link":"https:\/\/www.yongjianceramic.com\/de\/produkt\/bulk-ramen-bowls\/","title":{"rendered":"Bulk Ramen Schalen mit Griffen, Gro\u00dfhandel Keramikschalen"},"content":{"rendered":"<div class=\"wp-block-columns is-layout-flex wp-container-core-columns-is-layout-9d6595d7 wp-block-columns-is-layout-flex\">\n<div class=\"wp-block-column is-layout-flow wp-block-column-is-layout-flow\">\n<h2 class=\"wp-block-heading\">Premium Bulk Ramen-Sch\u00fcsseln Merkmale:<\/h2>\n\n\n\n<ul class=\"wp-block-list\">\n<li><strong>Langlebig und rissbest\u00e4ndig: <\/strong>Unsere gro\u00dfvolumigen Ramen-Sch\u00fcsseln sind aus hochwertiger Keramik mit hervorragender Haltbarkeit und Rissbest\u00e4ndigkeit hergestellt. Sie halten hohen Temperaturen und h\u00e4ufigem Gebrauch stand und eignen sich f\u00fcr den intensiven Gebrauch in gewerblichen Restaurants.<\/li>\n\n\n\n<li><strong>Gro\u00dfes Fassungsverm\u00f6gen: <\/strong>Das gro\u00dfe Fassungsverm\u00f6gen dieser Gro\u00dfhandels-Keramikschalen eignet sich sehr gut f\u00fcr Ramen, Udon und verschiedene Arten von Suppennudeln. Es kann die Zutaten vollst\u00e4ndig anzeigen und den G\u00e4sten ein besseres Gef\u00fchl f\u00fcr die Portionen vermitteln. Es ist auch geeignet f\u00fcr eine Vielzahl von japanischen, chinesischen und anderen Essensstilen.<\/li>\n\n\n\n<li><strong>Ein-Griff-Design:<\/strong> Durch das Design mit nur einem Griff lassen sich diese gro\u00dfen Ramen-Sch\u00fcsseln beim Servieren von hei\u00dfen Nudelsuppen leichter halten, was f\u00fcr das Servieren und den Verzehr durch die Kunden praktisch ist, ein Ausrutschen verhindert und das Esserlebnis verbessert.<\/li>\n\n\n\n<li><strong>Klassische Schwarz-Wei\u00df-Farbkombination: <\/strong>Unsere Gro\u00dfhandels-Keramikschalen sind in Schwarz und Wei\u00df erh\u00e4ltlich und eignen sich f\u00fcr verschiedene Dekorationsstile im Restaurant. Schwarz sieht stilvoll aus und Wei\u00df ist frisch und elegant und bringt einen einfachen und fortschrittlichen visuellen Effekt auf den Esstisch.<\/li>\n<\/ul>\n<\/div>\n\n\n\n<div class=\"wp-block-column is-vertically-aligned-center is-layout-flow wp-block-column-is-layout-flow\"><div class=\"wp-block-image\">\n<figure class=\"aligncenter size-full\"><img fetchpriority=\"high\" decoding=\"async\" width=\"750\" height=\"750\" src=\"https:\/\/www.yongjianceramic.com\/wp-content\/uploads\/2024\/11\/Bulk-Ramen-Bowls-With-Handles-Wholesale-Ceramic-Bowls-1.webp\" alt=\"Bulk Ramen Schalen mit Griffen, Gro\u00dfhandel Keramikschalen-1\" class=\"wp-image-3802\" srcset=\"https:\/\/www.yongjianceramic.com\/wp-content\/uploads\/2024\/11\/Bulk-Ramen-Bowls-With-Handles-Wholesale-Ceramic-Bowls-1.webp 750w, https:\/\/www.yongjianceramic.com\/wp-content\/uploads\/2024\/11\/Bulk-Ramen-Bowls-With-Handles-Wholesale-Ceramic-Bowls-1-300x300.webp 300w, https:\/\/www.yongjianceramic.com\/wp-content\/uploads\/2024\/11\/Bulk-Ramen-Bowls-With-Handles-Wholesale-Ceramic-Bowls-1-150x150.webp 150w, https:\/\/www.yongjianceramic.com\/wp-content\/uploads\/2024\/11\/Bulk-Ramen-Bowls-With-Handles-Wholesale-Ceramic-Bowls-1-12x12.webp 12w, https:\/\/www.yongjianceramic.com\/wp-content\/uploads\/2024\/11\/Bulk-Ramen-Bowls-With-Handles-Wholesale-Ceramic-Bowls-1-285x285.webp 285w, https:\/\/www.yongjianceramic.com\/wp-content\/uploads\/2024\/11\/Bulk-Ramen-Bowls-With-Handles-Wholesale-Ceramic-Bowls-1-270x270.webp 270w, https:\/\/www.yongjianceramic.com\/wp-content\/uploads\/2024\/11\/Bulk-Ramen-Bowls-With-Handles-Wholesale-Ceramic-Bowls-1-540x540.webp 540w, https:\/\/www.yongjianceramic.com\/wp-content\/uploads\/2024\/11\/Bulk-Ramen-Bowls-With-Handles-Wholesale-Ceramic-Bowls-1-660x660.webp 660w\" sizes=\"(max-width: 750px) 100vw, 750px\" \/><\/figure>\n<\/div><\/div>\n<\/div>\n\n\n\n<p><\/p>","protected":false},"excerpt":{"rendered":"<p>Willkommen im Gro\u00dfhandel Keramiksch\u00fcsseln zu kaufen. Diese gro\u00dfvolumigen Ramensch\u00fcsseln mit Griffen sind aus hochwertiger Keramik gefertigt und in Schwarz und Wei\u00df erh\u00e4ltlich. Das klassische Design ist f\u00fcr alle Arten von Nudelsuppen und Ramen-Gerichte geeignet. Der einzelne Griff macht es einfach zu servieren und zu halten, so dass es eine gute Wahl f\u00fcr Restaurants, um das Esserlebnis zu verbessern.<\/p>\n<table style=\"border-collapse: collapse; width: 309.02pt;\" border=\"0\" width=\"309\" cellspacing=\"0\" cellpadding=\"0\">\n<tbody>\n<tr style=\"height: 17.60pt;\">\n<td class=\"et3\" style=\"height: 17.60pt; width: 120.25pt;\" width=\"120\" height=\"17\">Hersteller<\/td>\n<td class=\"et3\" style=\"width: 189.25pt;\" width=\"189\">Yongjian<\/td>\n<\/tr>\n<tr style=\"height: 18.00pt;\">\n<td class=\"et3\" style=\"height: 18.00pt;\" height=\"18\">Modell Nr.<\/td>\n<td class=\"et4\" style=\"width: 189.25pt;\" width=\"189\">YJ-089<\/td>\n<\/tr>\n<tr style=\"height: 17.60pt;\">\n<td class=\"et3\" style=\"height: 17.60pt;\" height=\"17\">Produkttyp<\/td>\n<td class=\"et3\">Henkelschalen, Suppen- und Ramenschalen<\/td>\n<\/tr>\n<tr style=\"height: 17.60pt;\">\n<td class=\"et3\" style=\"height: 17.60pt;\" height=\"17\">Material<\/td>\n<td class=\"et3\">Porzellan<\/td>\n<\/tr>\n<tr style=\"height: 17.60pt;\">\n<td class=\"et5\" style=\"height: 17.60pt;\" height=\"17\">Farbe<\/td>\n<td class=\"et3\">Wei\u00df\/ Schwarz<\/td>\n<\/tr>\n<tr style=\"height: 18.00pt;\">\n<td class=\"et3\" style=\"height: 18.00pt;\" height=\"18\">Dimension<\/td>\n<td class=\"et4\" style=\"width: 189.25pt;\" width=\"189\">15.5*15.5*6<\/td>\n<\/tr>\n<tr style=\"height: 17.60pt;\">\n<td class=\"et3\" style=\"height: 17.60pt;\" height=\"17\">MOQ<\/td>\n<td class=\"et3\">500St\u00fcck<\/td>\n<\/tr>\n<tr style=\"height: 17.60pt;\">\n<td class=\"et3\" style=\"height: 17.60pt;\" height=\"17\">Benutzerdefiniert<\/td>\n<td class=\"et3\">Farbe\/Gr\u00f6\u00dfe\/Logo\/Verpackung<\/td>\n<\/tr>\n<\/tbody>\n<\/table>","protected":false},"featured_media":3803,"comment_status":"closed","ping_status":"closed","template":"","meta":{"_acf_changed":false},"product_brand":[],"product_cat":[63,75,73],"product_tag":[96],"class_list":{"0":"post-3801","1":"product","2":"type-product","3":"status-publish","4":"has-post-thumbnail","6":"product_cat-wholesale-bowls","7":"product_cat-handled-bowls-wholesale","8":"product_cat-bulk-soup-bowls","9":"product_tag-black-white-dinnerware-wholesale","11":"first","12":"instock","13":"shipping-taxable","14":"product-type-simple"},"acf":[],"_links":{"self":[{"href":"https:\/\/www.yongjianceramic.com\/de\/wp-json\/wp\/v2\/product\/3801","targetHints":{"allow":["GET"]}}],"collection":[{"href":"https:\/\/www.yongjianceramic.com\/de\/wp-json\/wp\/v2\/product"}],"about":[{"href":"https:\/\/www.yongjianceramic.com\/de\/wp-json\/wp\/v2\/types\/product"}],"replies":[{"embeddable":true,"href":"https:\/\/www.yongjianceramic.com\/de\/wp-json\/wp\/v2\/comments?post=3801"}],"wp:featuredmedia":[{"embeddable":true,"href":"https:\/\/www.yongjianceramic.com\/de\/wp-json\/wp\/v2\/media\/3803"}],"wp:attachment":[{"href":"https:\/\/www.yongjianceramic.com\/de\/wp-json\/wp\/v2\/media?parent=3801"}],"wp:term":[{"taxonomy":"product_brand","embeddable":true,"href":"https:\/\/www.yongjianceramic.com\/de\/wp-json\/wp\/v2\/product_brand?post=3801"},{"taxonomy":"product_cat","embeddable":true,"href":"https:\/\/www.yongjianceramic.com\/de\/wp-json\/wp\/v2\/product_cat?post=3801"},{"taxonomy":"product_tag","embeddable":true,"href":"https:\/\/www.yongjianceramic.com\/de\/wp-json\/wp\/v2\/product_tag?post=3801"}],"curies":[{"name":"wp","href":"https:\/\/api.w.org\/{rel}","templated":true}]}}