{"id":3808,"date":"2024-11-01T11:05:06","date_gmt":"2024-11-01T03:05:06","guid":{"rendered":"https:\/\/www.yongjianceramic.com\/?post_type=product&#038;p=3808"},"modified":"2024-11-01T11:14:52","modified_gmt":"2024-11-01T03:14:52","slug":"bulk-soup-bowls","status":"publish","type":"product","link":"https:\/\/www.yongjianceramic.com\/de\/produkt\/bulk-soup-bowls\/","title":{"rendered":"Suppensch\u00fcsseln mit Griffen, kundenspezifische Ramen-Sch\u00fcsseln f\u00fcr Catering"},"content":{"rendered":"<div class=\"wp-block-columns is-layout-flex wp-container-core-columns-is-layout-9d6595d7 wp-block-columns-is-layout-flex\">\n<div class=\"wp-block-column is-layout-flow wp-block-column-is-layout-flow\">\n<h2 class=\"wp-block-heading\">Premium Bulk Suppenschalen Eigenschaften:<\/h2>\n\n\n\n<ul class=\"wp-block-list\">\n<li><strong>Einzigartiges Design in K\u00fcrbisform: <\/strong>Unsere losen Suppenschalen sind in einer einzigartigen K\u00fcrbisform gestaltet. Sie sind rund, voller Spa\u00df und Kunst und verleihen dem Esstisch einen visuellen Reiz. Sie sind das Highlight in Restaurants und bei Banketten und k\u00f6nnen das Essenserlebnis und das Markenimage erheblich verbessern. .<\/li>\n\n\n\n<li><strong>Mehrere Gr\u00f6\u00dfenoptionen, um eine Vielzahl von Catering-Anforderungen zu erf\u00fcllen: <\/strong>Wir bieten diese ma\u00dfgeschneiderten Ramen-Schalen in drei Gr\u00f6\u00dfen an: 7-Zoll, 8,8-Zoll und 9,5-Zoll, geeignet f\u00fcr eine Vielzahl von Gerichten, von kleinen Suppen bis zu gro\u00dfen Ramen, Eint\u00f6pfen und mehr. Die flexiblen Gr\u00f6\u00dfenkombinationen k\u00f6nnen in verschiedenen Catering-Szenarien eingesetzt werden.<\/li>\n\n\n\n<li><strong>Mit Griffen versehen, bequem zum Servieren und Benutzen: <\/strong>Diese gro\u00dfen Suppensch\u00fcsseln haben Griffe an der Seite, die f\u00fcr das Servieren und die Kunden bequem zu tragen sind. Selbst wenn sie mit hei\u00dfer Suppe gef\u00fcllt sind, verrutschen sie nicht so leicht, was die Sicherheit und den Komfort von Kellnern und Kunden bei der Bedienung gew\u00e4hrleistet und die Effizienz der Gastronomie und das Esserlebnis verbessert.<\/li>\n\n\n\n<li><strong>Klassisches Schwarz und Wei\u00df, passend f\u00fcr verschiedene Restaurantstile:<\/strong> Diese kundenspezifischen Ramen-Schalen bieten klassische schwarze und wei\u00dfe Farboptionen, unaufdringlich und elegant, geeignet f\u00fcr verschiedene Tisch-Layout-Stilen, schwarz ist ruhig und atmosph\u00e4risch, wei\u00df ist frisch und einfach, nicht nur unterstreicht die Farbe der Gerichte, sondern bietet auch f\u00fcgt einen Hauch von Stil, um das Restaurant Umwelt.<\/li>\n<\/ul>\n<\/div>\n\n\n\n<div class=\"wp-block-column is-vertically-aligned-center is-layout-flow wp-block-column-is-layout-flow\"><div class=\"wp-block-image\">\n<figure class=\"aligncenter size-full\"><img fetchpriority=\"high\" decoding=\"async\" width=\"750\" height=\"750\" src=\"https:\/\/www.yongjianceramic.com\/wp-content\/uploads\/2024\/11\/Bulk-Soup-Bowls-With-Handles-Catering-Custom-Ramen-Bowls-2.webp\" alt=\"Bulk Suppenschalen mit Griffen, Catering Custom Ramen Schalen-2\" class=\"wp-image-3810\" srcset=\"https:\/\/www.yongjianceramic.com\/wp-content\/uploads\/2024\/11\/Bulk-Soup-Bowls-With-Handles-Catering-Custom-Ramen-Bowls-2.webp 750w, https:\/\/www.yongjianceramic.com\/wp-content\/uploads\/2024\/11\/Bulk-Soup-Bowls-With-Handles-Catering-Custom-Ramen-Bowls-2-300x300.webp 300w, https:\/\/www.yongjianceramic.com\/wp-content\/uploads\/2024\/11\/Bulk-Soup-Bowls-With-Handles-Catering-Custom-Ramen-Bowls-2-150x150.webp 150w, https:\/\/www.yongjianceramic.com\/wp-content\/uploads\/2024\/11\/Bulk-Soup-Bowls-With-Handles-Catering-Custom-Ramen-Bowls-2-12x12.webp 12w, https:\/\/www.yongjianceramic.com\/wp-content\/uploads\/2024\/11\/Bulk-Soup-Bowls-With-Handles-Catering-Custom-Ramen-Bowls-2-285x285.webp 285w, https:\/\/www.yongjianceramic.com\/wp-content\/uploads\/2024\/11\/Bulk-Soup-Bowls-With-Handles-Catering-Custom-Ramen-Bowls-2-270x270.webp 270w, https:\/\/www.yongjianceramic.com\/wp-content\/uploads\/2024\/11\/Bulk-Soup-Bowls-With-Handles-Catering-Custom-Ramen-Bowls-2-540x540.webp 540w, https:\/\/www.yongjianceramic.com\/wp-content\/uploads\/2024\/11\/Bulk-Soup-Bowls-With-Handles-Catering-Custom-Ramen-Bowls-2-660x660.webp 660w\" sizes=\"(max-width: 750px) 100vw, 750px\" \/><\/figure>\n<\/div><\/div>\n<\/div>\n\n\n\n<p><\/p>","protected":false},"excerpt":{"rendered":"<p>Willkommen bei kundenspezifischen Ramen-Schalen f\u00fcr Restaurants. Diese k\u00fcrbisf\u00f6rmigen Suppenschalen mit Griffen sind in den Gr\u00f6\u00dfen 7 Zoll, 8,8 Zoll und 9,5 Zoll erh\u00e4ltlich und haben ein klassisches schwarz-wei\u00dfes Design. Die einzigartige Form und der praktische Henkel sind perfekt kombiniert, eignen sich f\u00fcr verschiedene Suppen und Eint\u00f6pfe und sind ideal, um die Sch\u00f6nheit des Tisches und das Esserlebnis zu verbessern.<\/p>\n<table style=\"border-collapse: collapse; width: 309.02pt;\" border=\"0\" width=\"309\" cellspacing=\"0\" cellpadding=\"0\">\n<tbody>\n<tr style=\"height: 17.60pt;\">\n<td class=\"et3\" style=\"height: 17.60pt; width: 120.25pt;\" width=\"120\" height=\"17\">Hersteller<\/td>\n<td class=\"et3\" style=\"width: 189.25pt;\" width=\"189\">Yongjian<\/td>\n<\/tr>\n<tr style=\"height: 18.00pt;\">\n<td class=\"et3\" style=\"height: 18.00pt;\" height=\"18\">Modell Nr.<\/td>\n<td class=\"et4\" style=\"width: 189.25pt;\" width=\"189\">YJ-090\/YJ-091\/YJ-092<\/td>\n<\/tr>\n<tr style=\"height: 17.60pt;\">\n<td class=\"et3\" style=\"height: 17.60pt;\" height=\"17\">Produkttyp<\/td>\n<td class=\"et3\">Henkelschalen, Suppen- und Ramenschalen<\/td>\n<\/tr>\n<tr style=\"height: 17.60pt;\">\n<td class=\"et3\" style=\"height: 17.60pt;\" height=\"17\">Material<\/td>\n<td class=\"et3\">Porzellan<\/td>\n<\/tr>\n<tr style=\"height: 17.60pt;\">\n<td class=\"et5\" style=\"height: 17.60pt;\" height=\"17\">Farbe<\/td>\n<td class=\"et3\">Wei\u00df\/ Schwarz<\/td>\n<\/tr>\n<tr style=\"height: 53.00pt;\">\n<td class=\"et3\" style=\"height: 53.00pt;\" height=\"53\">Dimension<\/td>\n<td class=\"et4\" style=\"width: 189.25pt;\" width=\"189\">7 Zoll:18*14.7*7.4<br \/>8,8 Zoll:22,5*18,5*8,0<br \/>9,5 Zoll: 24,5*19,7*9,2<\/td>\n<\/tr>\n<tr style=\"height: 17.60pt;\">\n<td class=\"et3\" style=\"height: 17.60pt;\" height=\"17\">MOQ<\/td>\n<td class=\"et3\">500St\u00fcck<\/td>\n<\/tr>\n<tr style=\"height: 17.60pt;\">\n<td class=\"et3\" style=\"height: 17.60pt;\" height=\"17\">Benutzerdefiniert<\/td>\n<td class=\"et3\">Farbe\/Gr\u00f6\u00dfe\/Logo\/Verpackung<\/td>\n<\/tr>\n<\/tbody>\n<\/table>","protected":false},"featured_media":3809,"comment_status":"closed","ping_status":"closed","template":"","meta":{"_acf_changed":false},"product_brand":[],"product_cat":[63,75,73],"product_tag":[96],"class_list":{"0":"post-3808","1":"product","2":"type-product","3":"status-publish","4":"has-post-thumbnail","6":"product_cat-wholesale-bowls","7":"product_cat-handled-bowls-wholesale","8":"product_cat-bulk-soup-bowls","9":"product_tag-black-white-dinnerware-wholesale","11":"first","12":"instock","13":"shipping-taxable","14":"product-type-simple"},"acf":[],"_links":{"self":[{"href":"https:\/\/www.yongjianceramic.com\/de\/wp-json\/wp\/v2\/product\/3808","targetHints":{"allow":["GET"]}}],"collection":[{"href":"https:\/\/www.yongjianceramic.com\/de\/wp-json\/wp\/v2\/product"}],"about":[{"href":"https:\/\/www.yongjianceramic.com\/de\/wp-json\/wp\/v2\/types\/product"}],"replies":[{"embeddable":true,"href":"https:\/\/www.yongjianceramic.com\/de\/wp-json\/wp\/v2\/comments?post=3808"}],"wp:featuredmedia":[{"embeddable":true,"href":"https:\/\/www.yongjianceramic.com\/de\/wp-json\/wp\/v2\/media\/3809"}],"wp:attachment":[{"href":"https:\/\/www.yongjianceramic.com\/de\/wp-json\/wp\/v2\/media?parent=3808"}],"wp:term":[{"taxonomy":"product_brand","embeddable":true,"href":"https:\/\/www.yongjianceramic.com\/de\/wp-json\/wp\/v2\/product_brand?post=3808"},{"taxonomy":"product_cat","embeddable":true,"href":"https:\/\/www.yongjianceramic.com\/de\/wp-json\/wp\/v2\/product_cat?post=3808"},{"taxonomy":"product_tag","embeddable":true,"href":"https:\/\/www.yongjianceramic.com\/de\/wp-json\/wp\/v2\/product_tag?post=3808"}],"curies":[{"name":"wp","href":"https:\/\/api.w.org\/{rel}","templated":true}]}}