{"id":3864,"date":"2024-12-04T11:19:35","date_gmt":"2024-12-04T03:19:35","guid":{"rendered":"https:\/\/www.yongjianceramic.com\/?post_type=product&#038;p=3864"},"modified":"2024-12-04T11:33:40","modified_gmt":"2024-12-04T03:33:40","slug":"wholesale-ceramic-bowls","status":"publish","type":"product","link":"https:\/\/www.yongjianceramic.com\/de\/produkt\/wholesale-ceramic-bowls\/","title":{"rendered":"12-Zoll-Gro\u00dfhandel Keramikschalen mit Griffen, Bulk Servierschalen f\u00fcr Eint\u00f6pfe"},"content":{"rendered":"<div class=\"wp-block-columns is-layout-flex wp-container-core-columns-is-layout-9d6595d7 wp-block-columns-is-layout-flex\">\n<div class=\"wp-block-column is-layout-flow wp-block-column-is-layout-flow\">\n<h2 class=\"wp-block-heading\">Premium Gro\u00dfhandel Keramik Schalen Merkmale:<\/h2>\n\n\n\n<ul class=\"wp-block-list\">\n<li><strong>Gro\u00dfes Fassungsverm\u00f6gen und praktisches Design: <\/strong>Unsere 12-Zoll-Gro\u00dfhandel Keramiksch\u00fcsseln hat genug Kapazit\u00e4t f\u00fcr das Servieren der Eintopf, Suppe, und gro\u00dfe Portion Gerichte, um Familie Bankette zu liefern. Ausgestattet mit dem stabilen und leicht zu greifenden Design eines Doppelgriffs in der Natur.<\/li>\n\n\n\n<li><strong>Ausgew\u00e4hlte hochwertige keramische Materialien:<\/strong> Diese gro\u00dfvolumigen Servierschalen verf\u00fcgen \u00fcber eine ausgezeichnete Hitzebest\u00e4ndigkeit, k\u00f6nnen direkt im Ofen und in der Mikrowelle erhitzt werden und lassen sich in der Sp\u00fclmaschine reinigen, um den Effizienzanforderungen moderner K\u00fcchen gerecht zu werden.<\/li>\n\n\n\n<li><strong>Einfaches und vielseitiges Aussehen: <\/strong>Unsere Keramikschalen f\u00fcr den Gro\u00dfhandel sind schlicht und doch elegant. Die zarte Keramikoberfl\u00e4che in Kombination mit der klassischen Form passt perfekt zu verschiedenen Tischstilen, die f\u00fcr den t\u00e4glichen Gebrauch verwendet werden k\u00f6nnen oder formellen Banketten Eleganz verleihen.<\/li>\n\n\n\n<li><strong>Lieferung von Massenware und Unterst\u00fctzung bei der Anpassung: <\/strong>Unsere gro\u00dfen Servierschalen sind f\u00fcr Restaurants, Hotels und Gro\u00dfh\u00e4ndler bestimmt. Wir bieten Bulk-Lieferdienste und unterst\u00fctzen kundenspezifische Farben, Muster und Markenlogos, um verschiedene Szenen und Gesch\u00e4ftsanforderungen zu erf\u00fcllen.<\/li>\n<\/ul>\n<\/div>\n\n\n\n<div class=\"wp-block-column is-vertically-aligned-center is-layout-flow wp-block-column-is-layout-flow\"><div class=\"wp-block-image\">\n<figure class=\"aligncenter size-full\"><img fetchpriority=\"high\" decoding=\"async\" width=\"694\" height=\"694\" src=\"https:\/\/www.yongjianceramic.com\/wp-content\/uploads\/2024\/12\/12-Inch-Wholesale-Ceramic-Bowls-With-Handles-Bulk-Serving-Bowls-For-Stews-3.webp\" alt=\"12-Zoll-Gro\u00dfhandel Keramikschalen mit Griffen, Bulk Servierschalen f\u00fcr Eint\u00f6pfe-3\" class=\"wp-image-3867\" srcset=\"https:\/\/www.yongjianceramic.com\/wp-content\/uploads\/2024\/12\/12-Inch-Wholesale-Ceramic-Bowls-With-Handles-Bulk-Serving-Bowls-For-Stews-3.webp 694w, https:\/\/www.yongjianceramic.com\/wp-content\/uploads\/2024\/12\/12-Inch-Wholesale-Ceramic-Bowls-With-Handles-Bulk-Serving-Bowls-For-Stews-3-300x300.webp 300w, https:\/\/www.yongjianceramic.com\/wp-content\/uploads\/2024\/12\/12-Inch-Wholesale-Ceramic-Bowls-With-Handles-Bulk-Serving-Bowls-For-Stews-3-150x150.webp 150w, https:\/\/www.yongjianceramic.com\/wp-content\/uploads\/2024\/12\/12-Inch-Wholesale-Ceramic-Bowls-With-Handles-Bulk-Serving-Bowls-For-Stews-3-12x12.webp 12w, https:\/\/www.yongjianceramic.com\/wp-content\/uploads\/2024\/12\/12-Inch-Wholesale-Ceramic-Bowls-With-Handles-Bulk-Serving-Bowls-For-Stews-3-285x285.webp 285w, https:\/\/www.yongjianceramic.com\/wp-content\/uploads\/2024\/12\/12-Inch-Wholesale-Ceramic-Bowls-With-Handles-Bulk-Serving-Bowls-For-Stews-3-270x270.webp 270w, https:\/\/www.yongjianceramic.com\/wp-content\/uploads\/2024\/12\/12-Inch-Wholesale-Ceramic-Bowls-With-Handles-Bulk-Serving-Bowls-For-Stews-3-540x540.webp 540w, https:\/\/www.yongjianceramic.com\/wp-content\/uploads\/2024\/12\/12-Inch-Wholesale-Ceramic-Bowls-With-Handles-Bulk-Serving-Bowls-For-Stews-3-660x660.webp 660w\" sizes=\"(max-width: 694px) 100vw, 694px\" \/><\/figure>\n<\/div><\/div>\n<\/div>","protected":false},"excerpt":{"rendered":"<p>Willkommen zum Kauf von gro\u00dfen Mengen an Serviersch\u00fcsseln. Unsere 12-Zoll-Gro\u00dfhandel Keramikschalen mit Griffen sind ger\u00e4umig, aus hitzebest\u00e4ndiger Keramik, geeignet f\u00fcr Ofen und Mikrowelle, und ihr einfaches Design ist f\u00fcr verschiedene Tischstile geeignet. Es unterst\u00fctzt Gro\u00dfeinkauf und Anpassung, und ist eine ideale Wahl f\u00fcr die Gastronomie und Familie Bankette.<\/p>\n<table style=\"border-collapse: collapse; width: 365.02pt;\" border=\"0\" width=\"365\" cellspacing=\"0\" cellpadding=\"0\">\n<tbody>\n<tr style=\"height: 17.60pt;\">\n<td class=\"et3\" style=\"height: 17.60pt; width: 120.25pt;\" width=\"120\" height=\"17\">Hersteller<\/td>\n<td class=\"et3\" style=\"width: 245.25pt;\" width=\"245\">Yongjian<\/td>\n<\/tr>\n<tr style=\"height: 18.00pt;\">\n<td class=\"et3\" style=\"height: 18.00pt;\" height=\"18\">Modell Nr.<\/td>\n<td class=\"et4\" style=\"width: 245.25pt;\" width=\"245\">YJ-003<\/td>\n<\/tr>\n<tr style=\"height: 18.00pt;\">\n<td class=\"et3\" style=\"height: 18.00pt;\" height=\"18\">Produkttyp<\/td>\n<td class=\"et4\" style=\"width: 245.25pt;\" width=\"245\">Schalen mit Henkel, Servier- und Salatsch\u00fcsseln<\/td>\n<\/tr>\n<tr style=\"height: 17.60pt;\">\n<td class=\"et3\" style=\"height: 17.60pt;\" height=\"17\">Material<\/td>\n<td class=\"et3\">Porzellan<\/td>\n<\/tr>\n<tr style=\"height: 17.60pt;\">\n<td class=\"et5\" style=\"height: 17.60pt;\" height=\"17\">Farbe<\/td>\n<td class=\"et3\">Wei\u00df\/ Schwarz<\/td>\n<\/tr>\n<tr style=\"height: 18.00pt;\">\n<td class=\"et3\" style=\"height: 18.00pt;\" height=\"18\">Dimension<\/td>\n<td class=\"et4\" style=\"width: 245.25pt;\" width=\"245\">30*25.5*6.8<\/td>\n<\/tr>\n<tr style=\"height: 17.60pt;\">\n<td class=\"et3\" style=\"height: 17.60pt;\" height=\"17\">MOQ<\/td>\n<td class=\"et3\">500St\u00fcck<\/td>\n<\/tr>\n<tr style=\"height: 17.60pt;\">\n<td class=\"et3\" style=\"height: 17.60pt;\" height=\"17\">Benutzerdefiniert<\/td>\n<td class=\"et3\">Farbe\/Gr\u00f6\u00dfe\/Logo\/Verpackung<\/td>\n<\/tr>\n<\/tbody>\n<\/table>","protected":false},"featured_media":3865,"comment_status":"closed","ping_status":"closed","template":"","meta":{"_acf_changed":false},"product_brand":[],"product_cat":[75,63,74],"product_tag":[96],"class_list":{"0":"post-3864","1":"product","2":"type-product","3":"status-publish","4":"has-post-thumbnail","6":"product_cat-handled-bowls-wholesale","7":"product_cat-wholesale-bowls","8":"product_cat-bulk-serving-bowls","9":"product_tag-black-white-dinnerware-wholesale","11":"first","12":"instock","13":"shipping-taxable","14":"product-type-simple"},"acf":[],"_links":{"self":[{"href":"https:\/\/www.yongjianceramic.com\/de\/wp-json\/wp\/v2\/product\/3864","targetHints":{"allow":["GET"]}}],"collection":[{"href":"https:\/\/www.yongjianceramic.com\/de\/wp-json\/wp\/v2\/product"}],"about":[{"href":"https:\/\/www.yongjianceramic.com\/de\/wp-json\/wp\/v2\/types\/product"}],"replies":[{"embeddable":true,"href":"https:\/\/www.yongjianceramic.com\/de\/wp-json\/wp\/v2\/comments?post=3864"}],"wp:featuredmedia":[{"embeddable":true,"href":"https:\/\/www.yongjianceramic.com\/de\/wp-json\/wp\/v2\/media\/3865"}],"wp:attachment":[{"href":"https:\/\/www.yongjianceramic.com\/de\/wp-json\/wp\/v2\/media?parent=3864"}],"wp:term":[{"taxonomy":"product_brand","embeddable":true,"href":"https:\/\/www.yongjianceramic.com\/de\/wp-json\/wp\/v2\/product_brand?post=3864"},{"taxonomy":"product_cat","embeddable":true,"href":"https:\/\/www.yongjianceramic.com\/de\/wp-json\/wp\/v2\/product_cat?post=3864"},{"taxonomy":"product_tag","embeddable":true,"href":"https:\/\/www.yongjianceramic.com\/de\/wp-json\/wp\/v2\/product_tag?post=3864"}],"curies":[{"name":"wp","href":"https:\/\/api.w.org\/{rel}","templated":true}]}}