{"id":3872,"date":"2024-12-04T11:39:41","date_gmt":"2024-12-04T03:39:41","guid":{"rendered":"https:\/\/www.yongjianceramic.com\/?post_type=product&#038;p=3872"},"modified":"2024-12-04T11:48:39","modified_gmt":"2024-12-04T03:48:39","slug":"porcelain-plates-bulk","status":"publish","type":"product","link":"https:\/\/www.yongjianceramic.com\/de\/produkt\/porcelain-plates-bulk\/","title":{"rendered":"10-Zoll-Porzellanteller Bulk, tiefe keramische Speiseteller Gro\u00dfhandel"},"content":{"rendered":"<div class=\"wp-block-columns is-layout-flex wp-container-core-columns-is-layout-9d6595d7 wp-block-columns-is-layout-flex\">\n<div class=\"wp-block-column is-layout-flow wp-block-column-is-layout-flow\">\n<h2 class=\"wp-block-heading\">Premium-Porzellan-Teller Bulk Merkmale:<\/h2>\n\n\n\n<ul class=\"wp-block-list\">\n<li><strong>Praktische Gr\u00f6\u00dfe und tiefe Tellerform: <\/strong>Unsere 10-Zoll-Porzellanteller haben eine moderate Gr\u00f6\u00dfe und sind so konzipiert, dass sie leicht tief sind. Sie eignen sich f\u00fcr alle Arten von Gerichten wie Nudeln, Salate, Eint\u00f6pfe usw., die nicht so leicht versch\u00fcttet werden k\u00f6nnen und bequemer zu benutzen sind.<\/li>\n\n\n\n<li><strong>Hochwertige, matte Textur:<\/strong> Es gibt eine besondere matte Behandlung auf dieser Keramik Essteller Gro\u00dfhandel Oberfl\u00e4che, die so zart ist bei der Ber\u00fchrung, sondern zeigt eine hohe Textur, um eine moderne modische Sch\u00f6nheit auf Ihrem Esstisch zu bieten.<\/li>\n\n\n\n<li><strong>Klassische Farboptionen in Schwarz und Wei\u00df: <\/strong>Wir bieten eine Reihe schlichter, klassischer schwarzer und wei\u00dfer Farboptionen f\u00fcr Porzellanteller in loser Sch\u00fcttung an, die sich sehr gut an den Stil verschiedener Tischsituationen anpassen lassen, sei es f\u00fcr das t\u00e4gliche Essen oder f\u00fcr gehobene Anspr\u00fcche.<\/li>\n\n\n\n<li><strong>Lieferung von Gro\u00dfmengen und ma\u00dfgeschneiderte Dienstleistungen: <\/strong>Diese Keramikteller f\u00fcr den Gro\u00dfhandel sind f\u00fcr Restaurants, Hotels und Gro\u00dfh\u00e4ndler gedacht, unterst\u00fctzen Gro\u00dfeink\u00e4ufe und bieten individuelle Dienstleistungen. Markenlogos oder personalisierte Muster k\u00f6nnen je nach Bedarf aufgedruckt werden.<\/li>\n<\/ul>\n<\/div>\n\n\n\n<div class=\"wp-block-column is-vertically-aligned-center is-layout-flow wp-block-column-is-layout-flow\"><div class=\"wp-block-image\">\n<figure class=\"aligncenter size-full\"><img fetchpriority=\"high\" decoding=\"async\" width=\"750\" height=\"750\" src=\"https:\/\/www.yongjianceramic.com\/wp-content\/uploads\/2024\/12\/10-Inch-Porcelain-Plates-Bulk-Deep-Ceramic-Dinner-Plates-Wholesale-2.webp\" alt=\"10 Zoll Porzellanteller Bulk, tiefe keramische Speiseteller Gro\u00dfhandel-2\" class=\"wp-image-3874\" srcset=\"https:\/\/www.yongjianceramic.com\/wp-content\/uploads\/2024\/12\/10-Inch-Porcelain-Plates-Bulk-Deep-Ceramic-Dinner-Plates-Wholesale-2.webp 750w, https:\/\/www.yongjianceramic.com\/wp-content\/uploads\/2024\/12\/10-Inch-Porcelain-Plates-Bulk-Deep-Ceramic-Dinner-Plates-Wholesale-2-300x300.webp 300w, https:\/\/www.yongjianceramic.com\/wp-content\/uploads\/2024\/12\/10-Inch-Porcelain-Plates-Bulk-Deep-Ceramic-Dinner-Plates-Wholesale-2-150x150.webp 150w, https:\/\/www.yongjianceramic.com\/wp-content\/uploads\/2024\/12\/10-Inch-Porcelain-Plates-Bulk-Deep-Ceramic-Dinner-Plates-Wholesale-2-12x12.webp 12w, https:\/\/www.yongjianceramic.com\/wp-content\/uploads\/2024\/12\/10-Inch-Porcelain-Plates-Bulk-Deep-Ceramic-Dinner-Plates-Wholesale-2-285x285.webp 285w, https:\/\/www.yongjianceramic.com\/wp-content\/uploads\/2024\/12\/10-Inch-Porcelain-Plates-Bulk-Deep-Ceramic-Dinner-Plates-Wholesale-2-270x270.webp 270w, https:\/\/www.yongjianceramic.com\/wp-content\/uploads\/2024\/12\/10-Inch-Porcelain-Plates-Bulk-Deep-Ceramic-Dinner-Plates-Wholesale-2-540x540.webp 540w, https:\/\/www.yongjianceramic.com\/wp-content\/uploads\/2024\/12\/10-Inch-Porcelain-Plates-Bulk-Deep-Ceramic-Dinner-Plates-Wholesale-2-660x660.webp 660w\" sizes=\"(max-width: 750px) 100vw, 750px\" \/><\/figure>\n<\/div><\/div>\n<\/div>","protected":false},"excerpt":{"rendered":"<p>Willkommen bei Keramik Essteller Gro\u00dfhandel zu kaufen. Unsere 10-Zoll-Matte Textur Porzellanteller bulk hat klassische schwarze und wei\u00dfe Farboptionen, stilvolles Design und praktische Funktionen, geeignet f\u00fcr eine Vielzahl von K\u00f6stlichkeiten wie Pasta und Salate. Unterst\u00fctzung Gro\u00dfeink\u00e4ufe und Anpassung, ist es eine perfekte Wahl f\u00fcr Catering und Familienessen.<\/p>\n<table style=\"border-collapse: collapse; width: 365.02pt;\" border=\"0\" width=\"365\" cellspacing=\"0\" cellpadding=\"0\">\n<tbody>\n<tr style=\"height: 17.60pt;\">\n<td class=\"et3\" style=\"height: 17.60pt; width: 120.25pt;\" width=\"120\" height=\"17\">Hersteller<\/td>\n<td class=\"et3\" style=\"width: 245.25pt;\" width=\"245\">Yongjian<\/td>\n<\/tr>\n<tr style=\"height: 18.00pt;\">\n<td class=\"et3\" style=\"height: 18.00pt;\" height=\"18\">Modell Nr.<\/td>\n<td class=\"et4\" style=\"width: 245.25pt;\" width=\"245\">YJ-006<\/td>\n<\/tr>\n<tr style=\"height: 18.00pt;\">\n<td class=\"et3\" style=\"height: 18.00pt;\" height=\"18\">Produkttyp<\/td>\n<td class=\"et4\" style=\"width: 245.25pt;\" width=\"245\">Servierplatte, tiefer Teller<\/td>\n<\/tr>\n<tr style=\"height: 17.60pt;\">\n<td class=\"et3\" style=\"height: 17.60pt;\" height=\"17\">Material<\/td>\n<td class=\"et3\">Porzellan<\/td>\n<\/tr>\n<tr style=\"height: 17.60pt;\">\n<td class=\"et5\" style=\"height: 17.60pt;\" height=\"17\">Farbe<\/td>\n<td class=\"et3\">Wei\u00df\/ Schwarz<\/td>\n<\/tr>\n<tr style=\"height: 18.00pt;\">\n<td class=\"et3\" style=\"height: 18.00pt;\" height=\"18\">Dimension<\/td>\n<td class=\"et4\" style=\"width: 245.25pt;\" width=\"245\">25*25*4.7<\/td>\n<\/tr>\n<tr style=\"height: 17.60pt;\">\n<td class=\"et3\" style=\"height: 17.60pt;\" height=\"17\">MOQ<\/td>\n<td class=\"et3\">500St\u00fcck<\/td>\n<\/tr>\n<tr style=\"height: 17.60pt;\">\n<td class=\"et3\" style=\"height: 17.60pt;\" height=\"17\">Benutzerdefiniert<\/td>\n<td class=\"et3\">Farbe\/Gr\u00f6\u00dfe\/Logo\/Verpackung<\/td>\n<\/tr>\n<\/tbody>\n<\/table>","protected":false},"featured_media":3873,"comment_status":"closed","ping_status":"closed","template":"","meta":{"_acf_changed":false},"product_brand":[],"product_cat":[77,62,76],"product_tag":[96],"class_list":{"0":"post-3872","1":"product","2":"type-product","3":"status-publish","4":"has-post-thumbnail","6":"product_cat-deep-plates-wholesale","7":"product_cat-ceramic-plates-wholesale","8":"product_cat-wholesale-serving-platters","9":"product_tag-black-white-dinnerware-wholesale","11":"first","12":"instock","13":"shipping-taxable","14":"product-type-simple"},"acf":[],"_links":{"self":[{"href":"https:\/\/www.yongjianceramic.com\/de\/wp-json\/wp\/v2\/product\/3872","targetHints":{"allow":["GET"]}}],"collection":[{"href":"https:\/\/www.yongjianceramic.com\/de\/wp-json\/wp\/v2\/product"}],"about":[{"href":"https:\/\/www.yongjianceramic.com\/de\/wp-json\/wp\/v2\/types\/product"}],"replies":[{"embeddable":true,"href":"https:\/\/www.yongjianceramic.com\/de\/wp-json\/wp\/v2\/comments?post=3872"}],"wp:featuredmedia":[{"embeddable":true,"href":"https:\/\/www.yongjianceramic.com\/de\/wp-json\/wp\/v2\/media\/3873"}],"wp:attachment":[{"href":"https:\/\/www.yongjianceramic.com\/de\/wp-json\/wp\/v2\/media?parent=3872"}],"wp:term":[{"taxonomy":"product_brand","embeddable":true,"href":"https:\/\/www.yongjianceramic.com\/de\/wp-json\/wp\/v2\/product_brand?post=3872"},{"taxonomy":"product_cat","embeddable":true,"href":"https:\/\/www.yongjianceramic.com\/de\/wp-json\/wp\/v2\/product_cat?post=3872"},{"taxonomy":"product_tag","embeddable":true,"href":"https:\/\/www.yongjianceramic.com\/de\/wp-json\/wp\/v2\/product_tag?post=3872"}],"curies":[{"name":"wp","href":"https:\/\/api.w.org\/{rel}","templated":true}]}}