{"id":3879,"date":"2024-12-04T11:59:30","date_gmt":"2024-12-04T03:59:30","guid":{"rendered":"https:\/\/www.yongjianceramic.com\/?post_type=product&#038;p=3879"},"modified":"2024-12-04T12:09:23","modified_gmt":"2024-12-04T04:09:23","slug":"bulk-porcelain-plates","status":"publish","type":"product","link":"https:\/\/www.yongjianceramic.com\/de\/produkt\/bulk-porcelain-plates\/","title":{"rendered":"10-Zoll Bulk Porzellanteller, Blume geformt Catering Abendessen Teller Gro\u00dfhandel"},"content":{"rendered":"<div class=\"wp-block-columns is-layout-flex wp-container-core-columns-is-layout-9d6595d7 wp-block-columns-is-layout-flex\">\n<div class=\"wp-block-column is-layout-flow wp-block-column-is-layout-flow\">\n<h2 class=\"wp-block-heading\">Premium Bulk Porzellanteller Eigenschaften:<\/h2>\n\n\n\n<ul class=\"wp-block-list\">\n<li><strong>Einzigartiges Design in Form einer Blume: <\/strong>Diese 10-Zoll-Porzellanteller haben eine elegante Blumenform, die nicht nur praktisch ist, sondern auch eine schicke dekorative Wirkung auf den Tisch hat. Sie sind die ideale Wahl f\u00fcr Bankette und gehobene Essanl\u00e4sse.<\/li>\n\n\n\n<li><strong>Hochwertiges Porzellanmaterial: <\/strong>Diese Essteller f\u00fcr die Gastronomie zeichnen sich durch eine hervorragende Haltbarkeit und Kratzfestigkeit aus. Kann im t\u00e4glichen Leben oder kommerziellen Orten verwendet werden. Sicher f\u00fcr Mikrowelle, Sp\u00fclmaschine.<\/li>\n\n\n\n<li><strong>Gro\u00dfe Auswahl an Gr\u00f6\u00dfen: <\/strong>Diese gro\u00dfformatigen Porzellanteller eignen sich perfekt als Vorspeisen- oder Sharing-Teller, auf denen Salate, Pasta, Desserts und andere K\u00f6stlichkeiten serviert werden, die den Tisch reichhaltiger machen.<\/li>\n\n\n\n<li><strong>Lieferung in gro\u00dfen Mengen und kundenspezifischer Service: <\/strong>Unsere Gro\u00dfk\u00fcchenteller sind f\u00fcr die Gastronomie und die Veranstaltungsplanung konzipiert, unterst\u00fctzen Gro\u00dfeink\u00e4ufe und bieten ma\u00dfgeschneiderte Dienstleistungen, einschlie\u00dflich Markenlogos oder Sonderdesigns, um die Bed\u00fcrfnisse verschiedener Kunden zu erf\u00fcllen.<\/li>\n<\/ul>\n<\/div>\n\n\n\n<div class=\"wp-block-column is-vertically-aligned-center is-layout-flow wp-block-column-is-layout-flow\"><div class=\"wp-block-image\">\n<figure class=\"aligncenter size-full\"><img fetchpriority=\"high\" decoding=\"async\" width=\"800\" height=\"800\" src=\"https:\/\/www.yongjianceramic.com\/wp-content\/uploads\/2024\/12\/10-Inch-Bulk-Porcelain-Plates-Flower-Shaped-Catering-Dinner-Plates-Bulk-2.webp\" alt=\"10-Zoll Bulk Porzellanteller, Blume geformt Catering Abendessen Teller Bulk-2\" class=\"wp-image-3881\" srcset=\"https:\/\/www.yongjianceramic.com\/wp-content\/uploads\/2024\/12\/10-Inch-Bulk-Porcelain-Plates-Flower-Shaped-Catering-Dinner-Plates-Bulk-2.webp 800w, https:\/\/www.yongjianceramic.com\/wp-content\/uploads\/2024\/12\/10-Inch-Bulk-Porcelain-Plates-Flower-Shaped-Catering-Dinner-Plates-Bulk-2-300x300.webp 300w, https:\/\/www.yongjianceramic.com\/wp-content\/uploads\/2024\/12\/10-Inch-Bulk-Porcelain-Plates-Flower-Shaped-Catering-Dinner-Plates-Bulk-2-150x150.webp 150w, https:\/\/www.yongjianceramic.com\/wp-content\/uploads\/2024\/12\/10-Inch-Bulk-Porcelain-Plates-Flower-Shaped-Catering-Dinner-Plates-Bulk-2-768x768.webp 768w, https:\/\/www.yongjianceramic.com\/wp-content\/uploads\/2024\/12\/10-Inch-Bulk-Porcelain-Plates-Flower-Shaped-Catering-Dinner-Plates-Bulk-2-12x12.webp 12w, https:\/\/www.yongjianceramic.com\/wp-content\/uploads\/2024\/12\/10-Inch-Bulk-Porcelain-Plates-Flower-Shaped-Catering-Dinner-Plates-Bulk-2-285x285.webp 285w, https:\/\/www.yongjianceramic.com\/wp-content\/uploads\/2024\/12\/10-Inch-Bulk-Porcelain-Plates-Flower-Shaped-Catering-Dinner-Plates-Bulk-2-270x270.webp 270w, https:\/\/www.yongjianceramic.com\/wp-content\/uploads\/2024\/12\/10-Inch-Bulk-Porcelain-Plates-Flower-Shaped-Catering-Dinner-Plates-Bulk-2-540x540.webp 540w, https:\/\/www.yongjianceramic.com\/wp-content\/uploads\/2024\/12\/10-Inch-Bulk-Porcelain-Plates-Flower-Shaped-Catering-Dinner-Plates-Bulk-2-660x660.webp 660w\" sizes=\"(max-width: 800px) 100vw, 800px\" \/><\/figure>\n<\/div><\/div>\n<\/div>","protected":false},"excerpt":{"rendered":"<p>Willkommen zum Kauf von Catering-Tellern in gro\u00dfen Mengen. Dieser 10-Zoll-Porzellanteller in Blumenform ist sowohl praktisch als auch dekorativ und eignet sich f\u00fcr Salate, Desserts und andere K\u00f6stlichkeiten. Hochwertige Materialien und Massenanpassung Dienstleistungen machen es die beste Wahl f\u00fcr Bankette und Catering.<\/p>\n<table style=\"border-collapse: collapse; width: 365.02pt;\" border=\"0\" width=\"365\" cellspacing=\"0\" cellpadding=\"0\">\n<tbody>\n<tr style=\"height: 17.60pt;\">\n<td class=\"et3\" style=\"height: 17.60pt; width: 120.25pt;\" width=\"120\" height=\"17\">Hersteller<\/td>\n<td class=\"et3\" style=\"width: 245.25pt;\" width=\"245\">Yongjian<\/td>\n<\/tr>\n<tr style=\"height: 18.00pt;\">\n<td class=\"et3\" style=\"height: 18.00pt;\" height=\"18\">Modell Nr.<\/td>\n<td class=\"et4\" style=\"width: 245.25pt;\" width=\"245\">YJ-010<\/td>\n<\/tr>\n<tr style=\"height: 18.00pt;\">\n<td class=\"et3\" style=\"height: 18.00pt;\" height=\"18\">Produkttyp<\/td>\n<td class=\"et4\" style=\"width: 245.25pt;\" width=\"245\">Speiseteller, Servierplatten<\/td>\n<\/tr>\n<tr style=\"height: 17.60pt;\">\n<td class=\"et3\" style=\"height: 17.60pt;\" height=\"17\">Material<\/td>\n<td class=\"et3\">Porzellan<\/td>\n<\/tr>\n<tr style=\"height: 17.60pt;\">\n<td class=\"et5\" style=\"height: 17.60pt;\" height=\"17\">Farbe<\/td>\n<td class=\"et3\">Wei\u00df\/ Schwarz<\/td>\n<\/tr>\n<tr style=\"height: 18.00pt;\">\n<td class=\"et3\" style=\"height: 18.00pt;\" height=\"18\">Dimension<\/td>\n<td class=\"et4\" style=\"width: 245.25pt;\" width=\"245\">25.2*25.2*2.5<\/td>\n<\/tr>\n<tr style=\"height: 17.60pt;\">\n<td class=\"et3\" style=\"height: 17.60pt;\" height=\"17\">MOQ<\/td>\n<td class=\"et3\">500St\u00fcck<\/td>\n<\/tr>\n<tr style=\"height: 17.60pt;\">\n<td class=\"et3\" style=\"height: 17.60pt;\" height=\"17\">Benutzerdefiniert<\/td>\n<td class=\"et3\">Farbe\/Gr\u00f6\u00dfe\/Logo\/Verpackung<\/td>\n<\/tr>\n<\/tbody>\n<\/table>","protected":false},"featured_media":3880,"comment_status":"closed","ping_status":"closed","template":"","meta":{"_acf_changed":false},"product_brand":[],"product_cat":[93,62,76],"product_tag":[96],"class_list":{"0":"post-3879","1":"product","2":"type-product","3":"status-publish","4":"has-post-thumbnail","6":"product_cat-bulk-dinner-plates","7":"product_cat-ceramic-plates-wholesale","8":"product_cat-wholesale-serving-platters","9":"product_tag-black-white-dinnerware-wholesale","11":"first","12":"instock","13":"shipping-taxable","14":"product-type-simple"},"acf":[],"_links":{"self":[{"href":"https:\/\/www.yongjianceramic.com\/de\/wp-json\/wp\/v2\/product\/3879","targetHints":{"allow":["GET"]}}],"collection":[{"href":"https:\/\/www.yongjianceramic.com\/de\/wp-json\/wp\/v2\/product"}],"about":[{"href":"https:\/\/www.yongjianceramic.com\/de\/wp-json\/wp\/v2\/types\/product"}],"replies":[{"embeddable":true,"href":"https:\/\/www.yongjianceramic.com\/de\/wp-json\/wp\/v2\/comments?post=3879"}],"wp:featuredmedia":[{"embeddable":true,"href":"https:\/\/www.yongjianceramic.com\/de\/wp-json\/wp\/v2\/media\/3880"}],"wp:attachment":[{"href":"https:\/\/www.yongjianceramic.com\/de\/wp-json\/wp\/v2\/media?parent=3879"}],"wp:term":[{"taxonomy":"product_brand","embeddable":true,"href":"https:\/\/www.yongjianceramic.com\/de\/wp-json\/wp\/v2\/product_brand?post=3879"},{"taxonomy":"product_cat","embeddable":true,"href":"https:\/\/www.yongjianceramic.com\/de\/wp-json\/wp\/v2\/product_cat?post=3879"},{"taxonomy":"product_tag","embeddable":true,"href":"https:\/\/www.yongjianceramic.com\/de\/wp-json\/wp\/v2\/product_tag?post=3879"}],"curies":[{"name":"wp","href":"https:\/\/api.w.org\/{rel}","templated":true}]}}