{"id":3886,"date":"2024-12-04T14:17:18","date_gmt":"2024-12-04T06:17:18","guid":{"rendered":"https:\/\/www.yongjianceramic.com\/?post_type=product&#038;p=3886"},"modified":"2024-12-04T14:31:39","modified_gmt":"2024-12-04T06:31:39","slug":"catering-dinner-plates-bulk","status":"publish","type":"product","link":"https:\/\/www.yongjianceramic.com\/de\/produkt\/catering-dinner-plates-bulk\/","title":{"rendered":"10-Zoll-Matt-Catering-Teller Bulk, Gro\u00dfhandel Porzellanteller"},"content":{"rendered":"<div class=\"wp-block-columns is-layout-flex wp-container-core-columns-is-layout-9d6595d7 wp-block-columns-is-layout-flex\">\n<div class=\"wp-block-column is-layout-flow wp-block-column-is-layout-flow\">\n<h2 class=\"wp-block-heading\">Premium-Catering-Geschirrteller Bulk Merkmale:<\/h2>\n\n\n\n<ul class=\"wp-block-list\">\n<li><strong>Vielseitiges Design im Gro\u00dfformat: <\/strong>Die 10-Zoll-Porzellanteller aus dem Gro\u00dfhandel sind ger\u00e4umig. Das Design des leicht gew\u00f6lbten Randes ist besser geeignet, um verschiedene Hauptgerichte, Platten und Spezialit\u00e4ten zu platzieren und erf\u00fcllt die Bed\u00fcrfnisse des t\u00e4glichen Essens, von Banketten und Catering-Services.<\/li>\n\n\n\n<li><strong>Einzigartige matte Oberfl\u00e4chentextur: <\/strong>Die matte Oberfl\u00e4che unserer Speiseteller f\u00fcr die Gastronomie ist mattiert, und die schlichte, aber hochwertige Oberfl\u00e4che ist von moderner Schlichtheit. Es ist nicht leicht, Fingerabdr\u00fccke oder Kratzer zu hinterlassen, was die Sch\u00f6nheit der Essumgebung erh\u00f6ht.<\/li>\n\n\n\n<li><strong>Zuverl\u00e4ssige und langlebige Porzellanstruktur: <\/strong>Unsere Porzellanteller f\u00fcr den Gro\u00dfhandel werden aus ausgew\u00e4hlter hochwertiger Keramik hergestellt und sind sowohl leicht als auch stabil, temperaturbest\u00e4ndig und leicht zu reinigen. Sie k\u00f6nnen sicher in Mikrowellenherden und Geschirrsp\u00fclern verwendet werden und bieten den Nutzern eine lange Nutzungserfahrung.<\/li>\n\n\n\n<li><strong>Flexible Gro\u00dfhandels- und kundenspezifische Optionen:<\/strong> Diese Gro\u00dfk\u00fcchenteller eignen sich f\u00fcr Gro\u00dfeink\u00e4ufe und k\u00f6nnen je nach Bedarf in Farbe, Textur oder Markenlogo angepasst werden, so dass die Kunden problemlos ihre eigenen exklusiven Produktlinien erstellen und den Anforderungen verschiedener M\u00e4rkte und Aktivit\u00e4ten gerecht werden k\u00f6nnen.<\/li>\n<\/ul>\n<\/div>\n\n\n\n<div class=\"wp-block-column is-vertically-aligned-center is-layout-flow wp-block-column-is-layout-flow\"><div class=\"wp-block-image\">\n<figure class=\"aligncenter size-full\"><img fetchpriority=\"high\" decoding=\"async\" width=\"750\" height=\"750\" src=\"https:\/\/www.yongjianceramic.com\/wp-content\/uploads\/2024\/12\/Wholesale-Porcelain-Plates-10-Inch-Matte-Catering-Dinner-Plates-Bulk-1.webp\" alt=\"Gro\u00dfhandel Porzellanteller, 10-Zoll-Matte Catering Abendessen Teller Bulk-1\" class=\"wp-image-3887\" srcset=\"https:\/\/www.yongjianceramic.com\/wp-content\/uploads\/2024\/12\/Wholesale-Porcelain-Plates-10-Inch-Matte-Catering-Dinner-Plates-Bulk-1.webp 750w, https:\/\/www.yongjianceramic.com\/wp-content\/uploads\/2024\/12\/Wholesale-Porcelain-Plates-10-Inch-Matte-Catering-Dinner-Plates-Bulk-1-300x300.webp 300w, https:\/\/www.yongjianceramic.com\/wp-content\/uploads\/2024\/12\/Wholesale-Porcelain-Plates-10-Inch-Matte-Catering-Dinner-Plates-Bulk-1-150x150.webp 150w, https:\/\/www.yongjianceramic.com\/wp-content\/uploads\/2024\/12\/Wholesale-Porcelain-Plates-10-Inch-Matte-Catering-Dinner-Plates-Bulk-1-12x12.webp 12w, https:\/\/www.yongjianceramic.com\/wp-content\/uploads\/2024\/12\/Wholesale-Porcelain-Plates-10-Inch-Matte-Catering-Dinner-Plates-Bulk-1-285x285.webp 285w, https:\/\/www.yongjianceramic.com\/wp-content\/uploads\/2024\/12\/Wholesale-Porcelain-Plates-10-Inch-Matte-Catering-Dinner-Plates-Bulk-1-270x270.webp 270w, https:\/\/www.yongjianceramic.com\/wp-content\/uploads\/2024\/12\/Wholesale-Porcelain-Plates-10-Inch-Matte-Catering-Dinner-Plates-Bulk-1-540x540.webp 540w, https:\/\/www.yongjianceramic.com\/wp-content\/uploads\/2024\/12\/Wholesale-Porcelain-Plates-10-Inch-Matte-Catering-Dinner-Plates-Bulk-1-660x660.webp 660w\" sizes=\"(max-width: 750px) 100vw, 750px\" \/><\/figure>\n<\/div><\/div>\n<\/div>","protected":false},"excerpt":{"rendered":"<p>Willkommen im Gro\u00dfhandel Porzellanteller zu kaufen. Unsere 10-Zoll-Keramik-Catering Essteller bulk sind f\u00fcr eine Vielzahl von Szenarien mit seinem klassischen Design und High-End-Textur geeignet. Hochwertige Materialien und Massenanpassung Dienstleistungen machen es die beste Wahl f\u00fcr Catering und Bankette.<\/p>\n<table style=\"border-collapse: collapse; width: 365.02pt;\" border=\"0\" width=\"365\" cellspacing=\"0\" cellpadding=\"0\">\n<tbody>\n<tr style=\"height: 17.60pt;\">\n<td class=\"et3\" style=\"height: 17.60pt; width: 120.25pt;\" width=\"120\" height=\"17\">Hersteller<\/td>\n<td class=\"et3\" style=\"width: 245.25pt;\" width=\"245\">Yongjian<\/td>\n<\/tr>\n<tr style=\"height: 18.00pt;\">\n<td class=\"et3\" style=\"height: 18.00pt;\" height=\"18\">Modell Nr.<\/td>\n<td class=\"et4\" style=\"width: 245.25pt;\" width=\"245\">YJ-019<\/td>\n<\/tr>\n<tr style=\"height: 18.00pt;\">\n<td class=\"et3\" style=\"height: 18.00pt;\" height=\"18\">Produkttyp<\/td>\n<td class=\"et4\" style=\"width: 245.25pt;\" width=\"245\">Speiseteller<\/td>\n<\/tr>\n<tr style=\"height: 17.60pt;\">\n<td class=\"et3\" style=\"height: 17.60pt;\" height=\"17\">Material<\/td>\n<td class=\"et3\">Porzellan<\/td>\n<\/tr>\n<tr style=\"height: 17.60pt;\">\n<td class=\"et5\" style=\"height: 17.60pt;\" height=\"17\">Farbe<\/td>\n<td class=\"et3\">Wei\u00df\/ Schwarz<\/td>\n<\/tr>\n<tr style=\"height: 18.00pt;\">\n<td class=\"et3\" style=\"height: 18.00pt;\" height=\"18\">Dimension<\/td>\n<td class=\"et4\" style=\"width: 245.25pt;\" width=\"245\">26*26*3<\/td>\n<\/tr>\n<tr style=\"height: 17.60pt;\">\n<td class=\"et3\" style=\"height: 17.60pt;\" height=\"17\">MOQ<\/td>\n<td class=\"et3\">500St\u00fcck<\/td>\n<\/tr>\n<tr style=\"height: 17.60pt;\">\n<td class=\"et3\" style=\"height: 17.60pt;\" height=\"17\">Benutzerdefiniert<\/td>\n<td class=\"et3\">Farbe\/Gr\u00f6\u00dfe\/Logo\/Verpackung<\/td>\n<\/tr>\n<\/tbody>\n<\/table>","protected":false},"featured_media":3888,"comment_status":"closed","ping_status":"closed","template":"","meta":{"_acf_changed":false},"product_brand":[],"product_cat":[93,62],"product_tag":[96],"class_list":{"0":"post-3886","1":"product","2":"type-product","3":"status-publish","4":"has-post-thumbnail","6":"product_cat-bulk-dinner-plates","7":"product_cat-ceramic-plates-wholesale","8":"product_tag-black-white-dinnerware-wholesale","10":"first","11":"instock","12":"shipping-taxable","13":"product-type-simple"},"acf":[],"_links":{"self":[{"href":"https:\/\/www.yongjianceramic.com\/de\/wp-json\/wp\/v2\/product\/3886","targetHints":{"allow":["GET"]}}],"collection":[{"href":"https:\/\/www.yongjianceramic.com\/de\/wp-json\/wp\/v2\/product"}],"about":[{"href":"https:\/\/www.yongjianceramic.com\/de\/wp-json\/wp\/v2\/types\/product"}],"replies":[{"embeddable":true,"href":"https:\/\/www.yongjianceramic.com\/de\/wp-json\/wp\/v2\/comments?post=3886"}],"wp:featuredmedia":[{"embeddable":true,"href":"https:\/\/www.yongjianceramic.com\/de\/wp-json\/wp\/v2\/media\/3888"}],"wp:attachment":[{"href":"https:\/\/www.yongjianceramic.com\/de\/wp-json\/wp\/v2\/media?parent=3886"}],"wp:term":[{"taxonomy":"product_brand","embeddable":true,"href":"https:\/\/www.yongjianceramic.com\/de\/wp-json\/wp\/v2\/product_brand?post=3886"},{"taxonomy":"product_cat","embeddable":true,"href":"https:\/\/www.yongjianceramic.com\/de\/wp-json\/wp\/v2\/product_cat?post=3886"},{"taxonomy":"product_tag","embeddable":true,"href":"https:\/\/www.yongjianceramic.com\/de\/wp-json\/wp\/v2\/product_tag?post=3886"}],"curies":[{"name":"wp","href":"https:\/\/api.w.org\/{rel}","templated":true}]}}