{"id":3897,"date":"2024-12-05T11:10:59","date_gmt":"2024-12-05T03:10:59","guid":{"rendered":"https:\/\/www.yongjianceramic.com\/?post_type=product&#038;p=3897"},"modified":"2024-12-05T11:21:53","modified_gmt":"2024-12-05T03:21:53","slug":"plates-for-catering-wholesale","status":"publish","type":"product","link":"https:\/\/www.yongjianceramic.com\/de\/produkt\/plates-for-catering-wholesale\/","title":{"rendered":"8,5 Zoll ovale Platten f\u00fcr Catering Gro\u00dfhandel, wei\u00dfe Keramik-Platten Bulk"},"content":{"rendered":"<div class=\"wp-block-columns is-layout-flex wp-container-core-columns-is-layout-9d6595d7 wp-block-columns-is-layout-flex\">\n<div class=\"wp-block-column is-layout-flow wp-block-column-is-layout-flow\">\n<h2 class=\"wp-block-heading\">Premium-Teller f\u00fcr Catering Gro\u00dfhandel Merkmale:<\/h2>\n\n\n\n<ul class=\"wp-block-list\">\n<li><strong>Elegante Riffeltextur: <\/strong>Die Ripple-Textur Design ist eigenartig auf der Oberfl\u00e4che dieser Teller f\u00fcr Catering-Gro\u00dfhandel, so dass die Platte aussehen flie\u00dfenden und stereoskopischen, die Eleganz verleiht. Es wird perfekt pr\u00e4sentieren die Sch\u00f6nheit der Tabelle und machen Gerichte mehr exquisit in beiden t\u00e4glichen Essen und High-End-Bankette angezeigt.<\/li>\n\n\n\n<li><strong>Langlebig und leicht zu reinigen: <\/strong>Diese Keramikplatten werden aus ausgew\u00e4hlter hochwertiger Keramik hergestellt, die eine gute Hitze- und Kratzfestigkeit aufweist. Die Oberfl\u00e4che ist glatt und fein, daher leicht zu reinigen und hinterl\u00e4sst nicht so leicht Spuren. Auch nach langem Gebrauch beh\u00e4lt sie ihre neue Textur. Sie ist langlebig und wird daher von vielen Kunden bevorzugt.<\/li>\n\n\n\n<li><strong>Angemessene Gr\u00f6\u00dfe Design: <\/strong>Die 8,5-Zoll-Teller f\u00fcr Catering-Gro\u00dfhandel Gr\u00f6\u00dfe ist sorgf\u00e4ltig entworfen, um eine Vielzahl von Gerichten von Salaten zu Desserts zu Hauptgerichten unterzubringen. Sein einfaches und praktisches Design eignet sich f\u00fcr Familienessen, Hotel-Bankette, Restaurant-Plating und verschiedene Event-Szenen.<\/li>\n\n\n\n<li><strong>Gesch\u00e4ftsanforderungen erf\u00fcllen: <\/strong>Unsere Keramikteller k\u00f6nnen in gro\u00dfen Mengen eingekauft werden, was dem Bedarf der Gastronomie an Gro\u00dfverbrauchern zu Vorzugspreisen entgegenkommt. In der Zwischenzeit bietet es kundenspezifische Dienstleistungen mit personalisierten Markenlogos oder speziellen Mustern, um das Markenimage zu verbessern und ist besonders geeignet f\u00fcr Hotels und Catering-Unternehmen.<\/li>\n<\/ul>\n<\/div>\n\n\n\n<div class=\"wp-block-column is-vertically-aligned-center is-layout-flow wp-block-column-is-layout-flow\"><div class=\"wp-block-image\">\n<figure class=\"aligncenter size-full is-resized\"><img fetchpriority=\"high\" decoding=\"async\" width=\"750\" height=\"750\" src=\"https:\/\/www.yongjianceramic.com\/wp-content\/uploads\/2024\/12\/8.5-Inch-Oval-Plates-For-Catering-Wholesale-White-Ceramic-Plates-Bulk.webp\" alt=\"8,5 Zoll ovale Platten f\u00fcr Catering Gro\u00dfhandel, wei\u00dfe Keramik-Platten Bulk\" class=\"wp-image-3901\" style=\"width:404px;height:auto\" srcset=\"https:\/\/www.yongjianceramic.com\/wp-content\/uploads\/2024\/12\/8.5-Inch-Oval-Plates-For-Catering-Wholesale-White-Ceramic-Plates-Bulk.webp 750w, https:\/\/www.yongjianceramic.com\/wp-content\/uploads\/2024\/12\/8.5-Inch-Oval-Plates-For-Catering-Wholesale-White-Ceramic-Plates-Bulk-300x300.webp 300w, https:\/\/www.yongjianceramic.com\/wp-content\/uploads\/2024\/12\/8.5-Inch-Oval-Plates-For-Catering-Wholesale-White-Ceramic-Plates-Bulk-150x150.webp 150w, https:\/\/www.yongjianceramic.com\/wp-content\/uploads\/2024\/12\/8.5-Inch-Oval-Plates-For-Catering-Wholesale-White-Ceramic-Plates-Bulk-12x12.webp 12w, https:\/\/www.yongjianceramic.com\/wp-content\/uploads\/2024\/12\/8.5-Inch-Oval-Plates-For-Catering-Wholesale-White-Ceramic-Plates-Bulk-285x285.webp 285w, https:\/\/www.yongjianceramic.com\/wp-content\/uploads\/2024\/12\/8.5-Inch-Oval-Plates-For-Catering-Wholesale-White-Ceramic-Plates-Bulk-270x270.webp 270w, https:\/\/www.yongjianceramic.com\/wp-content\/uploads\/2024\/12\/8.5-Inch-Oval-Plates-For-Catering-Wholesale-White-Ceramic-Plates-Bulk-540x540.webp 540w, https:\/\/www.yongjianceramic.com\/wp-content\/uploads\/2024\/12\/8.5-Inch-Oval-Plates-For-Catering-Wholesale-White-Ceramic-Plates-Bulk-660x660.webp 660w\" sizes=\"(max-width: 750px) 100vw, 750px\" \/><\/figure>\n<\/div><\/div>\n<\/div>","protected":false},"excerpt":{"rendered":"<p>Willkommen zum Kauf Teller f\u00fcr Catering Gro\u00dfhandel. Unsere 8,5\u2033 ovale Keramikplatten bulk verf\u00fcgt \u00fcber eine Ripple-Textur-Design und hochwertige Keramik-Material, die Sch\u00f6nheit mit Praktikabilit\u00e4t kombiniert. Seine vern\u00fcnftige Gr\u00f6\u00dfe und vielseitiges Design sind f\u00fcr eine Vielzahl von Szenarien geeignet, w\u00e4hrend Gro\u00dfeink\u00e4ufe und Anpassungsdienste k\u00f6nnen die Bed\u00fcrfnisse der gewerblichen Kunden zu erf\u00fcllen, so dass es eine ideale Wahl f\u00fcr die Verbesserung der Sch\u00f6nheit der Esstische.<\/p>\n<table style=\"border-collapse: collapse; width: 322.02pt;\" border=\"0\" width=\"322\" cellspacing=\"0\" cellpadding=\"0\">\n<tbody>\n<tr style=\"height: 17.60pt;\">\n<td class=\"et3\" style=\"height: 17.60pt; width: 120.25pt;\" width=\"120\" height=\"17\">Hersteller<\/td>\n<td class=\"et3\" style=\"width: 202.30pt;\" width=\"202\">Yongjian<\/td>\n<\/tr>\n<tr style=\"height: 18.00pt;\">\n<td class=\"et3\" style=\"height: 18.00pt;\" height=\"18\">Modell Nr.<\/td>\n<td class=\"et4\" style=\"width: 202.30pt;\" width=\"202\">YJ-077<\/td>\n<\/tr>\n<tr style=\"height: 18.00pt;\">\n<td class=\"et3\" style=\"height: 18.00pt;\" height=\"18\">Produkttyp<\/td>\n<td class=\"et4\" style=\"width: 202.30pt;\" width=\"202\">Servierplatte, tiefer Teller<\/td>\n<\/tr>\n<tr style=\"height: 17.60pt;\">\n<td class=\"et3\" style=\"height: 17.60pt;\" height=\"17\">Material<\/td>\n<td class=\"et3\">Porzellan<\/td>\n<\/tr>\n<tr style=\"height: 17.60pt;\">\n<td class=\"et5\" style=\"height: 17.60pt;\" height=\"17\">Farbe<\/td>\n<td class=\"et3\">Wei\u00df\/ Schwarz<\/td>\n<\/tr>\n<tr style=\"height: 18.00pt;\">\n<td class=\"et3\" style=\"height: 18.00pt;\" height=\"18\">Dimension<\/td>\n<td class=\"et4\" style=\"width: 202.30pt;\" width=\"202\">16*21*2.5<\/td>\n<\/tr>\n<tr style=\"height: 17.60pt;\">\n<td class=\"et3\" style=\"height: 17.60pt;\" height=\"17\">MOQ<\/td>\n<td class=\"et3\">500St\u00fcck<\/td>\n<\/tr>\n<tr style=\"height: 17.60pt;\">\n<td class=\"et3\" style=\"height: 17.60pt;\" height=\"17\">Benutzerdefiniert<\/td>\n<td class=\"et3\">Farbe\/Gr\u00f6\u00dfe\/Logo\/Verpackung<\/td>\n<\/tr>\n<\/tbody>\n<\/table>","protected":false},"featured_media":3899,"comment_status":"closed","ping_status":"closed","template":"","meta":{"_acf_changed":false},"product_brand":[],"product_cat":[76,77,62],"product_tag":[96],"class_list":{"0":"post-3897","1":"product","2":"type-product","3":"status-publish","4":"has-post-thumbnail","6":"product_cat-wholesale-serving-platters","7":"product_cat-deep-plates-wholesale","8":"product_cat-ceramic-plates-wholesale","9":"product_tag-black-white-dinnerware-wholesale","11":"first","12":"instock","13":"shipping-taxable","14":"product-type-simple"},"acf":[],"_links":{"self":[{"href":"https:\/\/www.yongjianceramic.com\/de\/wp-json\/wp\/v2\/product\/3897","targetHints":{"allow":["GET"]}}],"collection":[{"href":"https:\/\/www.yongjianceramic.com\/de\/wp-json\/wp\/v2\/product"}],"about":[{"href":"https:\/\/www.yongjianceramic.com\/de\/wp-json\/wp\/v2\/types\/product"}],"replies":[{"embeddable":true,"href":"https:\/\/www.yongjianceramic.com\/de\/wp-json\/wp\/v2\/comments?post=3897"}],"wp:featuredmedia":[{"embeddable":true,"href":"https:\/\/www.yongjianceramic.com\/de\/wp-json\/wp\/v2\/media\/3899"}],"wp:attachment":[{"href":"https:\/\/www.yongjianceramic.com\/de\/wp-json\/wp\/v2\/media?parent=3897"}],"wp:term":[{"taxonomy":"product_brand","embeddable":true,"href":"https:\/\/www.yongjianceramic.com\/de\/wp-json\/wp\/v2\/product_brand?post=3897"},{"taxonomy":"product_cat","embeddable":true,"href":"https:\/\/www.yongjianceramic.com\/de\/wp-json\/wp\/v2\/product_cat?post=3897"},{"taxonomy":"product_tag","embeddable":true,"href":"https:\/\/www.yongjianceramic.com\/de\/wp-json\/wp\/v2\/product_tag?post=3897"}],"curies":[{"name":"wp","href":"https:\/\/api.w.org\/{rel}","templated":true}]}}