{"id":3903,"date":"2024-12-05T11:31:32","date_gmt":"2024-12-05T03:31:32","guid":{"rendered":"https:\/\/www.yongjianceramic.com\/?post_type=product&#038;p=3903"},"modified":"2024-12-05T11:44:01","modified_gmt":"2024-12-05T03:44:01","slug":"catering-plates-bulk","status":"publish","type":"product","link":"https:\/\/www.yongjianceramic.com\/de\/produkt\/catering-plates-bulk\/","title":{"rendered":"Quadratische Catering-Teller Bulk, wei\u00dfe Porzellanteller Gro\u00dfhandel"},"content":{"rendered":"<div class=\"wp-block-columns is-layout-flex wp-container-core-columns-is-layout-9d6595d7 wp-block-columns-is-layout-flex\">\n<div class=\"wp-block-column is-layout-flow wp-block-column-is-layout-flow\">\n<h2 class=\"wp-block-heading\">Premium-Catering-Teller Bulk Merkmale:<\/h2>\n\n\n\n<ul class=\"wp-block-list\">\n<li><strong>Einfaches quadratisches Design:<\/strong> Unsere Gro\u00dfk\u00fcchenteller kombinieren klassisches Wei\u00df mit einer quadratischen Form, die einfach und doch elegant ist und dem Esstisch einen modernen Touch verleiht. Einzigartiges geometrisches Design, passt sich f\u00fcr jede Art von Platte Stil, macht die Anzeige von Lebensmitteln mehr Exquisitheit.<\/li>\n\n\n\n<li><strong>Hochwertiges Porzellanmaterial: <\/strong>Unsere wei\u00dfen Porzellanteller Gro\u00dfhandel sind aus hochwertigem wei\u00dfem Porzellan, die hart und d\u00fcnn mit ausgezeichneter Hitze und Kratzfestigkeit ist gemacht. Zarte und glatte Oberfl\u00e4che bietet einfache Reinigung und langfristige Nutzung, kann daher als eine gute Option in High-Standard-Catering Veranstaltungsorte verwendet werden.<\/li>\n\n\n\n<li><strong>Passt zu einer Vielzahl von Gerichten: <\/strong>Diese quadratischen Gro\u00dfhandels-Catering-Teller bieten ger\u00e4umige Pr\u00e4sentationsfl\u00e4che und eignen sich sehr gut f\u00fcr Desserts, Salate, Hauptgerichte und mehr. Es ist sehr praktisch und sch\u00f6n, leicht treffen verschiedene Szenen wie Bankett, Restaurants und Hotels.<\/li>\n\n\n\n<li><strong>Treffen Sie die kommerzielle Beschaffung: <\/strong>Diese wei\u00dfen Porzellanteller Gro\u00dfhandel sind f\u00fcr Gro\u00dfhandel Beschaffung, kosteng\u00fcnstig, geeignet f\u00fcr gro\u00dfe Bed\u00fcrfnisse in der Gastronomie. Es unterst\u00fctzt auch kundenspezifische Dienstleistungen und kann Logo oder andere exklusive Designs nach Kundenwunsch hinzuf\u00fcgen, die eine ideale Wahl f\u00fcr den Aufbau eines Markenimages ist.<\/li>\n<\/ul>\n<\/div>\n\n\n\n<div class=\"wp-block-column is-vertically-aligned-center is-layout-flow wp-block-column-is-layout-flow\"><div class=\"wp-block-image\">\n<figure class=\"aligncenter size-full\"><img fetchpriority=\"high\" decoding=\"async\" width=\"750\" height=\"750\" src=\"https:\/\/www.yongjianceramic.com\/wp-content\/uploads\/2024\/12\/Square-Catering-Plates-Bulk-White-Porcelain-Plates-Wholesale-3.webp\" alt=\"Quadratische Catering-Teller Bulk, wei\u00dfe Porzellanteller Gro\u00dfhandel-3\" class=\"wp-image-3906\" srcset=\"https:\/\/www.yongjianceramic.com\/wp-content\/uploads\/2024\/12\/Square-Catering-Plates-Bulk-White-Porcelain-Plates-Wholesale-3.webp 750w, https:\/\/www.yongjianceramic.com\/wp-content\/uploads\/2024\/12\/Square-Catering-Plates-Bulk-White-Porcelain-Plates-Wholesale-3-300x300.webp 300w, https:\/\/www.yongjianceramic.com\/wp-content\/uploads\/2024\/12\/Square-Catering-Plates-Bulk-White-Porcelain-Plates-Wholesale-3-150x150.webp 150w, https:\/\/www.yongjianceramic.com\/wp-content\/uploads\/2024\/12\/Square-Catering-Plates-Bulk-White-Porcelain-Plates-Wholesale-3-12x12.webp 12w, https:\/\/www.yongjianceramic.com\/wp-content\/uploads\/2024\/12\/Square-Catering-Plates-Bulk-White-Porcelain-Plates-Wholesale-3-285x285.webp 285w, https:\/\/www.yongjianceramic.com\/wp-content\/uploads\/2024\/12\/Square-Catering-Plates-Bulk-White-Porcelain-Plates-Wholesale-3-270x270.webp 270w, https:\/\/www.yongjianceramic.com\/wp-content\/uploads\/2024\/12\/Square-Catering-Plates-Bulk-White-Porcelain-Plates-Wholesale-3-540x540.webp 540w, https:\/\/www.yongjianceramic.com\/wp-content\/uploads\/2024\/12\/Square-Catering-Plates-Bulk-White-Porcelain-Plates-Wholesale-3-660x660.webp 660w\" sizes=\"(max-width: 750px) 100vw, 750px\" \/><\/figure>\n<\/div><\/div>\n<\/div>","protected":false},"excerpt":{"rendered":"<p>Willkommen bei Catering-Teller bulk kaufen. Unsere quadratischen wei\u00dfen Porzellanteller Gro\u00dfhandel ist mit einem einfachen und modernen Design-Stil, hochwertige wei\u00dfe Porzellan-Material, sch\u00f6n und langlebig. Die vielseitigen Gr\u00f6\u00dfen k\u00f6nnen f\u00fcr verschiedene Displays von Gerichten verwendet werden, und Gro\u00dfeinkauf und Anpassungsdienste k\u00f6nnen auch diversifizierte Anforderungen der kommerziellen Nutzer zu erf\u00fcllen; so ist es die beste Wahl f\u00fcr die Gastronomie.<\/p>\n<table style=\"border-collapse: collapse; width: 325.02pt;\" border=\"0\" width=\"325\" cellspacing=\"0\" cellpadding=\"0\">\n<tbody>\n<tr style=\"height: 17.60pt;\">\n<td class=\"et3\" style=\"height: 17.60pt; width: 120.25pt;\" width=\"120\" height=\"17\">Hersteller<\/td>\n<td class=\"et3\" style=\"width: 204.75pt;\" width=\"204\">Yongjian<\/td>\n<\/tr>\n<tr style=\"height: 36.00pt;\">\n<td class=\"et3\" style=\"height: 36.00pt;\" height=\"36\">Modell Nr.<\/td>\n<td class=\"et4\" style=\"width: 204.75pt;\" width=\"204\">YJ-040, 9 Zoll<br \/>YJ-041, 11 Zoll<\/td>\n<\/tr>\n<tr style=\"height: 17.60pt;\">\n<td class=\"et3\" style=\"height: 17.60pt;\" height=\"17\">Produkttyp<\/td>\n<td class=\"et3\">Essteller<\/td>\n<\/tr>\n<tr style=\"height: 17.60pt;\">\n<td class=\"et3\" style=\"height: 17.60pt;\" height=\"17\">Material<\/td>\n<td class=\"et3\">Porzellan<\/td>\n<\/tr>\n<tr style=\"height: 17.60pt;\">\n<td class=\"et5\" style=\"height: 17.60pt;\" height=\"17\">Farbe<\/td>\n<td class=\"et3\">Wei\u00df\/ Schwarz<\/td>\n<\/tr>\n<tr style=\"height: 36.00pt;\">\n<td class=\"et3\" style=\"height: 36.00pt;\" height=\"36\">Dimension<\/td>\n<td class=\"et6\" style=\"width: 204.75pt;\" width=\"204\">23*23*2.3<br \/>28*28*2.3<\/td>\n<\/tr>\n<tr style=\"height: 17.60pt;\">\n<td class=\"et3\" style=\"height: 17.60pt;\" height=\"17\">MOQ<\/td>\n<td class=\"et3\">500St\u00fcck<\/td>\n<\/tr>\n<tr style=\"height: 17.60pt;\">\n<td class=\"et3\" style=\"height: 17.60pt;\" height=\"17\">Benutzerdefiniert<\/td>\n<td class=\"et3\">Farbe\/Gr\u00f6\u00dfe\/Logo\/Verpackung<\/td>\n<\/tr>\n<\/tbody>\n<\/table>","protected":false},"featured_media":3907,"comment_status":"closed","ping_status":"closed","template":"","meta":{"_acf_changed":false},"product_brand":[],"product_cat":[93,62],"product_tag":[96],"class_list":{"0":"post-3903","1":"product","2":"type-product","3":"status-publish","4":"has-post-thumbnail","6":"product_cat-bulk-dinner-plates","7":"product_cat-ceramic-plates-wholesale","8":"product_tag-black-white-dinnerware-wholesale","10":"first","11":"instock","12":"shipping-taxable","13":"product-type-simple"},"acf":[],"_links":{"self":[{"href":"https:\/\/www.yongjianceramic.com\/de\/wp-json\/wp\/v2\/product\/3903","targetHints":{"allow":["GET"]}}],"collection":[{"href":"https:\/\/www.yongjianceramic.com\/de\/wp-json\/wp\/v2\/product"}],"about":[{"href":"https:\/\/www.yongjianceramic.com\/de\/wp-json\/wp\/v2\/types\/product"}],"replies":[{"embeddable":true,"href":"https:\/\/www.yongjianceramic.com\/de\/wp-json\/wp\/v2\/comments?post=3903"}],"wp:featuredmedia":[{"embeddable":true,"href":"https:\/\/www.yongjianceramic.com\/de\/wp-json\/wp\/v2\/media\/3907"}],"wp:attachment":[{"href":"https:\/\/www.yongjianceramic.com\/de\/wp-json\/wp\/v2\/media?parent=3903"}],"wp:term":[{"taxonomy":"product_brand","embeddable":true,"href":"https:\/\/www.yongjianceramic.com\/de\/wp-json\/wp\/v2\/product_brand?post=3903"},{"taxonomy":"product_cat","embeddable":true,"href":"https:\/\/www.yongjianceramic.com\/de\/wp-json\/wp\/v2\/product_cat?post=3903"},{"taxonomy":"product_tag","embeddable":true,"href":"https:\/\/www.yongjianceramic.com\/de\/wp-json\/wp\/v2\/product_tag?post=3903"}],"curies":[{"name":"wp","href":"https:\/\/api.w.org\/{rel}","templated":true}]}}