{"id":3909,"date":"2024-12-05T11:46:47","date_gmt":"2024-12-05T03:46:47","guid":{"rendered":"https:\/\/www.yongjianceramic.com\/?post_type=product&#038;p=3909"},"modified":"2024-12-05T12:02:24","modified_gmt":"2024-12-05T04:02:24","slug":"black-dinner-plates-bulk","status":"publish","type":"product","link":"https:\/\/www.yongjianceramic.com\/de\/produkt\/black-dinner-plates-bulk\/","title":{"rendered":"Premium Black Dinner Plates Bulk, Gro\u00dfhandel Dinner Plates f\u00fcr Catering"},"content":{"rendered":"<div class=\"wp-block-columns is-layout-flex wp-container-core-columns-is-layout-9d6595d7 wp-block-columns-is-layout-flex\">\n<div class=\"wp-block-column is-layout-flow wp-block-column-is-layout-flow\">\n<h2 class=\"wp-block-heading\">Premium Black Dinner Plates Bulk Eigenschaften:<\/h2>\n\n\n\n<ul class=\"wp-block-list\">\n<li><strong>Hochwertiges, mattschwarzes Design: <\/strong>Unsere schwarzen Essteller haben ein einzigartiges, mattschwarzes Aussehen, das klassisch und modern ist und den Esstisch modisch aufwertet. Mattschwarze Farbe kann besser reflektieren die exquisite Plattierung von Lebensmitteln, besonders geeignet f\u00fcr High-End-Catering-Anl\u00e4sse und Bankette.<\/li>\n\n\n\n<li><strong>Oberes Keramikmaterial: <\/strong>Unsere Gro\u00dfhandel Essteller f\u00fcr die Gastronomie sind aus Premium-Keramik hergestellt. Der Tellerk\u00f6rper ist dick und fest, was ihn langlebig macht. Er ist hitzebest\u00e4ndig, mikrowellen- und sp\u00fclmaschinengeeignet, was die t\u00e4gliche Reinigung und den langfristigen Gebrauch erleichtert, da er praktisch und \u00e4sthetisch ist.<\/li>\n\n\n\n<li><strong>Erf\u00fcllen eine Vielzahl von Beschichtungsanforderungen: <\/strong>Das gro\u00dfe Format dieser schwarzen Essteller in gro\u00dfen Mengen eignet sich f\u00fcr die Platzierung von Hauptgerichten, Platten und besonderen Speisen und bietet gen\u00fcgend Platz, um die kulinarische Kreativit\u00e4t der K\u00f6che zu zeigen. Die schlichte Form und die schwarze Textur erg\u00e4nzen sich gegenseitig und erf\u00fcllen die verschiedenen Bed\u00fcrfnisse moderner Catering- und Bankettszenen.<\/li>\n\n\n\n<li><strong>Hilfe bei der Aufwertung der Marke: <\/strong>Bieten Sie gro\u00dfe Mengen an Gro\u00dfhandels-Esstellern f\u00fcr die Gastronomie an, um den Kaufbedarf gewerblicher Kunden wie Restaurants, Hotels und Bankett-Caterer zu decken, und unterst\u00fctzen Sie das Hinzuf\u00fcgen kundenspezifischer Logos oder exklusiver Designs, was eine ideale Wahl zur Verbesserung des Markenimages und der Kundenerfahrung ist.<\/li>\n<\/ul>\n<\/div>\n\n\n\n<div class=\"wp-block-column is-vertically-aligned-center is-layout-flow wp-block-column-is-layout-flow\"><div class=\"wp-block-image\">\n<figure class=\"aligncenter size-full\"><img fetchpriority=\"high\" decoding=\"async\" width=\"750\" height=\"750\" src=\"https:\/\/www.yongjianceramic.com\/wp-content\/uploads\/2024\/12\/Premium-Black-Dinner-Plates-Bulk-Wholesale-Dinner-Plates-For-Catering-4.webp\" alt=\"Premium Black Dinner Plates Bulk, Gro\u00dfhandel Dinner Plates f\u00fcr Catering-4\" class=\"wp-image-3913\" srcset=\"https:\/\/www.yongjianceramic.com\/wp-content\/uploads\/2024\/12\/Premium-Black-Dinner-Plates-Bulk-Wholesale-Dinner-Plates-For-Catering-4.webp 750w, https:\/\/www.yongjianceramic.com\/wp-content\/uploads\/2024\/12\/Premium-Black-Dinner-Plates-Bulk-Wholesale-Dinner-Plates-For-Catering-4-300x300.webp 300w, https:\/\/www.yongjianceramic.com\/wp-content\/uploads\/2024\/12\/Premium-Black-Dinner-Plates-Bulk-Wholesale-Dinner-Plates-For-Catering-4-150x150.webp 150w, https:\/\/www.yongjianceramic.com\/wp-content\/uploads\/2024\/12\/Premium-Black-Dinner-Plates-Bulk-Wholesale-Dinner-Plates-For-Catering-4-12x12.webp 12w, https:\/\/www.yongjianceramic.com\/wp-content\/uploads\/2024\/12\/Premium-Black-Dinner-Plates-Bulk-Wholesale-Dinner-Plates-For-Catering-4-285x285.webp 285w, https:\/\/www.yongjianceramic.com\/wp-content\/uploads\/2024\/12\/Premium-Black-Dinner-Plates-Bulk-Wholesale-Dinner-Plates-For-Catering-4-270x270.webp 270w, https:\/\/www.yongjianceramic.com\/wp-content\/uploads\/2024\/12\/Premium-Black-Dinner-Plates-Bulk-Wholesale-Dinner-Plates-For-Catering-4-540x540.webp 540w, https:\/\/www.yongjianceramic.com\/wp-content\/uploads\/2024\/12\/Premium-Black-Dinner-Plates-Bulk-Wholesale-Dinner-Plates-For-Catering-4-660x660.webp 660w\" sizes=\"(max-width: 750px) 100vw, 750px\" \/><\/figure>\n<\/div><\/div>\n<\/div>\n\n\n\n<p><\/p>","protected":false},"excerpt":{"rendered":"<p>Willkommen im Gro\u00dfhandel Essteller f\u00fcr die Gastronomie zu kaufen. Unsere High-End-matt schwarz Essteller bulk verf\u00fcgt \u00fcber luxuri\u00f6se und stilvolle Design und hochwertige Materialien, geeignet f\u00fcr exquisite Pr\u00e4sentation einer Vielzahl von Gerichten. Seine gro\u00dfe Gr\u00f6\u00dfe Design erf\u00fcllt die tats\u00e4chlichen Bed\u00fcrfnisse der Catering-Industrie, und Bulk-Lieferungen und ma\u00dfgeschneiderte Dienstleistungen helfen kommerziellen Kunden schaffen eine hervorragende Essenserlebnis.<\/p>\n<table style=\"border-collapse: collapse; width: 325.02pt;\" border=\"0\" width=\"325\" cellspacing=\"0\" cellpadding=\"0\">\n<tbody>\n<tr style=\"height: 17.60pt;\">\n<td class=\"et3\" style=\"height: 17.60pt; width: 120.25pt;\" width=\"120\" height=\"17\">Hersteller<\/td>\n<td class=\"et3\" style=\"width: 204.75pt;\" width=\"204\">Yongjian<\/td>\n<\/tr>\n<tr style=\"height: 36.00pt;\">\n<td class=\"et3\" style=\"height: 36.00pt;\" height=\"36\">Modell Nr.<\/td>\n<td class=\"et4\" style=\"width: 204.75pt;\" width=\"204\">YJ-035, 8 Zoll<br \/>YJ-036, 10 Zoll<\/td>\n<\/tr>\n<tr style=\"height: 17.60pt;\">\n<td class=\"et3\" style=\"height: 17.60pt;\" height=\"17\">Produkttyp<\/td>\n<td class=\"et3\">Essteller<\/td>\n<\/tr>\n<tr style=\"height: 17.60pt;\">\n<td class=\"et3\" style=\"height: 17.60pt;\" height=\"17\">Material<\/td>\n<td class=\"et3\">Porzellan<\/td>\n<\/tr>\n<tr style=\"height: 17.60pt;\">\n<td class=\"et5\" style=\"height: 17.60pt;\" height=\"17\">Farbe<\/td>\n<td class=\"et3\">Wei\u00df\/ Schwarz<\/td>\n<\/tr>\n<tr style=\"height: 36.00pt;\">\n<td class=\"et3\" style=\"height: 36.00pt;\" height=\"36\">Dimension<\/td>\n<td class=\"et6\" style=\"width: 204.75pt;\" width=\"204\">20*20*2.3<br \/>25.3*25.3*2.4<\/td>\n<\/tr>\n<tr style=\"height: 17.60pt;\">\n<td class=\"et3\" style=\"height: 17.60pt;\" height=\"17\">MOQ<\/td>\n<td class=\"et3\">500St\u00fcck<\/td>\n<\/tr>\n<tr style=\"height: 17.60pt;\">\n<td class=\"et3\" style=\"height: 17.60pt;\" height=\"17\">Benutzerdefiniert<\/td>\n<td class=\"et3\">Farbe\/Gr\u00f6\u00dfe\/Logo\/Verpackung<\/td>\n<\/tr>\n<\/tbody>\n<\/table>","protected":false},"featured_media":3911,"comment_status":"closed","ping_status":"closed","template":"","meta":{"_acf_changed":false},"product_brand":[],"product_cat":[93,62],"product_tag":[96],"class_list":{"0":"post-3909","1":"product","2":"type-product","3":"status-publish","4":"has-post-thumbnail","6":"product_cat-bulk-dinner-plates","7":"product_cat-ceramic-plates-wholesale","8":"product_tag-black-white-dinnerware-wholesale","10":"first","11":"instock","12":"shipping-taxable","13":"product-type-simple"},"acf":[],"_links":{"self":[{"href":"https:\/\/www.yongjianceramic.com\/de\/wp-json\/wp\/v2\/product\/3909","targetHints":{"allow":["GET"]}}],"collection":[{"href":"https:\/\/www.yongjianceramic.com\/de\/wp-json\/wp\/v2\/product"}],"about":[{"href":"https:\/\/www.yongjianceramic.com\/de\/wp-json\/wp\/v2\/types\/product"}],"replies":[{"embeddable":true,"href":"https:\/\/www.yongjianceramic.com\/de\/wp-json\/wp\/v2\/comments?post=3909"}],"wp:featuredmedia":[{"embeddable":true,"href":"https:\/\/www.yongjianceramic.com\/de\/wp-json\/wp\/v2\/media\/3911"}],"wp:attachment":[{"href":"https:\/\/www.yongjianceramic.com\/de\/wp-json\/wp\/v2\/media?parent=3909"}],"wp:term":[{"taxonomy":"product_brand","embeddable":true,"href":"https:\/\/www.yongjianceramic.com\/de\/wp-json\/wp\/v2\/product_brand?post=3909"},{"taxonomy":"product_cat","embeddable":true,"href":"https:\/\/www.yongjianceramic.com\/de\/wp-json\/wp\/v2\/product_cat?post=3909"},{"taxonomy":"product_tag","embeddable":true,"href":"https:\/\/www.yongjianceramic.com\/de\/wp-json\/wp\/v2\/product_tag?post=3909"}],"curies":[{"name":"wp","href":"https:\/\/api.w.org\/{rel}","templated":true}]}}