{"id":3927,"date":"2024-12-21T09:51:19","date_gmt":"2024-12-21T01:51:19","guid":{"rendered":"https:\/\/www.yongjianceramic.com\/?post_type=product&#038;p=3927"},"modified":"2025-01-07T10:45:56","modified_gmt":"2025-01-07T02:45:56","slug":"wholesale-tableware","status":"publish","type":"product","link":"https:\/\/www.yongjianceramic.com\/de\/produkt\/wholesale-tableware\/","title":{"rendered":"Reaktive Glasur Gro\u00dfhandel Geschirr, keramische Teller Sch\u00fcssel Bulk"},"content":{"rendered":"<div class=\"wp-block-columns is-layout-flex wp-container-core-columns-is-layout-9d6595d7 wp-block-columns-is-layout-flex\">\n<div class=\"wp-block-column is-layout-flow wp-block-column-is-layout-flow\"><\/div>\n\n\n\n<div class=\"wp-block-column is-layout-flow wp-block-column-is-layout-flow\"><\/div>\n<\/div>\n\n\n\n<div class=\"wp-block-columns is-layout-flex wp-container-core-columns-is-layout-9d6595d7 wp-block-columns-is-layout-flex\">\n<div class=\"wp-block-column is-layout-flow wp-block-column-is-layout-flow\">\n<h2 class=\"wp-block-heading\">Premium-Gro\u00dfhandel Geschirr Merkmale:<\/h2>\n\n\n\n<ul class=\"wp-block-list\">\n<li><strong>Japanisches Retro-Design, Kaffee-Gold-\u00c4sthetik: <\/strong>Die kaffeegoldene Glasur dieses Gro\u00dfhandelsgeschirrs im einzigartigen japanischen Retrostil ist elegant und stimmungsvoll und stellt die perfekte Kombination aus Klassik und Moderne dar, die dem Essbereich k\u00fcnstlerischen Sinn und Geschmack verleiht.<\/li>\n\n\n\n<li><strong>Mehrere Arten von Utensilien, um den Bed\u00fcrfnissen verschiedener Szenen gerecht zu werden: <\/strong>Dieses Restaurant Geschirr Gro\u00dfhandel Set umfassen eine Vielzahl von Arten, wie Teller, Suppenschalen, Salatsch\u00fcsseln, etc., um verschiedene Bed\u00fcrfnisse zu erf\u00fcllen, geeignet f\u00fcr Fr\u00fchst\u00fcck, Mittagessen, Abendessen und Bankette Geschirr Set.<\/li>\n\n\n\n<li><strong>Hochwertige Glasur, langlebig und leicht zu reinigen: <\/strong>Die Oberfl\u00e4che dieses im Reaktionsglasurverfahren hergestellten Gro\u00dfhandelsgeschirrs ist glatt und zart, kratz- und verschlei\u00dffest, leicht zu reinigen und beh\u00e4lt lange Zeit ihren Glanz. Es eignet sich f\u00fcr den h\u00e4ufigen Gebrauch in Hotels, Restaurants und Familienrestaurants.<\/li>\n\n\n\n<li><strong>Gro\u00dfhandelsangebot f\u00fcr Gro\u00dfeink\u00e4ufe: <\/strong>Unterst\u00fctzung von Gro\u00dfeink\u00e4ufen f\u00fcr den Restaurantgeschirr-Gro\u00dfhandel, um den t\u00e4glichen Bedarf von Hotels, Restaurants und Catering-Ketten in gro\u00dfem Umfang zu decken und kosteng\u00fcnstige L\u00f6sungen f\u00fcr die Beschaffung von Geschirr zu bieten.<\/li>\n<\/ul>\n<\/div>\n\n\n\n<div class=\"wp-block-column is-layout-flow wp-block-column-is-layout-flow\">\n<figure class=\"wp-block-image size-full\"><img fetchpriority=\"high\" decoding=\"async\" width=\"800\" height=\"800\" src=\"https:\/\/www.yongjianceramic.com\/wp-content\/uploads\/2024\/12\/dinnerware-wholesale-bulk-plates-bowl-factory-58.webp\" alt=\"Reaktive Glasur Gro\u00dfhandel Geschirr, keramische Teller Sch\u00fcssel Bulk-1\" class=\"wp-image-3992\" srcset=\"https:\/\/www.yongjianceramic.com\/wp-content\/uploads\/2024\/12\/dinnerware-wholesale-bulk-plates-bowl-factory-58.webp 800w, https:\/\/www.yongjianceramic.com\/wp-content\/uploads\/2024\/12\/dinnerware-wholesale-bulk-plates-bowl-factory-58-300x300.webp 300w, https:\/\/www.yongjianceramic.com\/wp-content\/uploads\/2024\/12\/dinnerware-wholesale-bulk-plates-bowl-factory-58-150x150.webp 150w, https:\/\/www.yongjianceramic.com\/wp-content\/uploads\/2024\/12\/dinnerware-wholesale-bulk-plates-bowl-factory-58-768x768.webp 768w, https:\/\/www.yongjianceramic.com\/wp-content\/uploads\/2024\/12\/dinnerware-wholesale-bulk-plates-bowl-factory-58-12x12.webp 12w, https:\/\/www.yongjianceramic.com\/wp-content\/uploads\/2024\/12\/dinnerware-wholesale-bulk-plates-bowl-factory-58-285x285.webp 285w, https:\/\/www.yongjianceramic.com\/wp-content\/uploads\/2024\/12\/dinnerware-wholesale-bulk-plates-bowl-factory-58-270x270.webp 270w, https:\/\/www.yongjianceramic.com\/wp-content\/uploads\/2024\/12\/dinnerware-wholesale-bulk-plates-bowl-factory-58-540x540.webp 540w, https:\/\/www.yongjianceramic.com\/wp-content\/uploads\/2024\/12\/dinnerware-wholesale-bulk-plates-bowl-factory-58-660x660.webp 660w\" sizes=\"(max-width: 800px) 100vw, 800px\" \/><\/figure>\n<\/div>\n<\/div>\n\n\n\n<p><\/p>","protected":false},"excerpt":{"rendered":"<p>Willkommen zum Kauf von Gro\u00dfhandelsgeschirr. Dieses braune japanische Restaurantgeschirr Gro\u00dfhandel Set nimmt hochwertige reaktive glasierte Technologie und umfasst eine Vielzahl von Arten, geeignet f\u00fcr Hotels, Restaurants und Familienessen Szenen. Die Modelle haben unterschiedliche Gr\u00f6\u00dfen und Formen f\u00fcr die Teller und Sch\u00fcsseln. Das retro und elegante Design kombiniert mit den Eigenschaften der Haltbarkeit und einfache Reinigung.<\/p>\n<table style=\"border-collapse: collapse; width: 327.02pt;\" border=\"0\" width=\"654\" cellspacing=\"0\" cellpadding=\"0\">\n<tbody>\n<tr style=\"height: 16.50pt;\">\n<td class=\"et3\" style=\"height: 16.50pt; width: 127.20pt;\" width=\"254\" height=\"33\">Hersteller<\/td>\n<td class=\"et3\" style=\"width: 200.15pt;\" width=\"400\">Yongjian<\/td>\n<\/tr>\n<tr style=\"height: 16.50pt;\">\n<td class=\"et3\" style=\"height: 16.50pt;\" height=\"33\">Modell Nr.<\/td>\n<td class=\"et4\" style=\"width: 200.15pt;\" width=\"400\">YJ-095<\/td>\n<\/tr>\n<tr style=\"height: 16.50pt;\">\n<td class=\"et5\" style=\"height: 16.50pt; width: 127.20pt;\" width=\"254\" height=\"33\">Essgeschirr Typ<\/td>\n<td class=\"et5\" style=\"width: 200.15pt;\" width=\"400\">Teller, Platten, Schalen<\/td>\n<\/tr>\n<tr style=\"height: 16.50pt;\">\n<td class=\"et3\" style=\"height: 16.50pt;\" height=\"33\">Technik<\/td>\n<td class=\"et3\">Ofenglasur-Effekt<\/td>\n<\/tr>\n<tr style=\"height: 16.50pt;\">\n<td class=\"et3\" style=\"height: 16.50pt;\" height=\"33\">Material<\/td>\n<td class=\"et3\">Porzellan<\/td>\n<\/tr>\n<tr style=\"height: 33.00pt;\">\n<td class=\"et6\" style=\"height: 33.00pt;\" height=\"66\">Anwendbar<\/td>\n<td class=\"et5\" style=\"width: 200.15pt;\" width=\"400\">Sterilisator, Geschirrsp\u00fcler, Backofen, Mikrowelle<\/td>\n<\/tr>\n<tr style=\"height: 16.50pt;\">\n<td class=\"et3\" style=\"height: 16.50pt;\" height=\"33\">Dimension<\/td>\n<td class=\"et3\">Als Bild<\/td>\n<\/tr>\n<tr style=\"height: 16.50pt;\">\n<td class=\"et3\" style=\"height: 16.50pt;\" height=\"33\">MOQ<\/td>\n<td class=\"et3\">500St\u00fcck<\/td>\n<\/tr>\n<tr style=\"height: 16.50pt;\">\n<td class=\"et3\" style=\"height: 16.50pt;\" height=\"33\">Benutzerdefiniert<\/td>\n<td class=\"et3\">Farbe\/Gr\u00f6\u00dfe\/Logo\/Verpackung<\/td>\n<\/tr>\n<\/tbody>\n<\/table>","protected":false},"featured_media":3993,"comment_status":"closed","ping_status":"closed","template":"","meta":{"_acf_changed":false},"product_brand":[],"product_cat":[64,87],"product_tag":[88],"class_list":{"0":"post-3927","1":"product","2":"type-product","3":"status-publish","4":"has-post-thumbnail","6":"product_cat-dinnerware-sets","7":"product_cat-tableware-wholesale","8":"product_tag-japanese-style-dinnerware-set-wholesale","10":"first","11":"instock","12":"shipping-taxable","13":"product-type-simple"},"acf":[],"_links":{"self":[{"href":"https:\/\/www.yongjianceramic.com\/de\/wp-json\/wp\/v2\/product\/3927","targetHints":{"allow":["GET"]}}],"collection":[{"href":"https:\/\/www.yongjianceramic.com\/de\/wp-json\/wp\/v2\/product"}],"about":[{"href":"https:\/\/www.yongjianceramic.com\/de\/wp-json\/wp\/v2\/types\/product"}],"replies":[{"embeddable":true,"href":"https:\/\/www.yongjianceramic.com\/de\/wp-json\/wp\/v2\/comments?post=3927"}],"wp:featuredmedia":[{"embeddable":true,"href":"https:\/\/www.yongjianceramic.com\/de\/wp-json\/wp\/v2\/media\/3993"}],"wp:attachment":[{"href":"https:\/\/www.yongjianceramic.com\/de\/wp-json\/wp\/v2\/media?parent=3927"}],"wp:term":[{"taxonomy":"product_brand","embeddable":true,"href":"https:\/\/www.yongjianceramic.com\/de\/wp-json\/wp\/v2\/product_brand?post=3927"},{"taxonomy":"product_cat","embeddable":true,"href":"https:\/\/www.yongjianceramic.com\/de\/wp-json\/wp\/v2\/product_cat?post=3927"},{"taxonomy":"product_tag","embeddable":true,"href":"https:\/\/www.yongjianceramic.com\/de\/wp-json\/wp\/v2\/product_tag?post=3927"}],"curies":[{"name":"wp","href":"https:\/\/api.w.org\/{rel}","templated":true}]}}