{"id":3998,"date":"2024-12-21T10:03:19","date_gmt":"2024-12-21T02:03:19","guid":{"rendered":"https:\/\/www.yongjianceramic.com\/?post_type=product&#038;p=3998"},"modified":"2025-01-07T10:36:32","modified_gmt":"2025-01-07T02:36:32","slug":"tableware-wholesale","status":"publish","type":"product","link":"https:\/\/www.yongjianceramic.com\/de\/produkt\/tableware-wholesale\/","title":{"rendered":"Schwarzes Keramikgeschirr Gro\u00dfhandel, Bulk-Teller, Schalen, Tassen und Untertassen"},"content":{"rendered":"<div class=\"wp-block-columns is-layout-flex wp-container-core-columns-is-layout-9d6595d7 wp-block-columns-is-layout-flex\">\n<div class=\"wp-block-column is-layout-flow wp-block-column-is-layout-flow\">\n<h2 class=\"wp-block-heading\">Premium-Geschirr Gro\u00dfhandel Merkmale:<\/h2>\n\n\n\n<ul class=\"wp-block-list\">\n<li><strong>Mysteri\u00f6ses und elegantes \"Starry Black\"-Design: <\/strong>Dieses Geschirr Gro\u00dfhandel ser nimmt schwarze aktive Glasur Technologie, die Glasur ist wie die tiefe Nacht Himmel, und die subtile glitzernde zarte Textur schafft eine geheimnisvolle und edle Temperament, das ist sehr visuell beeindruckend.<\/li>\n\n\n\n<li><strong>Verschiedene Formen, um den Anforderungen verschiedener Szenen gerecht zu werden: <\/strong>Unser Restaurantgeschirr im Gro\u00dfhandel umfasst gro\u00dfe Mengen an Tellern, Schalen, Tassen, Untertassen und anderen Formen, die frei kombiniert werden k\u00f6nnen und sich f\u00fcr Cateringservices in Restaurants, Hotels, Caf\u00e9s und gehobenen Banketten eignen.<\/li>\n\n\n\n<li><strong>Hochwertige Keramik, hohe Temperatur- und Kratzfestigkeit:<\/strong> Mit hochwertigen keramischen Materialien, hohe Temperatur und Kratzfestigkeit, unser Geschirr Gro\u00dfhandel nicht leicht verlassen Spuren im t\u00e4glichen Gebrauch, um sicherzustellen, dass es langlebig und neu ist, geeignet f\u00fcr kommerzielle Catering-Umgebungen, die h\u00e4ufig verwendet werden.<\/li>\n\n\n\n<li><strong>Massenanpassung, Unterst\u00fctzung individueller Bed\u00fcrfnisse: <\/strong>Wir bieten Gro\u00dfbeschaffungs- und Anpassungsdienste f\u00fcr Restaurantgeschirr im Gro\u00dfhandel an und k\u00f6nnen das Logo und das einzigartige Design nach den Bed\u00fcrfnissen der Marke anpassen, um das Markenimage zu verbessern und die individuellen Bed\u00fcrfnisse von Catering-Unternehmen zu erf\u00fcllen.<\/li>\n<\/ul>\n<\/div>\n\n\n\n<div class=\"wp-block-column is-layout-flow wp-block-column-is-layout-flow\">\n<figure class=\"wp-block-image size-full\"><img fetchpriority=\"high\" decoding=\"async\" width=\"800\" height=\"800\" src=\"https:\/\/www.yongjianceramic.com\/wp-content\/uploads\/2024\/12\/Black-Ceramic-Tableware-Wholesale-Custom-Plate-Cup-and-Saucer-12.webp\" alt=\"Schwarzes Keramikgeschirr Gro\u00dfhandel, Bulk-Teller, Schalen, Tassen und Untertassen-1\" class=\"wp-image-4010\" srcset=\"https:\/\/www.yongjianceramic.com\/wp-content\/uploads\/2024\/12\/Black-Ceramic-Tableware-Wholesale-Custom-Plate-Cup-and-Saucer-12.webp 800w, https:\/\/www.yongjianceramic.com\/wp-content\/uploads\/2024\/12\/Black-Ceramic-Tableware-Wholesale-Custom-Plate-Cup-and-Saucer-12-300x300.webp 300w, https:\/\/www.yongjianceramic.com\/wp-content\/uploads\/2024\/12\/Black-Ceramic-Tableware-Wholesale-Custom-Plate-Cup-and-Saucer-12-150x150.webp 150w, https:\/\/www.yongjianceramic.com\/wp-content\/uploads\/2024\/12\/Black-Ceramic-Tableware-Wholesale-Custom-Plate-Cup-and-Saucer-12-768x768.webp 768w, https:\/\/www.yongjianceramic.com\/wp-content\/uploads\/2024\/12\/Black-Ceramic-Tableware-Wholesale-Custom-Plate-Cup-and-Saucer-12-12x12.webp 12w, https:\/\/www.yongjianceramic.com\/wp-content\/uploads\/2024\/12\/Black-Ceramic-Tableware-Wholesale-Custom-Plate-Cup-and-Saucer-12-285x285.webp 285w, https:\/\/www.yongjianceramic.com\/wp-content\/uploads\/2024\/12\/Black-Ceramic-Tableware-Wholesale-Custom-Plate-Cup-and-Saucer-12-270x270.webp 270w, https:\/\/www.yongjianceramic.com\/wp-content\/uploads\/2024\/12\/Black-Ceramic-Tableware-Wholesale-Custom-Plate-Cup-and-Saucer-12-540x540.webp 540w, https:\/\/www.yongjianceramic.com\/wp-content\/uploads\/2024\/12\/Black-Ceramic-Tableware-Wholesale-Custom-Plate-Cup-and-Saucer-12-660x660.webp 660w\" sizes=\"(max-width: 800px) 100vw, 800px\" \/><\/figure>\n<\/div>\n<\/div>","protected":false},"excerpt":{"rendered":"<p>Willkommen zum Kauf von Geschirr Gro\u00dfhandel. Dieses schwarze, reaktiv glasierte Restaurantgeschirr ist wie der tiefe Sternenhimmel und strahlt ein geheimnisvolles und edles Temperament aus. Verschiedene Formen, einschlie\u00dflich Bulk-Teller, Schalen, Tassen und Untertassen, sind geeignet f\u00fcr Multi-Szene-Speiseservice wie Hotels, Restaurants, Caf\u00e9s, etc.\u00a0<\/p>\n<table style=\"border-collapse: collapse; width: 327.02pt;\" border=\"0\" width=\"654\" cellspacing=\"0\" cellpadding=\"0\">\n<tbody>\n<tr style=\"height: 16.50pt;\">\n<td class=\"et3\" style=\"height: 16.50pt; width: 127.20pt;\" width=\"254\" height=\"33\">Hersteller<\/td>\n<td class=\"et3\" style=\"width: 200.15pt;\" width=\"400\">Yongjian<\/td>\n<\/tr>\n<tr style=\"height: 16.50pt;\">\n<td class=\"et3\" style=\"height: 16.50pt;\" height=\"33\">Modell Nr.<\/td>\n<td class=\"et4\" style=\"width: 200.15pt;\" width=\"400\">YJ-96<\/td>\n<\/tr>\n<tr style=\"height: 16.50pt;\">\n<td class=\"et5\" style=\"height: 16.50pt; width: 127.20pt;\" width=\"254\" height=\"33\">Essgeschirr Typ<\/td>\n<td class=\"et5\" style=\"width: 200.15pt;\" width=\"400\">Teller, Platten, Schalen<\/td>\n<\/tr>\n<tr style=\"height: 16.50pt;\">\n<td class=\"et3\" style=\"height: 16.50pt;\" height=\"33\">Technik<\/td>\n<td class=\"et3\">Ofenglasur-Effekt<\/td>\n<\/tr>\n<tr style=\"height: 16.50pt;\">\n<td class=\"et3\" style=\"height: 16.50pt;\" height=\"33\">Material<\/td>\n<td class=\"et3\">Porzellan<\/td>\n<\/tr>\n<tr style=\"height: 33.00pt;\">\n<td class=\"et6\" style=\"height: 33.00pt;\" height=\"66\">Anwendbar<\/td>\n<td class=\"et5\" style=\"width: 200.15pt;\" width=\"400\">Sterilisator, Geschirrsp\u00fcler, Backofen, Mikrowelle<\/td>\n<\/tr>\n<tr style=\"height: 16.50pt;\">\n<td class=\"et3\" style=\"height: 16.50pt;\" height=\"33\">Dimension<\/td>\n<td class=\"et3\">Als Bild<\/td>\n<\/tr>\n<tr style=\"height: 16.50pt;\">\n<td class=\"et3\" style=\"height: 16.50pt;\" height=\"33\">MOQ<\/td>\n<td class=\"et3\">500St\u00fcck<\/td>\n<\/tr>\n<tr style=\"height: 16.50pt;\">\n<td class=\"et3\" style=\"height: 16.50pt;\" height=\"33\">Benutzerdefiniert<\/td>\n<td class=\"et3\">Farbe\/Gr\u00f6\u00dfe\/Logo\/Verpackung<\/td>\n<\/tr>\n<\/tbody>\n<\/table>","protected":false},"featured_media":4011,"comment_status":"closed","ping_status":"closed","template":"","meta":{"_acf_changed":false},"product_brand":[],"product_cat":[64,82],"product_tag":[81],"class_list":{"0":"post-3998","1":"product","2":"type-product","3":"status-publish","4":"has-post-thumbnail","6":"product_cat-dinnerware-sets","7":"product_cat-bulk-dinnerware-sets","8":"product_tag-modern-design-dinnerware-set-wholesale","10":"first","11":"instock","12":"shipping-taxable","13":"product-type-simple"},"acf":[],"_links":{"self":[{"href":"https:\/\/www.yongjianceramic.com\/de\/wp-json\/wp\/v2\/product\/3998","targetHints":{"allow":["GET"]}}],"collection":[{"href":"https:\/\/www.yongjianceramic.com\/de\/wp-json\/wp\/v2\/product"}],"about":[{"href":"https:\/\/www.yongjianceramic.com\/de\/wp-json\/wp\/v2\/types\/product"}],"replies":[{"embeddable":true,"href":"https:\/\/www.yongjianceramic.com\/de\/wp-json\/wp\/v2\/comments?post=3998"}],"wp:featuredmedia":[{"embeddable":true,"href":"https:\/\/www.yongjianceramic.com\/de\/wp-json\/wp\/v2\/media\/4011"}],"wp:attachment":[{"href":"https:\/\/www.yongjianceramic.com\/de\/wp-json\/wp\/v2\/media?parent=3998"}],"wp:term":[{"taxonomy":"product_brand","embeddable":true,"href":"https:\/\/www.yongjianceramic.com\/de\/wp-json\/wp\/v2\/product_brand?post=3998"},{"taxonomy":"product_cat","embeddable":true,"href":"https:\/\/www.yongjianceramic.com\/de\/wp-json\/wp\/v2\/product_cat?post=3998"},{"taxonomy":"product_tag","embeddable":true,"href":"https:\/\/www.yongjianceramic.com\/de\/wp-json\/wp\/v2\/product_tag?post=3998"}],"curies":[{"name":"wp","href":"https:\/\/api.w.org\/{rel}","templated":true}]}}