{"id":4037,"date":"2024-12-28T15:28:24","date_gmt":"2024-12-28T07:28:24","guid":{"rendered":"https:\/\/www.yongjianceramic.com\/?post_type=product&#038;p=4037"},"modified":"2024-12-28T15:28:28","modified_gmt":"2024-12-28T07:28:28","slug":"wholesale-dinnerware-sets","status":"publish","type":"product","link":"https:\/\/www.yongjianceramic.com\/de\/produkt\/wholesale-dinnerware-sets\/","title":{"rendered":"Rosa &amp; Gr\u00fcn Gro\u00dfhandel Geschirr-Sets, Bulk-Teller und Schalen"},"content":{"rendered":"<div class=\"wp-block-columns is-layout-flex wp-container-core-columns-is-layout-9d6595d7 wp-block-columns-is-layout-flex\">\n<div class=\"wp-block-column is-layout-flow wp-block-column-is-layout-flow\">\n<h2 class=\"wp-block-heading\">Premium Gro\u00dfhandel Essgeschirr Sets Eigenschaften:<\/h2>\n\n\n\n<ul class=\"wp-block-list\">\n<li><strong>Reaktiv glasiertes rosa-gr\u00fcnes Design, frisch und nat\u00fcrlich sch\u00f6n:<\/strong> Unsere Keramik-Gro\u00dfhandel Geschirr-Sets nehmen reaktive glasiert, mit einer perfekten Kombination von rosa und gr\u00fcn, weich und nat\u00fcrlichen T\u00f6nen, und ein dreidimensionales Gef\u00fchl, die Schaffung eines frischen und eleganten Abendessen Erfahrung Geschirr-Set.<\/li>\n\n\n\n<li><strong>Reiche Formen und vielf\u00e4ltige Funktionen: <\/strong>Unsere gro\u00dfvolumigen Teller und Schalen haben eine wilde Formenvielfalt, um den Anforderungen von Restaurants, Hotels und Familien gerecht zu werden. Sie k\u00f6nnen frei kombiniert und aufeinander abgestimmt werden, um die Vielfalt der Speisenangebote zu erh\u00f6hen.<\/li>\n\n\n\n<li><strong>Hochwertige Glasur, langlebig und leicht zu reinigen: <\/strong>Unsere Keramik-Gro\u00dfhandel Geschirr-Sets sind aus Hochtemperatur gebrannt Keramik glatt und zart Glasur, sind kratzfest, hochtemperaturbest\u00e4ndig, nicht leicht zu verblassen, und geeignet f\u00fcr Hochfrequenz-Catering-Umgebungen.<\/li>\n\n\n\n<li><strong>Massenproduktion und Anpassungsdienste: <\/strong>Wir bieten direkten Gro\u00dfhandel und personalisierte Anpassung von Tellern und Schalen in gro\u00dfen Mengen, unterst\u00fctzen das Logo-Design und die Stilanpassung und helfen Marken, einen einzigartigen Geschirrstil zu schaffen.<\/li>\n<\/ul>\n<\/div>\n\n\n\n<div class=\"wp-block-column is-layout-flow wp-block-column-is-layout-flow\">\n<figure class=\"wp-block-image size-full\"><img fetchpriority=\"high\" decoding=\"async\" width=\"800\" height=\"800\" src=\"https:\/\/www.yongjianceramic.com\/wp-content\/uploads\/2024\/12\/wholesale-bowls-saucer-cup-tableware-set-factory-2.webp\" alt=\"Rosa &amp; Gr\u00fcn Gro\u00dfhandel Geschirr-Sets, Bulk-Teller und Schalen-1\" class=\"wp-image-4039\" srcset=\"https:\/\/www.yongjianceramic.com\/wp-content\/uploads\/2024\/12\/wholesale-bowls-saucer-cup-tableware-set-factory-2.webp 800w, https:\/\/www.yongjianceramic.com\/wp-content\/uploads\/2024\/12\/wholesale-bowls-saucer-cup-tableware-set-factory-2-300x300.webp 300w, https:\/\/www.yongjianceramic.com\/wp-content\/uploads\/2024\/12\/wholesale-bowls-saucer-cup-tableware-set-factory-2-150x150.webp 150w, https:\/\/www.yongjianceramic.com\/wp-content\/uploads\/2024\/12\/wholesale-bowls-saucer-cup-tableware-set-factory-2-768x768.webp 768w, https:\/\/www.yongjianceramic.com\/wp-content\/uploads\/2024\/12\/wholesale-bowls-saucer-cup-tableware-set-factory-2-12x12.webp 12w, https:\/\/www.yongjianceramic.com\/wp-content\/uploads\/2024\/12\/wholesale-bowls-saucer-cup-tableware-set-factory-2-285x285.webp 285w, https:\/\/www.yongjianceramic.com\/wp-content\/uploads\/2024\/12\/wholesale-bowls-saucer-cup-tableware-set-factory-2-270x270.webp 270w, https:\/\/www.yongjianceramic.com\/wp-content\/uploads\/2024\/12\/wholesale-bowls-saucer-cup-tableware-set-factory-2-540x540.webp 540w, https:\/\/www.yongjianceramic.com\/wp-content\/uploads\/2024\/12\/wholesale-bowls-saucer-cup-tableware-set-factory-2-660x660.webp 660w\" sizes=\"(max-width: 800px) 100vw, 800px\" \/><\/figure>\n<\/div>\n<\/div>","protected":false},"excerpt":{"rendered":"<p>Willkommen zum Kauf gro\u00dfer Mengen von Tellern und Sch\u00fcsseln. Unsere rosa-gr\u00fcne Keramik Gro\u00dfhandel Geschirr-Sets haben weiche und frische Farben, zart und dreidimensionale Glasur, und verschiedene Formen. Es ist geeignet f\u00fcr Hotels, Restaurants und Multi-Szene Essen braucht. Hochwertige Handwerkskunst und Massenanpassung Dienstleistungen sind ideal f\u00fcr die Schaffung einer eleganten Umgebung zu essen.<\/p>\n<table style=\"border-collapse: collapse; width: 327.02pt;\" border=\"0\" width=\"654\" cellspacing=\"0\" cellpadding=\"0\">\n<tbody>\n<tr style=\"height: 16.50pt;\">\n<td class=\"et3\" style=\"height: 16.50pt; width: 127.20pt;\" width=\"254\" height=\"33\">Hersteller<\/td>\n<td class=\"et3\" style=\"width: 200.15pt;\" width=\"400\">Yongjian<\/td>\n<\/tr>\n<tr style=\"height: 16.50pt;\">\n<td class=\"et3\" style=\"height: 16.50pt;\" height=\"33\">Modell Nr.<\/td>\n<td class=\"et4\" style=\"width: 200.15pt;\" width=\"400\">YJ-98<\/td>\n<\/tr>\n<tr style=\"height: 16.50pt;\">\n<td class=\"et5\" style=\"height: 16.50pt; width: 127.20pt;\" width=\"254\" height=\"33\">Essgeschirr Typ<\/td>\n<td class=\"et5\" style=\"width: 200.15pt;\" width=\"400\">Teller, Platten, Schalen<\/td>\n<\/tr>\n<tr style=\"height: 16.50pt;\">\n<td class=\"et3\" style=\"height: 16.50pt;\" height=\"33\">Technik<\/td>\n<td class=\"et3\">Ofenglasur-Effekt<\/td>\n<\/tr>\n<tr style=\"height: 16.50pt;\">\n<td class=\"et3\" style=\"height: 16.50pt;\" height=\"33\">Material<\/td>\n<td class=\"et3\">Porzellan<\/td>\n<\/tr>\n<tr style=\"height: 33.00pt;\">\n<td class=\"et6\" style=\"height: 33.00pt;\" height=\"66\">Anwendbar<\/td>\n<td class=\"et5\" style=\"width: 200.15pt;\" width=\"400\">Sterilisator, Geschirrsp\u00fcler, Backofen, Mikrowelle<\/td>\n<\/tr>\n<tr style=\"height: 16.50pt;\">\n<td class=\"et3\" style=\"height: 16.50pt;\" height=\"33\">Dimension<\/td>\n<td class=\"et3\">Als Bild<\/td>\n<\/tr>\n<tr style=\"height: 16.50pt;\">\n<td class=\"et3\" style=\"height: 16.50pt;\" height=\"33\">MOQ<\/td>\n<td class=\"et3\">500St\u00fcck<\/td>\n<\/tr>\n<tr style=\"height: 16.50pt;\">\n<td class=\"et3\" style=\"height: 16.50pt;\" height=\"33\">Benutzerdefiniert<\/td>\n<td class=\"et3\">Farbe\/Gr\u00f6\u00dfe\/Logo\/Verpackung<\/td>\n<\/tr>\n<\/tbody>\n<\/table>","protected":false},"featured_media":4038,"comment_status":"closed","ping_status":"closed","template":"","meta":{"_acf_changed":false},"product_brand":[],"product_cat":[64,82],"product_tag":[81],"class_list":{"0":"post-4037","1":"product","2":"type-product","3":"status-publish","4":"has-post-thumbnail","6":"product_cat-dinnerware-sets","7":"product_cat-bulk-dinnerware-sets","8":"product_tag-modern-design-dinnerware-set-wholesale","10":"first","11":"instock","12":"shipping-taxable","13":"product-type-simple"},"acf":[],"_links":{"self":[{"href":"https:\/\/www.yongjianceramic.com\/de\/wp-json\/wp\/v2\/product\/4037","targetHints":{"allow":["GET"]}}],"collection":[{"href":"https:\/\/www.yongjianceramic.com\/de\/wp-json\/wp\/v2\/product"}],"about":[{"href":"https:\/\/www.yongjianceramic.com\/de\/wp-json\/wp\/v2\/types\/product"}],"replies":[{"embeddable":true,"href":"https:\/\/www.yongjianceramic.com\/de\/wp-json\/wp\/v2\/comments?post=4037"}],"wp:featuredmedia":[{"embeddable":true,"href":"https:\/\/www.yongjianceramic.com\/de\/wp-json\/wp\/v2\/media\/4038"}],"wp:attachment":[{"href":"https:\/\/www.yongjianceramic.com\/de\/wp-json\/wp\/v2\/media?parent=4037"}],"wp:term":[{"taxonomy":"product_brand","embeddable":true,"href":"https:\/\/www.yongjianceramic.com\/de\/wp-json\/wp\/v2\/product_brand?post=4037"},{"taxonomy":"product_cat","embeddable":true,"href":"https:\/\/www.yongjianceramic.com\/de\/wp-json\/wp\/v2\/product_cat?post=4037"},{"taxonomy":"product_tag","embeddable":true,"href":"https:\/\/www.yongjianceramic.com\/de\/wp-json\/wp\/v2\/product_tag?post=4037"}],"curies":[{"name":"wp","href":"https:\/\/api.w.org\/{rel}","templated":true}]}}