{"id":4050,"date":"2024-12-28T14:55:39","date_gmt":"2024-12-28T06:55:39","guid":{"rendered":"https:\/\/www.yongjianceramic.com\/?post_type=product&#038;p=4050"},"modified":"2025-01-07T10:33:41","modified_gmt":"2025-01-07T02:33:41","slug":"restaurant-dinnerware-wholesale","status":"publish","type":"product","link":"https:\/\/www.yongjianceramic.com\/de\/produkt\/restaurant-dinnerware-wholesale\/","title":{"rendered":"Reaktive Glasur Restaurant Geschirr Gro\u00dfhandel, Chinesisch Geschirr Bulk"},"content":{"rendered":"<div class=\"wp-block-columns is-layout-flex wp-container-core-columns-is-layout-9d6595d7 wp-block-columns-is-layout-flex\">\n<div class=\"wp-block-column is-layout-flow wp-block-column-is-layout-flow\">\n<h2 class=\"wp-block-heading\">Premium Restaurant Geschirr Gro\u00dfhandel Merkmale:<\/h2>\n\n\n\n<ul class=\"wp-block-list\">\n<li><strong>Lila Farbverlaufsdesign, tief geschichtete Sch\u00f6nheit: <\/strong>Die reaktive Glasur Restaurant Geschirr Gro\u00dfhandel nimmt eine dunkle lila Farbverlauf Design, mit klaren Schichten, pr\u00e4sentiert eine tiefe und elegante visuelle Wirkung, zeigt eine einzigartige k\u00fcnstlerische Textur.<\/li>\n\n\n\n<li><strong>Verschiedene Formen, breit einsetzbar: <\/strong>Dieses chinesische Geschirr im Gro\u00dfhandel umfasst Essteller, Suppensch\u00fcsseln, Salatsch\u00fcsseln, Serviersch\u00fcsseln und andere Formen, um den unterschiedlichen Anforderungen von Hotels, Restaurants und Banketten gerecht zu werden, wobei Funktionalit\u00e4t und \u00c4sthetik ber\u00fccksichtigt werden.<\/li>\n\n\n\n<li><strong>Hochwertige Keramik, langlebig: <\/strong>Ausgew\u00e4hlte hochwertige keramische Materialien, dieses Restaurant Geschirr Gro\u00dfhandel ist kratzfest und nicht leicht zu verblassen, geeignet f\u00fcr hochfrequente Nutzung, die Gew\u00e4hrleistung langfristige Glanz und Textur.<\/li>\n\n\n\n<li><strong>OEM-Massenproduktion und Anpassungsdienste: <\/strong>Wir bieten kundenspezifische Dienstleistungen f\u00fcr chinesisches Geschirr im Gro\u00dfhandel, die flexibel exklusive Stile und Logos entwerfen k\u00f6nnen und Ihren Marken helfen, eine einzigartige Geschirrkollektion zu schaffen.<\/li>\n<\/ul>\n<\/div>\n\n\n\n<div class=\"wp-block-column is-layout-flow wp-block-column-is-layout-flow\">\n<figure class=\"wp-block-image size-full\"><img fetchpriority=\"high\" decoding=\"async\" width=\"800\" height=\"800\" src=\"https:\/\/www.yongjianceramic.com\/wp-content\/uploads\/2024\/12\/oem-ceramic-dinnerware-bulk-serving-bowls-ceramic-plate-supplier-10.webp\" alt=\"Reaktive Glasur Restaurant Essgeschirr Gro\u00dfhandel, Chinesisch Geschirr Bulk-1\" class=\"wp-image-4060\" srcset=\"https:\/\/www.yongjianceramic.com\/wp-content\/uploads\/2024\/12\/oem-ceramic-dinnerware-bulk-serving-bowls-ceramic-plate-supplier-10.webp 800w, https:\/\/www.yongjianceramic.com\/wp-content\/uploads\/2024\/12\/oem-ceramic-dinnerware-bulk-serving-bowls-ceramic-plate-supplier-10-300x300.webp 300w, https:\/\/www.yongjianceramic.com\/wp-content\/uploads\/2024\/12\/oem-ceramic-dinnerware-bulk-serving-bowls-ceramic-plate-supplier-10-150x150.webp 150w, https:\/\/www.yongjianceramic.com\/wp-content\/uploads\/2024\/12\/oem-ceramic-dinnerware-bulk-serving-bowls-ceramic-plate-supplier-10-768x768.webp 768w, https:\/\/www.yongjianceramic.com\/wp-content\/uploads\/2024\/12\/oem-ceramic-dinnerware-bulk-serving-bowls-ceramic-plate-supplier-10-12x12.webp 12w, https:\/\/www.yongjianceramic.com\/wp-content\/uploads\/2024\/12\/oem-ceramic-dinnerware-bulk-serving-bowls-ceramic-plate-supplier-10-285x285.webp 285w, https:\/\/www.yongjianceramic.com\/wp-content\/uploads\/2024\/12\/oem-ceramic-dinnerware-bulk-serving-bowls-ceramic-plate-supplier-10-270x270.webp 270w, https:\/\/www.yongjianceramic.com\/wp-content\/uploads\/2024\/12\/oem-ceramic-dinnerware-bulk-serving-bowls-ceramic-plate-supplier-10-540x540.webp 540w, https:\/\/www.yongjianceramic.com\/wp-content\/uploads\/2024\/12\/oem-ceramic-dinnerware-bulk-serving-bowls-ceramic-plate-supplier-10-660x660.webp 660w\" sizes=\"(max-width: 800px) 100vw, 800px\" \/><\/figure>\n<\/div>\n<\/div>","protected":false},"excerpt":{"rendered":"<p><span class=\"jCAhz ChMk0b\"><span class=\"ryNqvb\">Dieses dunkelviolette Keramikgeschirr mit Farbverlauf hat eine tiefe und elegante Glasur, eine reiche dreidimensionale Wirkung und verschiedene Formen, die sich f\u00fcr Hotels, Restaurants und Bankette eignen.<\/span><\/span> <span class=\"jCAhz ChMk0b\"><span class=\"ryNqvb\">Hochwertige Keramik ist langlebig und leicht zu reinigen, unterst\u00fctzt OEM-Massenanfertigungen und ist eine ideale Wahl f\u00fcr die Schaffung einer hochwertigen Essumgebung. Der Lieferant bietet OEM ODM Gro\u00dfhandel und Anpassungsdienste.<\/span><\/span><\/p>\n<table style=\"border-collapse: collapse; width: 327.02pt;\" border=\"0\" width=\"654\" cellspacing=\"0\" cellpadding=\"0\">\n<tbody>\n<tr style=\"height: 16.50pt;\">\n<td class=\"et3\" style=\"height: 16.50pt; width: 127.20pt;\" width=\"254\" height=\"33\">Hersteller<\/td>\n<td class=\"et3\" style=\"width: 200.15pt;\" width=\"400\">Yongjian<\/td>\n<\/tr>\n<tr style=\"height: 16.50pt;\">\n<td class=\"et3\" style=\"height: 16.50pt;\" height=\"33\">Modell Nr.<\/td>\n<td class=\"et4\" style=\"width: 200.15pt;\" width=\"400\">YJ-99<\/td>\n<\/tr>\n<tr style=\"height: 16.50pt;\">\n<td class=\"et5\" style=\"height: 16.50pt; width: 127.20pt;\" width=\"254\" height=\"33\">Essgeschirr Typ<\/td>\n<td class=\"et5\" style=\"width: 200.15pt;\" width=\"400\">Teller, Platten, Schalen<\/td>\n<\/tr>\n<tr style=\"height: 16.50pt;\">\n<td class=\"et3\" style=\"height: 16.50pt;\" height=\"33\">Technik<\/td>\n<td class=\"et3\">Ofenglasur-Effekt<\/td>\n<\/tr>\n<tr style=\"height: 16.50pt;\">\n<td class=\"et3\" style=\"height: 16.50pt;\" height=\"33\">Material<\/td>\n<td class=\"et3\">Porzellan<\/td>\n<\/tr>\n<tr style=\"height: 33.00pt;\">\n<td class=\"et6\" style=\"height: 33.00pt;\" height=\"66\">Anwendbar<\/td>\n<td class=\"et5\" style=\"width: 200.15pt;\" width=\"400\">Sterilisator, Geschirrsp\u00fcler, Backofen, Mikrowelle<\/td>\n<\/tr>\n<tr style=\"height: 16.50pt;\">\n<td class=\"et3\" style=\"height: 16.50pt;\" height=\"33\">Dimension<\/td>\n<td class=\"et3\">Als Bild<\/td>\n<\/tr>\n<tr style=\"height: 16.50pt;\">\n<td class=\"et3\" style=\"height: 16.50pt;\" height=\"33\">MOQ<\/td>\n<td class=\"et3\">500St\u00fcck<\/td>\n<\/tr>\n<tr style=\"height: 16.50pt;\">\n<td class=\"et3\" style=\"height: 16.50pt;\" height=\"33\">Benutzerdefiniert<\/td>\n<td class=\"et3\">Farbe\/Gr\u00f6\u00dfe\/Logo\/Verpackung<\/td>\n<\/tr>\n<\/tbody>\n<\/table>","protected":false},"featured_media":4059,"comment_status":"closed","ping_status":"closed","template":"","meta":{"_acf_changed":false},"product_brand":[],"product_cat":[64,82],"product_tag":[81],"class_list":{"0":"post-4050","1":"product","2":"type-product","3":"status-publish","4":"has-post-thumbnail","6":"product_cat-dinnerware-sets","7":"product_cat-bulk-dinnerware-sets","8":"product_tag-modern-design-dinnerware-set-wholesale","10":"first","11":"instock","12":"shipping-taxable","13":"product-type-simple"},"acf":[],"_links":{"self":[{"href":"https:\/\/www.yongjianceramic.com\/de\/wp-json\/wp\/v2\/product\/4050","targetHints":{"allow":["GET"]}}],"collection":[{"href":"https:\/\/www.yongjianceramic.com\/de\/wp-json\/wp\/v2\/product"}],"about":[{"href":"https:\/\/www.yongjianceramic.com\/de\/wp-json\/wp\/v2\/types\/product"}],"replies":[{"embeddable":true,"href":"https:\/\/www.yongjianceramic.com\/de\/wp-json\/wp\/v2\/comments?post=4050"}],"wp:featuredmedia":[{"embeddable":true,"href":"https:\/\/www.yongjianceramic.com\/de\/wp-json\/wp\/v2\/media\/4059"}],"wp:attachment":[{"href":"https:\/\/www.yongjianceramic.com\/de\/wp-json\/wp\/v2\/media?parent=4050"}],"wp:term":[{"taxonomy":"product_brand","embeddable":true,"href":"https:\/\/www.yongjianceramic.com\/de\/wp-json\/wp\/v2\/product_brand?post=4050"},{"taxonomy":"product_cat","embeddable":true,"href":"https:\/\/www.yongjianceramic.com\/de\/wp-json\/wp\/v2\/product_cat?post=4050"},{"taxonomy":"product_tag","embeddable":true,"href":"https:\/\/www.yongjianceramic.com\/de\/wp-json\/wp\/v2\/product_tag?post=4050"}],"curies":[{"name":"wp","href":"https:\/\/api.w.org\/{rel}","templated":true}]}}