{"id":4061,"date":"2024-12-28T14:41:26","date_gmt":"2024-12-28T06:41:26","guid":{"rendered":"https:\/\/www.yongjianceramic.com\/?post_type=product&#038;p=4061"},"modified":"2025-03-01T15:46:55","modified_gmt":"2025-03-01T07:46:55","slug":"wholesale-crockery","status":"publish","type":"product","link":"https:\/\/www.yongjianceramic.com\/de\/produkt\/wholesale-crockery\/","title":{"rendered":"Reaktiv glasiertes Gro\u00dfhandelsgeschirr, Luxusgeschirr Bulk"},"content":{"rendered":"<div class=\"wp-block-columns is-layout-flex wp-container-core-columns-is-layout-9d6595d7 wp-block-columns-is-layout-flex\">\n<div class=\"wp-block-column is-layout-flow wp-block-column-is-layout-flow\">\n<h2 class=\"wp-block-heading\">Premium-Gro\u00dfhandel Geschirr Merkmale:<\/h2>\n\n\n\n<ul class=\"wp-block-list\">\n<li><strong>Reactive Glazed Multi-Color-Technologie, flexible und ver\u00e4nderbare Farben:<\/strong> Die reaktive Glasurtechnik verleiht diesem Gro\u00dfhandelsgeschirrset ein einzigartiges schwarzes, rotes und blaues Farbdesign, genau wie die blaue Flamme, die im Dunkeln brennt und eine Vielzahl von Farbnuancen zeigt, die dem Esstisch eine k\u00fcnstlerische Atmosph\u00e4re verleihen.<\/li>\n\n\n\n<li><strong>Verschiedene Formen, geeignet f\u00fcr eine Vielzahl von Tafelszenen: <\/strong>Dieses Keramikgeschirr bietet eine gro\u00dfe Vielfalt an Formen, darunter Essteller, Suppensch\u00fcsseln, Salatsch\u00fcsseln usw. Diese Gro\u00dfhandelsgeschirrsets erf\u00fcllen die verschiedenen Bed\u00fcrfnisse von Hotels, Restaurants und Banketten und k\u00f6nnen frei kombiniert und angepasst werden.<\/li>\n\n\n\n<li><strong>Hochwertige Glasur, langlebig und praktisch: <\/strong>Unser Hochtemperatur-Gro\u00dfhandel Geschirr besitzt glatte und sch\u00f6ne Glasur, hohe Temperaturbest\u00e4ndigkeit und Kratzfestigkeit, so dass es nach langem Gebrauch sch\u00f6n bleiben kann, kann hochfrequenten kommerziellen Einsatz zu tragen.<\/li>\n\n\n\n<li><strong>Reactive Glazed Fabrik Direktvertrieb, Unterst\u00fctzung der Anpassung:<\/strong> Professionelle Keramik-Geschirr Fabrik direkt liefern, bietet Bulk-Beschaffung und Anpassungsdienste f\u00fcr Keramik-Geschirr bulk. Wir k\u00f6nnen einzigartige Stile und Markenlogos entwerfen, pers\u00f6nliche Bed\u00fcrfnisse erf\u00fcllen und Catering-Marken helfen, ihr Image zu verbessern.<\/li>\n<\/ul>\n<\/div>\n\n\n\n<div class=\"wp-block-column is-layout-flow wp-block-column-is-layout-flow\">\n<figure class=\"wp-block-image size-full\"><img fetchpriority=\"high\" decoding=\"async\" width=\"800\" height=\"800\" src=\"https:\/\/www.yongjianceramic.com\/wp-content\/uploads\/2024\/12\/Wholesale-Dinnerware-Sets-Plates-In-Bulk-Ceramics-Reactive-Glazed-Supplies-10.webp\" alt=\"Reaktiv glasiertes Gro\u00dfhandelsgeschirr, Luxusgeschirr Bulk-1\" class=\"wp-image-4071\" srcset=\"https:\/\/www.yongjianceramic.com\/wp-content\/uploads\/2024\/12\/Wholesale-Dinnerware-Sets-Plates-In-Bulk-Ceramics-Reactive-Glazed-Supplies-10.webp 800w, https:\/\/www.yongjianceramic.com\/wp-content\/uploads\/2024\/12\/Wholesale-Dinnerware-Sets-Plates-In-Bulk-Ceramics-Reactive-Glazed-Supplies-10-300x300.webp 300w, https:\/\/www.yongjianceramic.com\/wp-content\/uploads\/2024\/12\/Wholesale-Dinnerware-Sets-Plates-In-Bulk-Ceramics-Reactive-Glazed-Supplies-10-150x150.webp 150w, https:\/\/www.yongjianceramic.com\/wp-content\/uploads\/2024\/12\/Wholesale-Dinnerware-Sets-Plates-In-Bulk-Ceramics-Reactive-Glazed-Supplies-10-768x768.webp 768w, https:\/\/www.yongjianceramic.com\/wp-content\/uploads\/2024\/12\/Wholesale-Dinnerware-Sets-Plates-In-Bulk-Ceramics-Reactive-Glazed-Supplies-10-12x12.webp 12w, https:\/\/www.yongjianceramic.com\/wp-content\/uploads\/2024\/12\/Wholesale-Dinnerware-Sets-Plates-In-Bulk-Ceramics-Reactive-Glazed-Supplies-10-285x285.webp 285w, https:\/\/www.yongjianceramic.com\/wp-content\/uploads\/2024\/12\/Wholesale-Dinnerware-Sets-Plates-In-Bulk-Ceramics-Reactive-Glazed-Supplies-10-270x270.webp 270w, https:\/\/www.yongjianceramic.com\/wp-content\/uploads\/2024\/12\/Wholesale-Dinnerware-Sets-Plates-In-Bulk-Ceramics-Reactive-Glazed-Supplies-10-540x540.webp 540w, https:\/\/www.yongjianceramic.com\/wp-content\/uploads\/2024\/12\/Wholesale-Dinnerware-Sets-Plates-In-Bulk-Ceramics-Reactive-Glazed-Supplies-10-660x660.webp 660w\" sizes=\"(max-width: 800px) 100vw, 800px\" \/><\/figure>\n<\/div>\n<\/div>","protected":false},"excerpt":{"rendered":"<p>Willkommen beim Kauf von Keramikgeschirr in gro\u00dfen Mengen. Diese reaktive glasiert Gro\u00dfhandel Geschirr-Set, mit schwarz, rot und blau Farbe Designs wie brennende Flammen, zeigt eine Vielzahl von Sch\u00f6nheit, reiche Formen, geeignet f\u00fcr Hotel-Catering und Bankett-Szenen. Die Glasur ist von hoher Qualit\u00e4t und langlebig, es ist direkt von der Fabrik geliefert und unterst\u00fctzt die Anpassung, so dass es die beste Wahl f\u00fcr die Schaffung eines High-End-Essen Umwelt.<\/p>\n<table style=\"border-collapse: collapse; width: 327.02pt;\" border=\"0\" width=\"654\" cellspacing=\"0\" cellpadding=\"0\">\n<tbody>\n<tr style=\"height: 16.50pt;\">\n<td class=\"et3\" style=\"height: 16.50pt; width: 127.20pt;\" width=\"254\" height=\"33\">Hersteller<\/td>\n<td class=\"et3\" style=\"width: 200.15pt;\" width=\"400\">Yongjian<\/td>\n<\/tr>\n<tr style=\"height: 16.50pt;\">\n<td class=\"et3\" style=\"height: 16.50pt;\" height=\"33\">Modell Nr.<\/td>\n<td class=\"et4\" style=\"width: 200.15pt;\" width=\"400\">YJ-100<\/td>\n<\/tr>\n<tr style=\"height: 16.50pt;\">\n<td class=\"et5\" style=\"height: 16.50pt; width: 127.20pt;\" width=\"254\" height=\"33\">Essgeschirr Typ<\/td>\n<td class=\"et5\" style=\"width: 200.15pt;\" width=\"400\">Teller, Platten, Schalen<\/td>\n<\/tr>\n<tr style=\"height: 16.50pt;\">\n<td class=\"et3\" style=\"height: 16.50pt;\" height=\"33\">Technik<\/td>\n<td class=\"et3\">Ofenglasur-Effekt<\/td>\n<\/tr>\n<tr style=\"height: 16.50pt;\">\n<td class=\"et3\" style=\"height: 16.50pt;\" height=\"33\">Material<\/td>\n<td class=\"et3\">Porzellan<\/td>\n<\/tr>\n<tr style=\"height: 33.00pt;\">\n<td class=\"et6\" style=\"height: 33.00pt;\" height=\"66\">Anwendbar<\/td>\n<td class=\"et5\" style=\"width: 200.15pt;\" width=\"400\">Sterilisator, Geschirrsp\u00fcler, Backofen, Mikrowelle<\/td>\n<\/tr>\n<tr style=\"height: 16.50pt;\">\n<td class=\"et3\" style=\"height: 16.50pt;\" height=\"33\">Dimension<\/td>\n<td class=\"et3\">Als Bild<\/td>\n<\/tr>\n<tr style=\"height: 16.50pt;\">\n<td class=\"et3\" style=\"height: 16.50pt;\" height=\"33\">MOQ<\/td>\n<td class=\"et3\">500St\u00fcck<\/td>\n<\/tr>\n<tr style=\"height: 16.50pt;\">\n<td class=\"et3\" style=\"height: 16.50pt;\" height=\"33\">Benutzerdefiniert<\/td>\n<td class=\"et3\">Farbe\/Gr\u00f6\u00dfe\/Logo\/Verpackung<\/td>\n<\/tr>\n<\/tbody>\n<\/table>","protected":false},"featured_media":4074,"comment_status":"closed","ping_status":"closed","template":"","meta":{"_acf_changed":false},"product_brand":[],"product_cat":[64,82],"product_tag":[81],"class_list":{"0":"post-4061","1":"product","2":"type-product","3":"status-publish","4":"has-post-thumbnail","6":"product_cat-dinnerware-sets","7":"product_cat-bulk-dinnerware-sets","8":"product_tag-modern-design-dinnerware-set-wholesale","10":"first","11":"instock","12":"shipping-taxable","13":"product-type-simple"},"acf":[],"_links":{"self":[{"href":"https:\/\/www.yongjianceramic.com\/de\/wp-json\/wp\/v2\/product\/4061","targetHints":{"allow":["GET"]}}],"collection":[{"href":"https:\/\/www.yongjianceramic.com\/de\/wp-json\/wp\/v2\/product"}],"about":[{"href":"https:\/\/www.yongjianceramic.com\/de\/wp-json\/wp\/v2\/types\/product"}],"replies":[{"embeddable":true,"href":"https:\/\/www.yongjianceramic.com\/de\/wp-json\/wp\/v2\/comments?post=4061"}],"wp:featuredmedia":[{"embeddable":true,"href":"https:\/\/www.yongjianceramic.com\/de\/wp-json\/wp\/v2\/media\/4074"}],"wp:attachment":[{"href":"https:\/\/www.yongjianceramic.com\/de\/wp-json\/wp\/v2\/media?parent=4061"}],"wp:term":[{"taxonomy":"product_brand","embeddable":true,"href":"https:\/\/www.yongjianceramic.com\/de\/wp-json\/wp\/v2\/product_brand?post=4061"},{"taxonomy":"product_cat","embeddable":true,"href":"https:\/\/www.yongjianceramic.com\/de\/wp-json\/wp\/v2\/product_cat?post=4061"},{"taxonomy":"product_tag","embeddable":true,"href":"https:\/\/www.yongjianceramic.com\/de\/wp-json\/wp\/v2\/product_tag?post=4061"}],"curies":[{"name":"wp","href":"https:\/\/api.w.org\/{rel}","templated":true}]}}