{"id":4085,"date":"2025-01-04T18:49:36","date_gmt":"2025-01-04T10:49:36","guid":{"rendered":"https:\/\/www.yongjianceramic.com\/?post_type=product&#038;p=4085"},"modified":"2025-01-07T10:31:09","modified_gmt":"2025-01-07T02:31:09","slug":"restaurant-crockery-wholesale","status":"publish","type":"product","link":"https:\/\/www.yongjianceramic.com\/de\/produkt\/restaurant-crockery-wholesale\/","title":{"rendered":"Smaragdgr\u00fcnes Restaurantgeschirr Gro\u00dfhandel, reaktiv glasiertes Geschirr Bulk"},"content":{"rendered":"<div class=\"wp-block-columns is-layout-flex wp-container-core-columns-is-layout-9d6595d7 wp-block-columns-is-layout-flex\">\n<div class=\"wp-block-column is-layout-flow wp-block-column-is-layout-flow\">\n<h2 class=\"wp-block-heading\">Premium-Restaurant-Geschirr Gro\u00dfhandel Merkmale:<\/h2>\n\n\n\n<ul class=\"wp-block-list\">\n<li><strong>Smaragdgr\u00fcnes, reaktiv glasiertes Design, einzigartige und elegante Sch\u00f6nheit: <\/strong>Die Glasur dieses Restaurantgeschirrs hat einen smaragdgr\u00fcnen Brennofeneffekt, und die Farbe ist so elegant und elegant wie nat\u00fcrliche Jade, die eine einzigartige k\u00fcnstlerische Sch\u00f6nheit zeigt und den Stil des Esstisches unterstreicht.<\/li>\n\n\n\n<li><strong>Verschiedene Formen, um den Anforderungen verschiedener Szenen gerecht zu werden:<\/strong> Unser Keramikgeschirr-Gro\u00dfhandelsset enth\u00e4lt eine Vielzahl von Formen, wie z. B. Essteller, Suppensch\u00fcsseln, Salatsch\u00fcsseln, Tassen usw. Geschirr, das sich f\u00fcr Hotels, Restaurants, Caf\u00e9s und gehobene Bankettszenen eignet und sowohl praktisch als auch dekorativ ist.<\/li>\n\n\n\n<li><strong>Hochwertige Glasur, langlebig und leicht zu reinigen:<\/strong> Durch den Einsatz von Hochtemperatur-Brenntechnik ist die Glasur unseres Restaurantgeschirrs glatt und zart, kratzfest und lichtecht, f\u00fcr den h\u00e4ufigen gewerblichen Gebrauch geeignet und leicht zu reinigen und zu pflegen.<\/li>\n\n\n\n<li><strong>Reaktiv glasiert Fabrik direkte Lieferung, Unterst\u00fctzung Bulk-Anpassung: <\/strong>Unsere Keramik-Geschirr Gro\u00dfhandel ist direkt aus unserer Fabrik geliefert, bietet Bulk-Beschaffung und Customization Services, k\u00f6nnen exklusive Logo und Stil nach Marke Bed\u00fcrfnisse zu entwerfen, helfen Catering-Unternehmen ein pers\u00f6nliches Bild zu schaffen<\/li>\n<\/ul>\n<\/div>\n\n\n\n<div class=\"wp-block-column is-layout-flow wp-block-column-is-layout-flow\">\n<figure class=\"wp-block-image size-full\"><img fetchpriority=\"high\" decoding=\"async\" width=\"800\" height=\"800\" src=\"https:\/\/www.yongjianceramic.com\/wp-content\/uploads\/2025\/01\/Custom-Ceramics-Pottery-Supply-Tableware-Wholesale-11.webp\" alt=\"Smaragdgr\u00fcnes Restaurantgeschirr Gro\u00dfhandel, reaktiv glasiertes Geschirr Bulk-1\" class=\"wp-image-4096\" srcset=\"https:\/\/www.yongjianceramic.com\/wp-content\/uploads\/2025\/01\/Custom-Ceramics-Pottery-Supply-Tableware-Wholesale-11.webp 800w, https:\/\/www.yongjianceramic.com\/wp-content\/uploads\/2025\/01\/Custom-Ceramics-Pottery-Supply-Tableware-Wholesale-11-300x300.webp 300w, https:\/\/www.yongjianceramic.com\/wp-content\/uploads\/2025\/01\/Custom-Ceramics-Pottery-Supply-Tableware-Wholesale-11-150x150.webp 150w, https:\/\/www.yongjianceramic.com\/wp-content\/uploads\/2025\/01\/Custom-Ceramics-Pottery-Supply-Tableware-Wholesale-11-768x768.webp 768w, https:\/\/www.yongjianceramic.com\/wp-content\/uploads\/2025\/01\/Custom-Ceramics-Pottery-Supply-Tableware-Wholesale-11-12x12.webp 12w, https:\/\/www.yongjianceramic.com\/wp-content\/uploads\/2025\/01\/Custom-Ceramics-Pottery-Supply-Tableware-Wholesale-11-285x285.webp 285w, https:\/\/www.yongjianceramic.com\/wp-content\/uploads\/2025\/01\/Custom-Ceramics-Pottery-Supply-Tableware-Wholesale-11-270x270.webp 270w, https:\/\/www.yongjianceramic.com\/wp-content\/uploads\/2025\/01\/Custom-Ceramics-Pottery-Supply-Tableware-Wholesale-11-540x540.webp 540w, https:\/\/www.yongjianceramic.com\/wp-content\/uploads\/2025\/01\/Custom-Ceramics-Pottery-Supply-Tableware-Wholesale-11-660x660.webp 660w\" sizes=\"(max-width: 800px) 100vw, 800px\" \/><\/figure>\n<\/div>\n<\/div>","protected":false},"excerpt":{"rendered":"<div class=\"lRu31\" dir=\"ltr\">Willkommen beim Kauf von Restaurantgeschirr im Gro\u00dfhandel. Dieses smaragdgr\u00fcne reaktiv glasierte Keramikgeschirr Gro\u00dfhandel hat eine lebendige und elegante Glasur und eine Vielzahl von Formen, geeignet f\u00fcr Hotel-Catering und High-End-Bankett Szenen. Hochwertige und langlebige Keramik in Kombination mit Fabrik direkt liefern und ma\u00dfgeschneiderte Dienstleistungen sind eine ideale Wahl, um die Sch\u00f6nheit des Essens Umwelt und Markenimage zu verbessern.<\/div>\n<div dir=\"ltr\">\n<table style=\"border-collapse: collapse; width: 327.02pt;\" border=\"0\" width=\"654\" cellspacing=\"0\" cellpadding=\"0\">\n<tbody>\n<tr style=\"height: 16.50pt;\">\n<td class=\"et3\" style=\"height: 16.50pt; width: 127.20pt;\" width=\"254\" height=\"33\">Hersteller<\/td>\n<td class=\"et3\" style=\"width: 200.15pt;\" width=\"400\">Yongjian<\/td>\n<\/tr>\n<tr style=\"height: 16.50pt;\">\n<td class=\"et3\" style=\"height: 16.50pt;\" height=\"33\">Modell Nr.<\/td>\n<td class=\"et4\" style=\"width: 200.15pt;\" width=\"400\">YJ-101<\/td>\n<\/tr>\n<tr style=\"height: 16.50pt;\">\n<td class=\"et5\" style=\"height: 16.50pt; width: 127.20pt;\" width=\"254\" height=\"33\">Essgeschirr Typ<\/td>\n<td class=\"et5\" style=\"width: 200.15pt;\" width=\"400\">Teller, Platten, Schalen<\/td>\n<\/tr>\n<tr style=\"height: 16.50pt;\">\n<td class=\"et3\" style=\"height: 16.50pt;\" height=\"33\">Technik<\/td>\n<td class=\"et3\">Ofenglasur-Effekt<\/td>\n<\/tr>\n<tr style=\"height: 16.50pt;\">\n<td class=\"et3\" style=\"height: 16.50pt;\" height=\"33\">Material<\/td>\n<td class=\"et3\">Porzellan<\/td>\n<\/tr>\n<tr style=\"height: 33.00pt;\">\n<td class=\"et6\" style=\"height: 33.00pt;\" height=\"66\">Anwendbar<\/td>\n<td class=\"et5\" style=\"width: 200.15pt;\" width=\"400\">Sterilisator, Geschirrsp\u00fcler, Backofen, Mikrowelle<\/td>\n<\/tr>\n<tr style=\"height: 16.50pt;\">\n<td class=\"et3\" style=\"height: 16.50pt;\" height=\"33\">Dimension<\/td>\n<td class=\"et3\">Als Bild<\/td>\n<\/tr>\n<tr style=\"height: 16.50pt;\">\n<td class=\"et3\" style=\"height: 16.50pt;\" height=\"33\">MOQ<\/td>\n<td class=\"et3\">500St\u00fcck<\/td>\n<\/tr>\n<tr style=\"height: 16.50pt;\">\n<td class=\"et3\" style=\"height: 16.50pt;\" height=\"33\">Benutzerdefiniert<\/td>\n<td class=\"et3\">Farbe\/Gr\u00f6\u00dfe\/Logo\/Verpackung<\/td>\n<\/tr>\n<\/tbody>\n<\/table>\n<\/div>\n<div class=\"UdTY9 WdefRb\" aria-hidden=\"true\" data-location=\"2\">\u00a0<\/div>","protected":false},"featured_media":4094,"comment_status":"closed","ping_status":"closed","template":"","meta":{"_acf_changed":false},"product_brand":[],"product_cat":[64,85],"product_tag":[86],"class_list":{"0":"post-4085","1":"product","2":"type-product","3":"status-publish","4":"has-post-thumbnail","6":"product_cat-dinnerware-sets","7":"product_cat-wholesale-dinnerware-sets","8":"product_tag-oriental-style-dinnerware-wholesale","10":"first","11":"instock","12":"shipping-taxable","13":"product-type-simple"},"acf":[],"_links":{"self":[{"href":"https:\/\/www.yongjianceramic.com\/de\/wp-json\/wp\/v2\/product\/4085","targetHints":{"allow":["GET"]}}],"collection":[{"href":"https:\/\/www.yongjianceramic.com\/de\/wp-json\/wp\/v2\/product"}],"about":[{"href":"https:\/\/www.yongjianceramic.com\/de\/wp-json\/wp\/v2\/types\/product"}],"replies":[{"embeddable":true,"href":"https:\/\/www.yongjianceramic.com\/de\/wp-json\/wp\/v2\/comments?post=4085"}],"wp:featuredmedia":[{"embeddable":true,"href":"https:\/\/www.yongjianceramic.com\/de\/wp-json\/wp\/v2\/media\/4094"}],"wp:attachment":[{"href":"https:\/\/www.yongjianceramic.com\/de\/wp-json\/wp\/v2\/media?parent=4085"}],"wp:term":[{"taxonomy":"product_brand","embeddable":true,"href":"https:\/\/www.yongjianceramic.com\/de\/wp-json\/wp\/v2\/product_brand?post=4085"},{"taxonomy":"product_cat","embeddable":true,"href":"https:\/\/www.yongjianceramic.com\/de\/wp-json\/wp\/v2\/product_cat?post=4085"},{"taxonomy":"product_tag","embeddable":true,"href":"https:\/\/www.yongjianceramic.com\/de\/wp-json\/wp\/v2\/product_tag?post=4085"}],"curies":[{"name":"wp","href":"https:\/\/api.w.org\/{rel}","templated":true}]}}