{"id":4098,"date":"2025-01-04T18:40:08","date_gmt":"2025-01-04T10:40:08","guid":{"rendered":"https:\/\/www.yongjianceramic.com\/?post_type=product&#038;p=4098"},"modified":"2025-01-07T10:32:01","modified_gmt":"2025-01-07T02:32:01","slug":"wholesale-porcelain-dinnerware","status":"publish","type":"product","link":"https:\/\/www.yongjianceramic.com\/de\/produkt\/wholesale-porcelain-dinnerware\/","title":{"rendered":"Gro\u00dfhandel Porzellangeschirr, rustikale Teller und Sch\u00fcsseln Bulk"},"content":{"rendered":"<div class=\"wp-block-columns is-layout-flex wp-container-core-columns-is-layout-9d6595d7 wp-block-columns-is-layout-flex\">\n<div class=\"wp-block-column is-layout-flow wp-block-column-is-layout-flow\">\n<h2 class=\"wp-block-heading\">Premium-Gro\u00dfhandel Porzellan-Geschirr Merkmale:<\/h2>\n\n\n\n<ul class=\"wp-block-list\">\n<li><strong>Retro-Gradient-Design, das einzigartige Sch\u00f6nheit zeigt: <\/strong>Diese Gro\u00dfhandel Porzellangeschirr nehmen Retro-Farbabstimmung und Farbverlauf Design, mit reichen T\u00f6nen, die Kombination von klassischen und modernen Stilen, das Hinzuf\u00fcgen einer einzigartigen visuellen Effekt auf den Esstisch.<\/li>\n\n\n\n<li><strong>Mattierte Textur, hochwertig und angenehm zu tragen: <\/strong>Die Oberfl\u00e4che dieser Teller und Schalen f\u00fcr den Gro\u00dfhandel ist mattiert, zart, rutschfest und langlebig und unterstreicht die zur\u00fcckhaltende, luxuri\u00f6se Textur, die mehr Ritual in das Esserlebnis bringt.<\/li>\n\n\n\n<li><strong>Gemischte Farbkombinationen, abwechslungsreiche Auswahlm\u00f6glichkeiten: <\/strong>Dieses Porzellangeschirr deckt eine Vielzahl von Formen ab, wie z. B. Essteller, Suppensch\u00fcsseln, Salatsch\u00fcsseln, usw. Die gemischte Farbe passenden Design macht das Geschirr Kombination flexibler, geeignet f\u00fcr mehrere Szene braucht, und f\u00fcgt Abendessen Kreativit\u00e4t und Spa\u00df.<\/li>\n\n\n\n<li><strong>Bulk-Gro\u00dfhandel, geeignet f\u00fcr kommerzielle Szenen:<\/strong> Bieten Gro\u00dfhandel Teller und Schalen mit gro\u00dfen Preis, speziell f\u00fcr Hotels, Restaurants und Bankette, mit sowohl Funktionalit\u00e4t und dekorative, um die Bed\u00fcrfnisse der kommerziellen Gastronomie f\u00fcr hochwertige Geschirr zu erf\u00fcllen konzipiert.<\/li>\n<\/ul>\n<\/div>\n\n\n\n<div class=\"wp-block-column is-layout-flow wp-block-column-is-layout-flow\">\n<figure class=\"wp-block-image size-full\"><img fetchpriority=\"high\" decoding=\"async\" width=\"750\" height=\"1167\" src=\"https:\/\/www.yongjianceramic.com\/wp-content\/uploads\/2025\/01\/porcelain-china-dinnerware-bulk-ceramic-plates-serving-bowls-wholesale-8.webp\" alt=\"Gro\u00dfhandel Porzellan Geschirr, rustikale Abendessen Teller und Schalen Bulk-1\" class=\"wp-image-4106\" srcset=\"https:\/\/www.yongjianceramic.com\/wp-content\/uploads\/2025\/01\/porcelain-china-dinnerware-bulk-ceramic-plates-serving-bowls-wholesale-8.webp 750w, https:\/\/www.yongjianceramic.com\/wp-content\/uploads\/2025\/01\/porcelain-china-dinnerware-bulk-ceramic-plates-serving-bowls-wholesale-8-193x300.webp 193w, https:\/\/www.yongjianceramic.com\/wp-content\/uploads\/2025\/01\/porcelain-china-dinnerware-bulk-ceramic-plates-serving-bowls-wholesale-8-8x12.webp 8w, https:\/\/www.yongjianceramic.com\/wp-content\/uploads\/2025\/01\/porcelain-china-dinnerware-bulk-ceramic-plates-serving-bowls-wholesale-8-285x443.webp 285w, https:\/\/www.yongjianceramic.com\/wp-content\/uploads\/2025\/01\/porcelain-china-dinnerware-bulk-ceramic-plates-serving-bowls-wholesale-8-424x660.webp 424w, https:\/\/www.yongjianceramic.com\/wp-content\/uploads\/2025\/01\/porcelain-china-dinnerware-bulk-ceramic-plates-serving-bowls-wholesale-8-96x150.webp 96w\" sizes=\"(max-width: 750px) 100vw, 750px\" \/><\/figure>\n<\/div>\n<\/div>","protected":false},"excerpt":{"rendered":"<div class=\"AxqVh\">\n<div class=\"OPPzxe\">\n<div class=\"QcsUad BDJ8fb BLojaf sMVRZe hCXDsb wneUed\">\n<div class=\"usGWQd\">\n<div class=\"KkbLmb\">\n<div class=\"lRu31\" dir=\"ltr\">Willkommen im Gro\u00dfhandel Teller und Sch\u00fcsseln zu kaufen. Diese Retro-Gradient gefrostet Gro\u00dfhandel Porzellan Geschirr-Set hat verschiedene Formen und gemischten Farben, mit hochwertigen Textur, geeignet f\u00fcr Hotel-Catering und High-End-Bankett Szenen. Es ist in der Masse geliefert, die Kombination von Sch\u00f6nheit und Funktionalit\u00e4t, und ist die beste Wahl, um die Essumgebung zu verbessern.<\/div>\n<\/div>\n<\/div>\n<\/div>\n<\/div>\n<\/div>\n<div class=\"HWmS8\">\n<table style=\"border-collapse: collapse; width: 327.02pt;\" border=\"0\" width=\"654\" cellspacing=\"0\" cellpadding=\"0\">\n<tbody>\n<tr style=\"height: 16.50pt;\">\n<td class=\"et3\" style=\"height: 16.50pt; width: 127.20pt;\" width=\"254\" height=\"33\">Hersteller<\/td>\n<td class=\"et3\" style=\"width: 200.15pt;\" width=\"400\">Yongjian<\/td>\n<\/tr>\n<tr style=\"height: 16.50pt;\">\n<td class=\"et3\" style=\"height: 16.50pt;\" height=\"33\">Modell Nr.<\/td>\n<td class=\"et4\" style=\"width: 200.15pt;\" width=\"400\">YJ-102<\/td>\n<\/tr>\n<tr style=\"height: 16.50pt;\">\n<td class=\"et5\" style=\"height: 16.50pt; width: 127.20pt;\" width=\"254\" height=\"33\">Essgeschirr Typ<\/td>\n<td class=\"et5\" style=\"width: 200.15pt;\" width=\"400\">Teller, Platten, Schalen<\/td>\n<\/tr>\n<tr style=\"height: 16.50pt;\">\n<td class=\"et3\" style=\"height: 16.50pt;\" height=\"33\">Technik<\/td>\n<td class=\"et3\">Ofenglasur-Effekt<\/td>\n<\/tr>\n<tr style=\"height: 16.50pt;\">\n<td class=\"et3\" style=\"height: 16.50pt;\" height=\"33\">Material<\/td>\n<td class=\"et3\">Porzellan<\/td>\n<\/tr>\n<tr style=\"height: 33.00pt;\">\n<td class=\"et6\" style=\"height: 33.00pt;\" height=\"66\">Anwendbar<\/td>\n<td class=\"et5\" style=\"width: 200.15pt;\" width=\"400\">Sterilisator, Geschirrsp\u00fcler, Backofen, Mikrowelle<\/td>\n<\/tr>\n<tr style=\"height: 16.50pt;\">\n<td class=\"et3\" style=\"height: 16.50pt;\" height=\"33\">Dimension<\/td>\n<td class=\"et3\">Als Bild<\/td>\n<\/tr>\n<tr style=\"height: 16.50pt;\">\n<td class=\"et3\" style=\"height: 16.50pt;\" height=\"33\">MOQ<\/td>\n<td class=\"et3\">500St\u00fcck<\/td>\n<\/tr>\n<tr style=\"height: 16.50pt;\">\n<td class=\"et3\" style=\"height: 16.50pt;\" height=\"33\">Benutzerdefiniert<\/td>\n<td class=\"et3\">Farbe\/Gr\u00f6\u00dfe\/Logo\/Verpackung<\/td>\n<\/tr>\n<\/tbody>\n<\/table>\n<\/div>","protected":false},"featured_media":4108,"comment_status":"closed","ping_status":"closed","template":"","meta":{"_acf_changed":false},"product_brand":[],"product_cat":[64,83],"product_tag":[84],"class_list":{"0":"post-4098","1":"product","2":"type-product","3":"status-publish","4":"has-post-thumbnail","6":"product_cat-dinnerware-sets","7":"product_cat-dinner-sets-wholesale","8":"product_tag-retro-design-dinnerware-wholesale","10":"first","11":"instock","12":"shipping-taxable","13":"product-type-simple"},"acf":[],"_links":{"self":[{"href":"https:\/\/www.yongjianceramic.com\/de\/wp-json\/wp\/v2\/product\/4098","targetHints":{"allow":["GET"]}}],"collection":[{"href":"https:\/\/www.yongjianceramic.com\/de\/wp-json\/wp\/v2\/product"}],"about":[{"href":"https:\/\/www.yongjianceramic.com\/de\/wp-json\/wp\/v2\/types\/product"}],"replies":[{"embeddable":true,"href":"https:\/\/www.yongjianceramic.com\/de\/wp-json\/wp\/v2\/comments?post=4098"}],"wp:featuredmedia":[{"embeddable":true,"href":"https:\/\/www.yongjianceramic.com\/de\/wp-json\/wp\/v2\/media\/4108"}],"wp:attachment":[{"href":"https:\/\/www.yongjianceramic.com\/de\/wp-json\/wp\/v2\/media?parent=4098"}],"wp:term":[{"taxonomy":"product_brand","embeddable":true,"href":"https:\/\/www.yongjianceramic.com\/de\/wp-json\/wp\/v2\/product_brand?post=4098"},{"taxonomy":"product_cat","embeddable":true,"href":"https:\/\/www.yongjianceramic.com\/de\/wp-json\/wp\/v2\/product_cat?post=4098"},{"taxonomy":"product_tag","embeddable":true,"href":"https:\/\/www.yongjianceramic.com\/de\/wp-json\/wp\/v2\/product_tag?post=4098"}],"curies":[{"name":"wp","href":"https:\/\/api.w.org\/{rel}","templated":true}]}}