{"id":4113,"date":"2025-01-04T18:28:56","date_gmt":"2025-01-04T10:28:56","guid":{"rendered":"https:\/\/www.yongjianceramic.com\/?post_type=product&#038;p=4113"},"modified":"2025-03-01T15:40:49","modified_gmt":"2025-03-01T07:40:49","slug":"ceramic-dinner-set-wholesale","status":"publish","type":"product","link":"https:\/\/www.yongjianceramic.com\/de\/produkt\/ceramic-dinner-set-wholesale\/","title":{"rendered":"Bright Ceramic Dinner Set Gro\u00dfhandel, Bulk Tee Tassen, Schalen, Teller"},"content":{"rendered":"<div class=\"wp-block-columns is-layout-flex wp-container-core-columns-is-layout-9d6595d7 wp-block-columns-is-layout-flex\">\n<div class=\"wp-block-column is-layout-flow wp-block-column-is-layout-flow\">\n<h2 class=\"wp-block-heading\">Premium Ceramic Dinner Set Gro\u00dfhandel Eigenschaften:<\/h2>\n\n\n\n<ul class=\"wp-block-list\">\n<li><strong>Atrovirens gl\u00e4nzende Glasur, wie ein gr\u00fcner Wald: <\/strong>Die Glasur dieses Keramikgeschirrs pr\u00e4sentiert sich in einem Retro-Auroragr\u00fcn, hell und tief, als w\u00fcrde man in einen \u00fcppigen gr\u00fcnen Wald aus einer anderen Welt eintauchen, und wirkt auf dem Esstisch wie ein nat\u00fcrliches, raffiniertes Gef\u00fchl.<\/li>\n\n\n\n<li><strong>Hochgl\u00e4nzende Glasur, ausgezeichnetes optisches und taktiles Gef\u00fchl: <\/strong>Die hochgl\u00e4nzende Glasur ist glatt und weich, kratzfest und lichtecht. Sie hebt nicht nur die Textur dieses chinesischen Geschirrs hervor, sondern ist auch einfach zu reinigen und zu pflegen und eignet sich f\u00fcr gesch\u00e4ftige kommerzielle Catering-Veranstaltungen.<\/li>\n\n\n\n<li><strong>Luxuri\u00f6se Formen, geeignet f\u00fcr mehrere Szenen:<\/strong> Dieses keramische Tafelservice im Gro\u00dfhandel besteht aus Tassen, Tellern, Sch\u00fcsseln und anderen Formen, die sich f\u00fcr die Hotelgastronomie, Teestuben, Familienessen und Bankette eignen, um verschiedene Bed\u00fcrfnisse beim Essen zu erf\u00fcllen.<\/li>\n\n\n\n<li><strong>Direkte Lieferung vom Hersteller, Unterst\u00fctzung der Massenanpassung: <\/strong>Unser chinesisches Geschirr Gro\u00dfhandel ist Fabrik direkt liefern, bietet personalisierte Anpassung Dienstleistungen, k\u00f6nnen Logos und Stile nach Bedarf zu entwerfen, und helfen, die Marke ein einzigartiges Bild zu schaffen.<\/li>\n<\/ul>\n<\/div>\n\n\n\n<div class=\"wp-block-column is-layout-flow wp-block-column-is-layout-flow\">\n<figure class=\"wp-block-image size-full\"><img fetchpriority=\"high\" decoding=\"async\" width=\"750\" height=\"1161\" src=\"https:\/\/www.yongjianceramic.com\/wp-content\/uploads\/2025\/01\/chinese-porcelain-dinnerware-sets-tea-cup-saucer-ceramic-bowl-manufacturer-1.webp\" alt=\"Bright Ceramic Dinner Set Gro\u00dfhandel, Bulk Tee Tassen, Schalen, Teller-1\" class=\"wp-image-4114\" srcset=\"https:\/\/www.yongjianceramic.com\/wp-content\/uploads\/2025\/01\/chinese-porcelain-dinnerware-sets-tea-cup-saucer-ceramic-bowl-manufacturer-1.webp 750w, https:\/\/www.yongjianceramic.com\/wp-content\/uploads\/2025\/01\/chinese-porcelain-dinnerware-sets-tea-cup-saucer-ceramic-bowl-manufacturer-1-194x300.webp 194w, https:\/\/www.yongjianceramic.com\/wp-content\/uploads\/2025\/01\/chinese-porcelain-dinnerware-sets-tea-cup-saucer-ceramic-bowl-manufacturer-1-8x12.webp 8w, https:\/\/www.yongjianceramic.com\/wp-content\/uploads\/2025\/01\/chinese-porcelain-dinnerware-sets-tea-cup-saucer-ceramic-bowl-manufacturer-1-285x441.webp 285w, https:\/\/www.yongjianceramic.com\/wp-content\/uploads\/2025\/01\/chinese-porcelain-dinnerware-sets-tea-cup-saucer-ceramic-bowl-manufacturer-1-426x660.webp 426w, https:\/\/www.yongjianceramic.com\/wp-content\/uploads\/2025\/01\/chinese-porcelain-dinnerware-sets-tea-cup-saucer-ceramic-bowl-manufacturer-1-97x150.webp 97w\" sizes=\"(max-width: 750px) 100vw, 750px\" \/><\/figure>\n<\/div>\n<\/div>","protected":false},"excerpt":{"rendered":"<div class=\"lRu31\" dir=\"ltr\">Willkommen zum Kauf keramischen Abendessen Set Gro\u00dfhandel. Dieses atrovirens helle chinesische Geschirr Gro\u00dfhandel schafft eine elegante Atmosph\u00e4re wie ein nat\u00fcrlicher Wald mit einem Retro-Aurora-Gr\u00fcnton. Es hat eine Vielzahl von Formen f\u00fcr Geschirr-Sets und ist geeignet f\u00fcr Hotels, Teeh\u00e4user und High-End-Bankette.<\/p>\n<div class=\"OvtS8d\">\u00a0<\/div>\n<div id=\"ow30\">\n<table style=\"border-collapse: collapse; width: 327.02pt;\" border=\"0\" width=\"654\" cellspacing=\"0\" cellpadding=\"0\">\n<tbody>\n<tr style=\"height: 16.50pt;\">\n<td class=\"et3\" style=\"height: 16.50pt; width: 127.20pt;\" width=\"254\" height=\"33\">Hersteller<\/td>\n<td class=\"et3\" style=\"width: 200.15pt;\" width=\"400\">Yongjian<\/td>\n<\/tr>\n<tr style=\"height: 16.50pt;\">\n<td class=\"et3\" style=\"height: 16.50pt;\" height=\"33\">Modell Nr.<\/td>\n<td class=\"et4\" style=\"width: 200.15pt;\" width=\"400\">YJ-103<\/td>\n<\/tr>\n<tr style=\"height: 16.50pt;\">\n<td class=\"et5\" style=\"height: 16.50pt; width: 127.20pt;\" width=\"254\" height=\"33\">Essgeschirr Typ<\/td>\n<td class=\"et5\" style=\"width: 200.15pt;\" width=\"400\">Teller, Platten, Schalen<\/td>\n<\/tr>\n<tr style=\"height: 16.50pt;\">\n<td class=\"et3\" style=\"height: 16.50pt;\" height=\"33\">Technik<\/td>\n<td class=\"et3\">Ofenglasur-Effekt<\/td>\n<\/tr>\n<tr style=\"height: 16.50pt;\">\n<td class=\"et3\" style=\"height: 16.50pt;\" height=\"33\">Material<\/td>\n<td class=\"et3\">Porzellan<\/td>\n<\/tr>\n<tr style=\"height: 33.00pt;\">\n<td class=\"et6\" style=\"height: 33.00pt;\" height=\"66\">Anwendbar<\/td>\n<td class=\"et5\" style=\"width: 200.15pt;\" width=\"400\">Sterilisator, Geschirrsp\u00fcler, Backofen, Mikrowelle<\/td>\n<\/tr>\n<tr style=\"height: 16.50pt;\">\n<td class=\"et3\" style=\"height: 16.50pt;\" height=\"33\">Dimension<\/td>\n<td class=\"et3\">Als Bild<\/td>\n<\/tr>\n<tr style=\"height: 16.50pt;\">\n<td class=\"et3\" style=\"height: 16.50pt;\" height=\"33\">MOQ<\/td>\n<td class=\"et3\">500St\u00fcck<\/td>\n<\/tr>\n<tr style=\"height: 16.50pt;\">\n<td class=\"et3\" style=\"height: 16.50pt;\" height=\"33\">Benutzerdefiniert<\/td>\n<td class=\"et3\">Farbe\/Gr\u00f6\u00dfe\/Logo\/Verpackung<\/td>\n<\/tr>\n<\/tbody>\n<\/table>\n<\/div>\n<\/div>\n<div class=\"UdTY9 WdefRb\" aria-hidden=\"true\" data-location=\"2\">\u00a0<\/div>","protected":false},"featured_media":4125,"comment_status":"closed","ping_status":"closed","template":"","meta":{"_acf_changed":false},"product_brand":[],"product_cat":[64,85],"product_tag":[86],"class_list":{"0":"post-4113","1":"product","2":"type-product","3":"status-publish","4":"has-post-thumbnail","6":"product_cat-dinnerware-sets","7":"product_cat-wholesale-dinnerware-sets","8":"product_tag-oriental-style-dinnerware-wholesale","10":"first","11":"instock","12":"shipping-taxable","13":"product-type-simple"},"acf":[],"_links":{"self":[{"href":"https:\/\/www.yongjianceramic.com\/de\/wp-json\/wp\/v2\/product\/4113","targetHints":{"allow":["GET"]}}],"collection":[{"href":"https:\/\/www.yongjianceramic.com\/de\/wp-json\/wp\/v2\/product"}],"about":[{"href":"https:\/\/www.yongjianceramic.com\/de\/wp-json\/wp\/v2\/types\/product"}],"replies":[{"embeddable":true,"href":"https:\/\/www.yongjianceramic.com\/de\/wp-json\/wp\/v2\/comments?post=4113"}],"wp:featuredmedia":[{"embeddable":true,"href":"https:\/\/www.yongjianceramic.com\/de\/wp-json\/wp\/v2\/media\/4125"}],"wp:attachment":[{"href":"https:\/\/www.yongjianceramic.com\/de\/wp-json\/wp\/v2\/media?parent=4113"}],"wp:term":[{"taxonomy":"product_brand","embeddable":true,"href":"https:\/\/www.yongjianceramic.com\/de\/wp-json\/wp\/v2\/product_brand?post=4113"},{"taxonomy":"product_cat","embeddable":true,"href":"https:\/\/www.yongjianceramic.com\/de\/wp-json\/wp\/v2\/product_cat?post=4113"},{"taxonomy":"product_tag","embeddable":true,"href":"https:\/\/www.yongjianceramic.com\/de\/wp-json\/wp\/v2\/product_tag?post=4113"}],"curies":[{"name":"wp","href":"https:\/\/api.w.org\/{rel}","templated":true}]}}