{"id":4146,"date":"2025-01-07T11:02:15","date_gmt":"2025-01-07T03:02:15","guid":{"rendered":"https:\/\/www.yongjianceramic.com\/?post_type=product&#038;p=4146"},"modified":"2025-04-20T14:19:13","modified_gmt":"2025-04-20T06:19:13","slug":"wholesale-coffee-cups","status":"publish","type":"product","link":"https:\/\/www.yongjianceramic.com\/de\/produkt\/wholesale-coffee-cups\/","title":{"rendered":"Gro\u00dfhandel Kaffeetassen, reaktive Glasur keramische Tasse und Untertasse Set Bulk"},"content":{"rendered":"<div class=\"wp-block-columns is-layout-flex wp-container-core-columns-is-layout-9d6595d7 wp-block-columns-is-layout-flex\">\n<div class=\"wp-block-column is-layout-flow wp-block-column-is-layout-flow\">\n<h2 class=\"wp-block-heading\">Premium-Gro\u00dfhandel Kaffeetassen Merkmale:<\/h2>\n\n\n\n<ul class=\"wp-block-list\">\n<li><strong>Ofenwechseltechnik, einzigartige Textur: <\/strong>Unsere Kaffeetassen f\u00fcr den Gro\u00dfhandel werden alle mit der traditionellen Brenntechnik hergestellt. Jedes St\u00fcck der Tasse und Untertasse zeigt eine einzigartige nat\u00fcrliche Farbe und Textur Transformation, die das Produkt mit einem k\u00fcnstlerischen Aussehen macht, zeigt die Essenz des Handwerks, und f\u00fcgt Stil zu essen.<\/li>\n\n\n\n<li><strong>Exquisite Textur, zarter Griff: <\/strong>Diese Tasse und Untertasse Set Gro\u00dfhandel ist zart glasiert, die Oberfl\u00e4che ist glatt, und das Gef\u00fchl ist komfortabel. Die \u00d6ffnung der Tasse ist der Form der Lippe angepasst und bietet dem Benutzer ein komfortables Nutzungserlebnis. Ob es Kaffee oder Nachmittagstee ist, spiegelt diese Keramik Tasse und Untertasse Set Raffinesse und Qualit\u00e4t.<\/li>\n\n\n\n<li><strong>Eine Vielzahl von Farboptionen, geeignet f\u00fcr eine Vielzahl von Stilen: <\/strong>Diese Gro\u00dfhandels-Kaffeebecher sind in einer Vielzahl von Farben erh\u00e4ltlich, und jeder Farbton ist sorgf\u00e4ltig so gestaltet, dass er zu verschiedenen Lebenssituationen und Wohnstilen passt. Von klassischer Schlichtheit bis hin zu modernen Kunststilen k\u00f6nnen sie perfekt an die pers\u00f6nlichen Bed\u00fcrfnisse angepasst werden.<\/li>\n\n\n\n<li><strong>Hochwertige Keramik, langlebig und umweltfreundlich: <\/strong>Unsere Tasse und Untertasse Set Gro\u00dfhandel ist aus hochwertigen Materialien hergestellt, gebrannt bei hohen Temperaturen mit ausgezeichneter Haltbarkeit und mit W\u00e4rme Erhaltung Leistung. Inzwischen ist es sicher und freundlich f\u00fcr die Umwelt. Es ist geeignet f\u00fcr den t\u00e4glichen Gebrauch und hochwertige Anl\u00e4sse, eine ideale Option f\u00fcr Funktionalit\u00e4t und Sch\u00f6nheit.<\/li>\n<\/ul>\n<\/div>\n\n\n\n<div class=\"wp-block-column is-vertically-aligned-center is-layout-flow wp-block-column-is-layout-flow\"><div class=\"wp-block-image\">\n<figure class=\"aligncenter size-full\"><img fetchpriority=\"high\" decoding=\"async\" width=\"750\" height=\"750\" src=\"https:\/\/www.yongjianceramic.com\/wp-content\/uploads\/2025\/01\/Wholesale-Coffee-Cups-Reactive-Glaze-Ceramic-Cup-And-Saucer-Set-Bulk-2.webp\" alt=\"Gro\u00dfhandel Kaffeetassen, reaktive Glasur keramische Tasse und Untertasse Set Bulk-2\" class=\"wp-image-4148\" srcset=\"https:\/\/www.yongjianceramic.com\/wp-content\/uploads\/2025\/01\/Wholesale-Coffee-Cups-Reactive-Glaze-Ceramic-Cup-And-Saucer-Set-Bulk-2.webp 750w, https:\/\/www.yongjianceramic.com\/wp-content\/uploads\/2025\/01\/Wholesale-Coffee-Cups-Reactive-Glaze-Ceramic-Cup-And-Saucer-Set-Bulk-2-300x300.webp 300w, https:\/\/www.yongjianceramic.com\/wp-content\/uploads\/2025\/01\/Wholesale-Coffee-Cups-Reactive-Glaze-Ceramic-Cup-And-Saucer-Set-Bulk-2-150x150.webp 150w, https:\/\/www.yongjianceramic.com\/wp-content\/uploads\/2025\/01\/Wholesale-Coffee-Cups-Reactive-Glaze-Ceramic-Cup-And-Saucer-Set-Bulk-2-12x12.webp 12w, https:\/\/www.yongjianceramic.com\/wp-content\/uploads\/2025\/01\/Wholesale-Coffee-Cups-Reactive-Glaze-Ceramic-Cup-And-Saucer-Set-Bulk-2-285x285.webp 285w, https:\/\/www.yongjianceramic.com\/wp-content\/uploads\/2025\/01\/Wholesale-Coffee-Cups-Reactive-Glaze-Ceramic-Cup-And-Saucer-Set-Bulk-2-270x270.webp 270w, https:\/\/www.yongjianceramic.com\/wp-content\/uploads\/2025\/01\/Wholesale-Coffee-Cups-Reactive-Glaze-Ceramic-Cup-And-Saucer-Set-Bulk-2-540x540.webp 540w, https:\/\/www.yongjianceramic.com\/wp-content\/uploads\/2025\/01\/Wholesale-Coffee-Cups-Reactive-Glaze-Ceramic-Cup-And-Saucer-Set-Bulk-2-660x660.webp 660w\" sizes=\"(max-width: 750px) 100vw, 750px\" \/><\/figure>\n<\/div><\/div>\n<\/div>","protected":false},"excerpt":{"rendered":"<p>Willkommen im Gro\u00dfhandel Kaffeetassen kaufen. Diese reaktive Glasur Keramik Tasse und Untertasse Set Gro\u00dfhandel kombiniert traditionelle Handwerkskunst mit modernem Design. Die einzigartige nat\u00fcrliche Textur und eine Vielzahl von Farboptionen unterstreichen den eleganten Stil. Die glatte Glasur und komfortable Touch zeigen die Qualit\u00e4t. Hochwertige Keramik sorgt f\u00fcr Langlebigkeit und Umweltschutz.<\/p>\n<table style=\"border-collapse: collapse; width: 322.02pt;\" border=\"0\" width=\"322\" cellspacing=\"0\" cellpadding=\"0\">\n<tbody>\n<tr style=\"height: 17.60pt;\">\n<td class=\"et3\" style=\"height: 17.60pt; width: 120.25pt;\" width=\"120\" height=\"17\">Hersteller<\/td>\n<td class=\"et3\" style=\"width: 202.30pt;\" width=\"202\">Yongjian<\/td>\n<\/tr>\n<tr style=\"height: 18.00pt;\">\n<td class=\"et3\" style=\"height: 18.00pt;\" height=\"18\">Modell Nr.<\/td>\n<td class=\"et4\" style=\"width: 202.30pt;\" width=\"202\">YJ-C03<\/td>\n<\/tr>\n<tr style=\"height: 18.00pt;\">\n<td class=\"et3\" style=\"height: 18.00pt;\" height=\"18\">Produkttyp<\/td>\n<td class=\"et4\" style=\"width: 202.30pt;\" width=\"202\">Tassen &amp; Untertassen<\/td>\n<\/tr>\n<tr style=\"height: 17.60pt;\">\n<td class=\"et3\" style=\"height: 17.60pt;\" height=\"17\">Material<\/td>\n<td class=\"et3\">Keramik<\/td>\n<\/tr>\n<tr style=\"height: 17.60pt;\">\n<td class=\"et5\" style=\"height: 17.60pt;\" height=\"17\">Farbe<\/td>\n<td class=\"et3\">Wei\u00df\/Schwarz\/Dunkelblau<\/td>\n<\/tr>\n<tr style=\"height: 17.60pt;\">\n<td class=\"et3\" style=\"height: 17.60pt;\" height=\"17\">Dimension<\/td>\n<td class=\"et3\">Als Bild<\/td>\n<\/tr>\n<tr style=\"height: 17.60pt;\">\n<td class=\"et3\" style=\"height: 17.60pt;\" height=\"17\">Kapazit\u00e4t<\/td>\n<td class=\"et3\">150ml<\/td>\n<\/tr>\n<tr style=\"height: 17.60pt;\">\n<td class=\"et3\" style=\"height: 17.60pt;\" height=\"17\">MOQ<\/td>\n<td class=\"et3\">500St\u00fcck<\/td>\n<\/tr>\n<tr style=\"height: 17.60pt;\">\n<td class=\"et3\" style=\"height: 17.60pt;\" height=\"17\">Benutzerdefiniert<\/td>\n<td class=\"et3\">Farbe\/Gr\u00f6\u00dfe\/Logo\/Verpackung<\/td>\n<\/tr>\n<\/tbody>\n<\/table>","protected":false},"featured_media":4150,"comment_status":"closed","ping_status":"closed","template":"","meta":{"_acf_changed":false},"product_brand":[],"product_cat":[78,65],"product_tag":[81],"class_list":{"0":"post-4146","1":"product","2":"type-product","3":"status-publish","4":"has-post-thumbnail","6":"product_cat-tea-cups-with-saucers-wholesale","7":"product_cat-wholesale-cups-and-mugs","8":"product_tag-modern-design-dinnerware-set-wholesale","10":"first","11":"instock","12":"shipping-taxable","13":"product-type-simple"},"acf":[],"_links":{"self":[{"href":"https:\/\/www.yongjianceramic.com\/de\/wp-json\/wp\/v2\/product\/4146","targetHints":{"allow":["GET"]}}],"collection":[{"href":"https:\/\/www.yongjianceramic.com\/de\/wp-json\/wp\/v2\/product"}],"about":[{"href":"https:\/\/www.yongjianceramic.com\/de\/wp-json\/wp\/v2\/types\/product"}],"replies":[{"embeddable":true,"href":"https:\/\/www.yongjianceramic.com\/de\/wp-json\/wp\/v2\/comments?post=4146"}],"wp:featuredmedia":[{"embeddable":true,"href":"https:\/\/www.yongjianceramic.com\/de\/wp-json\/wp\/v2\/media\/4150"}],"wp:attachment":[{"href":"https:\/\/www.yongjianceramic.com\/de\/wp-json\/wp\/v2\/media?parent=4146"}],"wp:term":[{"taxonomy":"product_brand","embeddable":true,"href":"https:\/\/www.yongjianceramic.com\/de\/wp-json\/wp\/v2\/product_brand?post=4146"},{"taxonomy":"product_cat","embeddable":true,"href":"https:\/\/www.yongjianceramic.com\/de\/wp-json\/wp\/v2\/product_cat?post=4146"},{"taxonomy":"product_tag","embeddable":true,"href":"https:\/\/www.yongjianceramic.com\/de\/wp-json\/wp\/v2\/product_tag?post=4146"}],"curies":[{"name":"wp","href":"https:\/\/api.w.org\/{rel}","templated":true}]}}