{"id":4155,"date":"2025-01-07T11:25:23","date_gmt":"2025-01-07T03:25:23","guid":{"rendered":"https:\/\/www.yongjianceramic.com\/?post_type=product&#038;p=4155"},"modified":"2025-04-20T14:18:54","modified_gmt":"2025-04-20T06:18:54","slug":"wholesale-coffee-mugs","status":"publish","type":"product","link":"https:\/\/www.yongjianceramic.com\/de\/produkt\/wholesale-coffee-mugs\/","title":{"rendered":"Gro\u00dfhandel Kaffeebecher mit Bambus-Deckel, reaktive Glasur Kaffeebecher Bulk"},"content":{"rendered":"<div class=\"wp-block-columns is-layout-flex wp-container-core-columns-is-layout-9d6595d7 wp-block-columns-is-layout-flex\">\n<div class=\"wp-block-column is-layout-flow wp-block-column-is-layout-flow\">\n<h2 class=\"wp-block-heading\">Premium-Gro\u00dfhandel Kaffeebecher Eigenschaften:<\/h2>\n\n\n\n<ul class=\"wp-block-list\">\n<li><strong>Ofenwechseltechnik, einzigartiger visueller Effekt: <\/strong>Unsere Gro\u00dfhandel Kaffeebecher verwenden exquisite Ofen-\u00c4nderung Technologie, jede Tasse hat eine einzigartige Textur und Farbe \u00dcbergang, zeigt die Sch\u00f6nheit der Natur, die Kombination von k\u00fcnstlerischen Sinn mit modernen Mode-Stil, das Hinzuf\u00fcgen Eleganz zum t\u00e4glichen Trinken.<\/li>\n\n\n\n<li><strong>Umweltfreundliches Design des Bambusdeckels, sch\u00f6n und praktisch zugleich:<\/strong> Unsere Kaffeebecher sind mit nat\u00fcrlichen Bambusdeckel gepaart, die umweltfreundlich und gesund sind, mit einer warmen Textur. Es kann nicht nur Staub zu verhindern und warm zu halten, sondern auch nat\u00fcrliche Elemente, um das gesamte Design der Tasse, perfekt ausbalanciert Praktikabilit\u00e4t und \u00c4sthetik.<\/li>\n\n\n\n<li><strong>Hochwertiges Keramikmaterial, langlebig und sicher: <\/strong>Diese Gro\u00dfhandel Kaffeebecher sind aus hochwertigen keramischen Materialien und gebrannt bei hohen Temperaturen, um sicherzustellen, dass die Produkte sind robust und langlebig, leicht zu reinigen und nicht leicht zu absorbieren Ger\u00fcche, die Erf\u00fcllung langfristige Nutzung braucht, w\u00e4hrend die Lebensmittel-Grade-Sicherheitsstandards, und mit ihnen mehr sicher.<\/li>\n\n\n\n<li><strong>Eine Vielzahl von Farboptionen zur Erf\u00fcllung pers\u00f6nlicher Bed\u00fcrfnisse: <\/strong>Unsere Kaffeebecher bieten eine Vielzahl von Farboptionen, jede Farbe ist sorgf\u00e4ltig entworfen, um zu einer Vielzahl von Einrichtungsstilen zu passen, und eignet sich als Geschenk oder f\u00fcr den kommerziellen Gebrauch, so dass die Benutzer eine gro\u00dfe Auswahl haben.<\/li>\n<\/ul>\n<\/div>\n\n\n\n<div class=\"wp-block-column is-vertically-aligned-center is-layout-flow wp-block-column-is-layout-flow\"><div class=\"wp-block-image\">\n<figure class=\"aligncenter size-full\"><img fetchpriority=\"high\" decoding=\"async\" width=\"719\" height=\"720\" src=\"https:\/\/www.yongjianceramic.com\/wp-content\/uploads\/2025\/01\/Wholesale-Coffee-Mugs-With-Bamboo-Lids-Reactive-Glaze-Coffee-Mugs-Bulk-2.jpg\" alt=\"Gro\u00dfhandel Kaffeebecher mit Bambus-Deckel, reaktive Glasur Kaffeebecher Bulk-2\" class=\"wp-image-4157\" srcset=\"https:\/\/www.yongjianceramic.com\/wp-content\/uploads\/2025\/01\/Wholesale-Coffee-Mugs-With-Bamboo-Lids-Reactive-Glaze-Coffee-Mugs-Bulk-2.jpg 719w, https:\/\/www.yongjianceramic.com\/wp-content\/uploads\/2025\/01\/Wholesale-Coffee-Mugs-With-Bamboo-Lids-Reactive-Glaze-Coffee-Mugs-Bulk-2-300x300.jpg 300w, https:\/\/www.yongjianceramic.com\/wp-content\/uploads\/2025\/01\/Wholesale-Coffee-Mugs-With-Bamboo-Lids-Reactive-Glaze-Coffee-Mugs-Bulk-2-150x150.jpg 150w, https:\/\/www.yongjianceramic.com\/wp-content\/uploads\/2025\/01\/Wholesale-Coffee-Mugs-With-Bamboo-Lids-Reactive-Glaze-Coffee-Mugs-Bulk-2-12x12.jpg 12w, https:\/\/www.yongjianceramic.com\/wp-content\/uploads\/2025\/01\/Wholesale-Coffee-Mugs-With-Bamboo-Lids-Reactive-Glaze-Coffee-Mugs-Bulk-2-285x285.jpg 285w, https:\/\/www.yongjianceramic.com\/wp-content\/uploads\/2025\/01\/Wholesale-Coffee-Mugs-With-Bamboo-Lids-Reactive-Glaze-Coffee-Mugs-Bulk-2-270x270.jpg 270w, https:\/\/www.yongjianceramic.com\/wp-content\/uploads\/2025\/01\/Wholesale-Coffee-Mugs-With-Bamboo-Lids-Reactive-Glaze-Coffee-Mugs-Bulk-2-540x540.jpg 540w, https:\/\/www.yongjianceramic.com\/wp-content\/uploads\/2025\/01\/Wholesale-Coffee-Mugs-With-Bamboo-Lids-Reactive-Glaze-Coffee-Mugs-Bulk-2-660x660.jpg 660w\" sizes=\"(max-width: 719px) 100vw, 719px\" \/><\/figure>\n<\/div><\/div>\n<\/div>","protected":false},"excerpt":{"rendered":"<p>Willkommen zu kaufen Kaffeebecher bulk. Diese im Ofen gebrannt Gro\u00dfhandel Kaffeebecher mit nat\u00fcrlichen Bambus Deckel perfekt kombinieren Natur und modernes Design. Die einzigartige Textur, mehrere Farboptionen, hochwertiges Keramikmaterial und Umweltschutz-Funktion machen es eine ideale Wahl f\u00fcr das t\u00e4gliche Leben und den kommerziellen Einsatz.<\/p>\n<table style=\"border-collapse: collapse; width: 322.02pt;\" border=\"0\" width=\"322\" cellspacing=\"0\" cellpadding=\"0\">\n<tbody>\n<tr style=\"height: 17.60pt;\">\n<td class=\"et3\" style=\"height: 17.60pt; width: 120.25pt;\" width=\"120\" height=\"17\">Hersteller<\/td>\n<td class=\"et3\" style=\"width: 202.30pt;\" width=\"202\">Yongjian<\/td>\n<\/tr>\n<tr style=\"height: 18.00pt;\">\n<td class=\"et3\" style=\"height: 18.00pt;\" height=\"18\">Modell Nr.<\/td>\n<td class=\"et4\" style=\"width: 202.30pt;\" width=\"202\">YJ-C04<\/td>\n<\/tr>\n<tr style=\"height: 18.00pt;\">\n<td class=\"et3\" style=\"height: 18.00pt;\" height=\"18\">Produkttyp<\/td>\n<td class=\"et4\" style=\"width: 202.30pt;\" width=\"202\">Tassen &amp; Untertassen<\/td>\n<\/tr>\n<tr style=\"height: 17.60pt;\">\n<td class=\"et3\" style=\"height: 17.60pt;\" height=\"17\">Material<\/td>\n<td class=\"et3\">Keramik+Bambus-Deckel<\/td>\n<\/tr>\n<tr style=\"height: 17.60pt;\">\n<td class=\"et5\" style=\"height: 17.60pt;\" height=\"17\">Farbe<\/td>\n<td class=\"et3\">Wei\u00df\/Schwarz\/Dunkelblau<\/td>\n<\/tr>\n<tr style=\"height: 17.60pt;\">\n<td class=\"et3\" style=\"height: 17.60pt;\" height=\"17\">Dimension<\/td>\n<td class=\"et3\">Als Bild<\/td>\n<\/tr>\n<tr style=\"height: 17.60pt;\">\n<td class=\"et3\" style=\"height: 17.60pt;\" height=\"17\">Kapazit\u00e4t<\/td>\n<td class=\"et3\">275ml<\/td>\n<\/tr>\n<tr style=\"height: 17.60pt;\">\n<td class=\"et3\" style=\"height: 17.60pt;\" height=\"17\">MOQ<\/td>\n<td class=\"et3\">500St\u00fcck<\/td>\n<\/tr>\n<tr style=\"height: 17.60pt;\">\n<td class=\"et3\" style=\"height: 17.60pt;\" height=\"17\">Benutzerdefiniert<\/td>\n<td class=\"et3\">Farbe\/Gr\u00f6\u00dfe\/Logo\/Verpackung<\/td>\n<\/tr>\n<\/tbody>\n<\/table>","protected":false},"featured_media":4159,"comment_status":"closed","ping_status":"closed","template":"","meta":{"_acf_changed":false},"product_brand":[],"product_cat":[65,91],"product_tag":[81],"class_list":{"0":"post-4155","1":"product","2":"type-product","3":"status-publish","4":"has-post-thumbnail","6":"product_cat-wholesale-cups-and-mugs","7":"product_cat-wholesale-mugs","8":"product_tag-modern-design-dinnerware-set-wholesale","10":"first","11":"instock","12":"shipping-taxable","13":"product-type-simple"},"acf":[],"_links":{"self":[{"href":"https:\/\/www.yongjianceramic.com\/de\/wp-json\/wp\/v2\/product\/4155","targetHints":{"allow":["GET"]}}],"collection":[{"href":"https:\/\/www.yongjianceramic.com\/de\/wp-json\/wp\/v2\/product"}],"about":[{"href":"https:\/\/www.yongjianceramic.com\/de\/wp-json\/wp\/v2\/types\/product"}],"replies":[{"embeddable":true,"href":"https:\/\/www.yongjianceramic.com\/de\/wp-json\/wp\/v2\/comments?post=4155"}],"wp:featuredmedia":[{"embeddable":true,"href":"https:\/\/www.yongjianceramic.com\/de\/wp-json\/wp\/v2\/media\/4159"}],"wp:attachment":[{"href":"https:\/\/www.yongjianceramic.com\/de\/wp-json\/wp\/v2\/media?parent=4155"}],"wp:term":[{"taxonomy":"product_brand","embeddable":true,"href":"https:\/\/www.yongjianceramic.com\/de\/wp-json\/wp\/v2\/product_brand?post=4155"},{"taxonomy":"product_cat","embeddable":true,"href":"https:\/\/www.yongjianceramic.com\/de\/wp-json\/wp\/v2\/product_cat?post=4155"},{"taxonomy":"product_tag","embeddable":true,"href":"https:\/\/www.yongjianceramic.com\/de\/wp-json\/wp\/v2\/product_tag?post=4155"}],"curies":[{"name":"wp","href":"https:\/\/api.w.org\/{rel}","templated":true}]}}