{"id":4168,"date":"2025-01-07T14:10:43","date_gmt":"2025-01-07T06:10:43","guid":{"rendered":"https:\/\/www.yongjianceramic.com\/?post_type=product&#038;p=4168"},"modified":"2025-04-20T14:19:07","modified_gmt":"2025-04-20T06:19:07","slug":"wholesale-ceramic-coffee-cups","status":"publish","type":"product","link":"https:\/\/www.yongjianceramic.com\/de\/produkt\/wholesale-ceramic-coffee-cups\/","title":{"rendered":"Gro\u00dfhandel Keramik Kaffeetassen, japanischen Stil Tee Tassen Bulk"},"content":{"rendered":"<div class=\"wp-block-columns is-layout-flex wp-container-core-columns-is-layout-9d6595d7 wp-block-columns-is-layout-flex\">\n<div class=\"wp-block-column is-layout-flow wp-block-column-is-layout-flow\">\n<h2 class=\"wp-block-heading\">Premium Gro\u00dfhandel Keramik Kaffeetassen Eigenschaften:<\/h2>\n\n\n\n<ul class=\"wp-block-list\">\n<li><strong>Einfache und nat\u00fcrliche Sch\u00f6nheit: <\/strong>Unsere Gro\u00dfhandels-Keramik-Kaffeebecher sind wei\u00df glasiert und haben eine feink\u00f6rnige Textur. Sie zeigen eine einfache und nat\u00fcrliche \u00c4sthetik, kombiniert mit dem japanischen Design-Stil, der der Tee- oder Kaffeezeit W\u00e4rme und Komfort verleiht.<\/li>\n\n\n\n<li><strong>Einzigartige Haptik und Design: <\/strong>Der Boden dieser Teetassen aus Keramik ist braun gefrostet, mit einer feinen Textur, die ein einzigartiges haptisches Erlebnis bietet und gleichzeitig einen eleganten Kontrast zu dem cremefarbenen Tassenk\u00f6rper bildet.<\/li>\n\n\n\n<li><strong>Langlebig: <\/strong>Diese Gro\u00dfhandels-Keramik-Kaffeetassen werden aus hochwertigen Materialien in Keramik hergestellt und bei hoher Temperatur gebrannt. Dies stellt sicher, dass die Tassen sind solide und langlebig, verf\u00fcgen \u00fcber eine gute W\u00e4rmeschutz Leistung, und sind leicht zu reinigen f\u00fcr lange Zeit verwenden.<\/li>\n\n\n\n<li><strong>Japanischer minimalistischer Stil: <\/strong>Unsere japanischen minimalistischen Stil Gro\u00dfhandel Keramik Teetassen sind einfach und elegant im Design, sondern anst\u00e4ndig in der Sch\u00f6nheit und Funktionalit\u00e4t f\u00fcr den Einsatz entweder zu Hause, ein Caf\u00e9, oder das B\u00fcro; geeignet als Geschenk, um ein Gef\u00fchl von Ritual beim Trinken von Tee oder Kaffee.<\/li>\n<\/ul>\n<\/div>\n\n\n\n<div class=\"wp-block-column is-vertically-aligned-center is-layout-flow wp-block-column-is-layout-flow\"><div class=\"wp-block-image\">\n<figure class=\"aligncenter size-full\"><img fetchpriority=\"high\" decoding=\"async\" width=\"800\" height=\"800\" src=\"https:\/\/www.yongjianceramic.com\/wp-content\/uploads\/2025\/01\/Wholesale-Ceramic-Coffee-Cups-Japanese-Style-Tea-Cups-Bulk-1.webp\" alt=\"Gro\u00dfhandel keramische Kaffeetassen, japanischen Stil Tee Tassen Bulk-1\" class=\"wp-image-4169\" srcset=\"https:\/\/www.yongjianceramic.com\/wp-content\/uploads\/2025\/01\/Wholesale-Ceramic-Coffee-Cups-Japanese-Style-Tea-Cups-Bulk-1.webp 800w, https:\/\/www.yongjianceramic.com\/wp-content\/uploads\/2025\/01\/Wholesale-Ceramic-Coffee-Cups-Japanese-Style-Tea-Cups-Bulk-1-300x300.webp 300w, https:\/\/www.yongjianceramic.com\/wp-content\/uploads\/2025\/01\/Wholesale-Ceramic-Coffee-Cups-Japanese-Style-Tea-Cups-Bulk-1-150x150.webp 150w, https:\/\/www.yongjianceramic.com\/wp-content\/uploads\/2025\/01\/Wholesale-Ceramic-Coffee-Cups-Japanese-Style-Tea-Cups-Bulk-1-768x768.webp 768w, https:\/\/www.yongjianceramic.com\/wp-content\/uploads\/2025\/01\/Wholesale-Ceramic-Coffee-Cups-Japanese-Style-Tea-Cups-Bulk-1-12x12.webp 12w, https:\/\/www.yongjianceramic.com\/wp-content\/uploads\/2025\/01\/Wholesale-Ceramic-Coffee-Cups-Japanese-Style-Tea-Cups-Bulk-1-285x285.webp 285w, https:\/\/www.yongjianceramic.com\/wp-content\/uploads\/2025\/01\/Wholesale-Ceramic-Coffee-Cups-Japanese-Style-Tea-Cups-Bulk-1-270x270.webp 270w, https:\/\/www.yongjianceramic.com\/wp-content\/uploads\/2025\/01\/Wholesale-Ceramic-Coffee-Cups-Japanese-Style-Tea-Cups-Bulk-1-540x540.webp 540w, https:\/\/www.yongjianceramic.com\/wp-content\/uploads\/2025\/01\/Wholesale-Ceramic-Coffee-Cups-Japanese-Style-Tea-Cups-Bulk-1-660x660.webp 660w\" sizes=\"(max-width: 800px) 100vw, 800px\" \/><\/figure>\n<\/div><\/div>\n<\/div>","protected":false},"excerpt":{"rendered":"<p>Willkommen zu kaufen Keramik Teetassen bulk. Unsere japanischen Gro\u00dfhandel Keramik Kaffeetassen verf\u00fcgen \u00fcber eine k\u00f6rnige Textur und eine gefrostete braune Tasse Boden als Design-Highlights, zeigt eine einzigartige Sch\u00f6nheit der Natur und Einfachheit. Das hochwertige Keramikmaterial ist langlebig und eignet sich f\u00fcr den Einsatz in verschiedenen Szenarien. Sie ist die ideale Wahl f\u00fcr Zuhause, das B\u00fcro oder ein Caf\u00e9. Sie kann auch als exquisites Geschenk verwendet werden, um die Lebensqualit\u00e4t zu verbessern.<\/p>\n<table style=\"border-collapse: collapse; width: 322.02pt;\" border=\"0\" width=\"322\" cellspacing=\"0\" cellpadding=\"0\">\n<tbody>\n<tr style=\"height: 17.60pt;\">\n<td class=\"et3\" style=\"height: 17.60pt; width: 120.25pt;\" width=\"120\" height=\"17\">Hersteller<\/td>\n<td class=\"et3\" style=\"width: 202.30pt;\" width=\"202\">Yongjian<\/td>\n<\/tr>\n<tr style=\"height: 18.00pt;\">\n<td class=\"et3\" style=\"height: 18.00pt;\" height=\"18\">Modell Nr.<\/td>\n<td class=\"et4\" style=\"width: 202.30pt;\" width=\"202\">YJ-C06<\/td>\n<\/tr>\n<tr style=\"height: 17.60pt;\">\n<td class=\"et3\" style=\"height: 17.60pt;\" height=\"17\">Produkttyp<\/td>\n<td class=\"et2\">Keramische Tassen<\/td>\n<\/tr>\n<tr style=\"height: 17.60pt;\">\n<td class=\"et3\" style=\"height: 17.60pt;\" height=\"17\">Material<\/td>\n<td class=\"et3\">Keramik<\/td>\n<\/tr>\n<tr style=\"height: 17.60pt;\">\n<td class=\"et5\" style=\"height: 17.60pt;\" height=\"17\">Farbe<\/td>\n<td class=\"et3\">Wei\u00df<\/td>\n<\/tr>\n<tr style=\"height: 17.60pt;\">\n<td class=\"et3\" style=\"height: 17.60pt;\" height=\"17\">Dimension<\/td>\n<td class=\"et3\">8.5*6.5<\/td>\n<\/tr>\n<tr style=\"height: 17.60pt;\">\n<td class=\"et3\" style=\"height: 17.60pt;\" height=\"17\">MOQ<\/td>\n<td class=\"et3\">500St\u00fcck<\/td>\n<\/tr>\n<tr style=\"height: 17.60pt;\">\n<td class=\"et3\" style=\"height: 17.60pt;\" height=\"17\">Benutzerdefiniert<\/td>\n<td class=\"et3\">Farbe\/Gr\u00f6\u00dfe\/Logo\/Verpackung<\/td>\n<\/tr>\n<\/tbody>\n<\/table>","protected":false},"featured_media":4170,"comment_status":"closed","ping_status":"closed","template":"","meta":{"_acf_changed":false},"product_brand":[],"product_cat":[91,65],"product_tag":[81],"class_list":{"0":"post-4168","1":"product","2":"type-product","3":"status-publish","4":"has-post-thumbnail","6":"product_cat-wholesale-mugs","7":"product_cat-wholesale-cups-and-mugs","8":"product_tag-modern-design-dinnerware-set-wholesale","10":"first","11":"instock","12":"shipping-taxable","13":"product-type-simple"},"acf":[],"_links":{"self":[{"href":"https:\/\/www.yongjianceramic.com\/de\/wp-json\/wp\/v2\/product\/4168","targetHints":{"allow":["GET"]}}],"collection":[{"href":"https:\/\/www.yongjianceramic.com\/de\/wp-json\/wp\/v2\/product"}],"about":[{"href":"https:\/\/www.yongjianceramic.com\/de\/wp-json\/wp\/v2\/types\/product"}],"replies":[{"embeddable":true,"href":"https:\/\/www.yongjianceramic.com\/de\/wp-json\/wp\/v2\/comments?post=4168"}],"wp:featuredmedia":[{"embeddable":true,"href":"https:\/\/www.yongjianceramic.com\/de\/wp-json\/wp\/v2\/media\/4170"}],"wp:attachment":[{"href":"https:\/\/www.yongjianceramic.com\/de\/wp-json\/wp\/v2\/media?parent=4168"}],"wp:term":[{"taxonomy":"product_brand","embeddable":true,"href":"https:\/\/www.yongjianceramic.com\/de\/wp-json\/wp\/v2\/product_brand?post=4168"},{"taxonomy":"product_cat","embeddable":true,"href":"https:\/\/www.yongjianceramic.com\/de\/wp-json\/wp\/v2\/product_cat?post=4168"},{"taxonomy":"product_tag","embeddable":true,"href":"https:\/\/www.yongjianceramic.com\/de\/wp-json\/wp\/v2\/product_tag?post=4168"}],"curies":[{"name":"wp","href":"https:\/\/api.w.org\/{rel}","templated":true}]}}