{"id":4204,"date":"2025-01-11T09:56:44","date_gmt":"2025-01-11T01:56:44","guid":{"rendered":"https:\/\/www.yongjianceramic.com\/?post_type=product&#038;p=4204"},"modified":"2025-01-11T10:46:24","modified_gmt":"2025-01-11T02:46:24","slug":"ceramic-spoons-wholesale","status":"publish","type":"product","link":"https:\/\/www.yongjianceramic.com\/de\/produkt\/ceramic-spoons-wholesale\/","title":{"rendered":"Japanischer Stil keramische L\u00f6ffel Gro\u00dfhandel, lange Suppenl\u00f6ffel Bulk"},"content":{"rendered":"<div class=\"wp-block-columns is-layout-flex wp-container-core-columns-is-layout-9d6595d7 wp-block-columns-is-layout-flex\">\n<div class=\"wp-block-column is-layout-flow wp-block-column-is-layout-flow\">\n<h2 class=\"wp-block-heading\">Premium-Keramik-L\u00f6ffel Gro\u00dfhandel Merkmale:<\/h2>\n\n\n\n<ul class=\"wp-block-list\">\n<li><strong>Einzigartiges japanisches Design: <\/strong>Unsere Keramikl\u00f6ffel Gro\u00dfhandel nimmt traditionellen japanischen Stil Design, elegante Form, einfache Linien, geeignet f\u00fcr den Einsatz mit japanischen Geschirr, die Verbesserung der Sch\u00f6nheit der Tabelle und Esszimmer Erfahrung.<\/li>\n\n\n\n<li><strong>Hochwertiges keramisches Material: <\/strong>Dieser keramische Suppenl\u00f6ffel besteht aus bei hoher Temperatur gebrannter Keramik, mit einer dauerhaften Textur, glatter und zarter Oberfl\u00e4che, die nicht leicht Flecken aufnimmt, leicht zu reinigen ist und langfristige Hygiene und Sch\u00f6nheit gew\u00e4hrleistet.<\/li>\n\n\n\n<li><strong>Langer Griff, funktionell und praktisch: <\/strong>Der einzigartige lange Griff dieser Keramikl\u00f6ffel Gro\u00dfhandel ist bequem f\u00fcr Suppe und r\u00fchren, bequem zu ber\u00fchren, geeignet f\u00fcr alle Arten von Suppen, Eint\u00f6pfe und Brei, und ist eine ideale Wahl f\u00fcr Familien-Tische und Restaurant Essen.<\/li>\n\n\n\n<li><strong>Gro\u00dfhandel und Anpassungsdienste: <\/strong>Wir bieten gro\u00dfe Mengen von Keramiksuppenl\u00f6ffeln in loser Sch\u00fcttung an, um den Bedarf der Gastronomie, der Hotels und des Einzelhandels zu decken. Gleichzeitig unterst\u00fctzen wir kundenspezifische Gr\u00f6\u00dfen, Muster und Verpackungen, um einzigartige Produktvorteile f\u00fcr Kunden zu schaffen.<\/li>\n<\/ul>\n<\/div>\n\n\n\n<div class=\"wp-block-column is-vertically-aligned-center is-layout-flow wp-block-column-is-layout-flow\"><div class=\"wp-block-image\">\n<figure class=\"aligncenter size-full\"><img fetchpriority=\"high\" decoding=\"async\" width=\"1200\" height=\"1200\" src=\"https:\/\/www.yongjianceramic.com\/wp-content\/uploads\/2025\/01\/Japanese-Style-Ceramic-Spoons-Wholesale-Long-Soup-Spoon-Bulk-1.webp\" alt=\"Japanischer Stil keramische L\u00f6ffel Gro\u00dfhandel, lange Suppenl\u00f6ffel Bulk-1\" class=\"wp-image-4205\" srcset=\"https:\/\/www.yongjianceramic.com\/wp-content\/uploads\/2025\/01\/Japanese-Style-Ceramic-Spoons-Wholesale-Long-Soup-Spoon-Bulk-1.webp 1200w, https:\/\/www.yongjianceramic.com\/wp-content\/uploads\/2025\/01\/Japanese-Style-Ceramic-Spoons-Wholesale-Long-Soup-Spoon-Bulk-1-300x300.webp 300w, https:\/\/www.yongjianceramic.com\/wp-content\/uploads\/2025\/01\/Japanese-Style-Ceramic-Spoons-Wholesale-Long-Soup-Spoon-Bulk-1-150x150.webp 150w, https:\/\/www.yongjianceramic.com\/wp-content\/uploads\/2025\/01\/Japanese-Style-Ceramic-Spoons-Wholesale-Long-Soup-Spoon-Bulk-1-768x768.webp 768w, https:\/\/www.yongjianceramic.com\/wp-content\/uploads\/2025\/01\/Japanese-Style-Ceramic-Spoons-Wholesale-Long-Soup-Spoon-Bulk-1-12x12.webp 12w, https:\/\/www.yongjianceramic.com\/wp-content\/uploads\/2025\/01\/Japanese-Style-Ceramic-Spoons-Wholesale-Long-Soup-Spoon-Bulk-1-285x285.webp 285w, https:\/\/www.yongjianceramic.com\/wp-content\/uploads\/2025\/01\/Japanese-Style-Ceramic-Spoons-Wholesale-Long-Soup-Spoon-Bulk-1-270x270.webp 270w, https:\/\/www.yongjianceramic.com\/wp-content\/uploads\/2025\/01\/Japanese-Style-Ceramic-Spoons-Wholesale-Long-Soup-Spoon-Bulk-1-540x540.webp 540w, https:\/\/www.yongjianceramic.com\/wp-content\/uploads\/2025\/01\/Japanese-Style-Ceramic-Spoons-Wholesale-Long-Soup-Spoon-Bulk-1-660x660.webp 660w\" sizes=\"(max-width: 1200px) 100vw, 1200px\" \/><\/figure>\n<\/div><\/div>\n<\/div>","protected":false},"excerpt":{"rendered":"<p>Willkommen zum Kauf von Keramikl\u00f6ffeln im Gro\u00dfhandel. Diese japanischen Stil Keramik Suppenl\u00f6ffel bulk kombiniert traditionelles japanisches Design mit hochwertigen keramischen Materialien, und der lange Griff Form ist sowohl sch\u00f6n und praktisch. Unterst\u00fctzung Gro\u00dfhandel und Anpassung, ist es eine ideale Wahl f\u00fcr die Gastronomie und Einzelhandel, hilft Ihnen, leicht den Charme des Esstischs zu verbessern.<\/p>\n<table style=\"border-collapse: collapse; width: 322.02pt;\" border=\"0\" width=\"322\" cellspacing=\"0\" cellpadding=\"0\">\n<tbody>\n<tr style=\"height: 17.60pt;\">\n<td class=\"et3\" style=\"height: 17.60pt; width: 120.25pt;\" width=\"120\" height=\"17\">Hersteller<\/td>\n<td class=\"et3\" style=\"width: 202.30pt;\" width=\"202\">Yongjian<\/td>\n<\/tr>\n<tr style=\"height: 18.00pt;\">\n<td class=\"et3\" style=\"height: 18.00pt;\" height=\"18\">Modell Nr.<\/td>\n<td class=\"et4\" style=\"width: 202.30pt;\" width=\"202\">YJ-S04<\/td>\n<\/tr>\n<tr style=\"height: 17.60pt;\">\n<td class=\"et3\" style=\"height: 17.60pt;\" height=\"17\">Produkttyp<\/td>\n<td class=\"et3\">Keramikl\u00f6ffel, Langer L\u00f6ffel<\/td>\n<\/tr>\n<tr style=\"height: 17.60pt;\">\n<td class=\"et3\" style=\"height: 17.60pt;\" height=\"17\">Material<\/td>\n<td class=\"et3\">Porzellan<\/td>\n<\/tr>\n<tr style=\"height: 17.60pt;\">\n<td class=\"et5\" style=\"height: 17.60pt;\" height=\"17\">Farbe<\/td>\n<td class=\"et3\">Farbverlauf<\/td>\n<\/tr>\n<tr style=\"height: 17.60pt;\">\n<td class=\"et3\" style=\"height: 17.60pt;\" height=\"17\">Gr\u00f6\u00dfe<\/td>\n<td class=\"et3\">17,8 cm<\/td>\n<\/tr>\n<tr style=\"height: 17.60pt;\">\n<td class=\"et3\" style=\"height: 17.60pt;\" height=\"17\">MOQ<\/td>\n<td class=\"et3\">500St\u00fcck<\/td>\n<\/tr>\n<tr style=\"height: 17.60pt;\">\n<td class=\"et3\" style=\"height: 17.60pt;\" height=\"17\">Benutzerdefiniert<\/td>\n<td class=\"et3\">Farbe\/Gr\u00f6\u00dfe\/Logo\/Verpackung<\/td>\n<\/tr>\n<\/tbody>\n<\/table>","protected":false},"featured_media":4207,"comment_status":"closed","ping_status":"closed","template":"","meta":{"_acf_changed":false},"product_brand":[],"product_cat":[80,89],"product_tag":[88],"class_list":{"0":"post-4204","1":"product","2":"type-product","3":"status-publish","4":"has-post-thumbnail","6":"product_cat-wholesale-ceramic-cutlery","7":"product_cat-ceramic-bulk-spoons","8":"product_tag-japanese-style-dinnerware-set-wholesale","10":"first","11":"instock","12":"shipping-taxable","13":"product-type-simple"},"acf":[],"_links":{"self":[{"href":"https:\/\/www.yongjianceramic.com\/de\/wp-json\/wp\/v2\/product\/4204","targetHints":{"allow":["GET"]}}],"collection":[{"href":"https:\/\/www.yongjianceramic.com\/de\/wp-json\/wp\/v2\/product"}],"about":[{"href":"https:\/\/www.yongjianceramic.com\/de\/wp-json\/wp\/v2\/types\/product"}],"replies":[{"embeddable":true,"href":"https:\/\/www.yongjianceramic.com\/de\/wp-json\/wp\/v2\/comments?post=4204"}],"wp:featuredmedia":[{"embeddable":true,"href":"https:\/\/www.yongjianceramic.com\/de\/wp-json\/wp\/v2\/media\/4207"}],"wp:attachment":[{"href":"https:\/\/www.yongjianceramic.com\/de\/wp-json\/wp\/v2\/media?parent=4204"}],"wp:term":[{"taxonomy":"product_brand","embeddable":true,"href":"https:\/\/www.yongjianceramic.com\/de\/wp-json\/wp\/v2\/product_brand?post=4204"},{"taxonomy":"product_cat","embeddable":true,"href":"https:\/\/www.yongjianceramic.com\/de\/wp-json\/wp\/v2\/product_cat?post=4204"},{"taxonomy":"product_tag","embeddable":true,"href":"https:\/\/www.yongjianceramic.com\/de\/wp-json\/wp\/v2\/product_tag?post=4204"}],"curies":[{"name":"wp","href":"https:\/\/api.w.org\/{rel}","templated":true}]}}