{"id":4211,"date":"2025-01-11T10:15:28","date_gmt":"2025-01-11T02:15:28","guid":{"rendered":"https:\/\/www.yongjianceramic.com\/?post_type=product&#038;p=4211"},"modified":"2025-01-11T10:45:55","modified_gmt":"2025-01-11T02:45:55","slug":"custom-ramen-spoons","status":"publish","type":"product","link":"https:\/\/www.yongjianceramic.com\/de\/produkt\/custom-ramen-spoons\/","title":{"rendered":"Wafu Style Custom Ramen L\u00f6ffel Gro\u00dfhandel, kaufen L\u00f6ffel in Bulk"},"content":{"rendered":"<div class=\"wp-block-columns is-layout-flex wp-container-core-columns-is-layout-9d6595d7 wp-block-columns-is-layout-flex\">\n<div class=\"wp-block-column is-layout-flow wp-block-column-is-layout-flow\">\n<h2 class=\"wp-block-heading\">Premium Custom Ramen L\u00f6ffel Merkmale:<\/h2>\n\n\n\n<ul class=\"wp-block-list\">\n<li><strong>Design und \u00c4sthetik im japanischen Stil: <\/strong>Diese ma\u00dfgeschneiderten Ramenl\u00f6ffel im japanischen Stil kombinieren elegante Form und einfache \u00e4sthetische Elemente, die sich f\u00fcr japanische Restaurants und moderne Familienessen eignen und einen starken orientalischen Stil schaffen.<\/li>\n\n\n\n<li><strong>Hochwertiges keramisches Material: <\/strong>Unsere Keramikl\u00f6ffel in loser Sch\u00fcttung bestehen aus bei hoher Temperatur gebrannter Keramik, mit einer starken und dauerhaften Textur, glatter und zarter Oberfl\u00e4che, die nicht leicht Suppe und Flecken aufnimmt, leicht zu reinigen ist und eine hochwertige Erfahrung f\u00fcr den langfristigen Gebrauch gew\u00e4hrleistet.<\/li>\n\n\n\n<li><strong>Ergonomisches Design: <\/strong>Die Form unserer ma\u00dfgeschneiderten Ramenl\u00f6ffel ist sorgf\u00e4ltig entworfen, der L\u00f6ffelkopf ist m\u00e4\u00dfig tief, und der lange Griff liegt gut in der Hand, was beim Servieren von Suppe, Ramen oder Eintopf praktisch und bequem ist.<\/li>\n\n\n\n<li><strong>Gro\u00dfhandel und kundenspezifische Dienstleistungen:<\/strong> Yongjian Ceramics konzentriert sich auf Gro\u00dfhandelskan\u00e4le, bietet Keramikl\u00f6ffel in gro\u00dfen Mengen an, unterst\u00fctzt die Anpassung von Mustern, Farben und Verpackungen, schafft eine einzigartige Produktkonkurrenz f\u00fcr Kunden und erf\u00fcllt die unterschiedlichen Bed\u00fcrfnisse von Restaurants und Einzelh\u00e4ndlern.<\/li>\n<\/ul>\n<\/div>\n\n\n\n<div class=\"wp-block-column is-vertically-aligned-center is-layout-flow wp-block-column-is-layout-flow\"><div class=\"wp-block-image\">\n<figure class=\"aligncenter size-full\"><img fetchpriority=\"high\" decoding=\"async\" width=\"720\" height=\"720\" src=\"https:\/\/www.yongjianceramic.com\/wp-content\/uploads\/2025\/01\/Wafu-Style-Custom-Ramen-Spoons-Wholesale-Buy-Spoons-In-Bulk-5.webp\" alt=\"Wafu Style Custom Ramen L\u00f6ffel Gro\u00dfhandel, kaufen L\u00f6ffel in Bulk-5\" class=\"wp-image-4216\" srcset=\"https:\/\/www.yongjianceramic.com\/wp-content\/uploads\/2025\/01\/Wafu-Style-Custom-Ramen-Spoons-Wholesale-Buy-Spoons-In-Bulk-5.webp 720w, https:\/\/www.yongjianceramic.com\/wp-content\/uploads\/2025\/01\/Wafu-Style-Custom-Ramen-Spoons-Wholesale-Buy-Spoons-In-Bulk-5-300x300.webp 300w, https:\/\/www.yongjianceramic.com\/wp-content\/uploads\/2025\/01\/Wafu-Style-Custom-Ramen-Spoons-Wholesale-Buy-Spoons-In-Bulk-5-150x150.webp 150w, https:\/\/www.yongjianceramic.com\/wp-content\/uploads\/2025\/01\/Wafu-Style-Custom-Ramen-Spoons-Wholesale-Buy-Spoons-In-Bulk-5-12x12.webp 12w, https:\/\/www.yongjianceramic.com\/wp-content\/uploads\/2025\/01\/Wafu-Style-Custom-Ramen-Spoons-Wholesale-Buy-Spoons-In-Bulk-5-285x285.webp 285w, https:\/\/www.yongjianceramic.com\/wp-content\/uploads\/2025\/01\/Wafu-Style-Custom-Ramen-Spoons-Wholesale-Buy-Spoons-In-Bulk-5-270x270.webp 270w, https:\/\/www.yongjianceramic.com\/wp-content\/uploads\/2025\/01\/Wafu-Style-Custom-Ramen-Spoons-Wholesale-Buy-Spoons-In-Bulk-5-540x540.webp 540w, https:\/\/www.yongjianceramic.com\/wp-content\/uploads\/2025\/01\/Wafu-Style-Custom-Ramen-Spoons-Wholesale-Buy-Spoons-In-Bulk-5-660x660.webp 660w\" sizes=\"(max-width: 720px) 100vw, 720px\" \/><\/figure>\n<\/div><\/div>\n<\/div>","protected":false},"excerpt":{"rendered":"<p>Willkommen zum Kauf von L\u00f6ffeln in gro\u00dfen Mengen. Diese kundenspezifischen Ramen-L\u00f6ffel im Wafu-Stil zeichnen sich durch ein exquisites Design im japanischen Stil und hochwertige Keramikmaterialien aus, die Sch\u00f6nheit und Zweckm\u00e4\u00dfigkeit miteinander verbinden. Sie k\u00f6nnen in gro\u00dfen Mengen geliefert und individuell angepasst werden und sind die ideale Wahl f\u00fcr die Gastronomie und den Einzelhandel.<\/p>\n<table style=\"border-collapse: collapse; width: 322.02pt;\" border=\"0\" width=\"322\" cellspacing=\"0\" cellpadding=\"0\">\n<tbody>\n<tr style=\"height: 17.60pt;\">\n<td class=\"et3\" style=\"height: 17.60pt; width: 120.25pt;\" width=\"120\" height=\"17\">Hersteller<\/td>\n<td class=\"et3\" style=\"width: 202.30pt;\" width=\"202\">Yongjian<\/td>\n<\/tr>\n<tr style=\"height: 18.00pt;\">\n<td class=\"et3\" style=\"height: 18.00pt;\" height=\"18\">Modell Nr.<\/td>\n<td class=\"et4\" style=\"width: 202.30pt;\" width=\"202\">YJ-S05<\/td>\n<\/tr>\n<tr style=\"height: 17.60pt;\">\n<td class=\"et3\" style=\"height: 17.60pt;\" height=\"17\">Produkttyp<\/td>\n<td class=\"et3\">Keramischer L\u00f6ffel<\/td>\n<\/tr>\n<tr style=\"height: 17.60pt;\">\n<td class=\"et3\" style=\"height: 17.60pt;\" height=\"17\">Material<\/td>\n<td class=\"et3\">Porzellan<\/td>\n<\/tr>\n<tr style=\"height: 17.60pt;\">\n<td class=\"et5\" style=\"height: 17.60pt;\" height=\"17\">Farbe<\/td>\n<td class=\"et3\">Farbverlauf<\/td>\n<\/tr>\n<tr style=\"height: 17.60pt;\">\n<td class=\"et3\" style=\"height: 17.60pt;\" height=\"17\">Gr\u00f6\u00dfe<\/td>\n<td class=\"et3\">16,8 cm<\/td>\n<\/tr>\n<tr style=\"height: 17.60pt;\">\n<td class=\"et3\" style=\"height: 17.60pt;\" height=\"17\">MOQ<\/td>\n<td class=\"et3\">500St\u00fcck<\/td>\n<\/tr>\n<tr style=\"height: 17.60pt;\">\n<td class=\"et3\" style=\"height: 17.60pt;\" height=\"17\">Benutzerdefiniert<\/td>\n<td class=\"et3\">Farbe\/Gr\u00f6\u00dfe\/Logo\/Verpackung<\/td>\n<\/tr>\n<\/tbody>\n<\/table>","protected":false},"featured_media":4218,"comment_status":"closed","ping_status":"closed","template":"","meta":{"_acf_changed":false},"product_brand":[],"product_cat":[80,89],"product_tag":[88],"class_list":{"0":"post-4211","1":"product","2":"type-product","3":"status-publish","4":"has-post-thumbnail","6":"product_cat-wholesale-ceramic-cutlery","7":"product_cat-ceramic-bulk-spoons","8":"product_tag-japanese-style-dinnerware-set-wholesale","10":"first","11":"instock","12":"shipping-taxable","13":"product-type-simple"},"acf":[],"_links":{"self":[{"href":"https:\/\/www.yongjianceramic.com\/de\/wp-json\/wp\/v2\/product\/4211","targetHints":{"allow":["GET"]}}],"collection":[{"href":"https:\/\/www.yongjianceramic.com\/de\/wp-json\/wp\/v2\/product"}],"about":[{"href":"https:\/\/www.yongjianceramic.com\/de\/wp-json\/wp\/v2\/types\/product"}],"replies":[{"embeddable":true,"href":"https:\/\/www.yongjianceramic.com\/de\/wp-json\/wp\/v2\/comments?post=4211"}],"wp:featuredmedia":[{"embeddable":true,"href":"https:\/\/www.yongjianceramic.com\/de\/wp-json\/wp\/v2\/media\/4218"}],"wp:attachment":[{"href":"https:\/\/www.yongjianceramic.com\/de\/wp-json\/wp\/v2\/media?parent=4211"}],"wp:term":[{"taxonomy":"product_brand","embeddable":true,"href":"https:\/\/www.yongjianceramic.com\/de\/wp-json\/wp\/v2\/product_brand?post=4211"},{"taxonomy":"product_cat","embeddable":true,"href":"https:\/\/www.yongjianceramic.com\/de\/wp-json\/wp\/v2\/product_cat?post=4211"},{"taxonomy":"product_tag","embeddable":true,"href":"https:\/\/www.yongjianceramic.com\/de\/wp-json\/wp\/v2\/product_tag?post=4211"}],"curies":[{"name":"wp","href":"https:\/\/api.w.org\/{rel}","templated":true}]}}