{"id":4220,"date":"2025-01-11T10:49:04","date_gmt":"2025-01-11T02:49:04","guid":{"rendered":"https:\/\/www.yongjianceramic.com\/?post_type=product&#038;p=4220"},"modified":"2025-01-13T17:09:05","modified_gmt":"2025-01-13T09:09:05","slug":"wholesale-spoons","status":"publish","type":"product","link":"https:\/\/www.yongjianceramic.com\/de\/produkt\/wholesale-spoons\/","title":{"rendered":"T\u00f6pferei Stein Textur Gro\u00dfhandel L\u00f6ffel, Keramik servieren L\u00f6ffel Bulk"},"content":{"rendered":"<div class=\"wp-block-columns is-layout-flex wp-container-core-columns-is-layout-9d6595d7 wp-block-columns-is-layout-flex\">\n<div class=\"wp-block-column is-layout-flow wp-block-column-is-layout-flow\">\n<h2 class=\"wp-block-heading\">Premium-Gro\u00dfhandel L\u00f6ffel Merkmale:<\/h2>\n\n\n\n<ul class=\"wp-block-list\">\n<li><strong>Einzigartiges T\u00f6pferstein-Design: <\/strong>Diese Keramik Gro\u00dfhandel L\u00f6ffel ist inspiriert von Keramik Stein, mit nat\u00fcrlichen und einzigartigen Textur und zarte Textur, so dass jedes Produkt eine einzigartige k\u00fcnstlerische Atmosph\u00e4re, die Verbesserung der Stil und die Pers\u00f6nlichkeit des Esstischs.<\/li>\n\n\n\n<li><strong>Mehrere Farboptionen: <\/strong>Diese keramischen Servierl\u00f6ffel sind in f\u00fcnf exquisiten Farben erh\u00e4ltlich, um den Bed\u00fcrfnissen verschiedener Szenen und Stile gerecht zu werden. Sie eignen sich f\u00fcr den heimischen Esstisch, als Restaurantutensilien oder als Geschenk, flexibel und vielf\u00e4ltig.<\/li>\n\n\n\n<li><strong>Hochwertiges keramisches Material: <\/strong>Unsere Gro\u00dfhandelsl\u00f6ffel werden bei hohen Temperaturen gebrannt, die keramische Struktur ist robust und langlebig, die Oberfl\u00e4che ist glatt und schmutzabweisend und l\u00e4sst sich leicht reinigen, so dass das Produkt auch bei langfristigem Gebrauch wie neu bleibt, wobei sowohl Sch\u00f6nheit als auch Zweckm\u00e4\u00dfigkeit ber\u00fccksichtigt werden.<\/li>\n\n\n\n<li><strong>Lieferung in gro\u00dfen Mengen und Anpassungsm\u00f6glichkeiten: <\/strong>Unsere keramischen Servierl\u00f6ffel k\u00f6nnen in gro\u00dfen Mengen eingekauft werden, und wir bieten auch ma\u00dfgeschneiderte Dienstleistungen f\u00fcr Muster, Gr\u00f6\u00dfen und Verpackungen an, um die unterschiedlichen Bed\u00fcrfnisse von Einzelh\u00e4ndlern, Catering-Unternehmen und High-End-M\u00e4rkten zu erf\u00fcllen.<\/li>\n<\/ul>\n<\/div>\n\n\n\n<div class=\"wp-block-column is-vertically-aligned-center is-layout-flow wp-block-column-is-layout-flow\"><div class=\"wp-block-image\">\n<figure class=\"aligncenter size-full\"><img fetchpriority=\"high\" decoding=\"async\" width=\"800\" height=\"800\" src=\"https:\/\/www.yongjianceramic.com\/wp-content\/uploads\/2025\/01\/Pottery-Stone-Texture-Wholesale-Spoons-Ceramic-Serving-Spoons-Bulk-1.webp\" alt=\"T\u00f6pferei Stein Textur Gro\u00dfhandel L\u00f6ffel, Keramik servieren L\u00f6ffel Bulk-1\" class=\"wp-image-4221\" srcset=\"https:\/\/www.yongjianceramic.com\/wp-content\/uploads\/2025\/01\/Pottery-Stone-Texture-Wholesale-Spoons-Ceramic-Serving-Spoons-Bulk-1.webp 800w, https:\/\/www.yongjianceramic.com\/wp-content\/uploads\/2025\/01\/Pottery-Stone-Texture-Wholesale-Spoons-Ceramic-Serving-Spoons-Bulk-1-300x300.webp 300w, https:\/\/www.yongjianceramic.com\/wp-content\/uploads\/2025\/01\/Pottery-Stone-Texture-Wholesale-Spoons-Ceramic-Serving-Spoons-Bulk-1-150x150.webp 150w, https:\/\/www.yongjianceramic.com\/wp-content\/uploads\/2025\/01\/Pottery-Stone-Texture-Wholesale-Spoons-Ceramic-Serving-Spoons-Bulk-1-768x768.webp 768w, https:\/\/www.yongjianceramic.com\/wp-content\/uploads\/2025\/01\/Pottery-Stone-Texture-Wholesale-Spoons-Ceramic-Serving-Spoons-Bulk-1-12x12.webp 12w, https:\/\/www.yongjianceramic.com\/wp-content\/uploads\/2025\/01\/Pottery-Stone-Texture-Wholesale-Spoons-Ceramic-Serving-Spoons-Bulk-1-285x285.webp 285w, https:\/\/www.yongjianceramic.com\/wp-content\/uploads\/2025\/01\/Pottery-Stone-Texture-Wholesale-Spoons-Ceramic-Serving-Spoons-Bulk-1-270x270.webp 270w, https:\/\/www.yongjianceramic.com\/wp-content\/uploads\/2025\/01\/Pottery-Stone-Texture-Wholesale-Spoons-Ceramic-Serving-Spoons-Bulk-1-540x540.webp 540w, https:\/\/www.yongjianceramic.com\/wp-content\/uploads\/2025\/01\/Pottery-Stone-Texture-Wholesale-Spoons-Ceramic-Serving-Spoons-Bulk-1-660x660.webp 660w\" sizes=\"(max-width: 800px) 100vw, 800px\" \/><\/figure>\n<\/div><\/div>\n<\/div>","protected":false},"excerpt":{"rendered":"<p>Willkommen zum Kauf Keramik servieren L\u00f6ffel bulk. Diese Keramik Stein Textur Gro\u00dfhandel L\u00f6ffel verf\u00fcgt \u00fcber einen nat\u00fcrlichen Stein-Design und f\u00fcnf exquisite Farben. Unterst\u00fctzung Gro\u00dfhandel und Anpassung, ist es eine ideale Wahl f\u00fcr Haus, Gastronomie und Einzelhandel M\u00e4rkte.<\/p>\n<table style=\"border-collapse: collapse; width: 322.02pt;\" border=\"0\" width=\"322\" cellspacing=\"0\" cellpadding=\"0\">\n<tbody>\n<tr style=\"height: 17.60pt;\">\n<td class=\"et3\" style=\"height: 17.60pt; width: 120.25pt;\" width=\"120\" height=\"17\">Hersteller<\/td>\n<td class=\"et3\" style=\"width: 202.30pt;\" width=\"202\">Yongjian<\/td>\n<\/tr>\n<tr style=\"height: 18.00pt;\">\n<td class=\"et3\" style=\"height: 18.00pt;\" height=\"18\">Modell Nr.<\/td>\n<td class=\"et4\" style=\"width: 202.30pt;\" width=\"202\">YJ-S05<\/td>\n<\/tr>\n<tr style=\"height: 17.60pt;\">\n<td class=\"et3\" style=\"height: 17.60pt;\" height=\"17\">Produkttyp<\/td>\n<td class=\"et3\">Keramischer L\u00f6ffel<\/td>\n<\/tr>\n<tr style=\"height: 17.60pt;\">\n<td class=\"et3\" style=\"height: 17.60pt;\" height=\"17\">Material<\/td>\n<td class=\"et3\">Porzellan<\/td>\n<\/tr>\n<tr style=\"height: 17.60pt;\">\n<td class=\"et5\" style=\"height: 17.60pt;\" height=\"17\">Farbe<\/td>\n<td class=\"et3\">Farbverlauf<\/td>\n<\/tr>\n<tr style=\"height: 17.60pt;\">\n<td class=\"et3\" style=\"height: 17.60pt;\" height=\"17\">Gr\u00f6\u00dfe<\/td>\n<td class=\"et3\">16,8 cm<\/td>\n<\/tr>\n<tr style=\"height: 17.60pt;\">\n<td class=\"et3\" style=\"height: 17.60pt;\" height=\"17\">MOQ<\/td>\n<td class=\"et3\">500St\u00fcck<\/td>\n<\/tr>\n<tr style=\"height: 17.60pt;\">\n<td class=\"et3\" style=\"height: 17.60pt;\" height=\"17\">Benutzerdefiniert<\/td>\n<td class=\"et3\">Farbe\/Gr\u00f6\u00dfe\/Logo\/Verpackung<\/td>\n<\/tr>\n<\/tbody>\n<\/table>","protected":false},"featured_media":4224,"comment_status":"closed","ping_status":"closed","template":"","meta":{"_acf_changed":false},"product_brand":[],"product_cat":[80,89],"product_tag":[88],"class_list":{"0":"post-4220","1":"product","2":"type-product","3":"status-publish","4":"has-post-thumbnail","6":"product_cat-wholesale-ceramic-cutlery","7":"product_cat-ceramic-bulk-spoons","8":"product_tag-japanese-style-dinnerware-set-wholesale","10":"first","11":"instock","12":"shipping-taxable","13":"product-type-simple"},"acf":[],"_links":{"self":[{"href":"https:\/\/www.yongjianceramic.com\/de\/wp-json\/wp\/v2\/product\/4220","targetHints":{"allow":["GET"]}}],"collection":[{"href":"https:\/\/www.yongjianceramic.com\/de\/wp-json\/wp\/v2\/product"}],"about":[{"href":"https:\/\/www.yongjianceramic.com\/de\/wp-json\/wp\/v2\/types\/product"}],"replies":[{"embeddable":true,"href":"https:\/\/www.yongjianceramic.com\/de\/wp-json\/wp\/v2\/comments?post=4220"}],"wp:featuredmedia":[{"embeddable":true,"href":"https:\/\/www.yongjianceramic.com\/de\/wp-json\/wp\/v2\/media\/4224"}],"wp:attachment":[{"href":"https:\/\/www.yongjianceramic.com\/de\/wp-json\/wp\/v2\/media?parent=4220"}],"wp:term":[{"taxonomy":"product_brand","embeddable":true,"href":"https:\/\/www.yongjianceramic.com\/de\/wp-json\/wp\/v2\/product_brand?post=4220"},{"taxonomy":"product_cat","embeddable":true,"href":"https:\/\/www.yongjianceramic.com\/de\/wp-json\/wp\/v2\/product_cat?post=4220"},{"taxonomy":"product_tag","embeddable":true,"href":"https:\/\/www.yongjianceramic.com\/de\/wp-json\/wp\/v2\/product_tag?post=4220"}],"curies":[{"name":"wp","href":"https:\/\/api.w.org\/{rel}","templated":true}]}}