{"id":4234,"date":"2025-01-21T17:44:42","date_gmt":"2025-01-21T09:44:42","guid":{"rendered":"https:\/\/www.yongjianceramic.com\/?post_type=product&#038;p=4234"},"modified":"2025-01-21T18:06:37","modified_gmt":"2025-01-21T10:06:37","slug":"dinnerware-bulk","status":"publish","type":"product","link":"https:\/\/www.yongjianceramic.com\/de\/produkt\/dinnerware-bulk\/","title":{"rendered":"Blaues Keramikgeschirr Bulk, Fancy Restaurant Geschirr Bulk"},"content":{"rendered":"<div class=\"wp-block-columns is-layout-flex wp-container-core-columns-is-layout-9d6595d7 wp-block-columns-is-layout-flex\">\n<div class=\"wp-block-column is-layout-flow wp-block-column-is-layout-flow\">\n<h2 class=\"wp-block-heading\">Premium-Geschirr Bulk Merkmale:<\/h2>\n\n\n\n<ul class=\"wp-block-list\">\n<li><strong>Elegantes blaues Design unterstreicht die Sch\u00f6nheit des Tisches:<\/strong> Die Oberfl\u00e4che dieses blauen Keramikgeschirrs ist mit einem glatten Liniendesign versehen, wodurch es sich f\u00fcr gehobene Restaurants und Hotels oder f\u00fcr besondere Bankettszenen eignet.<\/li>\n\n\n\n<li><strong>Verschiedene Gr\u00f6\u00dfenoptionen f\u00fcr unterschiedliche Bed\u00fcrfnisse: <\/strong>Teller und Sch\u00fcsseln in verschiedenen Gr\u00f6\u00dfen sind in unserem Restaurantgeschirr enthalten, um verschiedene Verwendungszwecke zu erf\u00fcllen, von der Vorspeise \u00fcber das Hauptgericht bis zum Dessert, um den Bedarf f\u00fcr die gesamte Mahlzeit zu decken.<\/li>\n\n\n\n<li><strong>Hochwertiges Keramikmaterial, langlebig und leicht zu reinigen: <\/strong>F\u00fcr unser Massengeschirr wird hochwertiges Rohmaterial Keramik verwendet, das robust und langlebig ist. Die Oberfl\u00e4che ist kratzfest und wird nicht so leicht strapaziert. Sie ist leicht zu reinigen und kann f\u00fcr hochfrequentierte Einsatzszenarien wie Restaurants und Bankette verwendet werden.<\/li>\n\n\n\n<li><strong>Gro\u00dfes Angebot zur Deckung des individuellen Bedarfs: <\/strong>Wir bieten Gro\u00dflieferungen f\u00fcr Restaurantgeschirr in gro\u00dfen Mengen an und unterst\u00fctzen die Anpassung von Farbe, Stil und LOGO an die pers\u00f6nlichen Bed\u00fcrfnisse der Kunden, wie Restaurants und Hotels.<\/li>\n<\/ul>\n<\/div>\n\n\n\n<div class=\"wp-block-column is-layout-flow wp-block-column-is-layout-flow\">\n<figure class=\"wp-block-image size-full\"><img fetchpriority=\"high\" decoding=\"async\" width=\"800\" height=\"800\" src=\"https:\/\/www.yongjianceramic.com\/wp-content\/uploads\/2025\/01\/Blue-Ceramic-Dinnerware-Bulk-Fancy-Restaurant-Dishware-Bulk-5.webp\" alt=\"Blaues keramisches Tafelgeschirr Bulk, Fancy Restaurant Dishware Bulk-5\" class=\"wp-image-4239\" srcset=\"https:\/\/www.yongjianceramic.com\/wp-content\/uploads\/2025\/01\/Blue-Ceramic-Dinnerware-Bulk-Fancy-Restaurant-Dishware-Bulk-5.webp 800w, https:\/\/www.yongjianceramic.com\/wp-content\/uploads\/2025\/01\/Blue-Ceramic-Dinnerware-Bulk-Fancy-Restaurant-Dishware-Bulk-5-300x300.webp 300w, https:\/\/www.yongjianceramic.com\/wp-content\/uploads\/2025\/01\/Blue-Ceramic-Dinnerware-Bulk-Fancy-Restaurant-Dishware-Bulk-5-150x150.webp 150w, https:\/\/www.yongjianceramic.com\/wp-content\/uploads\/2025\/01\/Blue-Ceramic-Dinnerware-Bulk-Fancy-Restaurant-Dishware-Bulk-5-768x768.webp 768w, https:\/\/www.yongjianceramic.com\/wp-content\/uploads\/2025\/01\/Blue-Ceramic-Dinnerware-Bulk-Fancy-Restaurant-Dishware-Bulk-5-12x12.webp 12w, https:\/\/www.yongjianceramic.com\/wp-content\/uploads\/2025\/01\/Blue-Ceramic-Dinnerware-Bulk-Fancy-Restaurant-Dishware-Bulk-5-285x285.webp 285w, https:\/\/www.yongjianceramic.com\/wp-content\/uploads\/2025\/01\/Blue-Ceramic-Dinnerware-Bulk-Fancy-Restaurant-Dishware-Bulk-5-270x270.webp 270w, https:\/\/www.yongjianceramic.com\/wp-content\/uploads\/2025\/01\/Blue-Ceramic-Dinnerware-Bulk-Fancy-Restaurant-Dishware-Bulk-5-540x540.webp 540w, https:\/\/www.yongjianceramic.com\/wp-content\/uploads\/2025\/01\/Blue-Ceramic-Dinnerware-Bulk-Fancy-Restaurant-Dishware-Bulk-5-660x660.webp 660w\" sizes=\"(max-width: 800px) 100vw, 800px\" \/><\/figure>\n<\/div>\n<\/div>","protected":false},"excerpt":{"rendered":"<div class=\"lRu31\" dir=\"ltr\">Willkommen zum Kauf von Restaurantgeschirr in gro\u00dfen Mengen. Unser blaues Keramikgeschirr ist elegant und hochwertig, einschlie\u00dflich Teller und Schalen in verschiedenen Gr\u00f6\u00dfen, geeignet f\u00fcr die Pr\u00e4sentation verschiedener Gerichte. Ausgew\u00e4hlte hochwertige Keramik, langlebig und leicht zu reinigen, besonders geeignet f\u00fcr gehobene Restaurants und Hotels.<\/div>\n<div dir=\"ltr\">\n<table style=\"border-collapse: collapse; width: 327.02pt;\" border=\"0\" width=\"654\" cellspacing=\"0\" cellpadding=\"0\">\n<tbody>\n<tr style=\"height: 16.50pt;\">\n<td class=\"et3\" style=\"height: 16.50pt; width: 127.20pt;\" width=\"254\" height=\"33\">Hersteller<\/td>\n<td class=\"et3\" style=\"width: 200.15pt;\" width=\"400\">Yongjian<\/td>\n<\/tr>\n<tr style=\"height: 16.50pt;\">\n<td class=\"et3\" style=\"height: 16.50pt;\" height=\"33\">Modell Nr.<\/td>\n<td class=\"et4\" style=\"width: 200.15pt;\" width=\"400\">YJ-102<\/td>\n<\/tr>\n<tr style=\"height: 16.50pt;\">\n<td class=\"et5\" style=\"height: 16.50pt; width: 127.20pt;\" width=\"254\" height=\"33\">Essgeschirr Typ<\/td>\n<td class=\"et5\" style=\"width: 200.15pt;\" width=\"400\">Teller, Platten, Schalen<\/td>\n<\/tr>\n<tr style=\"height: 16.50pt;\">\n<td class=\"et3\" style=\"height: 16.50pt;\" height=\"33\">Technik<\/td>\n<td class=\"et3\">Ofenglasur-Effekt<\/td>\n<\/tr>\n<tr style=\"height: 16.50pt;\">\n<td class=\"et3\" style=\"height: 16.50pt;\" height=\"33\">Material<\/td>\n<td class=\"et3\">Porzellan<\/td>\n<\/tr>\n<tr style=\"height: 33.00pt;\">\n<td class=\"et6\" style=\"height: 33.00pt;\" height=\"66\">Anwendbar<\/td>\n<td class=\"et5\" style=\"width: 200.15pt;\" width=\"400\">Sterilisator, Geschirrsp\u00fcler, Backofen, Mikrowelle<\/td>\n<\/tr>\n<tr style=\"height: 16.50pt;\">\n<td class=\"et3\" style=\"height: 16.50pt;\" height=\"33\">Dimension<\/td>\n<td class=\"et3\">Als Bild<\/td>\n<\/tr>\n<tr style=\"height: 16.50pt;\">\n<td class=\"et3\" style=\"height: 16.50pt;\" height=\"33\">MOQ<\/td>\n<td class=\"et3\">500St\u00fcck<\/td>\n<\/tr>\n<tr style=\"height: 16.50pt;\">\n<td class=\"et3\" style=\"height: 16.50pt;\" height=\"33\">Benutzerdefiniert<\/td>\n<td class=\"et3\">Farbe\/Gr\u00f6\u00dfe\/Logo\/Verpackung<\/td>\n<\/tr>\n<\/tbody>\n<\/table>\n<\/div>\n<div class=\"UdTY9 WdefRb\" aria-hidden=\"true\" data-location=\"2\">\u00a0<\/div>","protected":false},"featured_media":4237,"comment_status":"closed","ping_status":"closed","template":"","meta":{"_acf_changed":false},"product_brand":[],"product_cat":[64,85],"product_tag":[81],"class_list":{"0":"post-4234","1":"product","2":"type-product","3":"status-publish","4":"has-post-thumbnail","6":"product_cat-dinnerware-sets","7":"product_cat-wholesale-dinnerware-sets","8":"product_tag-modern-design-dinnerware-set-wholesale","10":"first","11":"instock","12":"shipping-taxable","13":"product-type-simple"},"acf":[],"_links":{"self":[{"href":"https:\/\/www.yongjianceramic.com\/de\/wp-json\/wp\/v2\/product\/4234","targetHints":{"allow":["GET"]}}],"collection":[{"href":"https:\/\/www.yongjianceramic.com\/de\/wp-json\/wp\/v2\/product"}],"about":[{"href":"https:\/\/www.yongjianceramic.com\/de\/wp-json\/wp\/v2\/types\/product"}],"replies":[{"embeddable":true,"href":"https:\/\/www.yongjianceramic.com\/de\/wp-json\/wp\/v2\/comments?post=4234"}],"wp:featuredmedia":[{"embeddable":true,"href":"https:\/\/www.yongjianceramic.com\/de\/wp-json\/wp\/v2\/media\/4237"}],"wp:attachment":[{"href":"https:\/\/www.yongjianceramic.com\/de\/wp-json\/wp\/v2\/media?parent=4234"}],"wp:term":[{"taxonomy":"product_brand","embeddable":true,"href":"https:\/\/www.yongjianceramic.com\/de\/wp-json\/wp\/v2\/product_brand?post=4234"},{"taxonomy":"product_cat","embeddable":true,"href":"https:\/\/www.yongjianceramic.com\/de\/wp-json\/wp\/v2\/product_cat?post=4234"},{"taxonomy":"product_tag","embeddable":true,"href":"https:\/\/www.yongjianceramic.com\/de\/wp-json\/wp\/v2\/product_tag?post=4234"}],"curies":[{"name":"wp","href":"https:\/\/api.w.org\/{rel}","templated":true}]}}