{"id":4241,"date":"2025-01-21T17:59:54","date_gmt":"2025-01-21T09:59:54","guid":{"rendered":"https:\/\/www.yongjianceramic.com\/?post_type=product&#038;p=4241"},"modified":"2025-01-21T18:09:15","modified_gmt":"2025-01-21T10:09:15","slug":"wholesale-china-dinnerware","status":"publish","type":"product","link":"https:\/\/www.yongjianceramic.com\/de\/produkt\/wholesale-china-dinnerware\/","title":{"rendered":"Kreatives Design Gro\u00dfhandel China Geschirr, blau Bulk-Platten und Schalen"},"content":{"rendered":"<div class=\"wp-block-columns is-layout-flex wp-container-core-columns-is-layout-9d6595d7 wp-block-columns-is-layout-flex\">\n<div class=\"wp-block-column is-layout-flow wp-block-column-is-layout-flow\">\n<h2 class=\"wp-block-heading\">Premium Gro\u00dfhandel China Geschirr Eigenschaften:<\/h2>\n\n\n\n<ul class=\"wp-block-list\">\n<li><strong>Einzigartiges kreatives Design, k\u00fcnstlerische Sch\u00f6nheit:<\/strong> Die dunkelblaue Glasur flie\u00dft auf nat\u00fcrliche Weise und zeigt eine tiefe Textur wie der Nachthimmel. Jedes St\u00fcck Geschirr ist ein einzigartiges Kunstwerk.<\/li>\n\n\n\n<li><strong>Multi-Size-Kombination, umfassende Praktikabilit\u00e4t: <\/strong>Unser Gro\u00dfhandelsporzellangeschirr umfasst Teller und Sch\u00fcsseln in verschiedenen Gr\u00f6\u00dfen, von Vorspeisen \u00fcber Hauptgerichte bis hin zu Desserts, die den Anforderungen des Tischgebrauchs in vollem Umfang gerecht werden und Komfort und Sch\u00f6nheit beim Essen bieten.<\/li>\n\n\n\n<li><strong>Hochwertige Materialien, langlebig: <\/strong>Diese gro\u00dfen Teller und Sch\u00fcsseln sind aus bei hoher Temperatur gebrannter Keramik, mit glatter und feiner Oberfl\u00e4che, ausgezeichneter Kratzfestigkeit, langlebig und leicht zu reinigen, geeignet f\u00fcr den h\u00e4ufigen Gebrauch im privaten und gewerblichen Bereich.<\/li>\n\n\n\n<li><strong>Lieferung in gro\u00dfen Mengen zur Deckung des individuellen Bedarfs: <\/strong>Unsere Teller und Schalen in gro\u00dfen Mengen k\u00f6nnen in gro\u00dfem Umfang geliefert werden, und wir k\u00f6nnen eine exklusive Anpassung an die Kundenbed\u00fcrfnisse vornehmen, einschlie\u00dflich Gr\u00f6\u00dfe, Farbe und Logodesign, geeignet f\u00fcr kommerzielle Eink\u00e4ufe wie Restaurants und Hotels.<\/li>\n<\/ul>\n<\/div>\n\n\n\n<div class=\"wp-block-column is-layout-flow wp-block-column-is-layout-flow\">\n<figure class=\"wp-block-image size-full\"><img fetchpriority=\"high\" decoding=\"async\" width=\"800\" height=\"800\" src=\"https:\/\/www.yongjianceramic.com\/wp-content\/uploads\/2025\/01\/Creative-Design-Wholesale-China-Dinnerware-Blue-Bulk-Plates-And-Bowls-4.webp\" alt=\"Kreatives Design Gro\u00dfhandel China Geschirr, blau Bulk-Platten und Schalen-4\" class=\"wp-image-4245\" srcset=\"https:\/\/www.yongjianceramic.com\/wp-content\/uploads\/2025\/01\/Creative-Design-Wholesale-China-Dinnerware-Blue-Bulk-Plates-And-Bowls-4.webp 800w, https:\/\/www.yongjianceramic.com\/wp-content\/uploads\/2025\/01\/Creative-Design-Wholesale-China-Dinnerware-Blue-Bulk-Plates-And-Bowls-4-300x300.webp 300w, https:\/\/www.yongjianceramic.com\/wp-content\/uploads\/2025\/01\/Creative-Design-Wholesale-China-Dinnerware-Blue-Bulk-Plates-And-Bowls-4-150x150.webp 150w, https:\/\/www.yongjianceramic.com\/wp-content\/uploads\/2025\/01\/Creative-Design-Wholesale-China-Dinnerware-Blue-Bulk-Plates-And-Bowls-4-768x768.webp 768w, https:\/\/www.yongjianceramic.com\/wp-content\/uploads\/2025\/01\/Creative-Design-Wholesale-China-Dinnerware-Blue-Bulk-Plates-And-Bowls-4-12x12.webp 12w, https:\/\/www.yongjianceramic.com\/wp-content\/uploads\/2025\/01\/Creative-Design-Wholesale-China-Dinnerware-Blue-Bulk-Plates-And-Bowls-4-285x285.webp 285w, https:\/\/www.yongjianceramic.com\/wp-content\/uploads\/2025\/01\/Creative-Design-Wholesale-China-Dinnerware-Blue-Bulk-Plates-And-Bowls-4-270x270.webp 270w, https:\/\/www.yongjianceramic.com\/wp-content\/uploads\/2025\/01\/Creative-Design-Wholesale-China-Dinnerware-Blue-Bulk-Plates-And-Bowls-4-540x540.webp 540w, https:\/\/www.yongjianceramic.com\/wp-content\/uploads\/2025\/01\/Creative-Design-Wholesale-China-Dinnerware-Blue-Bulk-Plates-And-Bowls-4-660x660.webp 660w\" sizes=\"(max-width: 800px) 100vw, 800px\" \/><\/figure>\n<\/div>\n<\/div>","protected":false},"excerpt":{"rendered":"<div class=\"lRu31\" dir=\"ltr\">Willkommen zum Kauf von Tellern und Sch\u00fcsseln in gro\u00dfen Mengen. Unser kreatives Design dunkelblau Gro\u00dfhandel Porzellan Geschirr integriert k\u00fcnstlerische Sch\u00f6nheit in den Esstisch, einschlie\u00dflich Teller und Schalen in verschiedenen Gr\u00f6\u00dfen, um die Bed\u00fcrfnisse der gesamten Mahlzeit zu erf\u00fcllen.<\/div>\n<div dir=\"ltr\">\n<table style=\"border-collapse: collapse; width: 327.02pt;\" border=\"0\" width=\"654\" cellspacing=\"0\" cellpadding=\"0\">\n<tbody>\n<tr style=\"height: 16.50pt;\">\n<td class=\"et3\" style=\"height: 16.50pt; width: 127.20pt;\" width=\"254\" height=\"33\">Hersteller<\/td>\n<td class=\"et3\" style=\"width: 200.15pt;\" width=\"400\">Yongjian<\/td>\n<\/tr>\n<tr style=\"height: 16.50pt;\">\n<td class=\"et3\" style=\"height: 16.50pt;\" height=\"33\">Modell Nr.<\/td>\n<td class=\"et4\" style=\"width: 200.15pt;\" width=\"400\">YJ-103<\/td>\n<\/tr>\n<tr style=\"height: 16.50pt;\">\n<td class=\"et5\" style=\"height: 16.50pt; width: 127.20pt;\" width=\"254\" height=\"33\">Essgeschirr Typ<\/td>\n<td class=\"et5\" style=\"width: 200.15pt;\" width=\"400\">Teller, Platten, Schalen<\/td>\n<\/tr>\n<tr style=\"height: 16.50pt;\">\n<td class=\"et3\" style=\"height: 16.50pt;\" height=\"33\">Technik<\/td>\n<td class=\"et3\">Ofenglasur-Effekt<\/td>\n<\/tr>\n<tr style=\"height: 16.50pt;\">\n<td class=\"et3\" style=\"height: 16.50pt;\" height=\"33\">Material<\/td>\n<td class=\"et3\">Porzellan<\/td>\n<\/tr>\n<tr style=\"height: 33.00pt;\">\n<td class=\"et6\" style=\"height: 33.00pt;\" height=\"66\">Anwendbar<\/td>\n<td class=\"et5\" style=\"width: 200.15pt;\" width=\"400\">Sterilisator, Geschirrsp\u00fcler, Backofen, Mikrowelle<\/td>\n<\/tr>\n<tr style=\"height: 16.50pt;\">\n<td class=\"et3\" style=\"height: 16.50pt;\" height=\"33\">Dimension<\/td>\n<td class=\"et3\">Als Bild<\/td>\n<\/tr>\n<tr style=\"height: 16.50pt;\">\n<td class=\"et3\" style=\"height: 16.50pt;\" height=\"33\">MOQ<\/td>\n<td class=\"et3\">500St\u00fcck<\/td>\n<\/tr>\n<tr style=\"height: 16.50pt;\">\n<td class=\"et3\" style=\"height: 16.50pt;\" height=\"33\">Benutzerdefiniert<\/td>\n<td class=\"et3\">Farbe\/Gr\u00f6\u00dfe\/Logo\/Verpackung<\/td>\n<\/tr>\n<\/tbody>\n<\/table>\n<\/div>\n<div class=\"UdTY9 WdefRb\" aria-hidden=\"true\" data-location=\"2\">\u00a0<\/div>","protected":false},"featured_media":4243,"comment_status":"closed","ping_status":"closed","template":"","meta":{"_acf_changed":false},"product_brand":[],"product_cat":[64,82],"product_tag":[81],"class_list":{"0":"post-4241","1":"product","2":"type-product","3":"status-publish","4":"has-post-thumbnail","6":"product_cat-dinnerware-sets","7":"product_cat-bulk-dinnerware-sets","8":"product_tag-modern-design-dinnerware-set-wholesale","10":"first","11":"instock","12":"shipping-taxable","13":"product-type-simple"},"acf":[],"_links":{"self":[{"href":"https:\/\/www.yongjianceramic.com\/de\/wp-json\/wp\/v2\/product\/4241","targetHints":{"allow":["GET"]}}],"collection":[{"href":"https:\/\/www.yongjianceramic.com\/de\/wp-json\/wp\/v2\/product"}],"about":[{"href":"https:\/\/www.yongjianceramic.com\/de\/wp-json\/wp\/v2\/types\/product"}],"replies":[{"embeddable":true,"href":"https:\/\/www.yongjianceramic.com\/de\/wp-json\/wp\/v2\/comments?post=4241"}],"wp:featuredmedia":[{"embeddable":true,"href":"https:\/\/www.yongjianceramic.com\/de\/wp-json\/wp\/v2\/media\/4243"}],"wp:attachment":[{"href":"https:\/\/www.yongjianceramic.com\/de\/wp-json\/wp\/v2\/media?parent=4241"}],"wp:term":[{"taxonomy":"product_brand","embeddable":true,"href":"https:\/\/www.yongjianceramic.com\/de\/wp-json\/wp\/v2\/product_brand?post=4241"},{"taxonomy":"product_cat","embeddable":true,"href":"https:\/\/www.yongjianceramic.com\/de\/wp-json\/wp\/v2\/product_cat?post=4241"},{"taxonomy":"product_tag","embeddable":true,"href":"https:\/\/www.yongjianceramic.com\/de\/wp-json\/wp\/v2\/product_tag?post=4241"}],"curies":[{"name":"wp","href":"https:\/\/api.w.org\/{rel}","templated":true}]}}