{"id":4247,"date":"2025-01-21T18:29:36","date_gmt":"2025-01-21T10:29:36","guid":{"rendered":"https:\/\/www.yongjianceramic.com\/?post_type=product&#038;p=4247"},"modified":"2025-01-21T18:38:02","modified_gmt":"2025-01-21T10:38:02","slug":"wholesale-ceramic-dinnerware","status":"publish","type":"product","link":"https:\/\/www.yongjianceramic.com\/de\/produkt\/wholesale-ceramic-dinnerware\/","title":{"rendered":"Cartoon Design Gro\u00dfhandel Keramikgeschirr, kommerzielle Geschirr Sets Bulk"},"content":{"rendered":"<div class=\"wp-block-columns is-layout-flex wp-container-core-columns-is-layout-9d6595d7 wp-block-columns-is-layout-flex\">\n<div class=\"wp-block-column is-layout-flow wp-block-column-is-layout-flow\">\n<h2 class=\"wp-block-heading\">Premium-Gro\u00dfhandel Keramik-Geschirr Merkmale:<\/h2>\n\n\n\n<ul class=\"wp-block-list\">\n<li><strong>Innovatives Design im Cartoon-Stil: <\/strong>Dieses Keramikgeschirr f\u00fcr den Gro\u00dfhandel ist mit einzigartigen gepunkteten Linien verziert, die einen zweidimensionalen Cartoon-Stil darstellen. Das interessante Aussehen verleiht dem Essen eine entspannende und angenehme Atmosph\u00e4re und ist bei Familien und jungen Verbrauchern sehr beliebt.<\/li>\n\n\n\n<li><strong>Vielf\u00e4ltige Farb- und Gr\u00f6\u00dfenoptionen: <\/strong>Unsere Geschirrsets f\u00fcr den gewerblichen Bereich bieten eine reiche Farbpalette und eine Vielzahl von Gr\u00f6\u00dfenkombinationen, von kleinen Sch\u00fcsseln bis hin zu gro\u00dfen Tellern, die sich flexibel an verschiedene Gerichte und Essenssituationen anpassen lassen, um unterschiedliche Bed\u00fcrfnisse zu erf\u00fcllen.<\/li>\n\n\n\n<li><strong>Hochwertige Keramik, langlebig: <\/strong>Unser Gro\u00dfhandel Keramik Geschirr ist aus Hochtemperatur gebrannt Keramik, die ausgezeichnete Kratzfestigkeit und Fleckenbest\u00e4ndigkeit, leicht zu reinigen, und geeignet f\u00fcr hochfrequentierte kommerzielle Szenen wie Restaurants oder Caf\u00e9s haben.<\/li>\n\n\n\n<li><strong>Lieferung in gro\u00dfen Mengen und personalisierte Anpassung: <\/strong>Wir unterst\u00fctzen Gro\u00dflieferungen f\u00fcr gewerbliche Geschirrsets in gro\u00dfen Mengen, um den kommerziellen Beschaffungsbedarf zu decken, und k\u00f6nnen exklusive Anpassungsdienste anbieten, einschlie\u00dflich Farbanpassung und LOGO-Design, um Marken dabei zu helfen, ein individuelles Esserlebnis zu schaffen.<\/li>\n<\/ul>\n<\/div>\n\n\n\n<div class=\"wp-block-column is-layout-flow wp-block-column-is-layout-flow\">\n<figure class=\"wp-block-image size-full\"><img fetchpriority=\"high\" decoding=\"async\" width=\"800\" height=\"800\" src=\"https:\/\/www.yongjianceramic.com\/wp-content\/uploads\/2025\/01\/Cartoon-Design-Wholesale-dinnerware-Commercial-Crockery-Sets-Bulk-7.webp\" alt=\"Cartoon Design Gro\u00dfhandel keramischen Geschirr, kommerzielle Geschirr-Sets Bulk-1\" class=\"wp-image-4254\" srcset=\"https:\/\/www.yongjianceramic.com\/wp-content\/uploads\/2025\/01\/Cartoon-Design-Wholesale-dinnerware-Commercial-Crockery-Sets-Bulk-7.webp 800w, https:\/\/www.yongjianceramic.com\/wp-content\/uploads\/2025\/01\/Cartoon-Design-Wholesale-dinnerware-Commercial-Crockery-Sets-Bulk-7-300x300.webp 300w, https:\/\/www.yongjianceramic.com\/wp-content\/uploads\/2025\/01\/Cartoon-Design-Wholesale-dinnerware-Commercial-Crockery-Sets-Bulk-7-150x150.webp 150w, https:\/\/www.yongjianceramic.com\/wp-content\/uploads\/2025\/01\/Cartoon-Design-Wholesale-dinnerware-Commercial-Crockery-Sets-Bulk-7-768x768.webp 768w, https:\/\/www.yongjianceramic.com\/wp-content\/uploads\/2025\/01\/Cartoon-Design-Wholesale-dinnerware-Commercial-Crockery-Sets-Bulk-7-12x12.webp 12w, https:\/\/www.yongjianceramic.com\/wp-content\/uploads\/2025\/01\/Cartoon-Design-Wholesale-dinnerware-Commercial-Crockery-Sets-Bulk-7-285x285.webp 285w, https:\/\/www.yongjianceramic.com\/wp-content\/uploads\/2025\/01\/Cartoon-Design-Wholesale-dinnerware-Commercial-Crockery-Sets-Bulk-7-270x270.webp 270w, https:\/\/www.yongjianceramic.com\/wp-content\/uploads\/2025\/01\/Cartoon-Design-Wholesale-dinnerware-Commercial-Crockery-Sets-Bulk-7-540x540.webp 540w, https:\/\/www.yongjianceramic.com\/wp-content\/uploads\/2025\/01\/Cartoon-Design-Wholesale-dinnerware-Commercial-Crockery-Sets-Bulk-7-660x660.webp 660w\" sizes=\"(max-width: 800px) 100vw, 800px\" \/><\/figure>\n<\/div>\n<\/div>","protected":false},"excerpt":{"rendered":"<div class=\"lRu31\" dir=\"ltr\">Willkommen zum Kauf von kommerziellen Geschirrsets. Dieses Gro\u00dfhandels-Keramikgeschirr im Cartoon-Stil ist mit einzigartigen gepunkteten Linien verziert, die einen interessanten zweidimensionalen Effekt erzeugen. Es bietet eine Vielzahl von Farben und Gr\u00f6\u00dfen, um die Bed\u00fcrfnisse der verschiedenen Szenen zu erf\u00fcllen, und unterst\u00fctzt gro\u00df angelegte Lieferung und Anpassung.<\/div>\n<div dir=\"ltr\">\n<table style=\"border-collapse: collapse; width: 327.02pt;\" border=\"0\" width=\"654\" cellspacing=\"0\" cellpadding=\"0\">\n<tbody>\n<tr style=\"height: 16.50pt;\">\n<td class=\"et3\" style=\"height: 16.50pt; width: 127.20pt;\" width=\"254\" height=\"33\">Hersteller<\/td>\n<td class=\"et3\" style=\"width: 200.15pt;\" width=\"400\">Yongjian<\/td>\n<\/tr>\n<tr style=\"height: 16.50pt;\">\n<td class=\"et3\" style=\"height: 16.50pt;\" height=\"33\">Modell Nr.<\/td>\n<td class=\"et4\" style=\"width: 200.15pt;\" width=\"400\">YJ-104<\/td>\n<\/tr>\n<tr style=\"height: 16.50pt;\">\n<td class=\"et5\" style=\"height: 16.50pt; width: 127.20pt;\" width=\"254\" height=\"33\">Essgeschirr Typ<\/td>\n<td class=\"et5\" style=\"width: 200.15pt;\" width=\"400\">Teller, Platten, Schalen<\/td>\n<\/tr>\n<tr style=\"height: 16.50pt;\">\n<td class=\"et3\" style=\"height: 16.50pt;\" height=\"33\">Technik<\/td>\n<td class=\"et3\">Ofenglasur-Effekt<\/td>\n<\/tr>\n<tr style=\"height: 16.50pt;\">\n<td class=\"et3\" style=\"height: 16.50pt;\" height=\"33\">Material<\/td>\n<td class=\"et3\">Porzellan<\/td>\n<\/tr>\n<tr style=\"height: 33.00pt;\">\n<td class=\"et6\" style=\"height: 33.00pt;\" height=\"66\">Anwendbar<\/td>\n<td class=\"et5\" style=\"width: 200.15pt;\" width=\"400\">Sterilisator, Geschirrsp\u00fcler, Backofen, Mikrowelle<\/td>\n<\/tr>\n<tr style=\"height: 16.50pt;\">\n<td class=\"et3\" style=\"height: 16.50pt;\" height=\"33\">Dimension<\/td>\n<td class=\"et3\">Als Bild<\/td>\n<\/tr>\n<tr style=\"height: 16.50pt;\">\n<td class=\"et3\" style=\"height: 16.50pt;\" height=\"33\">MOQ<\/td>\n<td class=\"et3\">500St\u00fcck<\/td>\n<\/tr>\n<tr style=\"height: 16.50pt;\">\n<td class=\"et3\" style=\"height: 16.50pt;\" height=\"33\">Benutzerdefiniert<\/td>\n<td class=\"et3\">Farbe\/Gr\u00f6\u00dfe\/Logo\/Verpackung<\/td>\n<\/tr>\n<\/tbody>\n<\/table>\n<\/div>\n<div class=\"UdTY9 WdefRb\" aria-hidden=\"true\" data-location=\"2\">\u00a0<\/div>","protected":false},"featured_media":4255,"comment_status":"closed","ping_status":"closed","template":"","meta":{"_acf_changed":false},"product_brand":[],"product_cat":[64,82],"product_tag":[81],"class_list":{"0":"post-4247","1":"product","2":"type-product","3":"status-publish","4":"has-post-thumbnail","6":"product_cat-dinnerware-sets","7":"product_cat-bulk-dinnerware-sets","8":"product_tag-modern-design-dinnerware-set-wholesale","10":"first","11":"instock","12":"shipping-taxable","13":"product-type-simple"},"acf":[],"_links":{"self":[{"href":"https:\/\/www.yongjianceramic.com\/de\/wp-json\/wp\/v2\/product\/4247","targetHints":{"allow":["GET"]}}],"collection":[{"href":"https:\/\/www.yongjianceramic.com\/de\/wp-json\/wp\/v2\/product"}],"about":[{"href":"https:\/\/www.yongjianceramic.com\/de\/wp-json\/wp\/v2\/types\/product"}],"replies":[{"embeddable":true,"href":"https:\/\/www.yongjianceramic.com\/de\/wp-json\/wp\/v2\/comments?post=4247"}],"wp:featuredmedia":[{"embeddable":true,"href":"https:\/\/www.yongjianceramic.com\/de\/wp-json\/wp\/v2\/media\/4255"}],"wp:attachment":[{"href":"https:\/\/www.yongjianceramic.com\/de\/wp-json\/wp\/v2\/media?parent=4247"}],"wp:term":[{"taxonomy":"product_brand","embeddable":true,"href":"https:\/\/www.yongjianceramic.com\/de\/wp-json\/wp\/v2\/product_brand?post=4247"},{"taxonomy":"product_cat","embeddable":true,"href":"https:\/\/www.yongjianceramic.com\/de\/wp-json\/wp\/v2\/product_cat?post=4247"},{"taxonomy":"product_tag","embeddable":true,"href":"https:\/\/www.yongjianceramic.com\/de\/wp-json\/wp\/v2\/product_tag?post=4247"}],"curies":[{"name":"wp","href":"https:\/\/api.w.org\/{rel}","templated":true}]}}