{"id":4283,"date":"2025-02-08T16:28:25","date_gmt":"2025-02-08T08:28:25","guid":{"rendered":"https:\/\/www.yongjianceramic.com\/?post_type=product&#038;p=4283"},"modified":"2025-02-08T16:41:59","modified_gmt":"2025-02-08T08:41:59","slug":"ramen-bowls-bulk","status":"publish","type":"product","link":"https:\/\/www.yongjianceramic.com\/de\/produkt\/ramen-bowls-bulk\/","title":{"rendered":"Klassische japanische Ramen-Sch\u00fcsseln Bulk, Restaurantversorgung Serviersch\u00fcsseln"},"content":{"rendered":"<div class=\"wp-block-columns is-layout-flex wp-container-core-columns-is-layout-9d6595d7 wp-block-columns-is-layout-flex\">\n<div class=\"wp-block-column is-layout-flow wp-block-column-is-layout-flow\">\n<h2 class=\"wp-block-heading\">Premium Ramen-Sch\u00fcsseln Bulk Merkmale:<\/h2>\n\n\n\n<ul class=\"wp-block-list\">\n<li><strong>Klassisches japanisches Retro-Design:<\/strong> Diese Ramen-Schalen aus Keramik sind im klassischen japanischen Retro-Stil gehalten, mit eleganten und glatten Linien, und das Design ist von traditionellen Ramen-Schalen inspiriert. Sein Retro-Design ist reich an kulturellem Erbe und modern, die sehr geeignet f\u00fcr die Anzeige der traditionellen japanischen Ramen, Suppe Nudeln und andere K\u00f6stlichkeiten ist.<\/li>\n\n\n\n<li><strong>Rutschfester Schalenboden, stabil und langlebig: <\/strong>Anti-Rutsch-Boden verhindert das Verrutschen der Sch\u00fcssel, die Gew\u00e4hrleistung der Haltbarkeit durch Anti-Rutsch-Technologie an der Unterseite des Restaurants dienen Schalen Gro\u00dfhandel Schalen angenommen. Es verhindert nicht nur das Verrutschen des Geschirrs, sondern sorgt auch f\u00fcr mehr Stabilit\u00e4t w\u00e4hrend des Gebrauchs. Es kann die Stabilit\u00e4t der Sch\u00fcsseln w\u00e4hrend der Hektik im Restaurant und w\u00e4hrend des t\u00e4glichen Essens in der Familie garantieren, was das Versch\u00fctten und Umkippen der Sch\u00fcsseln reduzieren k\u00f6nnte.<\/li>\n\n\n\n<li><strong>Es sind drei Gr\u00f6\u00dfen erh\u00e4ltlich: <\/strong>Diese Keramiksch\u00fcsseln f\u00fcr Ramen gibt es in drei Gr\u00f6\u00dfen, n\u00e4mlich 7,5, 8 und 9 Zoll, die f\u00fcr verschiedene Arten von Ramen, Suppennudeln, Salaten oder Beilagen verwendet werden k\u00f6nnen. Ob es eine kleine Portion Suppennudeln oder eine gro\u00dfe Sch\u00fcssel Nudeln ist, k\u00f6nnen Sie die am besten geeignete Gr\u00f6\u00dfe zu finden.<\/li>\n\n\n\n<li><strong>Bei hoher Temperatur gebrannt, langlebig und best\u00e4ndig: <\/strong>Unser Restaurant servieren Schalen Gro\u00dfhandel sind aus dem besten Roh-Keramik-Material hergestellt. Es ist Hochtemperatur gebrannt, so dass die Schale K\u00f6rper ist hart und widerstandsf\u00e4hig gegen Hitze und Kratzer; die Oberfl\u00e4che ist glatt und hell f\u00fcr eine einfache Reinigung.<\/li>\n<\/ul>\n<\/div>\n\n\n\n<div class=\"wp-block-column is-vertically-aligned-center is-layout-flow wp-block-column-is-layout-flow\"><div class=\"wp-block-image\">\n<figure class=\"aligncenter size-full\"><img fetchpriority=\"high\" decoding=\"async\" width=\"720\" height=\"720\" src=\"https:\/\/www.yongjianceramic.com\/wp-content\/uploads\/2025\/02\/Classic-Japanese-Ramen-Bowls-Bulk-Restaurant-Supply-Serving-Bowls-3.jpg\" alt=\"Klassische japanische Ramen-Sch\u00fcsseln Bulk, Restaurant Versorgung servieren Schalen-3\" class=\"wp-image-4286\" srcset=\"https:\/\/www.yongjianceramic.com\/wp-content\/uploads\/2025\/02\/Classic-Japanese-Ramen-Bowls-Bulk-Restaurant-Supply-Serving-Bowls-3.jpg 720w, https:\/\/www.yongjianceramic.com\/wp-content\/uploads\/2025\/02\/Classic-Japanese-Ramen-Bowls-Bulk-Restaurant-Supply-Serving-Bowls-3-300x300.jpg 300w, https:\/\/www.yongjianceramic.com\/wp-content\/uploads\/2025\/02\/Classic-Japanese-Ramen-Bowls-Bulk-Restaurant-Supply-Serving-Bowls-3-150x150.jpg 150w, https:\/\/www.yongjianceramic.com\/wp-content\/uploads\/2025\/02\/Classic-Japanese-Ramen-Bowls-Bulk-Restaurant-Supply-Serving-Bowls-3-12x12.jpg 12w, https:\/\/www.yongjianceramic.com\/wp-content\/uploads\/2025\/02\/Classic-Japanese-Ramen-Bowls-Bulk-Restaurant-Supply-Serving-Bowls-3-285x285.jpg 285w, https:\/\/www.yongjianceramic.com\/wp-content\/uploads\/2025\/02\/Classic-Japanese-Ramen-Bowls-Bulk-Restaurant-Supply-Serving-Bowls-3-270x270.jpg 270w, https:\/\/www.yongjianceramic.com\/wp-content\/uploads\/2025\/02\/Classic-Japanese-Ramen-Bowls-Bulk-Restaurant-Supply-Serving-Bowls-3-540x540.jpg 540w, https:\/\/www.yongjianceramic.com\/wp-content\/uploads\/2025\/02\/Classic-Japanese-Ramen-Bowls-Bulk-Restaurant-Supply-Serving-Bowls-3-660x660.jpg 660w\" sizes=\"(max-width: 720px) 100vw, 720px\" \/><\/figure>\n<\/div><\/div>\n<\/div>","protected":false},"excerpt":{"rendered":"<p>Willkommen zum Kauf Restaurant Versorgung servieren Schalen. Unsere keramischen Ramen-Schalen bulk nimmt klassische japanische Retro-Design, der Boden der Sch\u00fcssel ist rutschfest, und es gibt 3 Gr\u00f6\u00dfen zur Auswahl, geeignet f\u00fcr Ramen, Suppe Nudeln, Salate und andere K\u00f6stlichkeiten.<\/p>\n<table style=\"border-collapse: collapse; width: 365.02pt;\" border=\"0\" width=\"365\" cellspacing=\"0\" cellpadding=\"0\">\n<tbody>\n<tr style=\"height: 17.60pt;\">\n<td class=\"et3\" style=\"height: 17.60pt; width: 120.25pt;\" width=\"120\" height=\"17\">Hersteller<\/td>\n<td class=\"et3\" style=\"width: 245.25pt;\" width=\"245\">Yongjian<\/td>\n<\/tr>\n<tr style=\"height: 18.00pt;\">\n<td class=\"et3\" style=\"height: 18.00pt;\" height=\"18\">Modell Nr.<\/td>\n<td class=\"et4\" style=\"width: 245.25pt;\" width=\"245\">YJ-B02<\/td>\n<\/tr>\n<tr style=\"height: 18.00pt;\">\n<td class=\"et3\" style=\"height: 18.00pt;\" height=\"18\">Produkttyp<\/td>\n<td class=\"et4\" style=\"width: 245.25pt;\" width=\"245\">Suppe &amp; Ramen-Schale<\/td>\n<\/tr>\n<tr style=\"height: 17.60pt;\">\n<td class=\"et3\" style=\"height: 17.60pt;\" height=\"17\">Material<\/td>\n<td class=\"et3\">Porzellan<\/td>\n<\/tr>\n<tr style=\"height: 17.60pt;\">\n<td class=\"et5\" style=\"height: 17.60pt;\" height=\"17\">Farbe<\/td>\n<td class=\"et3\">Wei\u00df\/ Schwarz<\/td>\n<\/tr>\n<tr style=\"height: 18.00pt;\">\n<td class=\"et3\" style=\"height: 18.00pt;\" height=\"18\">Dimension<\/td>\n<td class=\"et4\" style=\"width: 245.25pt;\" width=\"245\">\n<p>7-Zoll:18,5*18,5*7,5, 8-Zoll:19,4*19,4*8, 9-Zoll:23*23*10<\/p>\n<\/td>\n<\/tr>\n<tr style=\"height: 17.60pt;\">\n<td class=\"et3\" style=\"height: 17.60pt;\" height=\"17\">MOQ<\/td>\n<td class=\"et3\">500St\u00fcck<\/td>\n<\/tr>\n<tr style=\"height: 17.60pt;\">\n<td class=\"et3\" style=\"height: 17.60pt;\" height=\"17\">Benutzerdefiniert<\/td>\n<td class=\"et3\">Farbe\/Gr\u00f6\u00dfe\/Logo\/Verpackung<\/td>\n<\/tr>\n<\/tbody>\n<\/table>","protected":false},"featured_media":4287,"comment_status":"closed","ping_status":"closed","template":"","meta":{"_acf_changed":false},"product_brand":[],"product_cat":[73,63],"product_tag":[88],"class_list":{"0":"post-4283","1":"product","2":"type-product","3":"status-publish","4":"has-post-thumbnail","6":"product_cat-bulk-soup-bowls","7":"product_cat-wholesale-bowls","8":"product_tag-japanese-style-dinnerware-set-wholesale","10":"first","11":"instock","12":"shipping-taxable","13":"product-type-simple"},"acf":[],"_links":{"self":[{"href":"https:\/\/www.yongjianceramic.com\/de\/wp-json\/wp\/v2\/product\/4283","targetHints":{"allow":["GET"]}}],"collection":[{"href":"https:\/\/www.yongjianceramic.com\/de\/wp-json\/wp\/v2\/product"}],"about":[{"href":"https:\/\/www.yongjianceramic.com\/de\/wp-json\/wp\/v2\/types\/product"}],"replies":[{"embeddable":true,"href":"https:\/\/www.yongjianceramic.com\/de\/wp-json\/wp\/v2\/comments?post=4283"}],"wp:featuredmedia":[{"embeddable":true,"href":"https:\/\/www.yongjianceramic.com\/de\/wp-json\/wp\/v2\/media\/4287"}],"wp:attachment":[{"href":"https:\/\/www.yongjianceramic.com\/de\/wp-json\/wp\/v2\/media?parent=4283"}],"wp:term":[{"taxonomy":"product_brand","embeddable":true,"href":"https:\/\/www.yongjianceramic.com\/de\/wp-json\/wp\/v2\/product_brand?post=4283"},{"taxonomy":"product_cat","embeddable":true,"href":"https:\/\/www.yongjianceramic.com\/de\/wp-json\/wp\/v2\/product_cat?post=4283"},{"taxonomy":"product_tag","embeddable":true,"href":"https:\/\/www.yongjianceramic.com\/de\/wp-json\/wp\/v2\/product_tag?post=4283"}],"curies":[{"name":"wp","href":"https:\/\/api.w.org\/{rel}","templated":true}]}}