{"id":4296,"date":"2025-02-19T15:10:54","date_gmt":"2025-02-19T07:10:54","guid":{"rendered":"https:\/\/www.yongjianceramic.com\/?post_type=product&#038;p=4296"},"modified":"2025-02-19T15:10:57","modified_gmt":"2025-02-19T07:10:57","slug":"bespoke-dinnerware","status":"publish","type":"product","link":"https:\/\/www.yongjianceramic.com\/de\/produkt\/bespoke-dinnerware\/","title":{"rendered":"Delicate Bespoke Dinnerware Bulk, Teller und Sch\u00fcsseln im Gro\u00dfhandel"},"content":{"rendered":"<div class=\"wp-block-columns is-layout-flex wp-container-core-columns-is-layout-9d6595d7 wp-block-columns-is-layout-flex\">\n<div class=\"wp-block-column is-layout-flow wp-block-column-is-layout-flow\">\n<h2 class=\"wp-block-heading\">Premium Bespoke-Geschirr Merkmale:<\/h2>\n\n\n\n<ul class=\"wp-block-list\">\n<li><strong>Zweifarbiges klassisches Design, einfach und doch hochwertig: <\/strong>Dieses ma\u00dfgeschneiderte Geschirr ist in den Farben Wei\u00df und Marineblau gehalten, die in ihrer Schlichtheit stilvoll sind. Es ist mit einer Reihe von Esstisch-Designs kompatibel und kann einen Hauch von Eleganz und Geschmack in die Essatmosph\u00e4re bringen, ganz gleich, ob es sich um den t\u00e4glichen Familienkonsum oder gro\u00dfe Bankette handelt.<\/li>\n\n\n\n<li><strong>Mattierte Glasurtechnologie, angenehm zu ber\u00fchren und rutschfest: <\/strong>Unsere Teller und Sch\u00fcsseln f\u00fcr den Gro\u00dfhandel werden mit einer speziellen, gefrosteten Glasur behandelt, die sich weich und zart anf\u00fchlt. Sie sind nicht nur rutschfest und leicht zu halten, sondern auch frei von Fingerabdr\u00fccken. Sie sind nicht nur praktisch, sondern auch modisch und verleihen dem Geschirr einen dezenten Luxus.<\/li>\n\n\n\n<li><strong>Hochfestes Keramikmaterial, langlebig und leicht zu reinigen: <\/strong>Unser ma\u00dfgeschneidertes Geschirr wird aus hochwertiger Keramik hergestellt, die bei hohen Temperaturen gebrannt wird und nicht leicht zu verschlei\u00dfen, langlebig und robust ist. Die Oberfl\u00e4che ist glatt und einfach zu reinigen und eignet sich perfekt f\u00fcr den regelm\u00e4\u00dfigen Gebrauch in der privaten oder gesch\u00e4ftlichen Gastronomie und bleibt \u00fcber Jahre hinweg wie neu.<\/li>\n\n\n\n<li><strong>Massenanpassungsservice f\u00fcr individuelle Bed\u00fcrfnisse:<\/strong> Unsere Teller und Schalen f\u00fcr den Gro\u00dfhandel k\u00f6nnen je nach Kundenwunsch farblich ver\u00e4ndert, glasiert oder mit Logos, Mustern oder Text bedruckt werden. Durch die Individualisierung schaffen Sie einen pers\u00f6nlichen Markenstil und erh\u00f6hen das Markenbewusstsein.<\/li>\n<\/ul>\n<\/div>\n\n\n\n<div class=\"wp-block-column is-layout-flow wp-block-column-is-layout-flow\">\n<figure class=\"wp-block-image size-full\"><img fetchpriority=\"high\" decoding=\"async\" width=\"800\" height=\"800\" src=\"https:\/\/www.yongjianceramic.com\/wp-content\/uploads\/2025\/02\/Tableware-Set-Supplier-Custom-Ceramic-Bowl-Chinese-Teaware-Wholesale-Reactive-Glazed-20.webp\" alt=\"Delicate Bespoke Dinnerware Bulk, Teller und Schalen Gro\u00dfhandel-2\" class=\"wp-image-4316\" srcset=\"https:\/\/www.yongjianceramic.com\/wp-content\/uploads\/2025\/02\/Tableware-Set-Supplier-Custom-Ceramic-Bowl-Chinese-Teaware-Wholesale-Reactive-Glazed-20.webp 800w, https:\/\/www.yongjianceramic.com\/wp-content\/uploads\/2025\/02\/Tableware-Set-Supplier-Custom-Ceramic-Bowl-Chinese-Teaware-Wholesale-Reactive-Glazed-20-300x300.webp 300w, https:\/\/www.yongjianceramic.com\/wp-content\/uploads\/2025\/02\/Tableware-Set-Supplier-Custom-Ceramic-Bowl-Chinese-Teaware-Wholesale-Reactive-Glazed-20-150x150.webp 150w, https:\/\/www.yongjianceramic.com\/wp-content\/uploads\/2025\/02\/Tableware-Set-Supplier-Custom-Ceramic-Bowl-Chinese-Teaware-Wholesale-Reactive-Glazed-20-768x768.webp 768w, https:\/\/www.yongjianceramic.com\/wp-content\/uploads\/2025\/02\/Tableware-Set-Supplier-Custom-Ceramic-Bowl-Chinese-Teaware-Wholesale-Reactive-Glazed-20-12x12.webp 12w, https:\/\/www.yongjianceramic.com\/wp-content\/uploads\/2025\/02\/Tableware-Set-Supplier-Custom-Ceramic-Bowl-Chinese-Teaware-Wholesale-Reactive-Glazed-20-285x285.webp 285w, https:\/\/www.yongjianceramic.com\/wp-content\/uploads\/2025\/02\/Tableware-Set-Supplier-Custom-Ceramic-Bowl-Chinese-Teaware-Wholesale-Reactive-Glazed-20-270x270.webp 270w, https:\/\/www.yongjianceramic.com\/wp-content\/uploads\/2025\/02\/Tableware-Set-Supplier-Custom-Ceramic-Bowl-Chinese-Teaware-Wholesale-Reactive-Glazed-20-540x540.webp 540w, https:\/\/www.yongjianceramic.com\/wp-content\/uploads\/2025\/02\/Tableware-Set-Supplier-Custom-Ceramic-Bowl-Chinese-Teaware-Wholesale-Reactive-Glazed-20-660x660.webp 660w\" sizes=\"(max-width: 800px) 100vw, 800px\" \/><\/figure>\n<\/div>\n<\/div>\n\n\n\n<p><\/p>","protected":false},"excerpt":{"rendered":"<p>Willkommen zum Kauf von Tellern und Sch\u00fcsseln im Gro\u00dfhandel. Unser ma\u00dfgeschneidertes Geschirr in Wei\u00df und Dunkelblau weist ein mattes Glasurmuster auf, das zart und elegant ist. Hochwertiges Keramikmaterial ist sicher, langlebig und erm\u00f6glicht die individuelle Gestaltung von Massenprodukten.<\/p>\n<table style=\"border-collapse: collapse; width: 327.02pt;\" border=\"0\" width=\"654\" cellspacing=\"0\" cellpadding=\"0\">\n<tbody>\n<tr style=\"height: 16.50pt;\">\n<td class=\"et3\" style=\"height: 16.50pt; width: 127.20pt;\" width=\"254\" height=\"33\">Hersteller<\/td>\n<td class=\"et3\" style=\"width: 200.15pt;\" width=\"400\">Yongjian<\/td>\n<\/tr>\n<tr style=\"height: 16.50pt;\">\n<td class=\"et3\" style=\"height: 16.50pt;\" height=\"33\">Modell Nr.<\/td>\n<td class=\"et4\" style=\"width: 200.15pt;\" width=\"400\">YJ-104<\/td>\n<\/tr>\n<tr style=\"height: 16.50pt;\">\n<td class=\"et5\" style=\"height: 16.50pt; width: 127.20pt;\" width=\"254\" height=\"33\">Essgeschirr Typ<\/td>\n<td class=\"et5\" style=\"width: 200.15pt;\" width=\"400\">Teller, Platten, Schalen<\/td>\n<\/tr>\n<tr style=\"height: 16.50pt;\">\n<td class=\"et3\" style=\"height: 16.50pt;\" height=\"33\">Technik<\/td>\n<td class=\"et3\">Ofenglasur-Effekt<\/td>\n<\/tr>\n<tr style=\"height: 16.50pt;\">\n<td class=\"et3\" style=\"height: 16.50pt;\" height=\"33\">Material<\/td>\n<td class=\"et3\">Porzellan<\/td>\n<\/tr>\n<tr style=\"height: 33.00pt;\">\n<td class=\"et6\" style=\"height: 33.00pt;\" height=\"66\">Anwendbar<\/td>\n<td class=\"et5\" style=\"width: 200.15pt;\" width=\"400\">Sterilisator, Geschirrsp\u00fcler, Backofen, Mikrowelle<\/td>\n<\/tr>\n<tr style=\"height: 16.50pt;\">\n<td class=\"et3\" style=\"height: 16.50pt;\" height=\"33\">Dimension<\/td>\n<td class=\"et3\">Als Bild<\/td>\n<\/tr>\n<tr style=\"height: 16.50pt;\">\n<td class=\"et3\" style=\"height: 16.50pt;\" height=\"33\">MOQ<\/td>\n<td class=\"et3\">500St\u00fcck<\/td>\n<\/tr>\n<tr style=\"height: 16.50pt;\">\n<td class=\"et3\" style=\"height: 16.50pt;\" height=\"33\">Benutzerdefiniert<\/td>\n<td class=\"et3\">Farbe\/Gr\u00f6\u00dfe\/Logo\/Verpackung<\/td>\n<\/tr>\n<\/tbody>\n<\/table>","protected":false},"featured_media":4315,"comment_status":"closed","ping_status":"closed","template":"","meta":{"_acf_changed":false},"product_brand":[],"product_cat":[64,82,85],"product_tag":[81,86],"class_list":{"0":"post-4296","1":"product","2":"type-product","3":"status-publish","4":"has-post-thumbnail","6":"product_cat-dinnerware-sets","7":"product_cat-bulk-dinnerware-sets","8":"product_cat-wholesale-dinnerware-sets","9":"product_tag-modern-design-dinnerware-set-wholesale","10":"product_tag-oriental-style-dinnerware-wholesale","12":"first","13":"instock","14":"shipping-taxable","15":"product-type-simple"},"acf":[],"_links":{"self":[{"href":"https:\/\/www.yongjianceramic.com\/de\/wp-json\/wp\/v2\/product\/4296","targetHints":{"allow":["GET"]}}],"collection":[{"href":"https:\/\/www.yongjianceramic.com\/de\/wp-json\/wp\/v2\/product"}],"about":[{"href":"https:\/\/www.yongjianceramic.com\/de\/wp-json\/wp\/v2\/types\/product"}],"replies":[{"embeddable":true,"href":"https:\/\/www.yongjianceramic.com\/de\/wp-json\/wp\/v2\/comments?post=4296"}],"wp:featuredmedia":[{"embeddable":true,"href":"https:\/\/www.yongjianceramic.com\/de\/wp-json\/wp\/v2\/media\/4315"}],"wp:attachment":[{"href":"https:\/\/www.yongjianceramic.com\/de\/wp-json\/wp\/v2\/media?parent=4296"}],"wp:term":[{"taxonomy":"product_brand","embeddable":true,"href":"https:\/\/www.yongjianceramic.com\/de\/wp-json\/wp\/v2\/product_brand?post=4296"},{"taxonomy":"product_cat","embeddable":true,"href":"https:\/\/www.yongjianceramic.com\/de\/wp-json\/wp\/v2\/product_cat?post=4296"},{"taxonomy":"product_tag","embeddable":true,"href":"https:\/\/www.yongjianceramic.com\/de\/wp-json\/wp\/v2\/product_tag?post=4296"}],"curies":[{"name":"wp","href":"https:\/\/api.w.org\/{rel}","templated":true}]}}