{"id":4346,"date":"2025-02-19T14:19:25","date_gmt":"2025-02-19T06:19:25","guid":{"rendered":"https:\/\/www.yongjianceramic.com\/?post_type=product&#038;p=4346"},"modified":"2025-02-19T14:19:27","modified_gmt":"2025-02-19T06:19:27","slug":"salad-plates-bulk","status":"publish","type":"product","link":"https:\/\/www.yongjianceramic.com\/de\/produkt\/salad-plates-bulk\/","title":{"rendered":"Keramische Salatteller Bulk, benutzerdefinierte Bestellung Sushi-Platten Gro\u00dfhandel"},"content":{"rendered":"<div class=\"wp-block-columns is-layout-flex wp-container-core-columns-is-layout-9d6595d7 wp-block-columns-is-layout-flex\">\n<div class=\"wp-block-column is-layout-flow wp-block-column-is-layout-flow\">\n<h2 class=\"wp-block-heading\">Premium Salatteller Bulk Merkmale:<\/h2>\n\n\n\n<ul class=\"wp-block-list\">\n<li><strong>Design im japanischen Stil:<\/strong> Diese Keramik-Salatteller haben einen klassischen japanischen Stil, der modern und doch edel ist. Es ist extrem einfach, in die meisten Sets des Esstischs zu mischen, entweder Familienessen, Restaurants oder japanische Lebensmittelgesch\u00e4fte, es kann verwendet werden, um den Esstisch zu dekorieren und zu verfeinern.<\/li>\n\n\n\n<li><strong>Langlebig und umweltfreundlich:<\/strong> Unsere Sushi-Teller Gro\u00dfhandel sind aus hochwertiger Keramik mit einer harten \u00e4u\u00dferen Schicht und glatte Oberfl\u00e4che, und nicht anf\u00e4llig f\u00fcr Verschlei\u00df oder Verf\u00e4rbung gemacht. Keramische Materialien sind umweltfreundlich und ungiftig, k\u00f6nnen verwendet werden, um alle Arten von Lebensmitteln zu tragen, und sind leicht zu reinigen, geeignet f\u00fcr den wiederholten Gebrauch.<\/li>\n\n\n\n<li><strong>Geeignet f\u00fcr eine Vielzahl von Anl\u00e4ssen: <\/strong>Nicht nur f\u00fcr Salate, sondern auch als Sushi-Teller, Vorspeisenteller, Dessertteller oder Snack-Teller sind diese Gro\u00dfhandels-Keramikteller ideal und erf\u00fcllen die vielf\u00e4ltigen Anforderungen von Familienfeiern, Partys, Banketten oder Gesch\u00e4ftscaterings und sind \u00e4u\u00dferst praktisch.<\/li>\n\n\n\n<li><strong>Unterst\u00fctzung der Massenanpassung:<\/strong> Wir bieten die Individualisierung von Salattellern in gro\u00dfen Mengen an und k\u00f6nnen Texte, Muster oder Logos nach den Bed\u00fcrfnissen des Kunden drucken. Mit der Anpassung, pr\u00e4sentieren Markencharakteristiken und tragen zu einem kompletten Essenserlebnis.<\/li>\n<\/ul>\n<\/div>\n\n\n\n<div class=\"wp-block-column is-layout-flow wp-block-column-is-layout-flow\">\n<figure class=\"wp-block-image size-full\"><img fetchpriority=\"high\" decoding=\"async\" width=\"800\" height=\"800\" src=\"https:\/\/www.yongjianceramic.com\/wp-content\/uploads\/2025\/02\/Bulk-Dinner-Salad-Plates-Custom-Noodle-Bowl-China-Dinnerware-For-Sale-1.webp\" alt=\"Keramische Salatteller Bulk, benutzerdefinierte Vorspeise Teller zu verkaufen-1\" class=\"wp-image-4347\" srcset=\"https:\/\/www.yongjianceramic.com\/wp-content\/uploads\/2025\/02\/Bulk-Dinner-Salad-Plates-Custom-Noodle-Bowl-China-Dinnerware-For-Sale-1.webp 800w, https:\/\/www.yongjianceramic.com\/wp-content\/uploads\/2025\/02\/Bulk-Dinner-Salad-Plates-Custom-Noodle-Bowl-China-Dinnerware-For-Sale-1-300x300.webp 300w, https:\/\/www.yongjianceramic.com\/wp-content\/uploads\/2025\/02\/Bulk-Dinner-Salad-Plates-Custom-Noodle-Bowl-China-Dinnerware-For-Sale-1-150x150.webp 150w, https:\/\/www.yongjianceramic.com\/wp-content\/uploads\/2025\/02\/Bulk-Dinner-Salad-Plates-Custom-Noodle-Bowl-China-Dinnerware-For-Sale-1-768x768.webp 768w, https:\/\/www.yongjianceramic.com\/wp-content\/uploads\/2025\/02\/Bulk-Dinner-Salad-Plates-Custom-Noodle-Bowl-China-Dinnerware-For-Sale-1-12x12.webp 12w, https:\/\/www.yongjianceramic.com\/wp-content\/uploads\/2025\/02\/Bulk-Dinner-Salad-Plates-Custom-Noodle-Bowl-China-Dinnerware-For-Sale-1-285x285.webp 285w, https:\/\/www.yongjianceramic.com\/wp-content\/uploads\/2025\/02\/Bulk-Dinner-Salad-Plates-Custom-Noodle-Bowl-China-Dinnerware-For-Sale-1-270x270.webp 270w, https:\/\/www.yongjianceramic.com\/wp-content\/uploads\/2025\/02\/Bulk-Dinner-Salad-Plates-Custom-Noodle-Bowl-China-Dinnerware-For-Sale-1-540x540.webp 540w, https:\/\/www.yongjianceramic.com\/wp-content\/uploads\/2025\/02\/Bulk-Dinner-Salad-Plates-Custom-Noodle-Bowl-China-Dinnerware-For-Sale-1-660x660.webp 660w\" sizes=\"(max-width: 800px) 100vw, 800px\" \/><\/figure>\n<\/div>\n<\/div>\n\n\n\n<p><\/p>","protected":false},"excerpt":{"rendered":"<p>Willkommen zum Kauf von Salattellern in gro\u00dfen Mengen. Diese keramischen Sushi-Teller im japanischen Stil Gro\u00dfhandel basieren auf einfachem Design und hochwertigen keramischen Materialien, die Sch\u00f6nheit und Praktikabilit\u00e4t kombinieren. Es unterst\u00fctzt Batch-Anpassung und eignet sich f\u00fcr den Einsatz in Wohnungen, Restaurants oder kommerziellen Aktivit\u00e4ten. Es ist die perfekte Wahl, um den Stil und die Funktionalit\u00e4t des Esstischs zu verbessern!<\/p>\n<table style=\"border-collapse: collapse; width: 327.02pt;\" border=\"0\" width=\"654\" cellspacing=\"0\" cellpadding=\"0\">\n<tbody>\n<tr style=\"height: 16.50pt;\">\n<td class=\"et3\" style=\"height: 16.50pt; width: 127.20pt;\" width=\"254\" height=\"33\">Hersteller<\/td>\n<td class=\"et3\" style=\"width: 200.15pt;\" width=\"400\">Yongjian<\/td>\n<\/tr>\n<tr style=\"height: 16.50pt;\">\n<td class=\"et3\" style=\"height: 16.50pt;\" height=\"33\">Modell Nr.<\/td>\n<td class=\"et4\" style=\"width: 200.15pt;\" width=\"400\">YJ-107<\/td>\n<\/tr>\n<tr style=\"height: 16.50pt;\">\n<td class=\"et3\" style=\"height: 16.50pt;\" height=\"33\">Produkttyp<\/td>\n<td class=\"et3\">Servier- und Salatteller<\/td>\n<\/tr>\n<tr style=\"height: 16.50pt;\">\n<td class=\"et3\" style=\"height: 16.50pt;\" height=\"33\">Material<\/td>\n<td class=\"et3\">Porzellan<\/td>\n<\/tr>\n<tr style=\"height: 16.50pt;\">\n<td class=\"et5\" style=\"height: 16.50pt;\" height=\"33\">Farbe<\/td>\n<td class=\"et3\">2 Entw\u00fcrfe<\/td>\n<\/tr>\n<tr style=\"height: 16.50pt;\">\n<td class=\"et3\" style=\"height: 16.50pt;\" height=\"33\">Dimension<\/td>\n<td class=\"et6\" style=\"width: 200.15pt;\" width=\"400\">25*25*6.6cm<\/td>\n<\/tr>\n<tr style=\"height: 16.50pt;\">\n<td class=\"et3\" style=\"height: 16.50pt;\" height=\"33\">MOQ<\/td>\n<td class=\"et3\">500St\u00fcck<\/td>\n<\/tr>\n<tr style=\"height: 16.50pt;\">\n<td class=\"et3\" style=\"height: 16.50pt;\" height=\"33\">Benutzerdefiniert<\/td>\n<td class=\"et3\">Farbe\/Gr\u00f6\u00dfe\/Logo\/Verpackung<\/td>\n<\/tr>\n<\/tbody>\n<\/table>","protected":false},"featured_media":4348,"comment_status":"closed","ping_status":"closed","template":"","meta":{"_acf_changed":false},"product_brand":[],"product_cat":[62,76,92],"product_tag":[88],"class_list":{"0":"post-4346","1":"product","2":"type-product","3":"status-publish","4":"has-post-thumbnail","6":"product_cat-ceramic-plates-wholesale","7":"product_cat-wholesale-serving-platters","8":"product_cat-small-dishes-wholesale","9":"product_tag-japanese-style-dinnerware-set-wholesale","11":"first","12":"instock","13":"shipping-taxable","14":"product-type-simple"},"acf":[],"_links":{"self":[{"href":"https:\/\/www.yongjianceramic.com\/de\/wp-json\/wp\/v2\/product\/4346","targetHints":{"allow":["GET"]}}],"collection":[{"href":"https:\/\/www.yongjianceramic.com\/de\/wp-json\/wp\/v2\/product"}],"about":[{"href":"https:\/\/www.yongjianceramic.com\/de\/wp-json\/wp\/v2\/types\/product"}],"replies":[{"embeddable":true,"href":"https:\/\/www.yongjianceramic.com\/de\/wp-json\/wp\/v2\/comments?post=4346"}],"wp:featuredmedia":[{"embeddable":true,"href":"https:\/\/www.yongjianceramic.com\/de\/wp-json\/wp\/v2\/media\/4348"}],"wp:attachment":[{"href":"https:\/\/www.yongjianceramic.com\/de\/wp-json\/wp\/v2\/media?parent=4346"}],"wp:term":[{"taxonomy":"product_brand","embeddable":true,"href":"https:\/\/www.yongjianceramic.com\/de\/wp-json\/wp\/v2\/product_brand?post=4346"},{"taxonomy":"product_cat","embeddable":true,"href":"https:\/\/www.yongjianceramic.com\/de\/wp-json\/wp\/v2\/product_cat?post=4346"},{"taxonomy":"product_tag","embeddable":true,"href":"https:\/\/www.yongjianceramic.com\/de\/wp-json\/wp\/v2\/product_tag?post=4346"}],"curies":[{"name":"wp","href":"https:\/\/api.w.org\/{rel}","templated":true}]}}