{"id":4391,"date":"2025-03-20T11:32:06","date_gmt":"2025-03-20T03:32:06","guid":{"rendered":"https:\/\/www.yongjianceramic.com\/?post_type=product&#038;p=4391"},"modified":"2025-03-20T11:32:22","modified_gmt":"2025-03-20T03:32:22","slug":"ceramic-plates-bulk","status":"publish","type":"product","link":"https:\/\/www.yongjianceramic.com\/de\/produkt\/ceramic-plates-bulk\/","title":{"rendered":"Tiefe keramische Teller Bulk, Japanisches Geschirr Gro\u00dfhandel"},"content":{"rendered":"<div class=\"wp-block-columns is-layout-flex wp-container-core-columns-is-layout-9d6595d7 wp-block-columns-is-layout-flex\">\n<div class=\"wp-block-column is-layout-flow wp-block-column-is-layout-flow\">\n<h2 class=\"wp-block-heading\">Premium-Keramik-Platten Bulk Merkmale:<\/h2>\n\n\n\n<ul class=\"wp-block-list\">\n<li><strong>Japanisches \u00e4sthetisches Design, einfach und elegant: <\/strong>Unsere tiefen Keramikteller sind von der schlichten \u00c4sthetik des japanischen Geschirrs inspiriert, mit stromlinienf\u00f6rmigen Linien und ger\u00e4umigen, schn\u00f6rkellosen Formen, die nicht nur der aktuellen \u00c4sthetik entsprechen, sondern auch dem gesamten Esstisch einen besseren Stil verleihen.<\/li>\n\n\n\n<li><strong>Vertiefter Plattentyp, starke Praktikabilit\u00e4t: <\/strong>Diese Gro\u00dfhandelskeramikplatten haben ein vertieftes Design, das ein \u00dcberlaufen der Suppe verhindern kann, und sind ideal zum Servieren von Nudeln, Eint\u00f6pfen, Ramen, Curryreis und anderen Speisen.<\/li>\n\n\n\n<li><strong>Bei hoher Temperatur gebrannt, robust und langlebig: <\/strong>Unsere tiefen Keramikplatten wurden mit einer Hochtemperatur-Brenntechnologie behandelt und zeichnen sich durch eine hohe keramische Dichte, harte Textur und Kratzfestigkeit aus und sind nicht leicht zu besch\u00e4digen. Es kann einen guten Zustand beibehalten, auch oft verwendet, am besten f\u00fcr kommerzielle und langfristige h\u00e4usliche Nutzung.<\/li>\n\n\n\n<li><strong>Gesundes Material, sicher und unbedenklich: <\/strong>Diese japanischen Teller im Gro\u00dfhandel sind aus exquisiter, lebensmittelechter Keramik hergestellt, frei von Blei und Kadmium, hoch hitzebest\u00e4ndig und f\u00fcr Mikrowellenherde, Sp\u00fclmaschinen und andere K\u00fcchenger\u00e4te geeignet, damit sie sicher im Gebrauch sind.<\/li>\n<\/ul>\n<\/div>\n\n\n\n<div class=\"wp-block-column is-layout-flow wp-block-column-is-layout-flow\">\n<figure class=\"wp-block-image size-full\"><img fetchpriority=\"high\" decoding=\"async\" width=\"800\" height=\"800\" src=\"https:\/\/www.yongjianceramic.com\/wp-content\/uploads\/2025\/03\/Pasta-Plate-Wholesale-Ceramic-Crockery-Plates-Bulk-Custom-Dinnerware-Manufacturer-7.webp\" alt=\"Deep Ceramic Plates Bulk, Japanisches Tafelgeschirr Gro\u00dfhandel-7\" class=\"wp-image-4398\" srcset=\"https:\/\/www.yongjianceramic.com\/wp-content\/uploads\/2025\/03\/Pasta-Plate-Wholesale-Ceramic-Crockery-Plates-Bulk-Custom-Dinnerware-Manufacturer-7.webp 800w, https:\/\/www.yongjianceramic.com\/wp-content\/uploads\/2025\/03\/Pasta-Plate-Wholesale-Ceramic-Crockery-Plates-Bulk-Custom-Dinnerware-Manufacturer-7-300x300.webp 300w, https:\/\/www.yongjianceramic.com\/wp-content\/uploads\/2025\/03\/Pasta-Plate-Wholesale-Ceramic-Crockery-Plates-Bulk-Custom-Dinnerware-Manufacturer-7-150x150.webp 150w, https:\/\/www.yongjianceramic.com\/wp-content\/uploads\/2025\/03\/Pasta-Plate-Wholesale-Ceramic-Crockery-Plates-Bulk-Custom-Dinnerware-Manufacturer-7-768x768.webp 768w, https:\/\/www.yongjianceramic.com\/wp-content\/uploads\/2025\/03\/Pasta-Plate-Wholesale-Ceramic-Crockery-Plates-Bulk-Custom-Dinnerware-Manufacturer-7-12x12.webp 12w, https:\/\/www.yongjianceramic.com\/wp-content\/uploads\/2025\/03\/Pasta-Plate-Wholesale-Ceramic-Crockery-Plates-Bulk-Custom-Dinnerware-Manufacturer-7-285x285.webp 285w, https:\/\/www.yongjianceramic.com\/wp-content\/uploads\/2025\/03\/Pasta-Plate-Wholesale-Ceramic-Crockery-Plates-Bulk-Custom-Dinnerware-Manufacturer-7-270x270.webp 270w, https:\/\/www.yongjianceramic.com\/wp-content\/uploads\/2025\/03\/Pasta-Plate-Wholesale-Ceramic-Crockery-Plates-Bulk-Custom-Dinnerware-Manufacturer-7-540x540.webp 540w, https:\/\/www.yongjianceramic.com\/wp-content\/uploads\/2025\/03\/Pasta-Plate-Wholesale-Ceramic-Crockery-Plates-Bulk-Custom-Dinnerware-Manufacturer-7-660x660.webp 660w\" sizes=\"(max-width: 800px) 100vw, 800px\" \/><\/figure>\n<\/div>\n<\/div>","protected":false},"excerpt":{"rendered":"<p>Willkommen zum Kauf von Keramik-Tellern in gro\u00dfen Mengen. Dieser Gro\u00dfhandel japanische tiefe Teller ist aus hochwertigem Keramik-Material, mit einfachen und eleganten Design, modisch und geeignet f\u00fcr alle Restaurants und zu Hause Einstellungen gemacht. Seine tiefe Platte Form kann perfekt enthalten Suppe Gerichte, die bequem und sch\u00f6n ist.<\/p>\n<table style=\"border-collapse: collapse; width: 327.02pt;\" border=\"0\" width=\"654\" cellspacing=\"0\" cellpadding=\"0\">\n<tbody>\n<tr style=\"height: 16.50pt;\">\n<td class=\"et3\" style=\"height: 16.50pt; width: 127.20pt;\" width=\"254\" height=\"33\">Hersteller<\/td>\n<td class=\"et3\" style=\"width: 200.15pt;\" width=\"400\">Yongjian<\/td>\n<\/tr>\n<tr style=\"height: 16.50pt;\">\n<td class=\"et3\" style=\"height: 16.50pt;\" height=\"33\">Modell Nr.<\/td>\n<td class=\"et4\" style=\"width: 200.15pt;\" width=\"400\">YJ-108<\/td>\n<\/tr>\n<tr style=\"height: 16.50pt;\">\n<td class=\"et3\" style=\"height: 16.50pt;\" height=\"33\">Produkttyp<\/td>\n<td class=\"et3\">Servierplatte<\/td>\n<\/tr>\n<tr style=\"height: 16.50pt;\">\n<td class=\"et3\" style=\"height: 16.50pt;\" height=\"33\">Material<\/td>\n<td class=\"et3\">Porzellan<\/td>\n<\/tr>\n<tr style=\"height: 16.50pt;\">\n<td class=\"et5\" style=\"height: 16.50pt;\" height=\"33\">Farbe<\/td>\n<td class=\"et3\">3 Entw\u00fcrfe<\/td>\n<\/tr>\n<tr style=\"height: 16.50pt;\">\n<td class=\"et3\" style=\"height: 16.50pt;\" height=\"33\">Dimension<\/td>\n<td class=\"et6\" style=\"width: 200.15pt;\" width=\"400\">25,8*25,8*5,5cm<\/td>\n<\/tr>\n<tr style=\"height: 16.50pt;\">\n<td class=\"et3\" style=\"height: 16.50pt;\" height=\"33\">MOQ<\/td>\n<td class=\"et3\">500St\u00fcck<\/td>\n<\/tr>\n<tr style=\"height: 16.50pt;\">\n<td class=\"et3\" style=\"height: 16.50pt;\" height=\"33\">Benutzerdefiniert<\/td>\n<td class=\"et3\">Farbe\/Gr\u00f6\u00dfe\/Logo\/Verpackung<\/td>\n<\/tr>\n<\/tbody>\n<\/table>","protected":false},"featured_media":4392,"comment_status":"closed","ping_status":"closed","template":"","meta":{"_acf_changed":false},"product_brand":[],"product_cat":[62,77],"product_tag":[88],"class_list":{"0":"post-4391","1":"product","2":"type-product","3":"status-publish","4":"has-post-thumbnail","6":"product_cat-ceramic-plates-wholesale","7":"product_cat-deep-plates-wholesale","8":"product_tag-japanese-style-dinnerware-set-wholesale","10":"first","11":"instock","12":"shipping-taxable","13":"product-type-simple"},"acf":[],"_links":{"self":[{"href":"https:\/\/www.yongjianceramic.com\/de\/wp-json\/wp\/v2\/product\/4391","targetHints":{"allow":["GET"]}}],"collection":[{"href":"https:\/\/www.yongjianceramic.com\/de\/wp-json\/wp\/v2\/product"}],"about":[{"href":"https:\/\/www.yongjianceramic.com\/de\/wp-json\/wp\/v2\/types\/product"}],"replies":[{"embeddable":true,"href":"https:\/\/www.yongjianceramic.com\/de\/wp-json\/wp\/v2\/comments?post=4391"}],"wp:featuredmedia":[{"embeddable":true,"href":"https:\/\/www.yongjianceramic.com\/de\/wp-json\/wp\/v2\/media\/4392"}],"wp:attachment":[{"href":"https:\/\/www.yongjianceramic.com\/de\/wp-json\/wp\/v2\/media?parent=4391"}],"wp:term":[{"taxonomy":"product_brand","embeddable":true,"href":"https:\/\/www.yongjianceramic.com\/de\/wp-json\/wp\/v2\/product_brand?post=4391"},{"taxonomy":"product_cat","embeddable":true,"href":"https:\/\/www.yongjianceramic.com\/de\/wp-json\/wp\/v2\/product_cat?post=4391"},{"taxonomy":"product_tag","embeddable":true,"href":"https:\/\/www.yongjianceramic.com\/de\/wp-json\/wp\/v2\/product_tag?post=4391"}],"curies":[{"name":"wp","href":"https:\/\/api.w.org\/{rel}","templated":true}]}}