{"id":4429,"date":"2025-03-20T14:58:30","date_gmt":"2025-03-20T06:58:30","guid":{"rendered":"https:\/\/www.yongjianceramic.com\/?post_type=product&#038;p=4429"},"modified":"2025-03-20T14:58:31","modified_gmt":"2025-03-20T06:58:31","slug":"wholesale-baking-pans","status":"publish","type":"product","link":"https:\/\/www.yongjianceramic.com\/de\/produkt\/wholesale-baking-pans\/","title":{"rendered":"Runde Gro\u00dfhandel Backformen, rote Keramik-Backformen Bulk"},"content":{"rendered":"<div class=\"wp-block-columns is-layout-flex wp-container-core-columns-is-layout-9d6595d7 wp-block-columns-is-layout-flex\">\n<div class=\"wp-block-column is-layout-flow wp-block-column-is-layout-flow\">\n<h2 class=\"wp-block-heading\">Premium Gro\u00dfhandel Backformen Eigenschaften:<\/h2>\n\n\n\n<ul class=\"wp-block-list\">\n<li><strong>Retro-Farbabstimmung:<\/strong> Unsere Gro\u00dfhandels-Backformen haben eine klassische rote Grundglasur mit einem handgemalten wei\u00dfen Muster und einem braunen Griff. Sie bieten einen einzigartigen Retro-Stil, der sich sowohl f\u00fcr Zuhause als auch f\u00fcr gehobene Restaurants eignet.<\/li>\n\n\n\n<li><strong>Hitze- und rissbest\u00e4ndig:<\/strong> Diese keramischen Backformen werden bei hohen Temperaturen gebrannt und halten hohen Backtemperaturen stand. Sie werden nicht rei\u00dfen oder sich verformen. Sie k\u00f6nnen im Ofen, in der Mikrowelle, in der Fritteuse und in anderen Kochger\u00e4ten verwendet werden.<\/li>\n\n\n\n<li><strong>Stabil und leicht zu halten:<\/strong> Diese Gro\u00dfhandels-Backformen sind ergonomisch gestaltet, und die braunen Griffe sind leicht zu greifen und bequem zu tragen. Selbst hei\u00dfe Speisen k\u00f6nnen leicht transportiert werden, was der Sicherheit im Gebrauch zugute kommt.<\/li>\n\n\n\n<li><strong>Starke Praktikabilit\u00e4t: <\/strong>Unser keramisches Backgeschirr kann f\u00fcr eine Vielzahl von K\u00f6stlichkeiten wie gebackenen Reis, gebackenen Kuchen, gebratenes Gem\u00fcse, gebackene Nudeln usw. verwendet werden. Es kann auch als ein Tisch-Display-Tool verwendet werden. Es ist eine sehr sch\u00f6ne Option f\u00fcr Restaurants und Heimk\u00fcchen.<\/li>\n<\/ul>\n<\/div>\n\n\n\n<div class=\"wp-block-column is-layout-flow wp-block-column-is-layout-flow\">\n<figure class=\"wp-block-image size-full\"><img fetchpriority=\"high\" decoding=\"async\" width=\"1600\" height=\"1600\" src=\"https:\/\/www.yongjianceramic.com\/wp-content\/uploads\/2025\/03\/Bulk-Dinnerware-Sets-Bohemian-Style-Red-Color-Pasta-Bowls-Custom-Dinner-Plate-Crockery-manufacturers-2.webp\" alt=\"Runde Gro\u00dfhandel Backformen, rote Keramik-Backformen Bulk-1\" class=\"wp-image-4431\" srcset=\"https:\/\/www.yongjianceramic.com\/wp-content\/uploads\/2025\/03\/Bulk-Dinnerware-Sets-Bohemian-Style-Red-Color-Pasta-Bowls-Custom-Dinner-Plate-Crockery-manufacturers-2.webp 1600w, https:\/\/www.yongjianceramic.com\/wp-content\/uploads\/2025\/03\/Bulk-Dinnerware-Sets-Bohemian-Style-Red-Color-Pasta-Bowls-Custom-Dinner-Plate-Crockery-manufacturers-2-300x300.webp 300w, https:\/\/www.yongjianceramic.com\/wp-content\/uploads\/2025\/03\/Bulk-Dinnerware-Sets-Bohemian-Style-Red-Color-Pasta-Bowls-Custom-Dinner-Plate-Crockery-manufacturers-2-150x150.webp 150w, https:\/\/www.yongjianceramic.com\/wp-content\/uploads\/2025\/03\/Bulk-Dinnerware-Sets-Bohemian-Style-Red-Color-Pasta-Bowls-Custom-Dinner-Plate-Crockery-manufacturers-2-768x768.webp 768w, https:\/\/www.yongjianceramic.com\/wp-content\/uploads\/2025\/03\/Bulk-Dinnerware-Sets-Bohemian-Style-Red-Color-Pasta-Bowls-Custom-Dinner-Plate-Crockery-manufacturers-2-12x12.webp 12w, https:\/\/www.yongjianceramic.com\/wp-content\/uploads\/2025\/03\/Bulk-Dinnerware-Sets-Bohemian-Style-Red-Color-Pasta-Bowls-Custom-Dinner-Plate-Crockery-manufacturers-2-285x285.webp 285w, https:\/\/www.yongjianceramic.com\/wp-content\/uploads\/2025\/03\/Bulk-Dinnerware-Sets-Bohemian-Style-Red-Color-Pasta-Bowls-Custom-Dinner-Plate-Crockery-manufacturers-2-270x270.webp 270w, https:\/\/www.yongjianceramic.com\/wp-content\/uploads\/2025\/03\/Bulk-Dinnerware-Sets-Bohemian-Style-Red-Color-Pasta-Bowls-Custom-Dinner-Plate-Crockery-manufacturers-2-540x540.webp 540w, https:\/\/www.yongjianceramic.com\/wp-content\/uploads\/2025\/03\/Bulk-Dinnerware-Sets-Bohemian-Style-Red-Color-Pasta-Bowls-Custom-Dinner-Plate-Crockery-manufacturers-2-660x660.webp 660w\" sizes=\"(max-width: 1600px) 100vw, 1600px\" \/><\/figure>\n<\/div>\n<\/div>","protected":false},"excerpt":{"rendered":"<p>Willkommen zum Kauf Gro\u00dfhandel Backformen. Diese rote runde Keramik-Backformen Masse verwendet eine rote Basis mit braunen Griffen und wei\u00dfen Mustern. Es ist ein Retro-und klassisches Design, geeignet f\u00fcr Hausbacken, Restaurant und Caf\u00e9 verwenden. Backofen, Mikrowelle, Sp\u00fclmaschine, und sowohl funktionale und dekorative Verwendung sind verf\u00fcgbar.<\/p>\n<table style=\"border-collapse: collapse; width: 327.02pt;\" border=\"0\" width=\"654\" cellspacing=\"0\" cellpadding=\"0\">\n<tbody>\n<tr style=\"height: 16.50pt;\">\n<td class=\"et3\" style=\"height: 16.50pt; width: 127.20pt;\" width=\"254\" height=\"33\">Hersteller<\/td>\n<td class=\"et3\" style=\"width: 200.15pt;\" width=\"400\">Yongjian<\/td>\n<\/tr>\n<tr style=\"height: 16.50pt;\">\n<td class=\"et3\" style=\"height: 16.50pt;\" height=\"33\">Modell Nr.<\/td>\n<td class=\"et4\" style=\"width: 200.15pt;\" width=\"400\">YJ-111<\/td>\n<\/tr>\n<tr style=\"height: 16.50pt;\">\n<td class=\"et3\" style=\"height: 16.50pt;\" height=\"33\">Produkttyp<\/td>\n<td class=\"et3\">Servierplatte<\/td>\n<\/tr>\n<tr style=\"height: 16.50pt;\">\n<td class=\"et3\" style=\"height: 16.50pt;\" height=\"33\">Material<\/td>\n<td class=\"et3\">Porzellan<\/td>\n<\/tr>\n<tr style=\"height: 16.50pt;\">\n<td class=\"et5\" style=\"height: 16.50pt;\" height=\"33\">Farbe<\/td>\n<td class=\"et3\">Als Bild<\/td>\n<\/tr>\n<tr style=\"height: 16.50pt;\">\n<td class=\"et3\" style=\"height: 16.50pt;\" height=\"33\">Dimension<\/td>\n<td class=\"et6\" style=\"width: 200.15pt;\" width=\"400\">26*23*4.3cm<\/td>\n<\/tr>\n<tr style=\"height: 16.50pt;\">\n<td class=\"et3\" style=\"height: 16.50pt;\" height=\"33\">MOQ<\/td>\n<td class=\"et3\">500St\u00fcck<\/td>\n<\/tr>\n<tr style=\"height: 16.50pt;\">\n<td class=\"et3\" style=\"height: 16.50pt;\" height=\"33\">Benutzerdefiniert<\/td>\n<td class=\"et3\">Farbe\/Gr\u00f6\u00dfe\/Logo\/Verpackung<\/td>\n<\/tr>\n<\/tbody>\n<\/table>","protected":false},"featured_media":4430,"comment_status":"closed","ping_status":"closed","template":"","meta":{"_acf_changed":false},"product_brand":[],"product_cat":[62,99],"product_tag":[],"class_list":{"0":"post-4429","1":"product","2":"type-product","3":"status-publish","4":"has-post-thumbnail","6":"product_cat-ceramic-plates-wholesale","7":"product_cat-baking-dishes-wholesale","9":"first","10":"instock","11":"shipping-taxable","12":"product-type-simple"},"acf":[],"_links":{"self":[{"href":"https:\/\/www.yongjianceramic.com\/de\/wp-json\/wp\/v2\/product\/4429","targetHints":{"allow":["GET"]}}],"collection":[{"href":"https:\/\/www.yongjianceramic.com\/de\/wp-json\/wp\/v2\/product"}],"about":[{"href":"https:\/\/www.yongjianceramic.com\/de\/wp-json\/wp\/v2\/types\/product"}],"replies":[{"embeddable":true,"href":"https:\/\/www.yongjianceramic.com\/de\/wp-json\/wp\/v2\/comments?post=4429"}],"wp:featuredmedia":[{"embeddable":true,"href":"https:\/\/www.yongjianceramic.com\/de\/wp-json\/wp\/v2\/media\/4430"}],"wp:attachment":[{"href":"https:\/\/www.yongjianceramic.com\/de\/wp-json\/wp\/v2\/media?parent=4429"}],"wp:term":[{"taxonomy":"product_brand","embeddable":true,"href":"https:\/\/www.yongjianceramic.com\/de\/wp-json\/wp\/v2\/product_brand?post=4429"},{"taxonomy":"product_cat","embeddable":true,"href":"https:\/\/www.yongjianceramic.com\/de\/wp-json\/wp\/v2\/product_cat?post=4429"},{"taxonomy":"product_tag","embeddable":true,"href":"https:\/\/www.yongjianceramic.com\/de\/wp-json\/wp\/v2\/product_tag?post=4429"}],"curies":[{"name":"wp","href":"https:\/\/api.w.org\/{rel}","templated":true}]}}