{"id":4436,"date":"2025-03-20T14:46:54","date_gmt":"2025-03-20T06:46:54","guid":{"rendered":"https:\/\/www.yongjianceramic.com\/?post_type=product&#038;p=4436"},"modified":"2025-03-20T14:46:56","modified_gmt":"2025-03-20T06:46:56","slug":"bakeware-wholesale","status":"publish","type":"product","link":"https:\/\/www.yongjianceramic.com\/de\/produkt\/bakeware-wholesale\/","title":{"rendered":"Bohemian Style Backformen Gro\u00dfhandel, benutzerdefinierte Casserole Dishes"},"content":{"rendered":"<div class=\"wp-block-columns is-layout-flex wp-container-core-columns-is-layout-9d6595d7 wp-block-columns-is-layout-flex\">\n<div class=\"wp-block-column is-layout-flow wp-block-column-is-layout-flow\">\n<h2 class=\"wp-block-heading\">Premium-Keramik-Backformen Gro\u00dfhandel Eigenschaften:<\/h2>\n\n\n\n<ul class=\"wp-block-list\">\n<li><strong>Boh\u00e8me-Stil:<\/strong> Dieses Backgeschirr aus Keramik im Gro\u00dfhandel hat eine gr\u00fcne Glasur und ein handgemaltes wei\u00dfes Dekor und einen braunen Retro-Griff, das Markenzeichen eines starken b\u00f6hmischen Stils.<\/li>\n\n\n\n<li><strong>Hitzebest\u00e4ndig und langlebig: <\/strong>Unsere ma\u00dfgeschneiderten Auflaufformen bestehen aus hochwertigem Keramikmaterial, das bei hohen Temperaturen gebrannt wird, das Backen bei hohen Temperaturen unterst\u00fctzt, nicht bricht und direkt in den Backofen, die Mikrowelle und die Sp\u00fclmaschine gestellt werden kann, geeignet f\u00fcr den h\u00e4ufigen h\u00e4uslichen und gewerblichen Gebrauch.<\/li>\n\n\n\n<li><strong>Ergonomischer Griff: <\/strong>Der braune Vintage-Griff unserer Keramik-Backformen im Gro\u00dfhandel ist ergonomisch geformt, leicht zu greifen, rutschfest, angenehm zu greifen und einfach zu handhaben - f\u00fcr m\u00fcheloses Backen und Servieren.<\/li>\n\n\n\n<li><strong>Mehrzweck-Design: <\/strong>Diese ma\u00dfgeschneiderten Auflaufformen eignen sich f\u00fcr verschiedene Zubereitungen wie gebackenen Reis, gebratenes Gem\u00fcse, gebackene Nudeln, gebackene Desserts usw. Sie k\u00f6nnen auch als dekorative Auflaufformen verwendet werden, um dem Esstisch W\u00e4rme zu verleihen.<\/li>\n<\/ul>\n<\/div>\n\n\n\n<div class=\"wp-block-column is-layout-flow wp-block-column-is-layout-flow\">\n<figure class=\"wp-block-image size-full\"><img fetchpriority=\"high\" decoding=\"async\" width=\"1600\" height=\"1600\" src=\"https:\/\/www.yongjianceramic.com\/wp-content\/uploads\/2025\/03\/Bohemian-Style-Green-Color-Baking-Plate-Ceramic-Plates-Suppliers-Wholesale-Pasta-Bowls-3.webp\" alt=\"Bohemian Style Backformen Gro\u00dfhandel, benutzerdefinierte Casserole Dishes-3\" class=\"wp-image-4445\" srcset=\"https:\/\/www.yongjianceramic.com\/wp-content\/uploads\/2025\/03\/Bohemian-Style-Green-Color-Baking-Plate-Ceramic-Plates-Suppliers-Wholesale-Pasta-Bowls-3.webp 1600w, https:\/\/www.yongjianceramic.com\/wp-content\/uploads\/2025\/03\/Bohemian-Style-Green-Color-Baking-Plate-Ceramic-Plates-Suppliers-Wholesale-Pasta-Bowls-3-300x300.webp 300w, https:\/\/www.yongjianceramic.com\/wp-content\/uploads\/2025\/03\/Bohemian-Style-Green-Color-Baking-Plate-Ceramic-Plates-Suppliers-Wholesale-Pasta-Bowls-3-150x150.webp 150w, https:\/\/www.yongjianceramic.com\/wp-content\/uploads\/2025\/03\/Bohemian-Style-Green-Color-Baking-Plate-Ceramic-Plates-Suppliers-Wholesale-Pasta-Bowls-3-768x768.webp 768w, https:\/\/www.yongjianceramic.com\/wp-content\/uploads\/2025\/03\/Bohemian-Style-Green-Color-Baking-Plate-Ceramic-Plates-Suppliers-Wholesale-Pasta-Bowls-3-12x12.webp 12w, https:\/\/www.yongjianceramic.com\/wp-content\/uploads\/2025\/03\/Bohemian-Style-Green-Color-Baking-Plate-Ceramic-Plates-Suppliers-Wholesale-Pasta-Bowls-3-285x285.webp 285w, https:\/\/www.yongjianceramic.com\/wp-content\/uploads\/2025\/03\/Bohemian-Style-Green-Color-Baking-Plate-Ceramic-Plates-Suppliers-Wholesale-Pasta-Bowls-3-270x270.webp 270w, https:\/\/www.yongjianceramic.com\/wp-content\/uploads\/2025\/03\/Bohemian-Style-Green-Color-Baking-Plate-Ceramic-Plates-Suppliers-Wholesale-Pasta-Bowls-3-540x540.webp 540w, https:\/\/www.yongjianceramic.com\/wp-content\/uploads\/2025\/03\/Bohemian-Style-Green-Color-Baking-Plate-Ceramic-Plates-Suppliers-Wholesale-Pasta-Bowls-3-660x660.webp 660w\" sizes=\"(max-width: 1600px) 100vw, 1600px\" \/><\/figure>\n<\/div>\n<\/div>","protected":false},"excerpt":{"rendered":"<p>Willkommen zum Kauf von Keramik-Backformen Gro\u00dfhandel. Unsere Auflaufformen im b\u00f6hmischen Stil haben eine gr\u00fcne Farbe und ein wei\u00dfes Muster, voll von der exotischen und farbenfrohen Atmosph\u00e4re der B\u00f6hmen. Es ist hitzebest\u00e4ndig, leicht zu reinigen und Backofen\/Mikrowelle\/Sp\u00fclmaschine sicher.<\/p>\n<table style=\"border-collapse: collapse; width: 327.02pt;\" border=\"0\" width=\"654\" cellspacing=\"0\" cellpadding=\"0\">\n<tbody>\n<tr style=\"height: 16.50pt;\">\n<td class=\"et3\" style=\"height: 16.50pt; width: 127.20pt;\" width=\"254\" height=\"33\">Hersteller<\/td>\n<td class=\"et3\" style=\"width: 200.15pt;\" width=\"400\">Yongjian<\/td>\n<\/tr>\n<tr style=\"height: 16.50pt;\">\n<td class=\"et3\" style=\"height: 16.50pt;\" height=\"33\">Modell Nr.<\/td>\n<td class=\"et4\" style=\"width: 200.15pt;\" width=\"400\">YJ-112<\/td>\n<\/tr>\n<tr style=\"height: 16.50pt;\">\n<td class=\"et3\" style=\"height: 16.50pt;\" height=\"33\">Produkttyp<\/td>\n<td class=\"et3\">Servierplatte<\/td>\n<\/tr>\n<tr style=\"height: 16.50pt;\">\n<td class=\"et3\" style=\"height: 16.50pt;\" height=\"33\">Material<\/td>\n<td class=\"et3\">Porzellan<\/td>\n<\/tr>\n<tr style=\"height: 16.50pt;\">\n<td class=\"et5\" style=\"height: 16.50pt;\" height=\"33\">Farbe<\/td>\n<td class=\"et3\">Als Bild<\/td>\n<\/tr>\n<tr style=\"height: 16.50pt;\">\n<td class=\"et3\" style=\"height: 16.50pt;\" height=\"33\">Dimension<\/td>\n<td class=\"et6\" style=\"width: 200.15pt;\" width=\"400\">26*23*4.3cm<\/td>\n<\/tr>\n<tr style=\"height: 16.50pt;\">\n<td class=\"et3\" style=\"height: 16.50pt;\" height=\"33\">MOQ<\/td>\n<td class=\"et3\">500St\u00fcck<\/td>\n<\/tr>\n<tr style=\"height: 16.50pt;\">\n<td class=\"et3\" style=\"height: 16.50pt;\" height=\"33\">Benutzerdefiniert<\/td>\n<td class=\"et3\">Farbe\/Gr\u00f6\u00dfe\/Logo\/Verpackung<\/td>\n<\/tr>\n<\/tbody>\n<\/table>","protected":false},"featured_media":4443,"comment_status":"closed","ping_status":"closed","template":"","meta":{"_acf_changed":false},"product_brand":[],"product_cat":[99,62],"product_tag":[],"class_list":{"0":"post-4436","1":"product","2":"type-product","3":"status-publish","4":"has-post-thumbnail","6":"product_cat-baking-dishes-wholesale","7":"product_cat-ceramic-plates-wholesale","9":"first","10":"instock","11":"shipping-taxable","12":"product-type-simple"},"acf":[],"_links":{"self":[{"href":"https:\/\/www.yongjianceramic.com\/de\/wp-json\/wp\/v2\/product\/4436","targetHints":{"allow":["GET"]}}],"collection":[{"href":"https:\/\/www.yongjianceramic.com\/de\/wp-json\/wp\/v2\/product"}],"about":[{"href":"https:\/\/www.yongjianceramic.com\/de\/wp-json\/wp\/v2\/types\/product"}],"replies":[{"embeddable":true,"href":"https:\/\/www.yongjianceramic.com\/de\/wp-json\/wp\/v2\/comments?post=4436"}],"wp:featuredmedia":[{"embeddable":true,"href":"https:\/\/www.yongjianceramic.com\/de\/wp-json\/wp\/v2\/media\/4443"}],"wp:attachment":[{"href":"https:\/\/www.yongjianceramic.com\/de\/wp-json\/wp\/v2\/media?parent=4436"}],"wp:term":[{"taxonomy":"product_brand","embeddable":true,"href":"https:\/\/www.yongjianceramic.com\/de\/wp-json\/wp\/v2\/product_brand?post=4436"},{"taxonomy":"product_cat","embeddable":true,"href":"https:\/\/www.yongjianceramic.com\/de\/wp-json\/wp\/v2\/product_cat?post=4436"},{"taxonomy":"product_tag","embeddable":true,"href":"https:\/\/www.yongjianceramic.com\/de\/wp-json\/wp\/v2\/product_tag?post=4436"}],"curies":[{"name":"wp","href":"https:\/\/api.w.org\/{rel}","templated":true}]}}