{"id":4475,"date":"2025-04-08T12:22:40","date_gmt":"2025-04-08T04:22:40","guid":{"rendered":"https:\/\/www.yongjianceramic.com\/?post_type=product&#038;p=4475"},"modified":"2025-04-08T12:22:43","modified_gmt":"2025-04-08T04:22:43","slug":"baking-pans-wholesale","status":"publish","type":"product","link":"https:\/\/www.yongjianceramic.com\/de\/produkt\/baking-pans-wholesale\/","title":{"rendered":"Moderne keramische Backformen Gro\u00dfhandel mit Luxus blaue Farbe"},"content":{"rendered":"<div class=\"wp-block-columns is-layout-flex wp-container-core-columns-is-layout-9d6595d7 wp-block-columns-is-layout-flex\">\n<div class=\"wp-block-column is-layout-flow wp-block-column-is-layout-flow\">\n<h2 class=\"wp-block-heading\">Premium-Backformen Gro\u00dfhandel Merkmale:<\/h2>\n\n\n\n<ul class=\"wp-block-list\">\n<li><strong>Backformen-Set, Kombination mehrerer Gr\u00f6\u00dfen: <\/strong>Unsere Keramik-Backformen im Gro\u00dfhandel sind in drei Gr\u00f6\u00dfen erh\u00e4ltlich, die je nach den unterschiedlichen Backbed\u00fcrfnissen frei zusammengestellt werden k\u00f6nnen. Sie eignen sich zum Backen, Gratinieren, Grillen und f\u00fcr andere Gerichte und erf\u00fcllen die Anforderungen der famili\u00e4ren und gewerblichen Gastronomie.<\/li>\n\n\n\n<li><strong>Innen wei\u00df und au\u00dfen blau-grau, einfach und fortschrittlich: <\/strong>Die Innenseite dieser K\u00fcche Backformen Gro\u00dfhandel ist rein wei\u00df glasiert, und die Au\u00dfenseite ist dunkel blau-grau, zeigt einen einfachen und modernen Stil, geeignet f\u00fcr verschiedene Tabelleneinstellungen, und machen die gesamte sch\u00f6ner.<\/li>\n\n\n\n<li><strong>Hochtemperaturbest\u00e4ndige Keramik, breit einsetzbar: <\/strong>Diese keramischen Backformen Gro\u00dfhandel sind aus Hochtemperatur gebrannt Keramik, mit besseren Hitzebest\u00e4ndigkeit und kann sicher in der Mikrowelle, \u00d6fen, etc. gekocht werden.<\/li>\n\n\n\n<li><strong>Glatte Glasur, leicht zu reinigen: <\/strong>Unsere Gro\u00dfhandelsglasur f\u00fcr Backformen ist dicht und glatt, nimmt nicht leicht \u00d6lflecken auf, ist kratzfest, einfach zu reinigen und f\u00fcr den t\u00e4glichen Gebrauch geeignet.<\/li>\n<\/ul>\n<\/div>\n\n\n\n<div class=\"wp-block-column is-layout-flow wp-block-column-is-layout-flow\">\n<figure class=\"wp-block-image size-full\"><img fetchpriority=\"high\" decoding=\"async\" width=\"1200\" height=\"1200\" src=\"https:\/\/www.yongjianceramic.com\/wp-content\/uploads\/2025\/04\/Modern-Bakingware-Set-Custom-Dinner-Plates-White-With-Blue-Color-Soup-Bowls-Tableware-Set-Factory-Bulk-3.webp\" alt=\"Moderne keramische Backformen Gro\u00dfhandel mit Luxus blau Farbe-1\" class=\"wp-image-4478\" srcset=\"https:\/\/www.yongjianceramic.com\/wp-content\/uploads\/2025\/04\/Modern-Bakingware-Set-Custom-Dinner-Plates-White-With-Blue-Color-Soup-Bowls-Tableware-Set-Factory-Bulk-3.webp 1200w, https:\/\/www.yongjianceramic.com\/wp-content\/uploads\/2025\/04\/Modern-Bakingware-Set-Custom-Dinner-Plates-White-With-Blue-Color-Soup-Bowls-Tableware-Set-Factory-Bulk-3-300x300.webp 300w, https:\/\/www.yongjianceramic.com\/wp-content\/uploads\/2025\/04\/Modern-Bakingware-Set-Custom-Dinner-Plates-White-With-Blue-Color-Soup-Bowls-Tableware-Set-Factory-Bulk-3-150x150.webp 150w, https:\/\/www.yongjianceramic.com\/wp-content\/uploads\/2025\/04\/Modern-Bakingware-Set-Custom-Dinner-Plates-White-With-Blue-Color-Soup-Bowls-Tableware-Set-Factory-Bulk-3-768x768.webp 768w, https:\/\/www.yongjianceramic.com\/wp-content\/uploads\/2025\/04\/Modern-Bakingware-Set-Custom-Dinner-Plates-White-With-Blue-Color-Soup-Bowls-Tableware-Set-Factory-Bulk-3-12x12.webp 12w, https:\/\/www.yongjianceramic.com\/wp-content\/uploads\/2025\/04\/Modern-Bakingware-Set-Custom-Dinner-Plates-White-With-Blue-Color-Soup-Bowls-Tableware-Set-Factory-Bulk-3-285x285.webp 285w, https:\/\/www.yongjianceramic.com\/wp-content\/uploads\/2025\/04\/Modern-Bakingware-Set-Custom-Dinner-Plates-White-With-Blue-Color-Soup-Bowls-Tableware-Set-Factory-Bulk-3-270x270.webp 270w, https:\/\/www.yongjianceramic.com\/wp-content\/uploads\/2025\/04\/Modern-Bakingware-Set-Custom-Dinner-Plates-White-With-Blue-Color-Soup-Bowls-Tableware-Set-Factory-Bulk-3-540x540.webp 540w, https:\/\/www.yongjianceramic.com\/wp-content\/uploads\/2025\/04\/Modern-Bakingware-Set-Custom-Dinner-Plates-White-With-Blue-Color-Soup-Bowls-Tableware-Set-Factory-Bulk-3-660x660.webp 660w\" sizes=\"(max-width: 1200px) 100vw, 1200px\" \/><\/figure>\n<\/div>\n<\/div>\n\n\n\n<p><\/p>","protected":false},"excerpt":{"rendered":"<div class=\"lRu31\" dir=\"ltr\">Willkommen zum Kauf Keramik Backformen Gro\u00dfhandel. Diese moderne K\u00fcche Backformen Gro\u00dfhandel hat eine wei\u00dfe Innenseite und dunkelblau-grau au\u00dfen. Es ist sch\u00f6n und trendy. Es kommt in drei Gr\u00f6\u00dfen und perfekt f\u00fcr verschiedene Gerichte wie Gratin und Eintopf.<\/p>\n<div class=\"OvtS8d\">\n<table style=\"border-collapse: collapse; width: 327.02pt;\" border=\"0\" width=\"654\" cellspacing=\"0\" cellpadding=\"0\">\n<tbody>\n<tr style=\"height: 16.50pt;\">\n<td class=\"et3\" style=\"height: 16.50pt; width: 127.20pt;\" width=\"254\" height=\"33\">Hersteller<\/td>\n<td class=\"et3\" style=\"width: 200.15pt;\" width=\"400\">Yongjian<\/td>\n<\/tr>\n<tr style=\"height: 16.50pt;\">\n<td class=\"et3\" style=\"height: 16.50pt;\" height=\"33\">Modell Nr.<\/td>\n<td class=\"et4\" style=\"width: 200.15pt;\" width=\"400\">YJ-113<\/td>\n<\/tr>\n<tr style=\"height: 16.50pt;\">\n<td class=\"et3\" style=\"height: 16.50pt;\" height=\"33\">Produkttyp<\/td>\n<td class=\"et3\">Servierplatte<\/td>\n<\/tr>\n<tr style=\"height: 16.50pt;\">\n<td class=\"et3\" style=\"height: 16.50pt;\" height=\"33\">Material<\/td>\n<td class=\"et3\">Porzellan<\/td>\n<\/tr>\n<tr style=\"height: 16.50pt;\">\n<td class=\"et5\" style=\"height: 16.50pt;\" height=\"33\">Farbe<\/td>\n<td class=\"et3\">Als Bild<\/td>\n<\/tr>\n<tr style=\"height: 49.50pt;\">\n<td class=\"et3\" style=\"height: 49.50pt;\" height=\"99\">Dimension<\/td>\n<td class=\"et6\" style=\"width: 200.15pt;\" width=\"400\">21*15*5cm 25.4*19*5.5cm 30.5*21.6*5.8cm<\/td>\n<\/tr>\n<tr style=\"height: 16.50pt;\">\n<td class=\"et3\" style=\"height: 16.50pt;\" height=\"33\">MOQ<\/td>\n<td class=\"et3\">500St\u00fcck<\/td>\n<\/tr>\n<tr style=\"height: 16.50pt;\">\n<td class=\"et3\" style=\"height: 16.50pt;\" height=\"33\">Benutzerdefiniert<\/td>\n<td class=\"et3\">Farbe\/Gr\u00f6\u00dfe\/Logo\/Verpackung<\/td>\n<\/tr>\n<\/tbody>\n<\/table>\n<\/div>\n<div id=\"ow17\">\u00a0<\/div>\n<\/div>\n<div class=\"UdTY9 WdefRb\" aria-hidden=\"true\" data-location=\"2\">\u00a0<\/div>","protected":false},"featured_media":4480,"comment_status":"closed","ping_status":"closed","template":"","meta":{"_acf_changed":false},"product_brand":[],"product_cat":[99,62],"product_tag":[],"class_list":{"0":"post-4475","1":"product","2":"type-product","3":"status-publish","4":"has-post-thumbnail","6":"product_cat-baking-dishes-wholesale","7":"product_cat-ceramic-plates-wholesale","9":"first","10":"instock","11":"shipping-taxable","12":"product-type-simple"},"acf":[],"_links":{"self":[{"href":"https:\/\/www.yongjianceramic.com\/de\/wp-json\/wp\/v2\/product\/4475","targetHints":{"allow":["GET"]}}],"collection":[{"href":"https:\/\/www.yongjianceramic.com\/de\/wp-json\/wp\/v2\/product"}],"about":[{"href":"https:\/\/www.yongjianceramic.com\/de\/wp-json\/wp\/v2\/types\/product"}],"replies":[{"embeddable":true,"href":"https:\/\/www.yongjianceramic.com\/de\/wp-json\/wp\/v2\/comments?post=4475"}],"wp:featuredmedia":[{"embeddable":true,"href":"https:\/\/www.yongjianceramic.com\/de\/wp-json\/wp\/v2\/media\/4480"}],"wp:attachment":[{"href":"https:\/\/www.yongjianceramic.com\/de\/wp-json\/wp\/v2\/media?parent=4475"}],"wp:term":[{"taxonomy":"product_brand","embeddable":true,"href":"https:\/\/www.yongjianceramic.com\/de\/wp-json\/wp\/v2\/product_brand?post=4475"},{"taxonomy":"product_cat","embeddable":true,"href":"https:\/\/www.yongjianceramic.com\/de\/wp-json\/wp\/v2\/product_cat?post=4475"},{"taxonomy":"product_tag","embeddable":true,"href":"https:\/\/www.yongjianceramic.com\/de\/wp-json\/wp\/v2\/product_tag?post=4475"}],"curies":[{"name":"wp","href":"https:\/\/api.w.org\/{rel}","templated":true}]}}