{"id":4481,"date":"2025-04-08T12:13:23","date_gmt":"2025-04-08T04:13:23","guid":{"rendered":"https:\/\/www.yongjianceramic.com\/?post_type=product&#038;p=4481"},"modified":"2025-04-08T12:13:50","modified_gmt":"2025-04-08T04:13:50","slug":"baking-dishes-wholesale","status":"publish","type":"product","link":"https:\/\/www.yongjianceramic.com\/de\/produkt\/baking-dishes-wholesale\/","title":{"rendered":"Keramik-Backformen Gro\u00dfhandel, Auflaufform Backformen Bulk"},"content":{"rendered":"<div class=\"wp-block-columns is-layout-flex wp-container-core-columns-is-layout-9d6595d7 wp-block-columns-is-layout-flex\">\n<div class=\"wp-block-column is-layout-flow wp-block-column-is-layout-flow\">\n<h2 class=\"wp-block-heading\">Premium-Backformen Gro\u00dfhandel Merkmale:<\/h2>\n\n\n\n<ul class=\"wp-block-list\">\n<li><strong>Quadratisches Backblech, modern und praktisch: <\/strong>Unsere Keramik-Backformen im Gro\u00dfhandel haben eine quadratische Form, die mehr Platz bietet und das Einf\u00fcllen der Zutaten erleichtert. Sie k\u00f6nnen f\u00fcr viele verschiedene Zubereitungsarten wie Gratinieren, Backen, Schmoren usw. verwendet werden.<\/li>\n\n\n\n<li><strong>Klassische Farbabstimmung, einfach und vielseitig: <\/strong>Der reinwei\u00dfe Korpus unseres Gro\u00dfhandels-Keramik-Backgeschirrs ist mit einem zarten schwarzen Rand kombiniert, schlicht und doch elegant, passend f\u00fcr jeden Esstisch, ideal f\u00fcr Familien und Cateringservices.<\/li>\n\n\n\n<li><strong>Hochtemperaturkeramik, hitzebest\u00e4ndig und stabil:<\/strong> Diese keramischen Backformen f\u00fcr den Gro\u00dfhandel sind sehr hitzebest\u00e4ndig und k\u00f6nnen gefahrlos in Back\u00f6fen, Mikrowellenherden usw. verwendet werden, so dass die Speisen gleichm\u00e4\u00dfig erhitzt werden und das Kochen einfacher wird.<\/li>\n\n\n\n<li><strong>Glatte Glasur, leicht zu reinigen und zu pflegen:<\/strong> Unsere Gro\u00dfhandel Keramik Backformen Glasur ist glatt und fein, nicht leicht zu absorbieren \u00d6lflecken, kratzfest, leicht zu reinigen nach Gebrauch, vor allem f\u00fcr den t\u00e4glichen Gebrauch Hotels und Restaurants.<\/li>\n<\/ul>\n<\/div>\n\n\n\n<div class=\"wp-block-column is-layout-flow wp-block-column-is-layout-flow\">\n<figure class=\"wp-block-image size-full\"><img fetchpriority=\"high\" decoding=\"async\" width=\"800\" height=\"800\" src=\"https:\/\/www.yongjianceramic.com\/wp-content\/uploads\/2025\/04\/Wholesale-Ceramic-Crockery-Backing-Plate-Ceramic-Bakeware-Serving-Bowls-Dinnerware-Manufacturers-2-1.webp\" alt=\"Keramische Backformen Gro\u00dfhandel, Kasserolle Backformen Bulk-2\" class=\"wp-image-4490\" srcset=\"https:\/\/www.yongjianceramic.com\/wp-content\/uploads\/2025\/04\/Wholesale-Ceramic-Crockery-Backing-Plate-Ceramic-Bakeware-Serving-Bowls-Dinnerware-Manufacturers-2-1.webp 800w, https:\/\/www.yongjianceramic.com\/wp-content\/uploads\/2025\/04\/Wholesale-Ceramic-Crockery-Backing-Plate-Ceramic-Bakeware-Serving-Bowls-Dinnerware-Manufacturers-2-1-300x300.webp 300w, https:\/\/www.yongjianceramic.com\/wp-content\/uploads\/2025\/04\/Wholesale-Ceramic-Crockery-Backing-Plate-Ceramic-Bakeware-Serving-Bowls-Dinnerware-Manufacturers-2-1-150x150.webp 150w, https:\/\/www.yongjianceramic.com\/wp-content\/uploads\/2025\/04\/Wholesale-Ceramic-Crockery-Backing-Plate-Ceramic-Bakeware-Serving-Bowls-Dinnerware-Manufacturers-2-1-768x768.webp 768w, https:\/\/www.yongjianceramic.com\/wp-content\/uploads\/2025\/04\/Wholesale-Ceramic-Crockery-Backing-Plate-Ceramic-Bakeware-Serving-Bowls-Dinnerware-Manufacturers-2-1-12x12.webp 12w, https:\/\/www.yongjianceramic.com\/wp-content\/uploads\/2025\/04\/Wholesale-Ceramic-Crockery-Backing-Plate-Ceramic-Bakeware-Serving-Bowls-Dinnerware-Manufacturers-2-1-285x285.webp 285w, https:\/\/www.yongjianceramic.com\/wp-content\/uploads\/2025\/04\/Wholesale-Ceramic-Crockery-Backing-Plate-Ceramic-Bakeware-Serving-Bowls-Dinnerware-Manufacturers-2-1-270x270.webp 270w, https:\/\/www.yongjianceramic.com\/wp-content\/uploads\/2025\/04\/Wholesale-Ceramic-Crockery-Backing-Plate-Ceramic-Bakeware-Serving-Bowls-Dinnerware-Manufacturers-2-1-540x540.webp 540w, https:\/\/www.yongjianceramic.com\/wp-content\/uploads\/2025\/04\/Wholesale-Ceramic-Crockery-Backing-Plate-Ceramic-Bakeware-Serving-Bowls-Dinnerware-Manufacturers-2-1-660x660.webp 660w\" sizes=\"(max-width: 800px) 100vw, 800px\" \/><\/figure>\n<\/div>\n<\/div>","protected":false},"excerpt":{"rendered":"<p>Willkommen im Gro\u00dfhandel Keramik-Backformen kaufen. Unsere quadratischen Backformen Gro\u00dfhandel nimmt ein einfaches wei\u00df mit schwarzem Rahmen Design, modern und elegant, geeignet zum Backen, Gratin, Eintopf und andere Gerichte, geeignet f\u00fcr private und gewerbliche Catering-Einstellungen.<\/p>\n<table style=\"border-collapse: collapse; width: 327.02pt;\" border=\"0\" width=\"654\" cellspacing=\"0\" cellpadding=\"0\">\n<tbody>\n<tr style=\"height: 16.50pt;\">\n<td class=\"et3\" style=\"height: 16.50pt; width: 127.20pt;\" width=\"254\" height=\"33\">Hersteller<\/td>\n<td class=\"et3\" style=\"width: 200.15pt;\" width=\"400\">Yongjian<\/td>\n<\/tr>\n<tr style=\"height: 16.50pt;\">\n<td class=\"et3\" style=\"height: 16.50pt;\" height=\"33\">Modell Nr.<\/td>\n<td class=\"et4\" style=\"width: 200.15pt;\" width=\"400\">YJ-114<\/td>\n<\/tr>\n<tr style=\"height: 16.50pt;\">\n<td class=\"et3\" style=\"height: 16.50pt;\" height=\"33\">Produkttyp<\/td>\n<td class=\"et3\">Servierplatte<\/td>\n<\/tr>\n<tr style=\"height: 16.50pt;\">\n<td class=\"et3\" style=\"height: 16.50pt;\" height=\"33\">Material<\/td>\n<td class=\"et3\">Porzellan<\/td>\n<\/tr>\n<tr style=\"height: 16.50pt;\">\n<td class=\"et5\" style=\"height: 16.50pt;\" height=\"33\">Farbe<\/td>\n<td class=\"et3\">Als Bild<\/td>\n<\/tr>\n<tr style=\"height: 16.50pt;\">\n<td class=\"et3\" style=\"height: 16.50pt;\" height=\"33\">Dimension<\/td>\n<td class=\"et6\" style=\"width: 200.15pt;\" width=\"400\">14,5*11,5*5,5cm<\/td>\n<\/tr>\n<tr style=\"height: 16.50pt;\">\n<td class=\"et3\" style=\"height: 16.50pt;\" height=\"33\">MOQ<\/td>\n<td class=\"et3\">500St\u00fcck<\/td>\n<\/tr>\n<tr style=\"height: 16.50pt;\">\n<td class=\"et3\" style=\"height: 16.50pt;\" height=\"33\">Benutzerdefiniert<\/td>\n<td class=\"et3\">Farbe\/Gr\u00f6\u00dfe\/Logo\/Verpackung<\/td>\n<\/tr>\n<\/tbody>\n<\/table>","protected":false},"featured_media":4489,"comment_status":"closed","ping_status":"closed","template":"","meta":{"_acf_changed":false},"product_brand":[],"product_cat":[99,63,75],"product_tag":[],"class_list":{"0":"post-4481","1":"product","2":"type-product","3":"status-publish","4":"has-post-thumbnail","6":"product_cat-baking-dishes-wholesale","7":"product_cat-wholesale-bowls","8":"product_cat-handled-bowls-wholesale","10":"first","11":"instock","12":"shipping-taxable","13":"product-type-simple"},"acf":[],"_links":{"self":[{"href":"https:\/\/www.yongjianceramic.com\/de\/wp-json\/wp\/v2\/product\/4481","targetHints":{"allow":["GET"]}}],"collection":[{"href":"https:\/\/www.yongjianceramic.com\/de\/wp-json\/wp\/v2\/product"}],"about":[{"href":"https:\/\/www.yongjianceramic.com\/de\/wp-json\/wp\/v2\/types\/product"}],"replies":[{"embeddable":true,"href":"https:\/\/www.yongjianceramic.com\/de\/wp-json\/wp\/v2\/comments?post=4481"}],"wp:featuredmedia":[{"embeddable":true,"href":"https:\/\/www.yongjianceramic.com\/de\/wp-json\/wp\/v2\/media\/4489"}],"wp:attachment":[{"href":"https:\/\/www.yongjianceramic.com\/de\/wp-json\/wp\/v2\/media?parent=4481"}],"wp:term":[{"taxonomy":"product_brand","embeddable":true,"href":"https:\/\/www.yongjianceramic.com\/de\/wp-json\/wp\/v2\/product_brand?post=4481"},{"taxonomy":"product_cat","embeddable":true,"href":"https:\/\/www.yongjianceramic.com\/de\/wp-json\/wp\/v2\/product_cat?post=4481"},{"taxonomy":"product_tag","embeddable":true,"href":"https:\/\/www.yongjianceramic.com\/de\/wp-json\/wp\/v2\/product_tag?post=4481"}],"curies":[{"name":"wp","href":"https:\/\/api.w.org\/{rel}","templated":true}]}}