{"id":4536,"date":"2025-04-14T11:57:57","date_gmt":"2025-04-14T03:57:57","guid":{"rendered":"https:\/\/www.yongjianceramic.com\/?post_type=product&#038;p=4536"},"modified":"2025-04-14T11:57:59","modified_gmt":"2025-04-14T03:57:59","slug":"tokkuri-and-sake-cups-wholesale","status":"publish","type":"product","link":"https:\/\/www.yongjianceramic.com\/de\/produkt\/tokkuri-and-sake-cups-wholesale\/","title":{"rendered":"Japanische Tokkuri und Sake-Tassen Gro\u00dfhandel, benutzerdefinierte Sake-Sets"},"content":{"rendered":"<div class=\"wp-block-columns is-layout-flex wp-container-core-columns-is-layout-9d6595d7 wp-block-columns-is-layout-flex\">\n<div class=\"wp-block-column is-layout-flow wp-block-column-is-layout-flow\">\n<h2 class=\"wp-block-heading\">Premium Tokkuri und Sake Tassen Gro\u00dfhandel Merkmale:<\/h2>\n\n\n\n<ul class=\"wp-block-list\">\n<li><strong>Sakekanne mit Tasse, komplettes Set:<\/strong> Diese Tokkuri und Sake-Tassen Gro\u00dfhandel Set enth\u00e4lt eine Sake-Kanne und eine Tasse, mit einem einheitlichen Stil und einfach zu bedienen, geeignet f\u00fcr den t\u00e4glichen trinken oder G\u00e4ste unterhalten, die Verbesserung der rituellen Sinn des Trinkens.<\/li>\n\n\n\n<li><strong>Marmormuster-Design, hochwertige Textur: <\/strong>Die Oberfl\u00e4che unserer ma\u00dfgefertigten Sake-Sets ist mit einer einzigartigen Marmorstruktur verziert, die nat\u00fcrlich und glatt, einfach und edel ist, mit hervorragenden visuellen Effekten und moderner \u00c4sthetik.<\/li>\n\n\n\n<li><strong>Japanischer Stil, einfach und elegant: <\/strong>Unser Tokkuri- und Sake-Tassen-Gro\u00dfhandelsset ist von der japanischen \u00c4sthetik inspiriert, mit glatten Formen und eleganten Farben, die orientalische Kultur und moderne \u00c4sthetik vereinen, geeignet f\u00fcr Zuhause, Teeh\u00e4user und japanische Restaurants.<\/li>\n\n\n\n<li><strong>Bei hoher Temperatur gebrannte Keramik, sicher und langlebig: <\/strong>Die Glasur ist zart und glatt, hitzebest\u00e4ndig und rissfest, f\u00fcr das Trinken von hei\u00dfem Wein geeignet, leicht zu reinigen und t\u00e4glich zu pflegen.<\/li>\n<\/ul>\n<\/div>\n\n\n\n<div class=\"wp-block-column is-layout-flow wp-block-column-is-layout-flow\">\n<figure class=\"wp-block-image size-full\"><img fetchpriority=\"high\" decoding=\"async\" width=\"800\" height=\"800\" src=\"https:\/\/www.yongjianceramic.com\/wp-content\/uploads\/2025\/04\/dinnerware-manufacturerscrockery-wholesalecupsaucer-6.webp\" alt=\"Japanische Tokkuri und Sake-Tassen Gro\u00dfhandel, benutzerdefinierte Sake-Sets-1\" class=\"wp-image-4542\" srcset=\"https:\/\/www.yongjianceramic.com\/wp-content\/uploads\/2025\/04\/dinnerware-manufacturerscrockery-wholesalecupsaucer-6.webp 800w, https:\/\/www.yongjianceramic.com\/wp-content\/uploads\/2025\/04\/dinnerware-manufacturerscrockery-wholesalecupsaucer-6-300x300.webp 300w, https:\/\/www.yongjianceramic.com\/wp-content\/uploads\/2025\/04\/dinnerware-manufacturerscrockery-wholesalecupsaucer-6-150x150.webp 150w, https:\/\/www.yongjianceramic.com\/wp-content\/uploads\/2025\/04\/dinnerware-manufacturerscrockery-wholesalecupsaucer-6-768x768.webp 768w, https:\/\/www.yongjianceramic.com\/wp-content\/uploads\/2025\/04\/dinnerware-manufacturerscrockery-wholesalecupsaucer-6-12x12.webp 12w, https:\/\/www.yongjianceramic.com\/wp-content\/uploads\/2025\/04\/dinnerware-manufacturerscrockery-wholesalecupsaucer-6-285x285.webp 285w, https:\/\/www.yongjianceramic.com\/wp-content\/uploads\/2025\/04\/dinnerware-manufacturerscrockery-wholesalecupsaucer-6-270x270.webp 270w, https:\/\/www.yongjianceramic.com\/wp-content\/uploads\/2025\/04\/dinnerware-manufacturerscrockery-wholesalecupsaucer-6-540x540.webp 540w, https:\/\/www.yongjianceramic.com\/wp-content\/uploads\/2025\/04\/dinnerware-manufacturerscrockery-wholesalecupsaucer-6-660x660.webp 660w\" sizes=\"(max-width: 800px) 100vw, 800px\" \/><\/figure>\n<\/div>\n<\/div>\n\n\n\n<p><\/p>","protected":false},"excerpt":{"rendered":"<p>Willkommen zu kaufen benutzerdefinierte Sake-Sets. Unsere Tokkuri und Sake-Tassen Gro\u00dfhandel haben ein elegantes Design und zeigen ein Gef\u00fchl der Zeremonie. Die einzigartige Marmor Textur ist mit Hochtemperatur-Keramik-Material, das sowohl sch\u00f6n und praktisch ist, geeignet f\u00fcr zu Hause, japanisches Restaurant oder Tee und Wein Raum kombiniert.<\/p>\n<table style=\"border-collapse: collapse; width: 327.02pt;\" border=\"0\" width=\"654\" cellspacing=\"0\" cellpadding=\"0\">\n<tbody>\n<tr style=\"height: 16.50pt;\">\n<td class=\"et3\" style=\"height: 16.50pt; width: 127.20pt;\" width=\"254\" height=\"33\">Hersteller<\/td>\n<td class=\"et3\" style=\"width: 200.15pt;\" width=\"400\">Yongjian<\/td>\n<\/tr>\n<tr style=\"height: 16.50pt;\">\n<td class=\"et3\" style=\"height: 16.50pt;\" height=\"33\">Modell Nr.<\/td>\n<td class=\"et4\" style=\"width: 200.15pt;\" width=\"400\">YJ-118<\/td>\n<\/tr>\n<tr style=\"height: 16.50pt;\">\n<td class=\"et3\" style=\"height: 16.50pt;\" height=\"33\">Produkttyp<\/td>\n<td class=\"et3\">Tassen und Untertassen<\/td>\n<\/tr>\n<tr style=\"height: 16.50pt;\">\n<td class=\"et3\" style=\"height: 16.50pt;\" height=\"33\">Material<\/td>\n<td class=\"et3\">Porzellan<\/td>\n<\/tr>\n<tr style=\"height: 16.50pt;\">\n<td class=\"et5\" style=\"height: 16.50pt;\" height=\"33\">Farbe<\/td>\n<td class=\"et3\">Als Bild<\/td>\n<\/tr>\n<tr style=\"height: 33.00pt;\">\n<td class=\"et3\" style=\"height: 33.00pt;\" height=\"66\">Dimension<\/td>\n<td class=\"et6\" style=\"width: 200.15pt;\" width=\"400\">Topf: 13.5*4.5cm Tasse: 5.2*5.2*4.5cm<\/td>\n<\/tr>\n<tr style=\"height: 16.50pt;\">\n<td class=\"et3\" style=\"height: 16.50pt;\" height=\"33\">MOQ<\/td>\n<td class=\"et3\">500St\u00fcck<\/td>\n<\/tr>\n<tr style=\"height: 16.50pt;\">\n<td class=\"et3\" style=\"height: 16.50pt;\" height=\"33\">Benutzerdefiniert<\/td>\n<td class=\"et3\">Farbe\/Gr\u00f6\u00dfe\/Logo\/Verpackung<\/td>\n<\/tr>\n<\/tbody>\n<\/table>","protected":false},"featured_media":4539,"comment_status":"closed","ping_status":"closed","template":"","meta":{"_acf_changed":false},"product_brand":[],"product_cat":[65,90],"product_tag":[88],"class_list":{"0":"post-4536","1":"product","2":"type-product","3":"status-publish","4":"has-post-thumbnail","6":"product_cat-wholesale-cups-and-mugs","7":"product_cat-wholesale-tea-sets","8":"product_tag-japanese-style-dinnerware-set-wholesale","10":"first","11":"instock","12":"shipping-taxable","13":"product-type-simple"},"acf":[],"_links":{"self":[{"href":"https:\/\/www.yongjianceramic.com\/de\/wp-json\/wp\/v2\/product\/4536","targetHints":{"allow":["GET"]}}],"collection":[{"href":"https:\/\/www.yongjianceramic.com\/de\/wp-json\/wp\/v2\/product"}],"about":[{"href":"https:\/\/www.yongjianceramic.com\/de\/wp-json\/wp\/v2\/types\/product"}],"replies":[{"embeddable":true,"href":"https:\/\/www.yongjianceramic.com\/de\/wp-json\/wp\/v2\/comments?post=4536"}],"wp:featuredmedia":[{"embeddable":true,"href":"https:\/\/www.yongjianceramic.com\/de\/wp-json\/wp\/v2\/media\/4539"}],"wp:attachment":[{"href":"https:\/\/www.yongjianceramic.com\/de\/wp-json\/wp\/v2\/media?parent=4536"}],"wp:term":[{"taxonomy":"product_brand","embeddable":true,"href":"https:\/\/www.yongjianceramic.com\/de\/wp-json\/wp\/v2\/product_brand?post=4536"},{"taxonomy":"product_cat","embeddable":true,"href":"https:\/\/www.yongjianceramic.com\/de\/wp-json\/wp\/v2\/product_cat?post=4536"},{"taxonomy":"product_tag","embeddable":true,"href":"https:\/\/www.yongjianceramic.com\/de\/wp-json\/wp\/v2\/product_tag?post=4536"}],"curies":[{"name":"wp","href":"https:\/\/api.w.org\/{rel}","templated":true}]}}