{"id":4546,"date":"2025-04-13T17:01:59","date_gmt":"2025-04-13T09:01:59","guid":{"rendered":"https:\/\/www.yongjianceramic.com\/?post_type=product&#038;p=4546"},"modified":"2025-04-13T17:02:02","modified_gmt":"2025-04-13T09:02:02","slug":"wholesale-coffee-mug","status":"publish","type":"product","link":"https:\/\/www.yongjianceramic.com\/de\/produkt\/wholesale-coffee-mug\/","title":{"rendered":"Fabrik Gro\u00dfhandel Kaffeebecher, reaktive Glasur keramische Tasse Bulk"},"content":{"rendered":"<div class=\"wp-block-columns is-layout-flex wp-container-core-columns-is-layout-9d6595d7 wp-block-columns-is-layout-flex\">\n<div class=\"wp-block-column is-layout-flow wp-block-column-is-layout-flow\">\n<h2 class=\"wp-block-heading\">Premium Gro\u00dfhandel Kaffeebecher Eigenschaften:<\/h2>\n\n\n\n<ul class=\"wp-block-list\">\n<li><strong>500 ml gro\u00dfes Fassungsverm\u00f6gen, das den Bedarf an verschiedenen Getr\u00e4nken deckt: <\/strong>Die super gro\u00dfe Kapazit\u00e4t Design dieser Gro\u00dfhandel Kaffeebecher ist f\u00fcr eine Vielzahl von Fr\u00fchst\u00fccksgetr\u00e4nken wie Milch, Kaffee, Haferflocken, Saft, etc. geeignet.<\/li>\n\n\n\n<li><strong>Einfache Form, funktionell und langlebig: <\/strong>Diese Keramiktasse in loser Sch\u00fcttung zeichnet sich durch minimale Linien und ein einfaches, aber dezentes Design aus. Sie eignet sich f\u00fcr alle Arten von Anl\u00e4ssen, z. B. f\u00fcr den Hausgebrauch, Caf\u00e9s, Hotels usw., und l\u00e4sst sich leicht mit verschiedenen Stilen von Esstischen kombinieren.<\/li>\n\n\n\n<li><strong>Hochtemperatur-Keramik-Brennen, sicher und langlebig: <\/strong>Hergestellt aus hochwertigen keramischen Materialien, bei hoher Temperatur gebrannt, hat dieser Gro\u00dfhandel Kaffeebecher gute Hitzebest\u00e4ndigkeit und Stabilit\u00e4t, kann in der Mikrowelle und Geschirrsp\u00fcler verwendet werden, und mehr sorgenfrei f\u00fcr den t\u00e4glichen Gebrauch.<\/li>\n\n\n\n<li><strong>Unterst\u00fctzung von Anpassungen zur Personalisierung der Marke: <\/strong>Wenn Sie unsere Keramiktassen in gro\u00dfen Mengen kaufen, k\u00f6nnen Sie Farben, Muster, LOGO usw. individuell anpassen. Sie eignen sich f\u00fcr Markenwerbung, E-Commerce-Geschenke oder Ketten-Catering, um exklusive, individuelle Tassen zu kreieren.<\/li>\n<\/ul>\n<\/div>\n\n\n\n<div class=\"wp-block-column is-layout-flow wp-block-column-is-layout-flow\">\n<figure class=\"wp-block-image size-full\"><img fetchpriority=\"high\" decoding=\"async\" width=\"800\" height=\"800\" src=\"https:\/\/www.yongjianceramic.com\/wp-content\/uploads\/2025\/04\/ceramic-custom-mugstableware-ceramic-wholesalecrockery-manufacturers-7.webp\" alt=\"Fabrik Gro\u00dfhandel Kaffeebecher, reaktive Glasur keramische Tasse Bulk-7\" class=\"wp-image-4553\" srcset=\"https:\/\/www.yongjianceramic.com\/wp-content\/uploads\/2025\/04\/ceramic-custom-mugstableware-ceramic-wholesalecrockery-manufacturers-7.webp 800w, https:\/\/www.yongjianceramic.com\/wp-content\/uploads\/2025\/04\/ceramic-custom-mugstableware-ceramic-wholesalecrockery-manufacturers-7-300x300.webp 300w, https:\/\/www.yongjianceramic.com\/wp-content\/uploads\/2025\/04\/ceramic-custom-mugstableware-ceramic-wholesalecrockery-manufacturers-7-150x150.webp 150w, https:\/\/www.yongjianceramic.com\/wp-content\/uploads\/2025\/04\/ceramic-custom-mugstableware-ceramic-wholesalecrockery-manufacturers-7-768x768.webp 768w, https:\/\/www.yongjianceramic.com\/wp-content\/uploads\/2025\/04\/ceramic-custom-mugstableware-ceramic-wholesalecrockery-manufacturers-7-12x12.webp 12w, https:\/\/www.yongjianceramic.com\/wp-content\/uploads\/2025\/04\/ceramic-custom-mugstableware-ceramic-wholesalecrockery-manufacturers-7-285x285.webp 285w, https:\/\/www.yongjianceramic.com\/wp-content\/uploads\/2025\/04\/ceramic-custom-mugstableware-ceramic-wholesalecrockery-manufacturers-7-270x270.webp 270w, https:\/\/www.yongjianceramic.com\/wp-content\/uploads\/2025\/04\/ceramic-custom-mugstableware-ceramic-wholesalecrockery-manufacturers-7-540x540.webp 540w, https:\/\/www.yongjianceramic.com\/wp-content\/uploads\/2025\/04\/ceramic-custom-mugstableware-ceramic-wholesalecrockery-manufacturers-7-660x660.webp 660w\" sizes=\"(max-width: 800px) 100vw, 800px\" \/><\/figure>\n<\/div>\n<\/div>","protected":false},"excerpt":{"rendered":"<p>Willkommen zum Kauf von Keramikbechern in gro\u00dfen Mengen. Diese 500ml Gro\u00dfhandel Kaffeebecher ist funktional mit einem einfachen und eleganten Design. Es ist f\u00fcr den allgemeinen Gebrauch zu halten verschiedene hei\u00dfe Getr\u00e4nke wie Milch und Kaffee. Es verwendet Hochtemperatur-Keramik, so dass es sicher, langlebig, und erm\u00f6glicht auch individuelle Anpassung, perfekt f\u00fcr den privaten Gebrauch und gesch\u00e4ftlichen Zweck.<\/p>\n<table style=\"border-collapse: collapse; width: 327.02pt;\" border=\"0\" width=\"654\" cellspacing=\"0\" cellpadding=\"0\">\n<tbody>\n<tr style=\"height: 16.50pt;\">\n<td class=\"et3\" style=\"height: 16.50pt; width: 127.20pt;\" width=\"254\" height=\"33\">Hersteller<\/td>\n<td class=\"et3\" style=\"width: 200.15pt;\" width=\"400\">Yongjian<\/td>\n<\/tr>\n<tr style=\"height: 16.50pt;\">\n<td class=\"et3\" style=\"height: 16.50pt;\" height=\"33\">Modell Nr.<\/td>\n<td class=\"et4\" style=\"width: 200.15pt;\" width=\"400\">YJ-119<\/td>\n<\/tr>\n<tr style=\"height: 16.50pt;\">\n<td class=\"et3\" style=\"height: 16.50pt;\" height=\"33\">Produkttyp<\/td>\n<td class=\"et3\">Tassen und Untertassen<\/td>\n<\/tr>\n<tr style=\"height: 16.50pt;\">\n<td class=\"et3\" style=\"height: 16.50pt;\" height=\"33\">Material<\/td>\n<td class=\"et3\">Porzellan<\/td>\n<\/tr>\n<tr style=\"height: 16.50pt;\">\n<td class=\"et5\" style=\"height: 16.50pt;\" height=\"33\">Farbe<\/td>\n<td class=\"et3\">Als Bild<\/td>\n<\/tr>\n<tr style=\"height: 16.50pt;\">\n<td class=\"et3\" style=\"height: 16.50pt;\" height=\"33\">Dimension<\/td>\n<td class=\"et6\" style=\"width: 200.15pt;\" width=\"400\">10.6*10.6*8.2cm<\/td>\n<\/tr>\n<tr style=\"height: 16.50pt;\">\n<td class=\"et3\" style=\"height: 16.50pt;\" height=\"33\">MOQ<\/td>\n<td class=\"et3\">500St\u00fcck<\/td>\n<\/tr>\n<tr style=\"height: 16.50pt;\">\n<td class=\"et3\" style=\"height: 16.50pt;\" height=\"33\">Benutzerdefiniert<\/td>\n<td class=\"et3\">Farbe\/Gr\u00f6\u00dfe\/Logo\/Verpackung<\/td>\n<\/tr>\n<\/tbody>\n<\/table>","protected":false},"featured_media":4549,"comment_status":"closed","ping_status":"closed","template":"","meta":{"_acf_changed":false},"product_brand":[],"product_cat":[65,91],"product_tag":[88,81,86],"class_list":{"0":"post-4546","1":"product","2":"type-product","3":"status-publish","4":"has-post-thumbnail","6":"product_cat-wholesale-cups-and-mugs","7":"product_cat-wholesale-mugs","8":"product_tag-japanese-style-dinnerware-set-wholesale","9":"product_tag-modern-design-dinnerware-set-wholesale","10":"product_tag-oriental-style-dinnerware-wholesale","12":"first","13":"instock","14":"shipping-taxable","15":"product-type-simple"},"acf":[],"_links":{"self":[{"href":"https:\/\/www.yongjianceramic.com\/de\/wp-json\/wp\/v2\/product\/4546","targetHints":{"allow":["GET"]}}],"collection":[{"href":"https:\/\/www.yongjianceramic.com\/de\/wp-json\/wp\/v2\/product"}],"about":[{"href":"https:\/\/www.yongjianceramic.com\/de\/wp-json\/wp\/v2\/types\/product"}],"replies":[{"embeddable":true,"href":"https:\/\/www.yongjianceramic.com\/de\/wp-json\/wp\/v2\/comments?post=4546"}],"wp:featuredmedia":[{"embeddable":true,"href":"https:\/\/www.yongjianceramic.com\/de\/wp-json\/wp\/v2\/media\/4549"}],"wp:attachment":[{"href":"https:\/\/www.yongjianceramic.com\/de\/wp-json\/wp\/v2\/media?parent=4546"}],"wp:term":[{"taxonomy":"product_brand","embeddable":true,"href":"https:\/\/www.yongjianceramic.com\/de\/wp-json\/wp\/v2\/product_brand?post=4546"},{"taxonomy":"product_cat","embeddable":true,"href":"https:\/\/www.yongjianceramic.com\/de\/wp-json\/wp\/v2\/product_cat?post=4546"},{"taxonomy":"product_tag","embeddable":true,"href":"https:\/\/www.yongjianceramic.com\/de\/wp-json\/wp\/v2\/product_tag?post=4546"}],"curies":[{"name":"wp","href":"https:\/\/api.w.org\/{rel}","templated":true}]}}