{"id":4560,"date":"2025-04-21T11:13:48","date_gmt":"2025-04-21T03:13:48","guid":{"rendered":"https:\/\/www.yongjianceramic.com\/?post_type=product&#038;p=4560"},"modified":"2025-04-21T11:13:50","modified_gmt":"2025-04-21T03:13:50","slug":"sushi-plates-wholesale","status":"publish","type":"product","link":"https:\/\/www.yongjianceramic.com\/de\/produkt\/sushi-plates-wholesale\/","title":{"rendered":"Keramik Sushi-Platten Gro\u00dfhandel, unregelm\u00e4\u00dfige Form 10\/12 Zoll-Platten Bulk"},"content":{"rendered":"<div class=\"wp-block-columns is-layout-flex wp-container-core-columns-is-layout-9d6595d7 wp-block-columns-is-layout-flex\">\n<div class=\"wp-block-column is-layout-flow wp-block-column-is-layout-flow\">\n<h2 class=\"wp-block-heading\">Premium Sushi-Platten Gro\u00dfhandel Merkmale:<\/h2>\n\n\n\n<ul class=\"wp-block-list\">\n<li><strong>Mehrere Gr\u00f6\u00dfenoptionen f\u00fcr unterschiedliche Anforderungen:<\/strong> Unsere keramischen Sushi-Teller Gro\u00dfhandel sind in 3 Gr\u00f6\u00dfen erh\u00e4ltlich, einschlie\u00dflich 10 Zoll und 12 Zoll, geeignet f\u00fcr Hauptgerichte, Vorspeisen, Desserts und andere Zwecke, um die Bed\u00fcrfnisse der verschiedenen Plattierung zu erf\u00fcllen.<\/li>\n\n\n\n<li><strong>Speziell geformtes Design, das mit der traditionellen Form bricht: <\/strong>Das unregelm\u00e4\u00dfige Randdesign dieser Sushi-Teller bricht mit dem Klischee des quadratischen Tellers, verst\u00e4rkt die visuelle Wirkung und schafft ein gutes k\u00fcnstlerisches Gef\u00fchl f\u00fcr den Esstisch, das sich f\u00fcr moderne oder k\u00fcnstlerisch gestaltete Restaurants eignet.<\/li>\n\n\n\n<li><strong>Gepr\u00e4gte Handwerkskunst, dreidimensionale Textur: <\/strong>Die Oberfl\u00e4che unserer keramischen Sushi-Teller Gro\u00dfhandel nimmt gepr\u00e4gte Handwerkskunst, mit exquisiten Mustern und reiche Hand f\u00fchlen, kombiniert mit keramischen Textur, zeigt High-End-und eleganten Temperament.<\/li>\n\n\n\n<li><strong>Drei Farben stehen zur Auswahl, und der Stil ist vielseitig:<\/strong> Unsere Sushi-Teller in loser Sch\u00fcttung haben drei Farbt\u00f6ne, passend zu den verschiedenen Stilen der Esstische, geeignet f\u00fcr Haus, Restaurant, Hotel und andere Szenen.<\/li>\n<\/ul>\n<\/div>\n\n\n\n<div class=\"wp-block-column is-layout-flow wp-block-column-is-layout-flow\">\n<figure class=\"wp-block-image size-full\"><img fetchpriority=\"high\" decoding=\"async\" width=\"800\" height=\"800\" src=\"https:\/\/www.yongjianceramic.com\/wp-content\/uploads\/2025\/04\/ceramic-dinnerware-manufacturerwholesale-charger-platesbulk-dinnerware-sets-9.webp\" alt=\"Keramische Sushi-Platten Gro\u00dfhandel, unregelm\u00e4\u00dfige Form 10\/12 Zoll-Platten Bulk-9\" class=\"wp-image-4569\" srcset=\"https:\/\/www.yongjianceramic.com\/wp-content\/uploads\/2025\/04\/ceramic-dinnerware-manufacturerwholesale-charger-platesbulk-dinnerware-sets-9.webp 800w, https:\/\/www.yongjianceramic.com\/wp-content\/uploads\/2025\/04\/ceramic-dinnerware-manufacturerwholesale-charger-platesbulk-dinnerware-sets-9-300x300.webp 300w, https:\/\/www.yongjianceramic.com\/wp-content\/uploads\/2025\/04\/ceramic-dinnerware-manufacturerwholesale-charger-platesbulk-dinnerware-sets-9-150x150.webp 150w, https:\/\/www.yongjianceramic.com\/wp-content\/uploads\/2025\/04\/ceramic-dinnerware-manufacturerwholesale-charger-platesbulk-dinnerware-sets-9-768x768.webp 768w, https:\/\/www.yongjianceramic.com\/wp-content\/uploads\/2025\/04\/ceramic-dinnerware-manufacturerwholesale-charger-platesbulk-dinnerware-sets-9-12x12.webp 12w, https:\/\/www.yongjianceramic.com\/wp-content\/uploads\/2025\/04\/ceramic-dinnerware-manufacturerwholesale-charger-platesbulk-dinnerware-sets-9-285x285.webp 285w, https:\/\/www.yongjianceramic.com\/wp-content\/uploads\/2025\/04\/ceramic-dinnerware-manufacturerwholesale-charger-platesbulk-dinnerware-sets-9-270x270.webp 270w, https:\/\/www.yongjianceramic.com\/wp-content\/uploads\/2025\/04\/ceramic-dinnerware-manufacturerwholesale-charger-platesbulk-dinnerware-sets-9-540x540.webp 540w, https:\/\/www.yongjianceramic.com\/wp-content\/uploads\/2025\/04\/ceramic-dinnerware-manufacturerwholesale-charger-platesbulk-dinnerware-sets-9-660x660.webp 660w\" sizes=\"(max-width: 800px) 100vw, 800px\" \/><\/figure>\n<\/div>\n<\/div>\n\n\n\n<p><\/p>","protected":false},"excerpt":{"rendered":"<p>Willkommen zum Kauf von Sushi-Tellern in gro\u00dfen Mengen. Unsere gepr\u00e4gten rechteckigen Keramik Sushi-Teller Gro\u00dfhandel sind in 3 Gr\u00f6\u00dfen und 3 Farben erh\u00e4ltlich. Es kombiniert Pr\u00e4gung und unregelm\u00e4\u00dfigen Rand Design, mit hochwertigen Textur und einzigartige Form. Es ist eine ideale Wahl f\u00fcr moderne High-End-R\u00e4ume.<\/p>\n<table style=\"border-collapse: collapse; width: 327.02pt;\" border=\"0\" width=\"654\" cellspacing=\"0\" cellpadding=\"0\">\n<tbody>\n<tr style=\"height: 16.50pt;\">\n<td class=\"et3\" style=\"height: 16.50pt; width: 127.20pt;\" width=\"254\" height=\"33\">Hersteller<\/td>\n<td class=\"et3\" style=\"width: 200.15pt;\" width=\"400\">Yongjian<\/td>\n<\/tr>\n<tr style=\"height: 16.50pt;\">\n<td class=\"et3\" style=\"height: 16.50pt;\" height=\"33\">Modell Nr.<\/td>\n<td class=\"et4\" style=\"width: 200.15pt;\" width=\"400\">YJ-120<\/td>\n<\/tr>\n<tr style=\"height: 16.50pt;\">\n<td class=\"et3\" style=\"height: 16.50pt;\" height=\"33\">Produkttyp<\/td>\n<td class=\"et3\">Servierplatte<\/td>\n<\/tr>\n<tr style=\"height: 16.50pt;\">\n<td class=\"et3\" style=\"height: 16.50pt;\" height=\"33\">Material<\/td>\n<td class=\"et3\">Porzellan<\/td>\n<\/tr>\n<tr style=\"height: 16.50pt;\">\n<td class=\"et5\" style=\"height: 16.50pt;\" height=\"33\">Farbe<\/td>\n<td class=\"et3\">Als Bild<\/td>\n<\/tr>\n<tr style=\"height: 33.00pt;\">\n<td class=\"et3\" style=\"height: 33.00pt;\" height=\"66\">Dimension<\/td>\n<td class=\"et6\" style=\"width: 200.15pt;\" width=\"400\">26*10,5*2,5cm 31*12*2cm<\/td>\n<\/tr>\n<tr style=\"height: 16.50pt;\">\n<td class=\"et3\" style=\"height: 16.50pt;\" height=\"33\">MOQ<\/td>\n<td class=\"et3\">500St\u00fcck<\/td>\n<\/tr>\n<tr style=\"height: 16.50pt;\">\n<td class=\"et3\" style=\"height: 16.50pt;\" height=\"33\">Benutzerdefiniert<\/td>\n<td class=\"et3\">Farbe\/Gr\u00f6\u00dfe\/Logo\/Verpackung<\/td>\n<\/tr>\n<\/tbody>\n<\/table>","protected":false},"featured_media":4561,"comment_status":"closed","ping_status":"closed","template":"","meta":{"_acf_changed":false},"product_brand":[],"product_cat":[62,76],"product_tag":[88,81],"class_list":{"0":"post-4560","1":"product","2":"type-product","3":"status-publish","4":"has-post-thumbnail","6":"product_cat-ceramic-plates-wholesale","7":"product_cat-wholesale-serving-platters","8":"product_tag-japanese-style-dinnerware-set-wholesale","9":"product_tag-modern-design-dinnerware-set-wholesale","11":"first","12":"instock","13":"shipping-taxable","14":"product-type-simple"},"acf":[],"_links":{"self":[{"href":"https:\/\/www.yongjianceramic.com\/de\/wp-json\/wp\/v2\/product\/4560","targetHints":{"allow":["GET"]}}],"collection":[{"href":"https:\/\/www.yongjianceramic.com\/de\/wp-json\/wp\/v2\/product"}],"about":[{"href":"https:\/\/www.yongjianceramic.com\/de\/wp-json\/wp\/v2\/types\/product"}],"replies":[{"embeddable":true,"href":"https:\/\/www.yongjianceramic.com\/de\/wp-json\/wp\/v2\/comments?post=4560"}],"wp:featuredmedia":[{"embeddable":true,"href":"https:\/\/www.yongjianceramic.com\/de\/wp-json\/wp\/v2\/media\/4561"}],"wp:attachment":[{"href":"https:\/\/www.yongjianceramic.com\/de\/wp-json\/wp\/v2\/media?parent=4560"}],"wp:term":[{"taxonomy":"product_brand","embeddable":true,"href":"https:\/\/www.yongjianceramic.com\/de\/wp-json\/wp\/v2\/product_brand?post=4560"},{"taxonomy":"product_cat","embeddable":true,"href":"https:\/\/www.yongjianceramic.com\/de\/wp-json\/wp\/v2\/product_cat?post=4560"},{"taxonomy":"product_tag","embeddable":true,"href":"https:\/\/www.yongjianceramic.com\/de\/wp-json\/wp\/v2\/product_tag?post=4560"}],"curies":[{"name":"wp","href":"https:\/\/api.w.org\/{rel}","templated":true}]}}