{"id":4591,"date":"2025-04-21T10:38:26","date_gmt":"2025-04-21T02:38:26","guid":{"rendered":"https:\/\/www.yongjianceramic.com\/?post_type=product&#038;p=4591"},"modified":"2025-04-21T10:38:28","modified_gmt":"2025-04-21T02:38:28","slug":"serving-plates-wholesale","status":"publish","type":"product","link":"https:\/\/www.yongjianceramic.com\/de\/produkt\/serving-plates-wholesale\/","title":{"rendered":"8 Zoll tiefe Servierplatten Gro\u00dfhandel, runde Platten in Bulk"},"content":{"rendered":"<div class=\"wp-block-columns is-layout-flex wp-container-core-columns-is-layout-9d6595d7 wp-block-columns-is-layout-flex\">\n<div class=\"wp-block-column is-layout-flow wp-block-column-is-layout-flow\">\n<h2 class=\"wp-block-heading\">Premium Servierplatten Gro\u00dfhandel Merkmale:<\/h2>\n\n\n\n<ul class=\"wp-block-list\">\n<li><strong>Reaktiv glasiertes Verfahren, Glasur flie\u00dft nat\u00fcrlich: <\/strong>Mit Hochtemperatur reaktive glasiert Prozess, die Glasur Farbe unserer tiefen Servierplatten Gro\u00dfhandel pr\u00e4sentiert einzigartige Ver\u00e4nderungen, reiche Farbschichten und hochwertige Textur, zeigt die Sch\u00f6nheit der orientalischen Handwerkskunst.<\/li>\n\n\n\n<li><strong>8 Zoll tiefes Tellerdesign, praktisch und vielseitig:<\/strong> Die Standardgr\u00f6\u00dfe von 8 Zoll ist mit einer vertieften Tellerform versehen. Mit ausreichendem Fassungsverm\u00f6gen eignen sich unsere Keramikteller in loser Sch\u00fcttung f\u00fcr Nudeln, Salat, Curry-Reis, gebackene Gerichte und andere Speisen und erf\u00fcllen den t\u00e4glichen und kommerziellen Catering-Bedarf.<\/li>\n\n\n\n<li><strong>Hochtemperatur-Keramik, sicher und langlebig:<\/strong> Hergestellt aus hochwertigem Ton, bei hoher Temperatur gebrannt, sind unsere tiefen Servierplatten Gro\u00dfhandel hitzebest\u00e4ndig und kratzfest, geeignet f\u00fcr Mikrowelle, Backofen und Geschirrsp\u00fcler, sowohl praktisch als auch sch\u00f6n.<\/li>\n\n\n\n<li><strong>Unterst\u00fctzung der Anpassung an verschiedene Bed\u00fcrfnisse:<\/strong> Farben, Logos oder Designs k\u00f6nnen je nach Bedarf angepasst werden. Diese keramischen Essteller in gro\u00dfen Mengen k\u00f6nnen von Restaurants, Hotels und Online-Shops verwendet werden, um unverwechselbares personalisiertes Geschirr zu kreieren.<\/li>\n<\/ul>\n<\/div>\n\n\n\n<div class=\"wp-block-column is-layout-flow wp-block-column-is-layout-flow\">\n<figure class=\"wp-block-image size-full\"><img fetchpriority=\"high\" decoding=\"async\" width=\"800\" height=\"800\" src=\"https:\/\/www.yongjianceramic.com\/wp-content\/uploads\/2025\/04\/custom-made-crockeryceramic-plate-manufacturerceramic-dinner-set-wholesale-1.webp\" alt=\"8 Zoll tiefe Servierplatten Gro\u00dfhandel, runde Platten in Bulk-5\" class=\"wp-image-4592\" srcset=\"https:\/\/www.yongjianceramic.com\/wp-content\/uploads\/2025\/04\/custom-made-crockeryceramic-plate-manufacturerceramic-dinner-set-wholesale-1.webp 800w, https:\/\/www.yongjianceramic.com\/wp-content\/uploads\/2025\/04\/custom-made-crockeryceramic-plate-manufacturerceramic-dinner-set-wholesale-1-300x300.webp 300w, https:\/\/www.yongjianceramic.com\/wp-content\/uploads\/2025\/04\/custom-made-crockeryceramic-plate-manufacturerceramic-dinner-set-wholesale-1-150x150.webp 150w, https:\/\/www.yongjianceramic.com\/wp-content\/uploads\/2025\/04\/custom-made-crockeryceramic-plate-manufacturerceramic-dinner-set-wholesale-1-768x768.webp 768w, https:\/\/www.yongjianceramic.com\/wp-content\/uploads\/2025\/04\/custom-made-crockeryceramic-plate-manufacturerceramic-dinner-set-wholesale-1-12x12.webp 12w, https:\/\/www.yongjianceramic.com\/wp-content\/uploads\/2025\/04\/custom-made-crockeryceramic-plate-manufacturerceramic-dinner-set-wholesale-1-285x285.webp 285w, https:\/\/www.yongjianceramic.com\/wp-content\/uploads\/2025\/04\/custom-made-crockeryceramic-plate-manufacturerceramic-dinner-set-wholesale-1-270x270.webp 270w, https:\/\/www.yongjianceramic.com\/wp-content\/uploads\/2025\/04\/custom-made-crockeryceramic-plate-manufacturerceramic-dinner-set-wholesale-1-540x540.webp 540w, https:\/\/www.yongjianceramic.com\/wp-content\/uploads\/2025\/04\/custom-made-crockeryceramic-plate-manufacturerceramic-dinner-set-wholesale-1-660x660.webp 660w\" sizes=\"(max-width: 800px) 100vw, 800px\" \/><\/figure>\n<\/div>\n<\/div>","protected":false},"excerpt":{"rendered":"<div class=\"lRu31\" dir=\"ltr\">Willkommen bei Keramik Essteller in der Masse zu kaufen. Diese 8-Zoll tiefe Servierplatten Gro\u00dfhandel verwenden reaktive glasiert Technologie, haben eine einzigartige und nat\u00fcrliche Glasur Farbe, eine praktische und sch\u00f6ne Form, geeignet f\u00fcr eine Vielzahl von Gerichten. <\/p>\n<div class=\"OvtS8d\">\n<table style=\"border-collapse: collapse; width: 327.02pt;\" border=\"0\" width=\"654\" cellspacing=\"0\" cellpadding=\"0\">\n<tbody>\n<tr style=\"height: 16.50pt;\">\n<td class=\"et3\" style=\"height: 16.50pt; width: 127.20pt;\" width=\"254\" height=\"33\">Hersteller<\/td>\n<td class=\"et3\" style=\"width: 200.15pt;\" width=\"400\">Yongjian<\/td>\n<\/tr>\n<tr style=\"height: 16.50pt;\">\n<td class=\"et3\" style=\"height: 16.50pt;\" height=\"33\">Modell Nr.<\/td>\n<td class=\"et4\" style=\"width: 200.15pt;\" width=\"400\">YJ-122<\/td>\n<\/tr>\n<tr style=\"height: 16.50pt;\">\n<td class=\"et3\" style=\"height: 16.50pt;\" height=\"33\">Produkttyp<\/td>\n<td class=\"et3\">Tiefer Teller<\/td>\n<\/tr>\n<tr style=\"height: 16.50pt;\">\n<td class=\"et3\" style=\"height: 16.50pt;\" height=\"33\">Material<\/td>\n<td class=\"et3\">Porzellan<\/td>\n<\/tr>\n<tr style=\"height: 16.50pt;\">\n<td class=\"et5\" style=\"height: 16.50pt;\" height=\"33\">Farbe<\/td>\n<td class=\"et3\">Als Bild<\/td>\n<\/tr>\n<tr style=\"height: 16.50pt;\">\n<td class=\"et3\" style=\"height: 16.50pt;\" height=\"33\">Dimension<\/td>\n<td class=\"et6\" style=\"width: 200.15pt;\" width=\"400\">20.5*20.5*4.2cm<\/td>\n<\/tr>\n<tr style=\"height: 16.50pt;\">\n<td class=\"et3\" style=\"height: 16.50pt;\" height=\"33\">MOQ<\/td>\n<td class=\"et3\">500St\u00fcck<\/td>\n<\/tr>\n<tr style=\"height: 16.50pt;\">\n<td class=\"et3\" style=\"height: 16.50pt;\" height=\"33\">Benutzerdefiniert<\/td>\n<td class=\"et3\">Farbe\/Gr\u00f6\u00dfe\/Logo\/Verpackung<\/td>\n<\/tr>\n<\/tbody>\n<\/table>\n<\/div>\n<div id=\"ow23\">\u00a0<\/div>\n<\/div>\n<div dir=\"ltr\">\u00a0<\/div>\n<div class=\"UdTY9 WdefRb\" aria-hidden=\"true\" data-location=\"2\">\u00a0<\/div>","protected":false},"featured_media":4602,"comment_status":"closed","ping_status":"closed","template":"","meta":{"_acf_changed":false},"product_brand":[],"product_cat":[62,77,93,76],"product_tag":[88,81],"class_list":{"0":"post-4591","1":"product","2":"type-product","3":"status-publish","4":"has-post-thumbnail","6":"product_cat-ceramic-plates-wholesale","7":"product_cat-deep-plates-wholesale","8":"product_cat-bulk-dinner-plates","9":"product_cat-wholesale-serving-platters","10":"product_tag-japanese-style-dinnerware-set-wholesale","11":"product_tag-modern-design-dinnerware-set-wholesale","13":"first","14":"instock","15":"shipping-taxable","16":"product-type-simple"},"acf":[],"_links":{"self":[{"href":"https:\/\/www.yongjianceramic.com\/de\/wp-json\/wp\/v2\/product\/4591","targetHints":{"allow":["GET"]}}],"collection":[{"href":"https:\/\/www.yongjianceramic.com\/de\/wp-json\/wp\/v2\/product"}],"about":[{"href":"https:\/\/www.yongjianceramic.com\/de\/wp-json\/wp\/v2\/types\/product"}],"replies":[{"embeddable":true,"href":"https:\/\/www.yongjianceramic.com\/de\/wp-json\/wp\/v2\/comments?post=4591"}],"wp:featuredmedia":[{"embeddable":true,"href":"https:\/\/www.yongjianceramic.com\/de\/wp-json\/wp\/v2\/media\/4602"}],"wp:attachment":[{"href":"https:\/\/www.yongjianceramic.com\/de\/wp-json\/wp\/v2\/media?parent=4591"}],"wp:term":[{"taxonomy":"product_brand","embeddable":true,"href":"https:\/\/www.yongjianceramic.com\/de\/wp-json\/wp\/v2\/product_brand?post=4591"},{"taxonomy":"product_cat","embeddable":true,"href":"https:\/\/www.yongjianceramic.com\/de\/wp-json\/wp\/v2\/product_cat?post=4591"},{"taxonomy":"product_tag","embeddable":true,"href":"https:\/\/www.yongjianceramic.com\/de\/wp-json\/wp\/v2\/product_tag?post=4591"}],"curies":[{"name":"wp","href":"https:\/\/api.w.org\/{rel}","templated":true}]}}