{"id":4605,"date":"2025-04-21T10:28:47","date_gmt":"2025-04-21T02:28:47","guid":{"rendered":"https:\/\/www.yongjianceramic.com\/?post_type=product&#038;p=4605"},"modified":"2025-04-21T10:39:43","modified_gmt":"2025-04-21T02:39:43","slug":"wholesale-serving-plates","status":"publish","type":"product","link":"https:\/\/www.yongjianceramic.com\/de\/produkt\/wholesale-serving-plates\/","title":{"rendered":"8-Zoll-Gro\u00dfhandel Servierplatten, exquisite Kiln-gebrannt Abendessen Teller Bulk"},"content":{"rendered":"<div class=\"wp-block-columns is-layout-flex wp-container-core-columns-is-layout-9d6595d7 wp-block-columns-is-layout-flex\">\n<div class=\"wp-block-column is-layout-flow wp-block-column-is-layout-flow\">\n<h2 class=\"wp-block-heading\">Premium Gro\u00dfhandel Servierplatten Merkmale:<\/h2>\n\n\n\n<ul class=\"wp-block-list\">\n<li><strong>Gestreiftes Liniendesign, moderne \u00c4sthetik:<\/strong> Diese Gro\u00dfhandelsservierplatten sind mit exquisiten Streifen- oder Linienmustern verziert, die das gesamte visuelle Niveau erh\u00f6hen. Es ist einfach, aber voll von Design-Sinn und geeignet f\u00fcr eine moderne Esstisch Stil.<\/li>\n\n\n\n<li><strong>8-Zoll-Standard-Flachplatte, praktisch und vielseitig: <\/strong>Unsere Essteller haben die Standardgr\u00f6\u00dfe eines westlichen Tellers und eignen sich f\u00fcr alle Arten von westlichen Gerichten wie Steak, Pasta, Desserts usw., was sie zu einer idealen Wahl f\u00fcr den t\u00e4glichen Gebrauch in Restaurants und Familien macht.<\/li>\n\n\n\n<li><strong>Hochtemperaturkeramik, hitzebest\u00e4ndig und kratzfest: <\/strong>Die aus hochwertiger Keramik hergestellte und bei hoher Temperatur gebrannte Oberfl\u00e4che unserer Servierplatten f\u00fcr den Gro\u00dfhandel ist glatt und dicht, hitzebest\u00e4ndig und kratzfest, mikrowellen- und sp\u00fclmaschinengeeignet und leicht zu reinigen.<\/li>\n\n\n\n<li><strong>Geeignet f\u00fcr Gro\u00dfeink\u00e4ufe in Restaurants und Hotels: <\/strong>Unsere Essteller in gro\u00dfen Mengen eignen sich f\u00fcr kommerzielle Szenarien wie Hotels, Restaurants und Caf\u00e9s und k\u00f6nnen auch mit LOGO oder unterst\u00fctzenden Serien versehen werden, um den Branding-Anforderungen gerecht zu werden.<\/li>\n<\/ul>\n<\/div>\n\n\n\n<div class=\"wp-block-column is-layout-flow wp-block-column-is-layout-flow\">\n<figure class=\"wp-block-image size-full\"><img fetchpriority=\"high\" decoding=\"async\" width=\"800\" height=\"800\" src=\"https:\/\/www.yongjianceramic.com\/wp-content\/uploads\/2025\/04\/wholesale-restaurant-tableware-setbulk-buy-dinner-platesmodern-china-dinnerware-8.webp\" alt=\"8-Zoll-Gro\u00dfhandel Servierplatten, exquisite Kiln-gebrannten Teller Bulk-1\" class=\"wp-image-4613\" srcset=\"https:\/\/www.yongjianceramic.com\/wp-content\/uploads\/2025\/04\/wholesale-restaurant-tableware-setbulk-buy-dinner-platesmodern-china-dinnerware-8.webp 800w, https:\/\/www.yongjianceramic.com\/wp-content\/uploads\/2025\/04\/wholesale-restaurant-tableware-setbulk-buy-dinner-platesmodern-china-dinnerware-8-300x300.webp 300w, https:\/\/www.yongjianceramic.com\/wp-content\/uploads\/2025\/04\/wholesale-restaurant-tableware-setbulk-buy-dinner-platesmodern-china-dinnerware-8-150x150.webp 150w, https:\/\/www.yongjianceramic.com\/wp-content\/uploads\/2025\/04\/wholesale-restaurant-tableware-setbulk-buy-dinner-platesmodern-china-dinnerware-8-768x768.webp 768w, https:\/\/www.yongjianceramic.com\/wp-content\/uploads\/2025\/04\/wholesale-restaurant-tableware-setbulk-buy-dinner-platesmodern-china-dinnerware-8-12x12.webp 12w, https:\/\/www.yongjianceramic.com\/wp-content\/uploads\/2025\/04\/wholesale-restaurant-tableware-setbulk-buy-dinner-platesmodern-china-dinnerware-8-285x285.webp 285w, https:\/\/www.yongjianceramic.com\/wp-content\/uploads\/2025\/04\/wholesale-restaurant-tableware-setbulk-buy-dinner-platesmodern-china-dinnerware-8-270x270.webp 270w, https:\/\/www.yongjianceramic.com\/wp-content\/uploads\/2025\/04\/wholesale-restaurant-tableware-setbulk-buy-dinner-platesmodern-china-dinnerware-8-540x540.webp 540w, https:\/\/www.yongjianceramic.com\/wp-content\/uploads\/2025\/04\/wholesale-restaurant-tableware-setbulk-buy-dinner-platesmodern-china-dinnerware-8-660x660.webp 660w\" sizes=\"(max-width: 800px) 100vw, 800px\" \/><\/figure>\n<\/div>\n<\/div>","protected":false},"excerpt":{"rendered":"<p>Willkommen zum Kauf von Esstellern in gro\u00dfen Mengen. Unsere 8-Zoll-Gro\u00dfhandel Servierplatten nehmen eine Ofen-\u00c4nderung Textur, sind einfach und stilvoll, und sind geeignet f\u00fcr westliche Lebensmittel wie Steak, Pasta, etc. Es ist aus Hochtemperatur-Keramik, hitzebest\u00e4ndig und langlebig, geeignet f\u00fcr den gro\u00df angelegten Einsatz in Haushalten und Restaurants gemacht.<\/p>\n<table style=\"border-collapse: collapse; width: 327.02pt;\" border=\"0\" width=\"654\" cellspacing=\"0\" cellpadding=\"0\">\n<tbody>\n<tr style=\"height: 16.50pt;\">\n<td class=\"et3\" style=\"height: 16.50pt; width: 127.20pt;\" width=\"254\" height=\"33\">Hersteller<\/td>\n<td class=\"et3\" style=\"width: 200.15pt;\" width=\"400\">Yongjian<\/td>\n<\/tr>\n<tr style=\"height: 16.50pt;\">\n<td class=\"et3\" style=\"height: 16.50pt;\" height=\"33\">Modell Nr.<\/td>\n<td class=\"et4\" style=\"width: 200.15pt;\" width=\"400\">YJ-123<\/td>\n<\/tr>\n<tr style=\"height: 16.50pt;\">\n<td class=\"et3\" style=\"height: 16.50pt;\" height=\"33\">Produkttyp<\/td>\n<td class=\"et3\">Essteller<\/td>\n<\/tr>\n<tr style=\"height: 16.50pt;\">\n<td class=\"et3\" style=\"height: 16.50pt;\" height=\"33\">Material<\/td>\n<td class=\"et3\">Porzellan<\/td>\n<\/tr>\n<tr style=\"height: 16.50pt;\">\n<td class=\"et5\" style=\"height: 16.50pt;\" height=\"33\">Farbe<\/td>\n<td class=\"et3\">Als Bild<\/td>\n<\/tr>\n<tr style=\"height: 16.50pt;\">\n<td class=\"et3\" style=\"height: 16.50pt;\" height=\"33\">Dimension<\/td>\n<td class=\"et6\" style=\"width: 200.15pt;\" width=\"400\">21*21*2.3cm<\/td>\n<\/tr>\n<tr style=\"height: 16.50pt;\">\n<td class=\"et3\" style=\"height: 16.50pt;\" height=\"33\">MOQ<\/td>\n<td class=\"et3\">500St\u00fcck<\/td>\n<\/tr>\n<tr style=\"height: 16.50pt;\">\n<td class=\"et3\" style=\"height: 16.50pt;\" height=\"33\">Benutzerdefiniert<\/td>\n<td class=\"et3\">Farbe\/Gr\u00f6\u00dfe\/Logo\/Verpackung<\/td>\n<\/tr>\n<\/tbody>\n<\/table>","protected":false},"featured_media":4606,"comment_status":"closed","ping_status":"closed","template":"","meta":{"_acf_changed":false},"product_brand":[],"product_cat":[62,93,76],"product_tag":[88,81],"class_list":{"0":"post-4605","1":"product","2":"type-product","3":"status-publish","4":"has-post-thumbnail","6":"product_cat-ceramic-plates-wholesale","7":"product_cat-bulk-dinner-plates","8":"product_cat-wholesale-serving-platters","9":"product_tag-japanese-style-dinnerware-set-wholesale","10":"product_tag-modern-design-dinnerware-set-wholesale","12":"first","13":"instock","14":"shipping-taxable","15":"product-type-simple"},"acf":[],"_links":{"self":[{"href":"https:\/\/www.yongjianceramic.com\/de\/wp-json\/wp\/v2\/product\/4605","targetHints":{"allow":["GET"]}}],"collection":[{"href":"https:\/\/www.yongjianceramic.com\/de\/wp-json\/wp\/v2\/product"}],"about":[{"href":"https:\/\/www.yongjianceramic.com\/de\/wp-json\/wp\/v2\/types\/product"}],"replies":[{"embeddable":true,"href":"https:\/\/www.yongjianceramic.com\/de\/wp-json\/wp\/v2\/comments?post=4605"}],"wp:featuredmedia":[{"embeddable":true,"href":"https:\/\/www.yongjianceramic.com\/de\/wp-json\/wp\/v2\/media\/4606"}],"wp:attachment":[{"href":"https:\/\/www.yongjianceramic.com\/de\/wp-json\/wp\/v2\/media?parent=4605"}],"wp:term":[{"taxonomy":"product_brand","embeddable":true,"href":"https:\/\/www.yongjianceramic.com\/de\/wp-json\/wp\/v2\/product_brand?post=4605"},{"taxonomy":"product_cat","embeddable":true,"href":"https:\/\/www.yongjianceramic.com\/de\/wp-json\/wp\/v2\/product_cat?post=4605"},{"taxonomy":"product_tag","embeddable":true,"href":"https:\/\/www.yongjianceramic.com\/de\/wp-json\/wp\/v2\/product_tag?post=4605"}],"curies":[{"name":"wp","href":"https:\/\/api.w.org\/{rel}","templated":true}]}}