{"id":4634,"date":"2025-05-06T15:20:40","date_gmt":"2025-05-06T07:20:40","guid":{"rendered":"https:\/\/www.yongjianceramic.com\/?post_type=product&#038;p=4634"},"modified":"2025-05-06T15:20:43","modified_gmt":"2025-05-06T07:20:43","slug":"wholesale-dinner-sets","status":"publish","type":"product","link":"https:\/\/www.yongjianceramic.com\/de\/produkt\/wholesale-dinner-sets\/","title":{"rendered":"Reaktiv glasiertes Gro\u00dfhandelsgeschirr, kommerzielles Kochgeschirr"},"content":{"rendered":"<div class=\"wp-block-columns is-layout-flex wp-container-core-columns-is-layout-9d6595d7 wp-block-columns-is-layout-flex\">\n<div class=\"wp-block-column is-layout-flow wp-block-column-is-layout-flow\">\n<h2 class=\"wp-block-heading\">Premium Gro\u00dfhandel Abendessen Sets Eigenschaften:<\/h2>\n\n\n\n<ul class=\"wp-block-list\">\n<li><strong>Doppelte Geschirrkonfiguration, praktisch und r\u00fccksichtsvoll: <\/strong>Unsere Gro\u00dfhandels-Geschirrsets umfassen die grundlegende Sch\u00fcssel- und Teller-Kombination, die f\u00fcr Paare, Familien oder Hotels f\u00fcr Zwei-Personen-Essen geeignet ist, mit vern\u00fcnftiger Anpassung und starker Funktionalit\u00e4t.<\/li>\n\n\n\n<li><strong>Marmorierte Textur, hochwertige Textur: <\/strong>Diese handels\u00fcblichen Geschirrsets in Gro\u00dfpackungen sind im Marmor-Design gehalten, und die nat\u00fcrliche Textur ist gestaffelt, wodurch eine ruhige und stilvolle Atmosph\u00e4re am Esstisch entsteht.<\/li>\n\n\n\n<li><strong>Reaktiv glasierte Technologie, reiche Farbschichten: <\/strong>Kombiniert mit der Brenntechnik der Reaktionsglasur hat jedes St\u00fcck dieser Gro\u00dfhandelsgeschirre eine leicht unterschiedliche, einzigartige, k\u00fcnstlerische Textur.<\/li>\n\n\n\n<li><strong>Geeignet f\u00fcr Hotels und gehobene Gastronomiebetriebe: <\/strong>Hochtemperatur-Keramikbrand, hitzebest\u00e4ndig und verschlei\u00dffest, mit einer stabilen Struktur, unsere kommerziellen Geschirr-Sets in loser Sch\u00fcttung sind weit verbreitet in kommerziellen Szenen wie Hotels, High-End-Restaurants und Gastfamilien, anpassbare Logos, und unterst\u00fctzen Gro\u00dfeink\u00e4ufe.<\/li>\n<\/ul>\n<\/div>\n\n\n\n<div class=\"wp-block-column is-layout-flow wp-block-column-is-layout-flow\">\n<figure class=\"wp-block-image size-full\"><img fetchpriority=\"high\" decoding=\"async\" width=\"800\" height=\"800\" src=\"https:\/\/www.yongjianceramic.com\/wp-content\/uploads\/2025\/05\/china-dinnerwarewholesale-and-custom-ceramic-platesceramic-bowl-supplier-2.webp\" alt=\"Reaktiv glasiert Gro\u00dfhandel Abendessen setzt, kommerzielle Geschirr-2\" class=\"wp-image-4636\" srcset=\"https:\/\/www.yongjianceramic.com\/wp-content\/uploads\/2025\/05\/china-dinnerwarewholesale-and-custom-ceramic-platesceramic-bowl-supplier-2.webp 800w, https:\/\/www.yongjianceramic.com\/wp-content\/uploads\/2025\/05\/china-dinnerwarewholesale-and-custom-ceramic-platesceramic-bowl-supplier-2-300x300.webp 300w, https:\/\/www.yongjianceramic.com\/wp-content\/uploads\/2025\/05\/china-dinnerwarewholesale-and-custom-ceramic-platesceramic-bowl-supplier-2-150x150.webp 150w, https:\/\/www.yongjianceramic.com\/wp-content\/uploads\/2025\/05\/china-dinnerwarewholesale-and-custom-ceramic-platesceramic-bowl-supplier-2-768x768.webp 768w, https:\/\/www.yongjianceramic.com\/wp-content\/uploads\/2025\/05\/china-dinnerwarewholesale-and-custom-ceramic-platesceramic-bowl-supplier-2-12x12.webp 12w, https:\/\/www.yongjianceramic.com\/wp-content\/uploads\/2025\/05\/china-dinnerwarewholesale-and-custom-ceramic-platesceramic-bowl-supplier-2-285x285.webp 285w, https:\/\/www.yongjianceramic.com\/wp-content\/uploads\/2025\/05\/china-dinnerwarewholesale-and-custom-ceramic-platesceramic-bowl-supplier-2-270x270.webp 270w, https:\/\/www.yongjianceramic.com\/wp-content\/uploads\/2025\/05\/china-dinnerwarewholesale-and-custom-ceramic-platesceramic-bowl-supplier-2-540x540.webp 540w, https:\/\/www.yongjianceramic.com\/wp-content\/uploads\/2025\/05\/china-dinnerwarewholesale-and-custom-ceramic-platesceramic-bowl-supplier-2-660x660.webp 660w\" sizes=\"(max-width: 800px) 100vw, 800px\" \/><\/figure>\n<\/div>\n<\/div>","protected":false},"excerpt":{"rendered":"<p>Willkommen zum Kauf kommerzieller Geschirrsets in gro\u00dfen Mengen. Unsere Gro\u00dfhandelsgeschirrsets kombinieren Marmormuster und reaktive Glasurtechnologie, um einen nat\u00fcrlichen und eleganten visuellen Effekt zu pr\u00e4sentieren. Sie haben vern\u00fcnftige Konfiguration und hochwertige Textur, geeignet f\u00fcr Hotels, gehobene Restaurants und exquisite Wohnszenen.<\/p>\n<table style=\"border-collapse: collapse; width: 327.02pt;\" border=\"0\" width=\"654\" cellspacing=\"0\" cellpadding=\"0\">\n<tbody>\n<tr style=\"height: 16.50pt;\">\n<td class=\"et3\" style=\"height: 16.50pt; width: 127.20pt;\" width=\"254\" height=\"33\">Hersteller<\/td>\n<td class=\"et3\" style=\"width: 200.15pt;\" width=\"400\">Yongjian<\/td>\n<\/tr>\n<tr style=\"height: 16.50pt;\">\n<td class=\"et3\" style=\"height: 16.50pt;\" height=\"33\">Modell Nr.<\/td>\n<td class=\"et4\" style=\"width: 200.15pt;\" width=\"400\">YJ-124<\/td>\n<\/tr>\n<tr style=\"height: 16.50pt;\">\n<td class=\"et5\" style=\"height: 16.50pt; width: 127.20pt;\" width=\"254\" height=\"33\">Essgeschirr Typ<\/td>\n<td class=\"et5\" style=\"width: 200.15pt;\" width=\"400\">Teller, Platten, Schalen<\/td>\n<\/tr>\n<tr style=\"height: 16.50pt;\">\n<td class=\"et3\" style=\"height: 16.50pt;\" height=\"33\">Technik<\/td>\n<td class=\"et3\">Ofenglasur-Effekt<\/td>\n<\/tr>\n<tr style=\"height: 16.50pt;\">\n<td class=\"et3\" style=\"height: 16.50pt;\" height=\"33\">Material<\/td>\n<td class=\"et3\">Porzellan<\/td>\n<\/tr>\n<tr style=\"height: 33.00pt;\">\n<td class=\"et6\" style=\"height: 33.00pt;\" height=\"66\">Anwendbar<\/td>\n<td class=\"et5\" style=\"width: 200.15pt;\" width=\"400\">Sterilisator, Geschirrsp\u00fcler, Backofen, Mikrowelle<\/td>\n<\/tr>\n<tr style=\"height: 16.50pt;\">\n<td class=\"et3\" style=\"height: 16.50pt;\" height=\"33\">Dimension<\/td>\n<td class=\"et3\">Als Bild<\/td>\n<\/tr>\n<tr style=\"height: 16.50pt;\">\n<td class=\"et3\" style=\"height: 16.50pt;\" height=\"33\">MOQ<\/td>\n<td class=\"et3\">500St\u00fcck<\/td>\n<\/tr>\n<tr style=\"height: 16.50pt;\">\n<td class=\"et3\" style=\"height: 16.50pt;\" height=\"33\">Benutzerdefiniert<\/td>\n<td class=\"et3\">Farbe\/Gr\u00f6\u00dfe\/Logo\/Verpackung<\/td>\n<\/tr>\n<\/tbody>\n<\/table>","protected":false},"featured_media":4639,"comment_status":"closed","ping_status":"closed","template":"","meta":{"_acf_changed":false},"product_brand":[],"product_cat":[64,87,85],"product_tag":[88,86],"class_list":{"0":"post-4634","1":"product","2":"type-product","3":"status-publish","4":"has-post-thumbnail","6":"product_cat-dinnerware-sets","7":"product_cat-tableware-wholesale","8":"product_cat-wholesale-dinnerware-sets","9":"product_tag-japanese-style-dinnerware-set-wholesale","10":"product_tag-oriental-style-dinnerware-wholesale","12":"first","13":"instock","14":"shipping-taxable","15":"product-type-simple"},"acf":[],"_links":{"self":[{"href":"https:\/\/www.yongjianceramic.com\/de\/wp-json\/wp\/v2\/product\/4634","targetHints":{"allow":["GET"]}}],"collection":[{"href":"https:\/\/www.yongjianceramic.com\/de\/wp-json\/wp\/v2\/product"}],"about":[{"href":"https:\/\/www.yongjianceramic.com\/de\/wp-json\/wp\/v2\/types\/product"}],"replies":[{"embeddable":true,"href":"https:\/\/www.yongjianceramic.com\/de\/wp-json\/wp\/v2\/comments?post=4634"}],"wp:featuredmedia":[{"embeddable":true,"href":"https:\/\/www.yongjianceramic.com\/de\/wp-json\/wp\/v2\/media\/4639"}],"wp:attachment":[{"href":"https:\/\/www.yongjianceramic.com\/de\/wp-json\/wp\/v2\/media?parent=4634"}],"wp:term":[{"taxonomy":"product_brand","embeddable":true,"href":"https:\/\/www.yongjianceramic.com\/de\/wp-json\/wp\/v2\/product_brand?post=4634"},{"taxonomy":"product_cat","embeddable":true,"href":"https:\/\/www.yongjianceramic.com\/de\/wp-json\/wp\/v2\/product_cat?post=4634"},{"taxonomy":"product_tag","embeddable":true,"href":"https:\/\/www.yongjianceramic.com\/de\/wp-json\/wp\/v2\/product_tag?post=4634"}],"curies":[{"name":"wp","href":"https:\/\/api.w.org\/{rel}","templated":true}]}}