{"id":4641,"date":"2025-05-06T14:42:15","date_gmt":"2025-05-06T06:42:15","guid":{"rendered":"https:\/\/www.yongjianceramic.com\/?post_type=product&#038;p=4641"},"modified":"2025-05-06T14:42:17","modified_gmt":"2025-05-06T06:42:17","slug":"wholesale-pasta-bowls","status":"publish","type":"product","link":"https:\/\/www.yongjianceramic.com\/de\/produkt\/wholesale-pasta-bowls\/","title":{"rendered":"7,5 Zoll Gradient Gro\u00dfhandel Pasta Schalen, Keramik-Schalen Bulk"},"content":{"rendered":"<div class=\"wp-block-columns is-layout-flex wp-container-core-columns-is-layout-9d6595d7 wp-block-columns-is-layout-flex\">\n<div class=\"wp-block-column is-layout-flow wp-block-column-is-layout-flow\">\n<h2 class=\"wp-block-heading\">Premium Gro\u00dfhandel Pasta Schalen Merkmale:<\/h2>\n\n\n\n<ul class=\"wp-block-list\">\n<li><strong>Reaktiv glasierte Technologie, einzigartige Farbdarstellung: <\/strong>Unsere Nudelsch\u00fcsseln f\u00fcr den Gro\u00dfhandel werden nach der traditionellen Brenntechnik hergestellt, die Glasur flie\u00dft nat\u00fcrlich und hat verschiedene Schichten. Jeder Teller pr\u00e4sentiert einen einzigartigen Effekt, mit einem gro\u00dfen Sinn f\u00fcr handwerkliche Sch\u00f6nheit.<\/li>\n\n\n\n<li><strong>7,5-Zoll-Gr\u00f6\u00dfe, breit einsetzbar: <\/strong>Unsere Keramiksch\u00fcsseln k\u00f6nnen f\u00fcr Nudeln, Salat, Reis, Desserts und andere t\u00e4gliche Mahlzeiten verwendet werden, praktisch und sch\u00f6n zugleich.<\/li>\n\n\n\n<li><strong>Gew\u00f6lbte, tiefe Platte, \u00fcberlaufsicheres Design: <\/strong>Diese Nudelschalen aus dem Gro\u00dfhandel sind leicht tief, was ein \u00dcberlaufen der Suppe verhindert, das Esserlebnis verbessert und f\u00fcr eine Vielzahl von Gerichten zu Hause oder im Restaurant geeignet ist.<\/li>\n\n\n\n<li><strong>Geeignet f\u00fcr die private und gewerbliche Gastronomie: <\/strong>Mit eleganter Form und fester Textur sind diese Keramikschalen f\u00fcr den t\u00e4glichen Gebrauch zu Hause, in Caf\u00e9s, Restaurants und an anderen Orten geeignet, k\u00f6nnen kundenspezifische Logos und Gro\u00dfauftr\u00e4ge unterst\u00fctzen<\/li>\n<\/ul>\n<\/div>\n\n\n\n<div class=\"wp-block-column is-layout-flow wp-block-column-is-layout-flow\">\n<figure class=\"wp-block-image size-full\"><img fetchpriority=\"high\" decoding=\"async\" width=\"800\" height=\"800\" src=\"https:\/\/www.yongjianceramic.com\/wp-content\/uploads\/2025\/05\/bulk-pasta-bowlscustom-dinner-platescustom-made-ceramic-dinnerware-8.webp\" alt=\"7,5 Zoll Gradient Gro\u00dfhandel Pasta Schalen, Keramik-Schalen Bulk-4\" class=\"wp-image-4649\" srcset=\"https:\/\/www.yongjianceramic.com\/wp-content\/uploads\/2025\/05\/bulk-pasta-bowlscustom-dinner-platescustom-made-ceramic-dinnerware-8.webp 800w, https:\/\/www.yongjianceramic.com\/wp-content\/uploads\/2025\/05\/bulk-pasta-bowlscustom-dinner-platescustom-made-ceramic-dinnerware-8-300x300.webp 300w, https:\/\/www.yongjianceramic.com\/wp-content\/uploads\/2025\/05\/bulk-pasta-bowlscustom-dinner-platescustom-made-ceramic-dinnerware-8-150x150.webp 150w, https:\/\/www.yongjianceramic.com\/wp-content\/uploads\/2025\/05\/bulk-pasta-bowlscustom-dinner-platescustom-made-ceramic-dinnerware-8-768x768.webp 768w, https:\/\/www.yongjianceramic.com\/wp-content\/uploads\/2025\/05\/bulk-pasta-bowlscustom-dinner-platescustom-made-ceramic-dinnerware-8-12x12.webp 12w, https:\/\/www.yongjianceramic.com\/wp-content\/uploads\/2025\/05\/bulk-pasta-bowlscustom-dinner-platescustom-made-ceramic-dinnerware-8-285x285.webp 285w, https:\/\/www.yongjianceramic.com\/wp-content\/uploads\/2025\/05\/bulk-pasta-bowlscustom-dinner-platescustom-made-ceramic-dinnerware-8-270x270.webp 270w, https:\/\/www.yongjianceramic.com\/wp-content\/uploads\/2025\/05\/bulk-pasta-bowlscustom-dinner-platescustom-made-ceramic-dinnerware-8-540x540.webp 540w, https:\/\/www.yongjianceramic.com\/wp-content\/uploads\/2025\/05\/bulk-pasta-bowlscustom-dinner-platescustom-made-ceramic-dinnerware-8-660x660.webp 660w\" sizes=\"(max-width: 800px) 100vw, 800px\" \/><\/figure>\n<\/div>\n<\/div>","protected":false},"excerpt":{"rendered":"<p>Willkommen in Keramik Schalen bulk kaufen. Unsere 7,5-Zoll-Gro\u00dfhandel Pasta Schalen sind mit einem einzigartigen reaktiven glasiert Prozess gebrannt. Die Farbe flie\u00dft nat\u00fcrlich, und die Tellerform ist praktisch und elegant. Es eignet sich zum Servieren aller Arten von Grundnahrungsmitteln und Salaten. Es ist eine ideale Wahl f\u00fcr Familien und High-End-Catering-Pl\u00e4tze.<\/p>\n<table style=\"border-collapse: collapse; width: 327.02pt;\" border=\"0\" width=\"654\" cellspacing=\"0\" cellpadding=\"0\">\n<tbody>\n<tr style=\"height: 16.50pt;\">\n<td class=\"et3\" style=\"height: 16.50pt; width: 127.20pt;\" width=\"254\" height=\"33\">Hersteller<\/td>\n<td class=\"et3\" style=\"width: 200.15pt;\" width=\"400\">Yongjian<\/td>\n<\/tr>\n<tr style=\"height: 16.50pt;\">\n<td class=\"et3\" style=\"height: 16.50pt;\" height=\"33\">Modell Nr.<\/td>\n<td class=\"et4\" style=\"width: 200.15pt;\" width=\"400\">YJ-125<\/td>\n<\/tr>\n<tr style=\"height: 16.50pt;\">\n<td class=\"et3\" style=\"height: 16.50pt;\" height=\"33\">Produkttyp<\/td>\n<td class=\"et3\">Essteller<\/td>\n<\/tr>\n<tr style=\"height: 16.50pt;\">\n<td class=\"et3\" style=\"height: 16.50pt;\" height=\"33\">Material<\/td>\n<td class=\"et3\">Porzellan<\/td>\n<\/tr>\n<tr style=\"height: 16.50pt;\">\n<td class=\"et5\" style=\"height: 16.50pt;\" height=\"33\">Farbe<\/td>\n<td class=\"et3\">Als Bild<\/td>\n<\/tr>\n<tr style=\"height: 16.50pt;\">\n<td class=\"et3\" style=\"height: 16.50pt;\" height=\"33\">Dimension<\/td>\n<td class=\"et6\" style=\"width: 200.15pt;\" width=\"400\">18*18*6cm<\/td>\n<\/tr>\n<tr style=\"height: 16.50pt;\">\n<td class=\"et3\" style=\"height: 16.50pt;\" height=\"33\">MOQ<\/td>\n<td class=\"et3\">500St\u00fcck<\/td>\n<\/tr>\n<tr style=\"height: 16.50pt;\">\n<td class=\"et3\" style=\"height: 16.50pt;\" height=\"33\">Benutzerdefiniert<\/td>\n<td class=\"et3\">Farbe\/Gr\u00f6\u00dfe\/Logo\/Verpackung<\/td>\n<\/tr>\n<\/tbody>\n<\/table>","protected":false},"featured_media":4642,"comment_status":"closed","ping_status":"closed","template":"","meta":{"_acf_changed":false},"product_brand":[],"product_cat":[63,74,73],"product_tag":[88,81],"class_list":{"0":"post-4641","1":"product","2":"type-product","3":"status-publish","4":"has-post-thumbnail","6":"product_cat-wholesale-bowls","7":"product_cat-bulk-serving-bowls","8":"product_cat-bulk-soup-bowls","9":"product_tag-japanese-style-dinnerware-set-wholesale","10":"product_tag-modern-design-dinnerware-set-wholesale","12":"first","13":"instock","14":"shipping-taxable","15":"product-type-simple"},"acf":[],"_links":{"self":[{"href":"https:\/\/www.yongjianceramic.com\/de\/wp-json\/wp\/v2\/product\/4641","targetHints":{"allow":["GET"]}}],"collection":[{"href":"https:\/\/www.yongjianceramic.com\/de\/wp-json\/wp\/v2\/product"}],"about":[{"href":"https:\/\/www.yongjianceramic.com\/de\/wp-json\/wp\/v2\/types\/product"}],"replies":[{"embeddable":true,"href":"https:\/\/www.yongjianceramic.com\/de\/wp-json\/wp\/v2\/comments?post=4641"}],"wp:featuredmedia":[{"embeddable":true,"href":"https:\/\/www.yongjianceramic.com\/de\/wp-json\/wp\/v2\/media\/4642"}],"wp:attachment":[{"href":"https:\/\/www.yongjianceramic.com\/de\/wp-json\/wp\/v2\/media?parent=4641"}],"wp:term":[{"taxonomy":"product_brand","embeddable":true,"href":"https:\/\/www.yongjianceramic.com\/de\/wp-json\/wp\/v2\/product_brand?post=4641"},{"taxonomy":"product_cat","embeddable":true,"href":"https:\/\/www.yongjianceramic.com\/de\/wp-json\/wp\/v2\/product_cat?post=4641"},{"taxonomy":"product_tag","embeddable":true,"href":"https:\/\/www.yongjianceramic.com\/de\/wp-json\/wp\/v2\/product_tag?post=4641"}],"curies":[{"name":"wp","href":"https:\/\/api.w.org\/{rel}","templated":true}]}}