{"id":4653,"date":"2025-05-06T15:00:50","date_gmt":"2025-05-06T07:00:50","guid":{"rendered":"https:\/\/www.yongjianceramic.com\/?post_type=product&#038;p=4653"},"modified":"2025-05-06T15:00:54","modified_gmt":"2025-05-06T07:00:54","slug":"restaurant-dinner-plates-wholesale","status":"publish","type":"product","link":"https:\/\/www.yongjianceramic.com\/de\/produkt\/restaurant-dinner-plates-wholesale\/","title":{"rendered":"Restaurant Abendessen Platten Gro\u00dfhandel, Lotus Blatt Keramikplatten"},"content":{"rendered":"<div class=\"wp-block-columns is-layout-flex wp-container-core-columns-is-layout-9d6595d7 wp-block-columns-is-layout-flex\">\n<div class=\"wp-block-column is-layout-flow wp-block-column-is-layout-flow\">\n<h2 class=\"wp-block-heading\">Premium Restaurant Dinner Plates Gro\u00dfhandel Merkmale:<\/h2>\n\n\n\n<ul class=\"wp-block-list\">\n<li><strong>Unregelm\u00e4\u00dfiges rundes Design, retro und einzigartig: <\/strong>Diese Restaurantteller brechen im Gro\u00dfhandel mit der traditionellen regelm\u00e4\u00dfigen Form. Das unregelm\u00e4\u00dfige Design mit leicht nat\u00fcrlichen Wellen am Rand schafft eine handwerkliche Textur und Retro-Charme und unterstreicht die Pers\u00f6nlichkeit des Esstisches.<\/li>\n\n\n\n<li><strong>Streifentextur, reiche dreidimensionale Details:<\/strong> Diese runden Keramikteller sind mit exquisiten Streifenmustern versehen, die die visuelle und taktile Schichtung verst\u00e4rken und das Gesamtbild des Tellers erg\u00e4nzen, so dass ein k\u00fcnstlerisches Esserlebnis entsteht.<\/li>\n\n\n\n<li><strong>Doppelte Gr\u00f6\u00dfenauswahl, geeignet f\u00fcr mehrere Szenen: <\/strong>Unsere Restaurantteller Gro\u00dfhandel sind in 8-Zoll-und 10-Zoll-Gr\u00f6\u00dfen, perfekt f\u00fcr Dessert, Vorspeise oder Entree, bzw., perfekt f\u00fcr den t\u00e4glichen Gebrauch zu Hause, Hochzeitsparty oder High-End-Restaurant konzipiert.<\/li>\n\n\n\n<li><strong>Hochtemperatur-gebrannte Keramik, hitzebest\u00e4ndig und langlebig: <\/strong>Hergestellt aus hochwertiger Keramik und bei hoher Temperatur gebrannt, mit dichter Textur und gl\u00e4nzender Glasur, eignen sich unsere runden Keramikteller lose f\u00fcr den Einsatz in modernen K\u00fcchenger\u00e4ten wie Mikrowellenherden und Geschirrsp\u00fclern.<\/li>\n<\/ul>\n<\/div>\n\n\n\n<div class=\"wp-block-column is-layout-flow wp-block-column-is-layout-flow\">\n<figure class=\"wp-block-image size-full\"><img fetchpriority=\"high\" decoding=\"async\" width=\"800\" height=\"800\" src=\"https:\/\/www.yongjianceramic.com\/wp-content\/uploads\/2025\/05\/bulk-ceramic-dinner-plates-for-weddingcrockery-wholesaleantique-china-tableware-7.webp\" alt=\"Restaurant Dinner Plates Gro\u00dfhandel, runde keramische Teller-4\" class=\"wp-image-4660\" srcset=\"https:\/\/www.yongjianceramic.com\/wp-content\/uploads\/2025\/05\/bulk-ceramic-dinner-plates-for-weddingcrockery-wholesaleantique-china-tableware-7.webp 800w, https:\/\/www.yongjianceramic.com\/wp-content\/uploads\/2025\/05\/bulk-ceramic-dinner-plates-for-weddingcrockery-wholesaleantique-china-tableware-7-300x300.webp 300w, https:\/\/www.yongjianceramic.com\/wp-content\/uploads\/2025\/05\/bulk-ceramic-dinner-plates-for-weddingcrockery-wholesaleantique-china-tableware-7-150x150.webp 150w, https:\/\/www.yongjianceramic.com\/wp-content\/uploads\/2025\/05\/bulk-ceramic-dinner-plates-for-weddingcrockery-wholesaleantique-china-tableware-7-768x768.webp 768w, https:\/\/www.yongjianceramic.com\/wp-content\/uploads\/2025\/05\/bulk-ceramic-dinner-plates-for-weddingcrockery-wholesaleantique-china-tableware-7-12x12.webp 12w, https:\/\/www.yongjianceramic.com\/wp-content\/uploads\/2025\/05\/bulk-ceramic-dinner-plates-for-weddingcrockery-wholesaleantique-china-tableware-7-285x285.webp 285w, https:\/\/www.yongjianceramic.com\/wp-content\/uploads\/2025\/05\/bulk-ceramic-dinner-plates-for-weddingcrockery-wholesaleantique-china-tableware-7-270x270.webp 270w, https:\/\/www.yongjianceramic.com\/wp-content\/uploads\/2025\/05\/bulk-ceramic-dinner-plates-for-weddingcrockery-wholesaleantique-china-tableware-7-540x540.webp 540w, https:\/\/www.yongjianceramic.com\/wp-content\/uploads\/2025\/05\/bulk-ceramic-dinner-plates-for-weddingcrockery-wholesaleantique-china-tableware-7-660x660.webp 660w\" sizes=\"(max-width: 800px) 100vw, 800px\" \/><\/figure>\n<\/div>\n<\/div>","protected":false},"excerpt":{"rendered":"<p>Willkommen im Restaurant Essteller Gro\u00dfhandel zu kaufen. Unsere runden Keramikteller im Retrostil haben eine unregelm\u00e4\u00dfige runde Form mit einem gestreiften Texturdesign, das Sch\u00f6nheit und Zweckm\u00e4\u00dfigkeit verbindet. Es ist in 8-Zoll-und 10-Zoll-Gr\u00f6\u00dfen, geeignet f\u00fcr den t\u00e4glichen Gebrauch in der Familie, Hochzeit Bankett Tabellen und High-End-Catering-Locations.<\/p>\n<table style=\"border-collapse: collapse; width: 327.02pt;\" border=\"0\" width=\"654\" cellspacing=\"0\" cellpadding=\"0\">\n<tbody>\n<tr style=\"height: 16.50pt;\">\n<td class=\"et3\" style=\"height: 16.50pt; width: 127.20pt;\" width=\"254\" height=\"33\">Hersteller<\/td>\n<td class=\"et3\" style=\"width: 200.15pt;\" width=\"400\">Yongjian<\/td>\n<\/tr>\n<tr style=\"height: 16.50pt;\">\n<td class=\"et3\" style=\"height: 16.50pt;\" height=\"33\">Modell Nr.<\/td>\n<td class=\"et4\" style=\"width: 200.15pt;\" width=\"400\">YJ-126<\/td>\n<\/tr>\n<tr style=\"height: 16.50pt;\">\n<td class=\"et3\" style=\"height: 16.50pt;\" height=\"33\">Produkttyp<\/td>\n<td class=\"et3\">Essteller<\/td>\n<\/tr>\n<tr style=\"height: 16.50pt;\">\n<td class=\"et3\" style=\"height: 16.50pt;\" height=\"33\">Material<\/td>\n<td class=\"et3\">Porzellan<\/td>\n<\/tr>\n<tr style=\"height: 16.50pt;\">\n<td class=\"et5\" style=\"height: 16.50pt;\" height=\"33\">Farbe<\/td>\n<td class=\"et3\">Als Bild<\/td>\n<\/tr>\n<tr style=\"height: 33.00pt;\">\n<td class=\"et3\" style=\"height: 33.00pt;\" height=\"66\">Dimension<\/td>\n<td class=\"et6\" style=\"width: 200.15pt;\" width=\"400\">20,5*20,5*2cm 25,5*25,5*2,5cm<\/td>\n<\/tr>\n<tr style=\"height: 16.50pt;\">\n<td class=\"et3\" style=\"height: 16.50pt;\" height=\"33\">MOQ<\/td>\n<td class=\"et3\">500St\u00fcck<\/td>\n<\/tr>\n<tr style=\"height: 16.50pt;\">\n<td class=\"et3\" style=\"height: 16.50pt;\" height=\"33\">Benutzerdefiniert<\/td>\n<td class=\"et3\">Farbe\/Gr\u00f6\u00dfe\/Logo\/Verpackung<\/td>\n<\/tr>\n<\/tbody>\n<\/table>","protected":false},"featured_media":4657,"comment_status":"closed","ping_status":"closed","template":"","meta":{"_acf_changed":false},"product_brand":[],"product_cat":[62,93,76],"product_tag":[88,86],"class_list":{"0":"post-4653","1":"product","2":"type-product","3":"status-publish","4":"has-post-thumbnail","6":"product_cat-ceramic-plates-wholesale","7":"product_cat-bulk-dinner-plates","8":"product_cat-wholesale-serving-platters","9":"product_tag-japanese-style-dinnerware-set-wholesale","10":"product_tag-oriental-style-dinnerware-wholesale","12":"first","13":"instock","14":"shipping-taxable","15":"product-type-simple"},"acf":[],"_links":{"self":[{"href":"https:\/\/www.yongjianceramic.com\/de\/wp-json\/wp\/v2\/product\/4653","targetHints":{"allow":["GET"]}}],"collection":[{"href":"https:\/\/www.yongjianceramic.com\/de\/wp-json\/wp\/v2\/product"}],"about":[{"href":"https:\/\/www.yongjianceramic.com\/de\/wp-json\/wp\/v2\/types\/product"}],"replies":[{"embeddable":true,"href":"https:\/\/www.yongjianceramic.com\/de\/wp-json\/wp\/v2\/comments?post=4653"}],"wp:featuredmedia":[{"embeddable":true,"href":"https:\/\/www.yongjianceramic.com\/de\/wp-json\/wp\/v2\/media\/4657"}],"wp:attachment":[{"href":"https:\/\/www.yongjianceramic.com\/de\/wp-json\/wp\/v2\/media?parent=4653"}],"wp:term":[{"taxonomy":"product_brand","embeddable":true,"href":"https:\/\/www.yongjianceramic.com\/de\/wp-json\/wp\/v2\/product_brand?post=4653"},{"taxonomy":"product_cat","embeddable":true,"href":"https:\/\/www.yongjianceramic.com\/de\/wp-json\/wp\/v2\/product_cat?post=4653"},{"taxonomy":"product_tag","embeddable":true,"href":"https:\/\/www.yongjianceramic.com\/de\/wp-json\/wp\/v2\/product_tag?post=4653"}],"curies":[{"name":"wp","href":"https:\/\/api.w.org\/{rel}","templated":true}]}}