{"id":4663,"date":"2025-05-06T14:29:41","date_gmt":"2025-05-06T06:29:41","guid":{"rendered":"https:\/\/www.yongjianceramic.com\/?post_type=product&#038;p=4663"},"modified":"2025-05-06T14:29:44","modified_gmt":"2025-05-06T06:29:44","slug":"wholesale-serving-dishes","status":"publish","type":"product","link":"https:\/\/www.yongjianceramic.com\/de\/produkt\/wholesale-serving-dishes\/","title":{"rendered":"Blatt Form Gro\u00dfhandel servieren Gerichte, Sushi-Platten Bulk"},"content":{"rendered":"<div class=\"wp-block-columns is-layout-flex wp-container-core-columns-is-layout-9d6595d7 wp-block-columns-is-layout-flex\">\n<div class=\"wp-block-column is-layout-flow wp-block-column-is-layout-flow\">\n<h2 class=\"wp-block-heading\">Premium-Gro\u00dfhandel servieren Gerichte Merkmale:<\/h2>\n\n\n\n<ul class=\"wp-block-list\">\n<li><strong>Blattf\u00f6rmiges Design, nat\u00fcrlich und flexibel:<\/strong> Diese Gro\u00dfhandelsservierschalen haben ein einzigartiges blattf\u00f6rmiges Design mit glatten Linien, das von nat\u00fcrlichen Elementen inspiriert ist und dem Esstisch einen Hauch von Frische und Eleganz verleiht.<\/li>\n\n\n\n<li><strong>Mehrere Farboptionen, reichhaltige Anpassung: <\/strong>Unsere Sushi-Teller bieten 4 Glasur-Farboptionen, jede Farbe wurde sorgf\u00e4ltig gemischt und kann in einer einzigen Farbe verwendet oder gemischt und abgestimmt werden, um die Bed\u00fcrfnisse verschiedener Restaurantstile und -anpassungen zu erf\u00fcllen.<\/li>\n\n\n\n<li><strong>Gl\u00e4nzende Glasur, zarte Textur: <\/strong>Die Oberfl\u00e4che dieser Gro\u00dfhandelsserviergeschirre ist mit gl\u00e4nzender Glasur behandelt, die Farbe ist leuchtend und die Reflexion ist weich, wodurch sie hochwertiger, leicht zu reinigen und nicht leicht zu absorbieren \u00d6lflecken.<\/li>\n\n\n\n<li><strong>Geeignet f\u00fcr Hotels und Restaurants, unterst\u00fctzt die individuelle Anpassung:<\/strong> Diese Sushi-Teller sind f\u00fcr kommerzielle Catering-Umgebungen konzipiert, es kann als Hauptgericht Teller, Dessert-Teller oder dekorative Display-Teller verwendet werden, Unterst\u00fctzung Batch-Anpassung an pers\u00f6nliche Bed\u00fcrfnisse zu erf\u00fcllen.<\/li>\n<\/ul>\n<\/div>\n\n\n\n<div class=\"wp-block-column is-layout-flow wp-block-column-is-layout-flow\">\n<figure class=\"wp-block-image size-full\"><img fetchpriority=\"high\" decoding=\"async\" width=\"800\" height=\"800\" src=\"https:\/\/www.yongjianceramic.com\/wp-content\/uploads\/2025\/05\/china-tablewarewholesale-and-custom-ceramic-platesbulk-dishes-3.webp\" alt=\"Blatt Form Gro\u00dfhandel servieren Gerichte, Sushi-Platten Bulk-11\" class=\"wp-image-4665\" srcset=\"https:\/\/www.yongjianceramic.com\/wp-content\/uploads\/2025\/05\/china-tablewarewholesale-and-custom-ceramic-platesbulk-dishes-3.webp 800w, https:\/\/www.yongjianceramic.com\/wp-content\/uploads\/2025\/05\/china-tablewarewholesale-and-custom-ceramic-platesbulk-dishes-3-300x300.webp 300w, https:\/\/www.yongjianceramic.com\/wp-content\/uploads\/2025\/05\/china-tablewarewholesale-and-custom-ceramic-platesbulk-dishes-3-150x150.webp 150w, https:\/\/www.yongjianceramic.com\/wp-content\/uploads\/2025\/05\/china-tablewarewholesale-and-custom-ceramic-platesbulk-dishes-3-768x768.webp 768w, https:\/\/www.yongjianceramic.com\/wp-content\/uploads\/2025\/05\/china-tablewarewholesale-and-custom-ceramic-platesbulk-dishes-3-12x12.webp 12w, https:\/\/www.yongjianceramic.com\/wp-content\/uploads\/2025\/05\/china-tablewarewholesale-and-custom-ceramic-platesbulk-dishes-3-285x285.webp 285w, https:\/\/www.yongjianceramic.com\/wp-content\/uploads\/2025\/05\/china-tablewarewholesale-and-custom-ceramic-platesbulk-dishes-3-270x270.webp 270w, https:\/\/www.yongjianceramic.com\/wp-content\/uploads\/2025\/05\/china-tablewarewholesale-and-custom-ceramic-platesbulk-dishes-3-540x540.webp 540w, https:\/\/www.yongjianceramic.com\/wp-content\/uploads\/2025\/05\/china-tablewarewholesale-and-custom-ceramic-platesbulk-dishes-3-660x660.webp 660w\" sizes=\"(max-width: 800px) 100vw, 800px\" \/><\/figure>\n<\/div>\n<\/div>","protected":false},"excerpt":{"rendered":"<p>Willkommen zum Kauf Gro\u00dfhandel servieren Gerichte. Unsere hell glasierten blattf\u00f6rmigen Sushi-Teller aus Keramik haben eine einzigartige Form und sind in vier Farben erh\u00e4ltlich. Sie verbinden nat\u00fcrliche \u00c4sthetik mit praktischen Funktionen und eignen sich f\u00fcr eine Vielzahl von Speisesituationen wie Hotels und Restaurants.<\/p>\n<table style=\"border-collapse: collapse; width: 327.02pt;\" border=\"0\" width=\"654\" cellspacing=\"0\" cellpadding=\"0\">\n<tbody>\n<tr style=\"height: 16.50pt;\">\n<td class=\"et3\" style=\"height: 16.50pt; width: 127.20pt;\" width=\"254\" height=\"33\">Hersteller<\/td>\n<td class=\"et3\" style=\"width: 200.15pt;\" width=\"400\">Yongjian<\/td>\n<\/tr>\n<tr style=\"height: 16.50pt;\">\n<td class=\"et3\" style=\"height: 16.50pt;\" height=\"33\">Modell Nr.<\/td>\n<td class=\"et4\" style=\"width: 200.15pt;\" width=\"400\">YJ-127<\/td>\n<\/tr>\n<tr style=\"height: 16.50pt;\">\n<td class=\"et3\" style=\"height: 16.50pt;\" height=\"33\">Produkttyp<\/td>\n<td class=\"et3\">Servierplatte<\/td>\n<\/tr>\n<tr style=\"height: 16.50pt;\">\n<td class=\"et3\" style=\"height: 16.50pt;\" height=\"33\">Material<\/td>\n<td class=\"et3\">Porzellan<\/td>\n<\/tr>\n<tr style=\"height: 16.50pt;\">\n<td class=\"et5\" style=\"height: 16.50pt;\" height=\"33\">Farbe<\/td>\n<td class=\"et3\">Als Bild<\/td>\n<\/tr>\n<tr style=\"height: 16.50pt;\">\n<td class=\"et3\" style=\"height: 16.50pt;\" height=\"33\">Dimension<\/td>\n<td class=\"et6\" style=\"width: 200.15pt;\" width=\"400\">27*8.5*2.6cm<\/td>\n<\/tr>\n<tr style=\"height: 16.50pt;\">\n<td class=\"et3\" style=\"height: 16.50pt;\" height=\"33\">MOQ<\/td>\n<td class=\"et3\">500St\u00fcck<\/td>\n<\/tr>\n<tr style=\"height: 16.50pt;\">\n<td class=\"et3\" style=\"height: 16.50pt;\" height=\"33\">Benutzerdefiniert<\/td>\n<td class=\"et3\">Farbe\/Gr\u00f6\u00dfe\/Logo\/Verpackung<\/td>\n<\/tr>\n<\/tbody>\n<\/table>","protected":false},"featured_media":4667,"comment_status":"closed","ping_status":"closed","template":"","meta":{"_acf_changed":false},"product_brand":[],"product_cat":[62,76],"product_tag":[88,81],"class_list":{"0":"post-4663","1":"product","2":"type-product","3":"status-publish","4":"has-post-thumbnail","6":"product_cat-ceramic-plates-wholesale","7":"product_cat-wholesale-serving-platters","8":"product_tag-japanese-style-dinnerware-set-wholesale","9":"product_tag-modern-design-dinnerware-set-wholesale","11":"first","12":"instock","13":"shipping-taxable","14":"product-type-simple"},"acf":[],"_links":{"self":[{"href":"https:\/\/www.yongjianceramic.com\/de\/wp-json\/wp\/v2\/product\/4663","targetHints":{"allow":["GET"]}}],"collection":[{"href":"https:\/\/www.yongjianceramic.com\/de\/wp-json\/wp\/v2\/product"}],"about":[{"href":"https:\/\/www.yongjianceramic.com\/de\/wp-json\/wp\/v2\/types\/product"}],"replies":[{"embeddable":true,"href":"https:\/\/www.yongjianceramic.com\/de\/wp-json\/wp\/v2\/comments?post=4663"}],"wp:featuredmedia":[{"embeddable":true,"href":"https:\/\/www.yongjianceramic.com\/de\/wp-json\/wp\/v2\/media\/4667"}],"wp:attachment":[{"href":"https:\/\/www.yongjianceramic.com\/de\/wp-json\/wp\/v2\/media?parent=4663"}],"wp:term":[{"taxonomy":"product_brand","embeddable":true,"href":"https:\/\/www.yongjianceramic.com\/de\/wp-json\/wp\/v2\/product_brand?post=4663"},{"taxonomy":"product_cat","embeddable":true,"href":"https:\/\/www.yongjianceramic.com\/de\/wp-json\/wp\/v2\/product_cat?post=4663"},{"taxonomy":"product_tag","embeddable":true,"href":"https:\/\/www.yongjianceramic.com\/de\/wp-json\/wp\/v2\/product_tag?post=4663"}],"curies":[{"name":"wp","href":"https:\/\/api.w.org\/{rel}","templated":true}]}}