{"id":4719,"date":"2025-05-10T11:41:17","date_gmt":"2025-05-10T03:41:17","guid":{"rendered":"https:\/\/www.yongjianceramic.com\/?post_type=product&#038;p=4719"},"modified":"2025-05-10T11:41:19","modified_gmt":"2025-05-10T03:41:19","slug":"tea-cups-in-bulk","status":"publish","type":"product","link":"https:\/\/www.yongjianceramic.com\/de\/produkt\/tea-cups-in-bulk\/","title":{"rendered":"Cartoon Japanische Keramik-Teebecher in Bulk mit Geschenk-Box"},"content":{"rendered":"<div class=\"wp-block-columns is-layout-flex wp-container-core-columns-is-layout-9d6595d7 wp-block-columns-is-layout-flex\">\n<div class=\"wp-block-column is-layout-flow wp-block-column-is-layout-flow\">\n<h2 class=\"wp-block-heading\">Premium Tea Cups In Bulk Eigenschaften:<\/h2>\n\n\n\n<ul class=\"wp-block-list\">\n<li><strong>Cartoon kreatives Design, voller Spa\u00df:<\/strong> Diese Teetassen in gro\u00dfen Mengen sind mit verschiedenen Cartoon-Mustern gestaltet, mit lebendigen und interessanten Formen, voller Kindlichkeit und Pers\u00f6nlichkeit, die den Spa\u00df am Teetrinken erh\u00f6hen und sich f\u00fcr den t\u00e4glichen Familiengebrauch oder als Geschenk eignen.<\/li>\n\n\n\n<li><strong>Japanischer Stil, exquisite Form: <\/strong>Diese Keramikbecher f\u00fcr den Gro\u00dfhandel enthalten einfache japanische Elemente, mit glatten Linien und abgerundeten Schalen, die sowohl kulturell als auch modern sind.<\/li>\n\n\n\n<li><strong>Exquisite Farbe Box Verpackung, eine gute Wahl f\u00fcr Geschenke: <\/strong>Diese Teetassen in loser Sch\u00fcttung sind ordentlich verpackt in einem High-End-Farb-Box mit High-End-Verpackung, die sich hervorragend Urlaub Geschenke, Werbegeschenke oder Souvenirs, praktisch und Speicher.<\/li>\n\n\n\n<li><strong>Hochtemperatur-Keramik, sicher und gesund: <\/strong>Unsere Keramikbecher Gro\u00dfhandel haben keine giftigen Substanzen, sind rissfest und hitzebest\u00e4ndig, und sind sicher und vertrauensw\u00fcrdig zu verwenden jeden Tag. Es ist geeignet f\u00fcr hei\u00dfen Kaffee, Tee, Milch und andere Getr\u00e4nke.<\/li>\n<\/ul>\n<\/div>\n\n\n\n<div class=\"wp-block-column is-layout-flow wp-block-column-is-layout-flow\">\n<figure class=\"wp-block-image size-full\"><img fetchpriority=\"high\" decoding=\"async\" width=\"800\" height=\"800\" src=\"https:\/\/www.yongjianceramic.com\/wp-content\/uploads\/2025\/05\/ceramic-dinnerware-wholesalewholesale-tableware-setchinese-ceramic-tea-cups-5.webp\" alt=\"Cartoon japanische Keramik-Teebecher in Bulk mit Geschenk-Box-5\" class=\"wp-image-4724\" srcset=\"https:\/\/www.yongjianceramic.com\/wp-content\/uploads\/2025\/05\/ceramic-dinnerware-wholesalewholesale-tableware-setchinese-ceramic-tea-cups-5.webp 800w, https:\/\/www.yongjianceramic.com\/wp-content\/uploads\/2025\/05\/ceramic-dinnerware-wholesalewholesale-tableware-setchinese-ceramic-tea-cups-5-300x300.webp 300w, https:\/\/www.yongjianceramic.com\/wp-content\/uploads\/2025\/05\/ceramic-dinnerware-wholesalewholesale-tableware-setchinese-ceramic-tea-cups-5-150x150.webp 150w, https:\/\/www.yongjianceramic.com\/wp-content\/uploads\/2025\/05\/ceramic-dinnerware-wholesalewholesale-tableware-setchinese-ceramic-tea-cups-5-768x768.webp 768w, https:\/\/www.yongjianceramic.com\/wp-content\/uploads\/2025\/05\/ceramic-dinnerware-wholesalewholesale-tableware-setchinese-ceramic-tea-cups-5-12x12.webp 12w, https:\/\/www.yongjianceramic.com\/wp-content\/uploads\/2025\/05\/ceramic-dinnerware-wholesalewholesale-tableware-setchinese-ceramic-tea-cups-5-285x285.webp 285w, https:\/\/www.yongjianceramic.com\/wp-content\/uploads\/2025\/05\/ceramic-dinnerware-wholesalewholesale-tableware-setchinese-ceramic-tea-cups-5-270x270.webp 270w, https:\/\/www.yongjianceramic.com\/wp-content\/uploads\/2025\/05\/ceramic-dinnerware-wholesalewholesale-tableware-setchinese-ceramic-tea-cups-5-540x540.webp 540w, https:\/\/www.yongjianceramic.com\/wp-content\/uploads\/2025\/05\/ceramic-dinnerware-wholesalewholesale-tableware-setchinese-ceramic-tea-cups-5-660x660.webp 660w\" sizes=\"(max-width: 800px) 100vw, 800px\" \/><\/figure>\n<\/div>\n<\/div>","protected":false},"excerpt":{"rendered":"<p>Willkommen zum Kauf von Keramik-Tassen in gro\u00dfen Mengen. Unsere Cartoon-designte japanische Keramik-Tassen Gro\u00dfhandel haben verschiedene Muster, gepaart mit exquisiten Farbe Box Verpackung. Es ist voll von Kreativit\u00e4t und Schenken, und ist eine ideale Wahl f\u00fcr zu Hause Tee trinken oder Festival Geschenke.<\/p>\n<table style=\"border-collapse: collapse; width: 327.02pt;\" border=\"0\" width=\"654\" cellspacing=\"0\" cellpadding=\"0\">\n<tbody>\n<tr style=\"height: 16.50pt;\">\n<td class=\"et3\" style=\"height: 16.50pt; width: 127.20pt;\" width=\"254\" height=\"33\">Hersteller<\/td>\n<td class=\"et3\" style=\"width: 200.15pt;\" width=\"400\">Yongjian<\/td>\n<\/tr>\n<tr style=\"height: 16.50pt;\">\n<td class=\"et3\" style=\"height: 16.50pt;\" height=\"33\">Modell Nr.<\/td>\n<td class=\"et4\" style=\"width: 200.15pt;\" width=\"400\">YJ-129<\/td>\n<\/tr>\n<tr style=\"height: 16.50pt;\">\n<td class=\"et3\" style=\"height: 16.50pt;\" height=\"33\">Produkttyp<\/td>\n<td class=\"et3\">Tassen und Untertassen<\/td>\n<\/tr>\n<tr style=\"height: 16.50pt;\">\n<td class=\"et3\" style=\"height: 16.50pt;\" height=\"33\">Material<\/td>\n<td class=\"et3\">Porzellan<\/td>\n<\/tr>\n<tr style=\"height: 16.50pt;\">\n<td class=\"et5\" style=\"height: 16.50pt;\" height=\"33\">Farbe<\/td>\n<td class=\"et3\">Als Bild<\/td>\n<\/tr>\n<tr style=\"height: 16.50pt;\">\n<td class=\"et3\" style=\"height: 16.50pt;\" height=\"33\">Dimension<\/td>\n<td class=\"et6\" style=\"width: 200.15pt;\" width=\"400\">7*7*7.8cm<\/td>\n<\/tr>\n<tr style=\"height: 16.50pt;\">\n<td class=\"et3\" style=\"height: 16.50pt;\" height=\"33\">MOQ<\/td>\n<td class=\"et3\">500St\u00fcck<\/td>\n<\/tr>\n<tr style=\"height: 16.50pt;\">\n<td class=\"et3\" style=\"height: 16.50pt;\" height=\"33\">Benutzerdefiniert<\/td>\n<td class=\"et3\">Farbe\/Gr\u00f6\u00dfe\/Logo\/Verpackung<\/td>\n<\/tr>\n<\/tbody>\n<\/table>","protected":false},"featured_media":4721,"comment_status":"closed","ping_status":"closed","template":"","meta":{"_acf_changed":false},"product_brand":[],"product_cat":[65,91],"product_tag":[88],"class_list":{"0":"post-4719","1":"product","2":"type-product","3":"status-publish","4":"has-post-thumbnail","6":"product_cat-wholesale-cups-and-mugs","7":"product_cat-wholesale-mugs","8":"product_tag-japanese-style-dinnerware-set-wholesale","10":"first","11":"instock","12":"shipping-taxable","13":"product-type-simple"},"acf":[],"_links":{"self":[{"href":"https:\/\/www.yongjianceramic.com\/de\/wp-json\/wp\/v2\/product\/4719","targetHints":{"allow":["GET"]}}],"collection":[{"href":"https:\/\/www.yongjianceramic.com\/de\/wp-json\/wp\/v2\/product"}],"about":[{"href":"https:\/\/www.yongjianceramic.com\/de\/wp-json\/wp\/v2\/types\/product"}],"replies":[{"embeddable":true,"href":"https:\/\/www.yongjianceramic.com\/de\/wp-json\/wp\/v2\/comments?post=4719"}],"wp:featuredmedia":[{"embeddable":true,"href":"https:\/\/www.yongjianceramic.com\/de\/wp-json\/wp\/v2\/media\/4721"}],"wp:attachment":[{"href":"https:\/\/www.yongjianceramic.com\/de\/wp-json\/wp\/v2\/media?parent=4719"}],"wp:term":[{"taxonomy":"product_brand","embeddable":true,"href":"https:\/\/www.yongjianceramic.com\/de\/wp-json\/wp\/v2\/product_brand?post=4719"},{"taxonomy":"product_cat","embeddable":true,"href":"https:\/\/www.yongjianceramic.com\/de\/wp-json\/wp\/v2\/product_cat?post=4719"},{"taxonomy":"product_tag","embeddable":true,"href":"https:\/\/www.yongjianceramic.com\/de\/wp-json\/wp\/v2\/product_tag?post=4719"}],"curies":[{"name":"wp","href":"https:\/\/api.w.org\/{rel}","templated":true}]}}