{"id":4733,"date":"2025-05-10T11:23:18","date_gmt":"2025-05-10T03:23:18","guid":{"rendered":"https:\/\/www.yongjianceramic.com\/?post_type=product&#038;p=4733"},"modified":"2025-05-10T11:23:22","modified_gmt":"2025-05-10T03:23:22","slug":"wholesale-salad-bowls","status":"publish","type":"product","link":"https:\/\/www.yongjianceramic.com\/de\/produkt\/wholesale-salad-bowls\/","title":{"rendered":"8,25 Zoll Gro\u00dfhandel Salatsch\u00fcsseln, reaktive glasierte Schalen Bulk"},"content":{"rendered":"<div class=\"wp-block-columns is-layout-flex wp-container-core-columns-is-layout-9d6595d7 wp-block-columns-is-layout-flex\">\n<div class=\"wp-block-column is-layout-flow wp-block-column-is-layout-flow\">\n<h2 class=\"wp-block-heading\">Premium Gro\u00dfhandel Salatsch\u00fcsseln Merkmale:<\/h2>\n\n\n\n<ul class=\"wp-block-list\">\n<li><strong>Reaktiv glasiert, reiche Schichten: <\/strong>Diese Gro\u00dfhandel Salatsch\u00fcsseln verwenden Hochtemperatur-Ofen-ge\u00e4ndert-Technologie, die Glasur flie\u00dft nat\u00fcrlich, pr\u00e4sentiert eine einzigartige Farbe Textur, Hervorhebung der handgefertigten Textur und k\u00fcnstlerische Atmosph\u00e4re.<\/li>\n\n\n\n<li><strong>Drei Farboptionen, vielseitiger Stil: <\/strong>Unsere reaktiv glasierten Schalen bieten drei klassische Farbkombinationen, die frei mit dem Stil des Tisches kombiniert werden k\u00f6nnen, um den Dekorationsanforderungen verschiedener Restaurants oder Wohnungen gerecht zu werden.<\/li>\n\n\n\n<li><strong>8,25 Zoll gro\u00df, praktisch und multifunktional: <\/strong>Unsere Salatsch\u00fcsseln f\u00fcr den Gro\u00dfhandel haben ein breites und tiefes Design, ein ausreichendes Fassungsverm\u00f6gen, geeignet f\u00fcr Salate, Nudeln, Eint\u00f6pfe usw., geeignet f\u00fcr den t\u00e4glichen und gewerblichen Gebrauch.<\/li>\n\n\n\n<li><strong>Hochtemperatur-Keramik, langlebig und leicht zu reinigen: <\/strong>Nach dem Brennen bei hohen Temperaturen sind diese Keramikschalen robust, hitzebest\u00e4ndig und rissfest, die Glasur ist glatt und nimmt nicht so leicht \u00d6lflecken auf, ist leicht zu reinigen und f\u00fcr den h\u00e4ufigen Gebrauch geeignet.<\/li>\n<\/ul>\n<\/div>\n\n\n\n<div class=\"wp-block-column is-layout-flow wp-block-column-is-layout-flow\">\n<figure class=\"wp-block-image size-full\"><img fetchpriority=\"high\" decoding=\"async\" width=\"800\" height=\"800\" src=\"https:\/\/www.yongjianceramic.com\/wp-content\/uploads\/2025\/05\/ceramic-dinner-set-wholesalecustom-salad-bowlscrockery-factory-6.webp\" alt=\"8,25-Zoll-Gro\u00dfhandel Salatsch\u00fcsseln, reaktive glasierte Schalen Bulk-6\" class=\"wp-image-4739\" srcset=\"https:\/\/www.yongjianceramic.com\/wp-content\/uploads\/2025\/05\/ceramic-dinner-set-wholesalecustom-salad-bowlscrockery-factory-6.webp 800w, https:\/\/www.yongjianceramic.com\/wp-content\/uploads\/2025\/05\/ceramic-dinner-set-wholesalecustom-salad-bowlscrockery-factory-6-300x300.webp 300w, https:\/\/www.yongjianceramic.com\/wp-content\/uploads\/2025\/05\/ceramic-dinner-set-wholesalecustom-salad-bowlscrockery-factory-6-150x150.webp 150w, https:\/\/www.yongjianceramic.com\/wp-content\/uploads\/2025\/05\/ceramic-dinner-set-wholesalecustom-salad-bowlscrockery-factory-6-768x768.webp 768w, https:\/\/www.yongjianceramic.com\/wp-content\/uploads\/2025\/05\/ceramic-dinner-set-wholesalecustom-salad-bowlscrockery-factory-6-12x12.webp 12w, https:\/\/www.yongjianceramic.com\/wp-content\/uploads\/2025\/05\/ceramic-dinner-set-wholesalecustom-salad-bowlscrockery-factory-6-285x285.webp 285w, https:\/\/www.yongjianceramic.com\/wp-content\/uploads\/2025\/05\/ceramic-dinner-set-wholesalecustom-salad-bowlscrockery-factory-6-270x270.webp 270w, https:\/\/www.yongjianceramic.com\/wp-content\/uploads\/2025\/05\/ceramic-dinner-set-wholesalecustom-salad-bowlscrockery-factory-6-540x540.webp 540w, https:\/\/www.yongjianceramic.com\/wp-content\/uploads\/2025\/05\/ceramic-dinner-set-wholesalecustom-salad-bowlscrockery-factory-6-660x660.webp 660w\" sizes=\"(max-width: 800px) 100vw, 800px\" \/><\/figure>\n<\/div>\n<\/div>","protected":false},"excerpt":{"rendered":"<p>Willkommen im Gro\u00dfhandel Salatsch\u00fcsseln kaufen. Diese 8,25-Zoll reaktive glasierte Keramik Sch\u00fcssel bulk verwendet eine einzigartige Glasur Prozess und ist in drei Farben erh\u00e4ltlich. Es ist sowohl praktisch und sch\u00f6n, und ist ein ideales Geschirr f\u00fcr Salate, Nudeln und andere Gerichte zu Hause und in Restaurants.<\/p>\n<table style=\"border-collapse: collapse; width: 327.02pt;\" border=\"0\" width=\"654\" cellspacing=\"0\" cellpadding=\"0\">\n<tbody>\n<tr style=\"height: 16.50pt;\">\n<td class=\"et3\" style=\"height: 16.50pt; width: 127.20pt;\" width=\"254\" height=\"33\">Hersteller<\/td>\n<td class=\"et3\" style=\"width: 200.15pt;\" width=\"400\">Yongjian<\/td>\n<\/tr>\n<tr style=\"height: 16.50pt;\">\n<td class=\"et3\" style=\"height: 16.50pt;\" height=\"33\">Modell Nr.<\/td>\n<td class=\"et4\" style=\"width: 200.15pt;\" width=\"400\">YJ-130<\/td>\n<\/tr>\n<tr style=\"height: 16.50pt;\">\n<td class=\"et3\" style=\"height: 16.50pt;\" height=\"33\">Produkttyp<\/td>\n<td class=\"et3\">Suppen- und Ramenschalen<\/td>\n<\/tr>\n<tr style=\"height: 16.50pt;\">\n<td class=\"et3\" style=\"height: 16.50pt;\" height=\"33\">Material<\/td>\n<td class=\"et3\">Porzellan<\/td>\n<\/tr>\n<tr style=\"height: 16.50pt;\">\n<td class=\"et5\" style=\"height: 16.50pt;\" height=\"33\">Farbe<\/td>\n<td class=\"et3\">Als Bild<\/td>\n<\/tr>\n<tr style=\"height: 16.50pt;\">\n<td class=\"et3\" style=\"height: 16.50pt;\" height=\"33\">Dimension<\/td>\n<td class=\"et6\" style=\"width: 200.15pt;\" width=\"400\">20*20*8.6cm<\/td>\n<\/tr>\n<tr style=\"height: 16.50pt;\">\n<td class=\"et3\" style=\"height: 16.50pt;\" height=\"33\">MOQ<\/td>\n<td class=\"et3\">500St\u00fcck<\/td>\n<\/tr>\n<tr style=\"height: 16.50pt;\">\n<td class=\"et3\" style=\"height: 16.50pt;\" height=\"33\">Benutzerdefiniert<\/td>\n<td class=\"et3\">Farbe\/Gr\u00f6\u00dfe\/Logo\/Verpackung<\/td>\n<\/tr>\n<\/tbody>\n<\/table>","protected":false},"featured_media":4735,"comment_status":"closed","ping_status":"closed","template":"","meta":{"_acf_changed":false},"product_brand":[],"product_cat":[63,74,73],"product_tag":[88,81],"class_list":{"0":"post-4733","1":"product","2":"type-product","3":"status-publish","4":"has-post-thumbnail","6":"product_cat-wholesale-bowls","7":"product_cat-bulk-serving-bowls","8":"product_cat-bulk-soup-bowls","9":"product_tag-japanese-style-dinnerware-set-wholesale","10":"product_tag-modern-design-dinnerware-set-wholesale","12":"first","13":"instock","14":"shipping-taxable","15":"product-type-simple"},"acf":[],"_links":{"self":[{"href":"https:\/\/www.yongjianceramic.com\/de\/wp-json\/wp\/v2\/product\/4733","targetHints":{"allow":["GET"]}}],"collection":[{"href":"https:\/\/www.yongjianceramic.com\/de\/wp-json\/wp\/v2\/product"}],"about":[{"href":"https:\/\/www.yongjianceramic.com\/de\/wp-json\/wp\/v2\/types\/product"}],"replies":[{"embeddable":true,"href":"https:\/\/www.yongjianceramic.com\/de\/wp-json\/wp\/v2\/comments?post=4733"}],"wp:featuredmedia":[{"embeddable":true,"href":"https:\/\/www.yongjianceramic.com\/de\/wp-json\/wp\/v2\/media\/4735"}],"wp:attachment":[{"href":"https:\/\/www.yongjianceramic.com\/de\/wp-json\/wp\/v2\/media?parent=4733"}],"wp:term":[{"taxonomy":"product_brand","embeddable":true,"href":"https:\/\/www.yongjianceramic.com\/de\/wp-json\/wp\/v2\/product_brand?post=4733"},{"taxonomy":"product_cat","embeddable":true,"href":"https:\/\/www.yongjianceramic.com\/de\/wp-json\/wp\/v2\/product_cat?post=4733"},{"taxonomy":"product_tag","embeddable":true,"href":"https:\/\/www.yongjianceramic.com\/de\/wp-json\/wp\/v2\/product_tag?post=4733"}],"curies":[{"name":"wp","href":"https:\/\/api.w.org\/{rel}","templated":true}]}}