{"id":4743,"date":"2025-05-10T11:11:23","date_gmt":"2025-05-10T03:11:23","guid":{"rendered":"https:\/\/www.yongjianceramic.com\/?post_type=product&#038;p=4743"},"modified":"2025-05-10T11:11:26","modified_gmt":"2025-05-10T03:11:26","slug":"porcelain-dinner-plates-bulk","status":"publish","type":"product","link":"https:\/\/www.yongjianceramic.com\/de\/produkt\/porcelain-dinner-plates-bulk\/","title":{"rendered":"Porzellanteller Bulk, Pastateller Sch\u00fcsseln Gro\u00dfhandel"},"content":{"rendered":"<div class=\"wp-block-columns is-layout-flex wp-container-core-columns-is-layout-9d6595d7 wp-block-columns-is-layout-flex\">\n<div class=\"wp-block-column is-layout-flow wp-block-column-is-layout-flow\">\n<h2 class=\"wp-block-heading\">Premium-Porzellan-Speiseteller Bulk Eigenschaften:<\/h2>\n\n\n\n<ul class=\"wp-block-list\">\n<li><strong>Speziell f\u00fcr Nudeln entwickelt, m\u00e4\u00dfige Tiefe: <\/strong>Durch die Kombination der strukturellen Eigenschaften des Tellers und der Sch\u00fcssel sind diese Porzellanteller f\u00fcr Nudeln, Salat, Eintopf und andere Gerichte geeignet. Sie sind \u00fcberlaufsicher und auslaufsicher und verbessern das Esserlebnis.<\/li>\n\n\n\n<li><strong>Einsetzbar in verschiedenen Szenarien, geeignet f\u00fcr Hochzeiten und Restaurants: <\/strong>Mit eleganter Form und hochwertiger Textur eignen sich unsere Gro\u00dfhandelspastateller und -schalen f\u00fcr formelle Anl\u00e4sse wie Hochzeitsbankette, Hotels, Restaurants und t\u00e4gliche Familienessen, praktisch und stilvoll.<\/li>\n\n\n\n<li><strong>Anpassbares Design, Unterst\u00fctzung exklusiver Muster:<\/strong> Unsere Porzellanteller k\u00f6nnen mit LOGO oder exklusiven Mustern bedruckt werden, um den Bed\u00fcrfnissen von Restaurants oder Hochzeitsgesellschaften gerecht zu werden und exklusives Geschirr zu schaffen.<\/li>\n\n\n\n<li><strong>Hochwertige Keramik, Hochtemperatur-Brand: <\/strong>Die Glasur ist glatt und exquisit mit High-Fire-Technologie, hitzebest\u00e4ndig und langlebig, diese Gro\u00dfhandel Pasta Teller und Schalen sind kompatibel mit modernen K\u00fcchenger\u00e4ten wie Mikrowellenherde und Geschirrsp\u00fcler, und einfach f\u00fcr die t\u00e4gliche Reinigung und Wartung.<\/li>\n<\/ul>\n<\/div>\n\n\n\n<div class=\"wp-block-column is-layout-flow wp-block-column-is-layout-flow\">\n<figure class=\"wp-block-image size-full\"><img fetchpriority=\"high\" decoding=\"async\" width=\"800\" height=\"800\" src=\"https:\/\/www.yongjianceramic.com\/wp-content\/uploads\/2025\/05\/custom-pasta-bowlswholesale-ceramic-dinnerwarewedding-plates-wholesale-4.webp\" alt=\"Porzellan-Teller Bulk, Pasta Teller Schalen Gro\u00dfhandel-6\" class=\"wp-image-4747\" srcset=\"https:\/\/www.yongjianceramic.com\/wp-content\/uploads\/2025\/05\/custom-pasta-bowlswholesale-ceramic-dinnerwarewedding-plates-wholesale-4.webp 800w, https:\/\/www.yongjianceramic.com\/wp-content\/uploads\/2025\/05\/custom-pasta-bowlswholesale-ceramic-dinnerwarewedding-plates-wholesale-4-300x300.webp 300w, https:\/\/www.yongjianceramic.com\/wp-content\/uploads\/2025\/05\/custom-pasta-bowlswholesale-ceramic-dinnerwarewedding-plates-wholesale-4-150x150.webp 150w, https:\/\/www.yongjianceramic.com\/wp-content\/uploads\/2025\/05\/custom-pasta-bowlswholesale-ceramic-dinnerwarewedding-plates-wholesale-4-768x768.webp 768w, https:\/\/www.yongjianceramic.com\/wp-content\/uploads\/2025\/05\/custom-pasta-bowlswholesale-ceramic-dinnerwarewedding-plates-wholesale-4-12x12.webp 12w, https:\/\/www.yongjianceramic.com\/wp-content\/uploads\/2025\/05\/custom-pasta-bowlswholesale-ceramic-dinnerwarewedding-plates-wholesale-4-285x285.webp 285w, https:\/\/www.yongjianceramic.com\/wp-content\/uploads\/2025\/05\/custom-pasta-bowlswholesale-ceramic-dinnerwarewedding-plates-wholesale-4-270x270.webp 270w, https:\/\/www.yongjianceramic.com\/wp-content\/uploads\/2025\/05\/custom-pasta-bowlswholesale-ceramic-dinnerwarewedding-plates-wholesale-4-540x540.webp 540w, https:\/\/www.yongjianceramic.com\/wp-content\/uploads\/2025\/05\/custom-pasta-bowlswholesale-ceramic-dinnerwarewedding-plates-wholesale-4-660x660.webp 660w\" sizes=\"(max-width: 800px) 100vw, 800px\" \/><\/figure>\n<\/div>\n<\/div>","protected":false},"excerpt":{"rendered":"<p>Willkommen zum Kauf von Porzellantellern in gro\u00dfen Mengen. Unsere Gro\u00dfhandel Pasta Teller und Schalen haben einfache Designs und verschiedene Spezifikationen, geeignet f\u00fcr den t\u00e4glichen Gebrauch zu Hause und kommerzielle Gastronomie. Sie sind eine ideale Kombination aus hoher Qualit\u00e4t und Zweckm\u00e4\u00dfigkeit. Gro\u00dfhandel und Anpassungen sind willkommen.<\/p>\n<table style=\"border-collapse: collapse; width: 327.02pt;\" border=\"0\" width=\"654\" cellspacing=\"0\" cellpadding=\"0\">\n<tbody>\n<tr style=\"height: 16.50pt;\">\n<td class=\"et3\" style=\"height: 16.50pt; width: 127.20pt;\" width=\"254\" height=\"33\">Hersteller<\/td>\n<td class=\"et3\" style=\"width: 200.15pt;\" width=\"400\">Yongjian<\/td>\n<\/tr>\n<tr style=\"height: 16.50pt;\">\n<td class=\"et3\" style=\"height: 16.50pt;\" height=\"33\">Modell Nr.<\/td>\n<td class=\"et4\" style=\"width: 200.15pt;\" width=\"400\">YJ-131<\/td>\n<\/tr>\n<tr style=\"height: 16.50pt;\">\n<td class=\"et3\" style=\"height: 16.50pt;\" height=\"33\">Produkttyp<\/td>\n<td class=\"et3\">Servier- und Salatsch\u00fcsseln<\/td>\n<\/tr>\n<tr style=\"height: 16.50pt;\">\n<td class=\"et3\" style=\"height: 16.50pt;\" height=\"33\">Material<\/td>\n<td class=\"et3\">Porzellan<\/td>\n<\/tr>\n<tr style=\"height: 16.50pt;\">\n<td class=\"et5\" style=\"height: 16.50pt;\" height=\"33\">Farbe<\/td>\n<td class=\"et3\">Als Bild<\/td>\n<\/tr>\n<tr style=\"height: 16.50pt;\">\n<td class=\"et3\" style=\"height: 16.50pt;\" height=\"33\">Dimension<\/td>\n<td class=\"et6\" style=\"width: 200.15pt;\" width=\"400\">22*22*6cm<\/td>\n<\/tr>\n<tr style=\"height: 16.50pt;\">\n<td class=\"et3\" style=\"height: 16.50pt;\" height=\"33\">MOQ<\/td>\n<td class=\"et3\">500St\u00fcck<\/td>\n<\/tr>\n<tr style=\"height: 16.50pt;\">\n<td class=\"et3\" style=\"height: 16.50pt;\" height=\"33\">Benutzerdefiniert<\/td>\n<td class=\"et3\">Farbe\/Gr\u00f6\u00dfe\/Logo\/Verpackung<\/td>\n<\/tr>\n<\/tbody>\n<\/table>","protected":false},"featured_media":4748,"comment_status":"closed","ping_status":"closed","template":"","meta":{"_acf_changed":false},"product_brand":[],"product_cat":[77,63,62,73],"product_tag":[81],"class_list":{"0":"post-4743","1":"product","2":"type-product","3":"status-publish","4":"has-post-thumbnail","6":"product_cat-deep-plates-wholesale","7":"product_cat-wholesale-bowls","8":"product_cat-ceramic-plates-wholesale","9":"product_cat-bulk-soup-bowls","10":"product_tag-modern-design-dinnerware-set-wholesale","12":"first","13":"instock","14":"shipping-taxable","15":"product-type-simple"},"acf":[],"_links":{"self":[{"href":"https:\/\/www.yongjianceramic.com\/de\/wp-json\/wp\/v2\/product\/4743","targetHints":{"allow":["GET"]}}],"collection":[{"href":"https:\/\/www.yongjianceramic.com\/de\/wp-json\/wp\/v2\/product"}],"about":[{"href":"https:\/\/www.yongjianceramic.com\/de\/wp-json\/wp\/v2\/types\/product"}],"replies":[{"embeddable":true,"href":"https:\/\/www.yongjianceramic.com\/de\/wp-json\/wp\/v2\/comments?post=4743"}],"wp:featuredmedia":[{"embeddable":true,"href":"https:\/\/www.yongjianceramic.com\/de\/wp-json\/wp\/v2\/media\/4748"}],"wp:attachment":[{"href":"https:\/\/www.yongjianceramic.com\/de\/wp-json\/wp\/v2\/media?parent=4743"}],"wp:term":[{"taxonomy":"product_brand","embeddable":true,"href":"https:\/\/www.yongjianceramic.com\/de\/wp-json\/wp\/v2\/product_brand?post=4743"},{"taxonomy":"product_cat","embeddable":true,"href":"https:\/\/www.yongjianceramic.com\/de\/wp-json\/wp\/v2\/product_cat?post=4743"},{"taxonomy":"product_tag","embeddable":true,"href":"https:\/\/www.yongjianceramic.com\/de\/wp-json\/wp\/v2\/product_tag?post=4743"}],"curies":[{"name":"wp","href":"https:\/\/api.w.org\/{rel}","templated":true}]}}