{"id":4762,"date":"2025-05-19T17:36:59","date_gmt":"2025-05-19T09:36:59","guid":{"rendered":"https:\/\/www.yongjianceramic.com\/?post_type=product&#038;p=4762"},"modified":"2025-05-19T17:37:18","modified_gmt":"2025-05-19T09:37:18","slug":"wholesale-catering-serving-dishes","status":"publish","type":"product","link":"https:\/\/www.yongjianceramic.com\/de\/produkt\/wholesale-catering-serving-dishes\/","title":{"rendered":"Unregelm\u00e4\u00dfiger Gro\u00dfhandel Catering Serviergeschirr f\u00fcr Restaurant"},"content":{"rendered":"<div class=\"wp-block-columns is-layout-flex wp-container-core-columns-is-layout-9d6595d7 wp-block-columns-is-layout-flex\">\n<div class=\"wp-block-column is-layout-flow wp-block-column-is-layout-flow\">\n<h2 class=\"wp-block-heading\">Premium Gro\u00dfhandel Catering servieren Gerichte Merkmale:<\/h2>\n\n\n\n<ul class=\"wp-block-list\">\n<li><strong>Felsplattenform, einzigartige Pers\u00f6nlichkeit: <\/strong>Diese Gro\u00dfhandel Catering servieren Gerichte nehmen unregelm\u00e4\u00dfige Rock Platte Form Design, glatt und nat\u00fcrlich, wie Naturstein, mit starken Sinn f\u00fcr Kunstfertigkeit und modische Sch\u00f6nheit, die Erh\u00f6hung der visuellen Ebene der Esstisch.<\/li>\n\n\n\n<li><strong>Dunkelblauer Farbverlauf und Wei\u00df, visuell elegant: <\/strong>Die wei\u00dfe Glasur im Innern dieses Keramiktellers steht im Kontrast zu dem dunkelblauen Farbverlauf am Rand. Die Farbabstufung ist sanft und erzeugt einen tiefen und friedlichen visuellen Effekt, der eine ged\u00e4mpfte, luxuri\u00f6se Pers\u00f6nlichkeit zeigt.<\/li>\n\n\n\n<li><strong>Geeignet f\u00fcr Restaurants und Hotels, mit gutem Sinn f\u00fcr die Einrichtung: <\/strong>Ausgezeichnetes Aussehen und Luxusgef\u00fchl, diese Gro\u00dfhandel Catering servieren Gerichte sind sehr geeignet f\u00fcr Luxus-Restaurants und Hotels, k\u00f6nnen Punkte f\u00fcr die Gerichte zu verdienen und bereichern die gesamte Ess-Ritual.<\/li>\n\n\n\n<li><strong>Hochwertiges Keramikmaterial, hitzebest\u00e4ndig und langlebig: <\/strong>Diese Keramikplatte aus Hochtemperaturkeramik ist hitzebest\u00e4ndig und langlebig und eignet sich am besten f\u00fcr Geschirrsp\u00fcler, Mikrowellenherde und andere K\u00fcchenumgebungen. Sie ist leicht zu reinigen und perfekt f\u00fcr den wiederholten Gebrauch.<\/li>\n<\/ul>\n<\/div>\n\n\n\n<div class=\"wp-block-column is-layout-flow wp-block-column-is-layout-flow\">\n<figure class=\"wp-block-image size-full\"><img fetchpriority=\"high\" decoding=\"async\" width=\"800\" height=\"800\" src=\"https:\/\/www.yongjianceramic.com\/wp-content\/uploads\/2025\/05\/crockery-manufacturers-china-dinnerwaretable-chargers-bulk-3.webp\" alt=\"Unregelm\u00e4\u00dfige Gro\u00dfhandel Catering servieren Gerichte f\u00fcr Restaurant-1\" class=\"wp-image-4765\" srcset=\"https:\/\/www.yongjianceramic.com\/wp-content\/uploads\/2025\/05\/crockery-manufacturers-china-dinnerwaretable-chargers-bulk-3.webp 800w, https:\/\/www.yongjianceramic.com\/wp-content\/uploads\/2025\/05\/crockery-manufacturers-china-dinnerwaretable-chargers-bulk-3-300x300.webp 300w, https:\/\/www.yongjianceramic.com\/wp-content\/uploads\/2025\/05\/crockery-manufacturers-china-dinnerwaretable-chargers-bulk-3-150x150.webp 150w, https:\/\/www.yongjianceramic.com\/wp-content\/uploads\/2025\/05\/crockery-manufacturers-china-dinnerwaretable-chargers-bulk-3-768x768.webp 768w, https:\/\/www.yongjianceramic.com\/wp-content\/uploads\/2025\/05\/crockery-manufacturers-china-dinnerwaretable-chargers-bulk-3-12x12.webp 12w, https:\/\/www.yongjianceramic.com\/wp-content\/uploads\/2025\/05\/crockery-manufacturers-china-dinnerwaretable-chargers-bulk-3-285x285.webp 285w, https:\/\/www.yongjianceramic.com\/wp-content\/uploads\/2025\/05\/crockery-manufacturers-china-dinnerwaretable-chargers-bulk-3-270x270.webp 270w, https:\/\/www.yongjianceramic.com\/wp-content\/uploads\/2025\/05\/crockery-manufacturers-china-dinnerwaretable-chargers-bulk-3-540x540.webp 540w, https:\/\/www.yongjianceramic.com\/wp-content\/uploads\/2025\/05\/crockery-manufacturers-china-dinnerwaretable-chargers-bulk-3-660x660.webp 660w\" sizes=\"(max-width: 800px) 100vw, 800px\" \/><\/figure>\n<\/div>\n<\/div>","protected":false},"excerpt":{"rendered":"<p>Willkommen im Gro\u00dfhandel Catering servieren Gerichte zu kaufen. Dieser felsenf\u00f6rmige Keramikteller in loser Sch\u00fcttung kombiniert wei\u00dfes und dunkelblaues Farbverlaufsdesign, ist besonders in der Textur und verbindet Kunst und Funktion miteinander. Es ist sehr geeignet f\u00fcr Luxus-Restaurants und Hotels und ist ideal als eine Wahl der Tischdekoration.<\/p>\n<table style=\"border-collapse: collapse; width: 327.02pt;\" border=\"0\" width=\"654\" cellspacing=\"0\" cellpadding=\"0\">\n<tbody>\n<tr style=\"height: 16.50pt;\">\n<td class=\"et3\" style=\"height: 16.50pt; width: 127.20pt;\" width=\"254\" height=\"33\">Hersteller<\/td>\n<td class=\"et3\" style=\"width: 200.15pt;\" width=\"400\">Yongjian<\/td>\n<\/tr>\n<tr style=\"height: 16.50pt;\">\n<td class=\"et3\" style=\"height: 16.50pt;\" height=\"33\">Modell Nr.<\/td>\n<td class=\"et4\" style=\"width: 200.15pt;\" width=\"400\">YJ-132<\/td>\n<\/tr>\n<tr style=\"height: 16.50pt;\">\n<td class=\"et3\" style=\"height: 16.50pt;\" height=\"33\">Produkttyp<\/td>\n<td class=\"et3\">Servierplatte<\/td>\n<\/tr>\n<tr style=\"height: 16.50pt;\">\n<td class=\"et3\" style=\"height: 16.50pt;\" height=\"33\">Material<\/td>\n<td class=\"et3\">Porzellan<\/td>\n<\/tr>\n<tr style=\"height: 16.50pt;\">\n<td class=\"et5\" style=\"height: 16.50pt;\" height=\"33\">Farbe<\/td>\n<td class=\"et3\">Als Bild<\/td>\n<\/tr>\n<tr style=\"height: 16.50pt;\">\n<td class=\"et3\" style=\"height: 16.50pt;\" height=\"33\">Dimension<\/td>\n<td class=\"et6\" style=\"width: 200.15pt;\" width=\"400\">22*21.5*4.5cm<\/td>\n<\/tr>\n<tr style=\"height: 16.50pt;\">\n<td class=\"et3\" style=\"height: 16.50pt;\" height=\"33\">MOQ<\/td>\n<td class=\"et3\">500St\u00fcck<\/td>\n<\/tr>\n<tr style=\"height: 16.50pt;\">\n<td class=\"et3\" style=\"height: 16.50pt;\" height=\"33\">Benutzerdefiniert<\/td>\n<td class=\"et3\">Farbe\/Gr\u00f6\u00dfe\/Logo\/Verpackung<\/td>\n<\/tr>\n<\/tbody>\n<\/table>","protected":false},"featured_media":4763,"comment_status":"closed","ping_status":"closed","template":"","meta":{"_acf_changed":false},"product_brand":[],"product_cat":[62,76],"product_tag":[81],"class_list":{"0":"post-4762","1":"product","2":"type-product","3":"status-publish","4":"has-post-thumbnail","6":"product_cat-ceramic-plates-wholesale","7":"product_cat-wholesale-serving-platters","8":"product_tag-modern-design-dinnerware-set-wholesale","10":"first","11":"instock","12":"shipping-taxable","13":"product-type-simple"},"acf":[],"_links":{"self":[{"href":"https:\/\/www.yongjianceramic.com\/de\/wp-json\/wp\/v2\/product\/4762","targetHints":{"allow":["GET"]}}],"collection":[{"href":"https:\/\/www.yongjianceramic.com\/de\/wp-json\/wp\/v2\/product"}],"about":[{"href":"https:\/\/www.yongjianceramic.com\/de\/wp-json\/wp\/v2\/types\/product"}],"replies":[{"embeddable":true,"href":"https:\/\/www.yongjianceramic.com\/de\/wp-json\/wp\/v2\/comments?post=4762"}],"wp:featuredmedia":[{"embeddable":true,"href":"https:\/\/www.yongjianceramic.com\/de\/wp-json\/wp\/v2\/media\/4763"}],"wp:attachment":[{"href":"https:\/\/www.yongjianceramic.com\/de\/wp-json\/wp\/v2\/media?parent=4762"}],"wp:term":[{"taxonomy":"product_brand","embeddable":true,"href":"https:\/\/www.yongjianceramic.com\/de\/wp-json\/wp\/v2\/product_brand?post=4762"},{"taxonomy":"product_cat","embeddable":true,"href":"https:\/\/www.yongjianceramic.com\/de\/wp-json\/wp\/v2\/product_cat?post=4762"},{"taxonomy":"product_tag","embeddable":true,"href":"https:\/\/www.yongjianceramic.com\/de\/wp-json\/wp\/v2\/product_tag?post=4762"}],"curies":[{"name":"wp","href":"https:\/\/api.w.org\/{rel}","templated":true}]}}