{"id":4778,"date":"2025-05-19T17:07:53","date_gmt":"2025-05-19T09:07:53","guid":{"rendered":"https:\/\/www.yongjianceramic.com\/?post_type=product&#038;p=4778"},"modified":"2025-05-19T17:12:59","modified_gmt":"2025-05-19T09:12:59","slug":"bistro-dinner-plates-bulk","status":"publish","type":"product","link":"https:\/\/www.yongjianceramic.com\/de\/produkt\/bistro-dinner-plates-bulk\/","title":{"rendered":"Bistro-Speiseteller Bulk, keramische Servierplatten Gro\u00dfhandel"},"content":{"rendered":"<div class=\"wp-block-columns is-layout-flex wp-container-core-columns-is-layout-9d6595d7 wp-block-columns-is-layout-flex\">\n<div class=\"wp-block-column is-layout-flow wp-block-column-is-layout-flow\">\n<h2 class=\"wp-block-heading\">Premium Bistro-Teller Bulk Eigenschaften:<\/h2>\n\n\n\n<ul class=\"wp-block-list\">\n<li><strong>Natursteintextur, hochwertige Textur: <\/strong>Die Oberfl\u00e4che dieser Bistroteller besteht aus einer Natursteinimitation mit klarer Textur und einzigartigem Stil, die nat\u00fcrliche und originelle Sch\u00f6nheit mit sich bringt und den gesamten Stil des Esstisches aufwertet.<\/li>\n\n\n\n<li><strong>Flache Plattenform, praktisch und vielseitig: <\/strong>Die klassischen runden, flachen Servierplatten aus dem Gro\u00dfhandel eignen sich f\u00fcr westliche Speisen, Desserts, Grundnahrungsmittel und andere Gerichte und sorgen f\u00fcr ein gepflegtes und gro\u00dfz\u00fcgiges Esserlebnis.<\/li>\n\n\n\n<li><strong>Kombination von zwei Gr\u00f6\u00dfen, flexible Anpassung: <\/strong>Diese Bistro-Essteller bieten 7,5-Zoll- und 9,5-Zoll-Spezifikationen, um unterschiedliche Kapazit\u00e4tsanforderungen zu erf\u00fcllen, k\u00f6nnen in Kombination verwendet werden und eignen sich f\u00fcr den Einsatz zu Hause und in kommerziellen Restaurants in verschiedenen Szenarien.<\/li>\n\n\n\n<li><strong>Unterst\u00fctzung von Anpassungen, Anpassung an verschiedene Bed\u00fcrfnisse:<\/strong> Unsere Servierplatten Gro\u00dfhandel k\u00f6nnen Muster, Logos und Farben nach Marke und Szene Anforderungen anpassen, geeignet f\u00fcr Hotels, Hochzeiten, Restaurants und andere Anl\u00e4sse.<\/li>\n<\/ul>\n<\/div>\n\n\n\n<div class=\"wp-block-column is-layout-flow wp-block-column-is-layout-flow\">\n<figure class=\"wp-block-image size-full\"><img fetchpriority=\"high\" decoding=\"async\" width=\"800\" height=\"800\" src=\"https:\/\/www.yongjianceramic.com\/wp-content\/uploads\/2025\/05\/bulk-buy-dinner-platesceramic-plate-manufacturerchinese-crockery-wholesale-7.webp\" alt=\"Bistro-Speiseteller Bulk, keramische Servierplatten Gro\u00dfhandel-1\" class=\"wp-image-4785\" srcset=\"https:\/\/www.yongjianceramic.com\/wp-content\/uploads\/2025\/05\/bulk-buy-dinner-platesceramic-plate-manufacturerchinese-crockery-wholesale-7.webp 800w, https:\/\/www.yongjianceramic.com\/wp-content\/uploads\/2025\/05\/bulk-buy-dinner-platesceramic-plate-manufacturerchinese-crockery-wholesale-7-300x300.webp 300w, https:\/\/www.yongjianceramic.com\/wp-content\/uploads\/2025\/05\/bulk-buy-dinner-platesceramic-plate-manufacturerchinese-crockery-wholesale-7-150x150.webp 150w, https:\/\/www.yongjianceramic.com\/wp-content\/uploads\/2025\/05\/bulk-buy-dinner-platesceramic-plate-manufacturerchinese-crockery-wholesale-7-768x768.webp 768w, https:\/\/www.yongjianceramic.com\/wp-content\/uploads\/2025\/05\/bulk-buy-dinner-platesceramic-plate-manufacturerchinese-crockery-wholesale-7-12x12.webp 12w, https:\/\/www.yongjianceramic.com\/wp-content\/uploads\/2025\/05\/bulk-buy-dinner-platesceramic-plate-manufacturerchinese-crockery-wholesale-7-285x285.webp 285w, https:\/\/www.yongjianceramic.com\/wp-content\/uploads\/2025\/05\/bulk-buy-dinner-platesceramic-plate-manufacturerchinese-crockery-wholesale-7-270x270.webp 270w, https:\/\/www.yongjianceramic.com\/wp-content\/uploads\/2025\/05\/bulk-buy-dinner-platesceramic-plate-manufacturerchinese-crockery-wholesale-7-540x540.webp 540w, https:\/\/www.yongjianceramic.com\/wp-content\/uploads\/2025\/05\/bulk-buy-dinner-platesceramic-plate-manufacturerchinese-crockery-wholesale-7-660x660.webp 660w\" sizes=\"(max-width: 800px) 100vw, 800px\" \/><\/figure>\n<\/div>\n<\/div>","protected":false},"excerpt":{"rendered":"<p>Willkommen zum Kauf Servierplatten Gro\u00dfhandel. Diese 7,5\/9,5-Zoll-Stein-gek\u00f6rnte Bistro Essteller bulk kombinieren nat\u00fcrliche Textur mit praktischen Design, geeignet f\u00fcr alle Arten von westlichen Speisen und Desserts, und ist die beste Wahl f\u00fcr Hotels und Restaurants, um ihren Geschmack zu verbessern.<\/p>\n<table style=\"border-collapse: collapse; width: 327.02pt;\" border=\"0\" width=\"654\" cellspacing=\"0\" cellpadding=\"0\">\n<tbody>\n<tr style=\"height: 16.50pt;\">\n<td class=\"et3\" style=\"height: 16.50pt; width: 127.20pt;\" width=\"254\" height=\"33\">Hersteller<\/td>\n<td class=\"et3\" style=\"width: 200.15pt;\" width=\"400\">Yongjian<\/td>\n<\/tr>\n<tr style=\"height: 16.50pt;\">\n<td class=\"et3\" style=\"height: 16.50pt;\" height=\"33\">Modell Nr.<\/td>\n<td class=\"et4\" style=\"width: 200.15pt;\" width=\"400\">YJ-134<\/td>\n<\/tr>\n<tr style=\"height: 16.50pt;\">\n<td class=\"et3\" style=\"height: 16.50pt;\" height=\"33\">Produkttyp<\/td>\n<td class=\"et3\">Servierplatte<\/td>\n<\/tr>\n<tr style=\"height: 16.50pt;\">\n<td class=\"et3\" style=\"height: 16.50pt;\" height=\"33\">Material<\/td>\n<td class=\"et3\">Porzellan<\/td>\n<\/tr>\n<tr style=\"height: 16.50pt;\">\n<td class=\"et5\" style=\"height: 16.50pt;\" height=\"33\">Farbe<\/td>\n<td class=\"et3\">Als Bild<\/td>\n<\/tr>\n<tr style=\"height: 33.00pt;\">\n<td class=\"et3\" style=\"height: 33.00pt;\" height=\"66\">Dimension<\/td>\n<td class=\"et6\" style=\"width: 200.15pt;\" width=\"400\">19.5*19.5*1.8cm 22.5*22.5*2cm<\/td>\n<\/tr>\n<tr style=\"height: 16.50pt;\">\n<td class=\"et3\" style=\"height: 16.50pt;\" height=\"33\">MOQ<\/td>\n<td class=\"et3\">500St\u00fcck<\/td>\n<\/tr>\n<tr style=\"height: 16.50pt;\">\n<td class=\"et3\" style=\"height: 16.50pt;\" height=\"33\">Benutzerdefiniert<\/td>\n<td class=\"et3\">Farbe\/Gr\u00f6\u00dfe\/Logo\/Verpackung<\/td>\n<\/tr>\n<\/tbody>\n<\/table>","protected":false},"featured_media":4784,"comment_status":"closed","ping_status":"closed","template":"","meta":{"_acf_changed":false},"product_brand":[],"product_cat":[93,62,76],"product_tag":[88,86],"class_list":{"0":"post-4778","1":"product","2":"type-product","3":"status-publish","4":"has-post-thumbnail","6":"product_cat-bulk-dinner-plates","7":"product_cat-ceramic-plates-wholesale","8":"product_cat-wholesale-serving-platters","9":"product_tag-japanese-style-dinnerware-set-wholesale","10":"product_tag-oriental-style-dinnerware-wholesale","12":"first","13":"instock","14":"shipping-taxable","15":"product-type-simple"},"acf":[],"_links":{"self":[{"href":"https:\/\/www.yongjianceramic.com\/de\/wp-json\/wp\/v2\/product\/4778","targetHints":{"allow":["GET"]}}],"collection":[{"href":"https:\/\/www.yongjianceramic.com\/de\/wp-json\/wp\/v2\/product"}],"about":[{"href":"https:\/\/www.yongjianceramic.com\/de\/wp-json\/wp\/v2\/types\/product"}],"replies":[{"embeddable":true,"href":"https:\/\/www.yongjianceramic.com\/de\/wp-json\/wp\/v2\/comments?post=4778"}],"wp:featuredmedia":[{"embeddable":true,"href":"https:\/\/www.yongjianceramic.com\/de\/wp-json\/wp\/v2\/media\/4784"}],"wp:attachment":[{"href":"https:\/\/www.yongjianceramic.com\/de\/wp-json\/wp\/v2\/media?parent=4778"}],"wp:term":[{"taxonomy":"product_brand","embeddable":true,"href":"https:\/\/www.yongjianceramic.com\/de\/wp-json\/wp\/v2\/product_brand?post=4778"},{"taxonomy":"product_cat","embeddable":true,"href":"https:\/\/www.yongjianceramic.com\/de\/wp-json\/wp\/v2\/product_cat?post=4778"},{"taxonomy":"product_tag","embeddable":true,"href":"https:\/\/www.yongjianceramic.com\/de\/wp-json\/wp\/v2\/product_tag?post=4778"}],"curies":[{"name":"wp","href":"https:\/\/api.w.org\/{rel}","templated":true}]}}