{"id":4790,"date":"2025-05-19T16:49:44","date_gmt":"2025-05-19T08:49:44","guid":{"rendered":"https:\/\/www.yongjianceramic.com\/?post_type=product&#038;p=4790"},"modified":"2025-05-19T16:53:38","modified_gmt":"2025-05-19T08:53:38","slug":"wholesale-bowls","status":"publish","type":"product","link":"https:\/\/www.yongjianceramic.com\/de\/produkt\/wholesale-bowls\/","title":{"rendered":"Reaktiv glasiert Gro\u00dfhandel Schalen, Bulk Serving Bowl Sets"},"content":{"rendered":"<div class=\"wp-block-columns is-layout-flex wp-container-core-columns-is-layout-9d6595d7 wp-block-columns-is-layout-flex\">\n<div class=\"wp-block-column is-layout-flow wp-block-column-is-layout-flow\">\n<h2 class=\"wp-block-heading\">Premium Reaktiv glasiert Gro\u00dfhandel Schalen Merkmale:<\/h2>\n\n\n\n<ul class=\"wp-block-list\">\n<li><strong>Dual-Size-Design, flexibel und praktisch: <\/strong>Diese Gro\u00dfhandelssch\u00fcsseln sind in den Gr\u00f6\u00dfen 4,5 Zoll und 7 Zoll erh\u00e4ltlich und eignen sich f\u00fcr Suppen, Snacks, Reis, Nudeln und andere Gerichte und erf\u00fcllen die unterschiedlichen Kapazit\u00e4tsanforderungen von Familien und Esslokalen.<\/li>\n\n\n\n<li><strong>Geschlossenes Design, sch\u00f6n und \u00fcberlaufsicher:<\/strong> Die leicht geschlossene Form der M\u00fcndungen dieser gro\u00dfen Serviersch\u00fcsseln hat nicht nur elegante und glatte Linien, sondern verhindert auch wirksam, dass die Suppe \u00fcberl\u00e4uft, was den Komfort und die Zweckm\u00e4\u00dfigkeit beim Essen verbessert.<\/li>\n\n\n\n<li><strong>Reaktive Glasurfarbe, reiche Schichten: <\/strong>Unsere Gro\u00dfhandel Schalen verwenden die Reaktion Glasur Prozess, die Farbe flie\u00dft nat\u00fcrlich, jede Schale hat eine einzigartige Glasur Farbe, voll von k\u00fcnstlerischen und dreidimensionalen Sinn, und verbessert die allgemeine Sch\u00f6nheit des Esstischs.<\/li>\n\n\n\n<li><strong>Hochtemperatur-Brennen, hitzebest\u00e4ndig und langlebig: <\/strong>Unsere gro\u00dfvolumigen Serviersch\u00fcssel-Sets sind f\u00fcr K\u00fcchenger\u00e4te wie Mikrowellenherde und Geschirrsp\u00fcler geeignet. Sie haben eine glatte und empfindliche Oberfl\u00e4che, sind leicht zu reinigen und eignen sich f\u00fcr den h\u00e4ufigen Gebrauch beim Essen.<\/li>\n<\/ul>\n<\/div>\n\n\n\n<div class=\"wp-block-column is-layout-flow wp-block-column-is-layout-flow\">\n<figure class=\"wp-block-image size-full\"><img fetchpriority=\"high\" decoding=\"async\" width=\"800\" height=\"800\" src=\"https:\/\/www.yongjianceramic.com\/wp-content\/uploads\/2025\/05\/bulk-soup-bowlscustom-made-ceramic-dinnerwaredinnerware-manufacturers-2.webp\" alt=\"Reaktiv glasiert Gro\u00dfhandel Schalen, Bulk Serving Bowl Sets-1\" class=\"wp-image-4792\" srcset=\"https:\/\/www.yongjianceramic.com\/wp-content\/uploads\/2025\/05\/bulk-soup-bowlscustom-made-ceramic-dinnerwaredinnerware-manufacturers-2.webp 800w, https:\/\/www.yongjianceramic.com\/wp-content\/uploads\/2025\/05\/bulk-soup-bowlscustom-made-ceramic-dinnerwaredinnerware-manufacturers-2-300x300.webp 300w, https:\/\/www.yongjianceramic.com\/wp-content\/uploads\/2025\/05\/bulk-soup-bowlscustom-made-ceramic-dinnerwaredinnerware-manufacturers-2-150x150.webp 150w, https:\/\/www.yongjianceramic.com\/wp-content\/uploads\/2025\/05\/bulk-soup-bowlscustom-made-ceramic-dinnerwaredinnerware-manufacturers-2-768x768.webp 768w, https:\/\/www.yongjianceramic.com\/wp-content\/uploads\/2025\/05\/bulk-soup-bowlscustom-made-ceramic-dinnerwaredinnerware-manufacturers-2-12x12.webp 12w, https:\/\/www.yongjianceramic.com\/wp-content\/uploads\/2025\/05\/bulk-soup-bowlscustom-made-ceramic-dinnerwaredinnerware-manufacturers-2-285x285.webp 285w, https:\/\/www.yongjianceramic.com\/wp-content\/uploads\/2025\/05\/bulk-soup-bowlscustom-made-ceramic-dinnerwaredinnerware-manufacturers-2-270x270.webp 270w, https:\/\/www.yongjianceramic.com\/wp-content\/uploads\/2025\/05\/bulk-soup-bowlscustom-made-ceramic-dinnerwaredinnerware-manufacturers-2-540x540.webp 540w, https:\/\/www.yongjianceramic.com\/wp-content\/uploads\/2025\/05\/bulk-soup-bowlscustom-made-ceramic-dinnerwaredinnerware-manufacturers-2-660x660.webp 660w\" sizes=\"(max-width: 800px) 100vw, 800px\" \/><\/figure>\n<\/div>\n<\/div>","protected":false},"excerpt":{"rendered":"<p>Willkommen im Gro\u00dfhandel Sch\u00fcsseln kaufen. Diese 4,5-Zoll- und 7-Zoll-Keramik-Servierschalen-Sets verf\u00fcgen \u00fcber eine im Ofen ge\u00e4nderte Glasur und ein klassisches Randdesign. Sie sind sch\u00f6n und praktisch, geeignet f\u00fcr Hotels, Restaurants und den Hausgebrauch. Sie sind eine ideale Wahl f\u00fcr Geschirr, das Funktionalit\u00e4t und Sch\u00f6nheit vereint.<\/p>\n<table style=\"border-collapse: collapse; width: 327.02pt;\" border=\"0\" width=\"654\" cellspacing=\"0\" cellpadding=\"0\">\n<tbody>\n<tr style=\"height: 16.50pt;\">\n<td class=\"et3\" style=\"height: 16.50pt; width: 127.20pt;\" width=\"254\" height=\"33\">Hersteller<\/td>\n<td class=\"et3\" style=\"width: 200.15pt;\" width=\"400\">Yongjian<\/td>\n<\/tr>\n<tr style=\"height: 16.50pt;\">\n<td class=\"et3\" style=\"height: 16.50pt;\" height=\"33\">Modell Nr.<\/td>\n<td class=\"et4\" style=\"width: 200.15pt;\" width=\"400\">YJ-135<\/td>\n<\/tr>\n<tr style=\"height: 16.50pt;\">\n<td class=\"et3\" style=\"height: 16.50pt;\" height=\"33\">Produkttyp<\/td>\n<td class=\"et3\">Suppen- und Ramenschalen<\/td>\n<\/tr>\n<tr style=\"height: 16.50pt;\">\n<td class=\"et3\" style=\"height: 16.50pt;\" height=\"33\">Material<\/td>\n<td class=\"et3\">Porzellan<\/td>\n<\/tr>\n<tr style=\"height: 16.50pt;\">\n<td class=\"et5\" style=\"height: 16.50pt;\" height=\"33\">Farbe<\/td>\n<td class=\"et3\">Als Bild<\/td>\n<\/tr>\n<tr style=\"height: 33.00pt;\">\n<td class=\"et3\" style=\"height: 33.00pt;\" height=\"66\">Dimension<\/td>\n<td class=\"et6\" style=\"width: 200.15pt;\" width=\"400\">11,5*11,5*5cm 18*18*5cm<\/td>\n<\/tr>\n<tr style=\"height: 16.50pt;\">\n<td class=\"et3\" style=\"height: 16.50pt;\" height=\"33\">MOQ<\/td>\n<td class=\"et3\">500St\u00fcck<\/td>\n<\/tr>\n<tr style=\"height: 16.50pt;\">\n<td class=\"et3\" style=\"height: 16.50pt;\" height=\"33\">Benutzerdefiniert<\/td>\n<td class=\"et3\">Farbe\/Gr\u00f6\u00dfe\/Logo\/Verpackung<\/td>\n<\/tr>\n<\/tbody>\n<\/table>","protected":false},"featured_media":4791,"comment_status":"closed","ping_status":"closed","template":"","meta":{"_acf_changed":false},"product_brand":[],"product_cat":[63,74,73],"product_tag":[88,81],"class_list":{"0":"post-4790","1":"product","2":"type-product","3":"status-publish","4":"has-post-thumbnail","6":"product_cat-wholesale-bowls","7":"product_cat-bulk-serving-bowls","8":"product_cat-bulk-soup-bowls","9":"product_tag-japanese-style-dinnerware-set-wholesale","10":"product_tag-modern-design-dinnerware-set-wholesale","12":"first","13":"instock","14":"shipping-taxable","15":"product-type-simple"},"acf":[],"_links":{"self":[{"href":"https:\/\/www.yongjianceramic.com\/de\/wp-json\/wp\/v2\/product\/4790","targetHints":{"allow":["GET"]}}],"collection":[{"href":"https:\/\/www.yongjianceramic.com\/de\/wp-json\/wp\/v2\/product"}],"about":[{"href":"https:\/\/www.yongjianceramic.com\/de\/wp-json\/wp\/v2\/types\/product"}],"replies":[{"embeddable":true,"href":"https:\/\/www.yongjianceramic.com\/de\/wp-json\/wp\/v2\/comments?post=4790"}],"wp:featuredmedia":[{"embeddable":true,"href":"https:\/\/www.yongjianceramic.com\/de\/wp-json\/wp\/v2\/media\/4791"}],"wp:attachment":[{"href":"https:\/\/www.yongjianceramic.com\/de\/wp-json\/wp\/v2\/media?parent=4790"}],"wp:term":[{"taxonomy":"product_brand","embeddable":true,"href":"https:\/\/www.yongjianceramic.com\/de\/wp-json\/wp\/v2\/product_brand?post=4790"},{"taxonomy":"product_cat","embeddable":true,"href":"https:\/\/www.yongjianceramic.com\/de\/wp-json\/wp\/v2\/product_cat?post=4790"},{"taxonomy":"product_tag","embeddable":true,"href":"https:\/\/www.yongjianceramic.com\/de\/wp-json\/wp\/v2\/product_tag?post=4790"}],"curies":[{"name":"wp","href":"https:\/\/api.w.org\/{rel}","templated":true}]}}